{"id":9978,"date":"2025-03-19T16:17:16","date_gmt":"2025-03-19T14:17:16","guid":{"rendered":"https:\/\/vitaminbutiken.multi.fi\/?post_type=product&#038;p=9978"},"modified":"2026-03-13T12:16:17","modified_gmt":"2026-03-13T11:16:17","slug":"vegan-dha-lamberts","status":"publish","type":"product","link":"https:\/\/vitaminbutiken.com\/fi\/produkt\/vegan-dha-lamberts\/","title":{"rendered":"Vegan DHA &#8211; Lamberts"},"content":{"rendered":"<p><strong>Vegan DHA &#8211; Lamberts<\/strong><\/p>\n<p>Vegansk DHA kommer fr\u00e5n en unik v\u00e4xtbaserad form av DHA. Den \u00e4r ocks\u00e5 100 % h\u00e5llbar utan n\u00e5gon fiskig eftersmak. Algerna vi anv\u00e4nder odlas i en kontrollerad milj\u00f6, vilket g\u00f6r att vi kan vara s\u00e4kra p\u00e5 att vi har en integrerad, kontrollerad och h\u00e5llbar f\u00f6rs\u00f6rjning (oberoende av marin biomassa), som ocks\u00e5 \u00e4r naturligt fri fr\u00e5n f\u00f6roreningar. Det \u00e4r betryggande att \u00f6ver 100 studier har genomf\u00f6rts med denna k\u00e4lla, vilket visar b\u00e5de dess s\u00e4kerhet och effekt. Dessa alger \u00e4r en integrerad del av den marina n\u00e4ringskedjan och \u00e4ts av sm\u00e5 organismer som plankton och krill, som i sin tur \u00e4ts av st\u00f6rre fiskar.<\/p>\n<p>Oljan som erh\u00e5lls fr\u00e5n denna k\u00e4lla \u00e4r i den naturliga triglyceridformen (TG) av Omega 3, det idealiska valet f\u00f6r alla som vill ha TG-formen och eftersom det \u00e4r helt fiskfritt \u00e4r det det perfekta tillskottet f\u00f6r veganer och vegetarianer s\u00e5v\u00e4l som de med en allergi mot fisk.<\/p>\n<p><strong> Dosering<\/strong>: 1-2 kapslar dagligen i samband med m\u00e5ltid.<\/p>\n<table style=\"height: 80px;\" border=\"1\" width=\"621\" cellspacing=\"0\" cellpadding=\"0\">\n<tbody>\n<tr>\n<td valign=\"top\" width=\"30%\"><strong>1 kapsel inneh\u00e5ller<\/strong><\/td>\n<td valign=\"top\" width=\"20%\"><strong> M\u00e4ngd<\/strong><\/td>\n<td valign=\"top\" width=\"30%\"><strong>%DRI*<\/strong><\/td>\n<\/tr>\n<tr>\n<td valign=\"top\" width=\"30%\">Alger omega 3-olja<\/td>\n<td valign=\"top\" width=\"20%\">625 mg<\/td>\n<td valign=\"top\" width=\"20%\">**<\/td>\n<\/tr>\n<tr>\n<td valign=\"top\" width=\"30%\">Som ger: DHA (dokosahexaensyra)<\/td>\n<td valign=\"top\" width=\"20%\">250 mg<\/td>\n<td valign=\"top\" width=\"20%\">**<\/td>\n<\/tr>\n<\/tbody>\n<\/table>\n<p><strong><em>*DRI (dagligt referensintag) ej fastst\u00e4llt.\u00a0<\/em><\/strong><\/p>\n<p><strong>Ingredienser<\/strong>: Algoljeextrakt (rosmarin (<em>Rosmarinus officinalis<\/em>), naturliga blandade tokferoler, DHA-rik olja fr\u00e5n schizochytrium sp., solroslecitin), kapselskal (modifierad st\u00e4rkelse, glycerol, gelnings-medel: karragenan, surhetsreglerande medel: natriumkarbonat).<\/p>\n<p>V- L\u00e4mplig f\u00f6r veganer<\/p>\n<p>Rekommenderad dos b\u00f6r ej \u00f6verskridas.<br \/>\nKosttillskott ers\u00e4tter inte en varierad kost.<br \/>\nProdukten f\u00f6rvaras o\u00e5tkomligt f\u00f6r sm\u00e5 barn.<\/p>\n","protected":false},"excerpt":{"rendered":"<p>Ett perfekt alternativ f\u00f6r veganer och de som s\u00f6ker ett h\u00e5llbart omega-3-tillskott.<\/p>\n<p><strong>60 Kapslar<\/strong><\/p>\n","protected":false},"featured_media":10057,"comment_status":"closed","ping_status":"closed","template":"","meta":{"_kad_blocks_custom_css":"","_kad_blocks_head_custom_js":"","_kad_blocks_body_custom_js":"","_kad_blocks_footer_custom_js":"","_kadence_starter_templates_imported_post":false,"_kad_post_transparent":"default","_kad_post_title":"","_kad_post_layout":"default","_kad_post_sidebar_id":"","_kad_post_content_style":"default","_kad_post_vertical_padding":"default","_kad_post_feature":"","_kad_post_feature_position":"","_kad_post_header":false,"_kad_post_footer":false,"_kad_post_classname":""},"product_brand":[],"product_cat":[328,1234],"product_tag":[2259,2260,205,2261,2262,2263,1465,2264,1889,2237,1892,2265,285,2266,2148,1287,334,2267,2268,2269,1928,2270,1988,2271,1209],"class_list":{"0":"post-9978","1":"product","2":"type-product","3":"status-publish","4":"has-post-thumbnail","6":"product_cat-fettsyror","7":"product_cat-lamberts","8":"product_tag-algolja","9":"product_tag-allergivanlig","10":"product_tag-antioxidant","11":"product_tag-docosahexaensyra","12":"product_tag-fiskfri","13":"product_tag-fri-fran-fororeningar","14":"product_tag-gmp-standard","15":"product_tag-hallbar-kalla","16":"product_tag-hjarnhalsa","17":"product_tag-ingen-fiskig-eftersmak","18":"product_tag-kognitiv-funktion","19":"product_tag-kontrollerad-odling","20":"product_tag-kosttillskott","21":"product_tag-lamplig-for-veganer-och-vegetarianer","22":"product_tag-latt-att-svalja","23":"product_tag-naturliga-tokoferoler","24":"product_tag-omega-3","25":"product_tag-rosmarinextrakt","26":"product_tag-sma-kapslar","27":"product_tag-solroslecitin","28":"product_tag-synhalsa","29":"product_tag-triglyceridform","30":"product_tag-vaxtbaserad","31":"product_tag-vegan-dha","32":"product_tag-vitamin-c","34":"first","35":"instock","36":"taxable","37":"shipping-taxable","38":"purchasable","39":"product-type-simple","40":"entry","41":"content-bg","42":"loop-entry"},"taxonomy_info":{"product_cat":[{"value":328,"label":"Fettsyror"},{"value":1234,"label":"Lamberts"}],"product_tag":[{"value":2259,"label":"algolja"},{"value":2260,"label":"allergiv\u00e4nlig"},{"value":205,"label":"antioxidant"},{"value":2261,"label":"docosahexaensyra"},{"value":2262,"label":"fiskfri"},{"value":2263,"label":"fri fr\u00e5n f\u00f6roreningar"},{"value":1465,"label":"GMP-standard"},{"value":2264,"label":"h\u00e5llbar k\u00e4lla"},{"value":1889,"label":"Hj\u00e4rnh\u00e4lsa"},{"value":2237,"label":"ingen fiskig eftersmak"},{"value":1892,"label":"Kognitiv funktion"},{"value":2265,"label":"kontrollerad odling"},{"value":285,"label":"kosttillskott"},{"value":2266,"label":"l\u00e4mplig f\u00f6r veganer och vegetarianer"},{"value":2148,"label":"l\u00e4tt att sv\u00e4lja"},{"value":1287,"label":"naturliga tokoferoler"},{"value":334,"label":"Omega-3"},{"value":2267,"label":"rosmarinextrakt"},{"value":2268,"label":"sm\u00e5 kapslar"},{"value":2269,"label":"solroslecitin"},{"value":1928,"label":"Synh\u00e4lsa"},{"value":2270,"label":"triglyceridform"},{"value":1988,"label":"v\u00e4xtbaserad"},{"value":2271,"label":"Vegan DHA"},{"value":1209,"label":"Vitamin C"}]},"featured_image_src_large":["https:\/\/vitaminbutiken.com\/wp-content\/uploads\/2025\/03\/8494-60-Vegan-DHA-780x700.jpg",780,700,true],"author_info":[],"comment_info":0,"_links":{"self":[{"href":"https:\/\/vitaminbutiken.com\/fi\/wp-json\/wp\/v2\/product\/9978","targetHints":{"allow":["GET"]}}],"collection":[{"href":"https:\/\/vitaminbutiken.com\/fi\/wp-json\/wp\/v2\/product"}],"about":[{"href":"https:\/\/vitaminbutiken.com\/fi\/wp-json\/wp\/v2\/types\/product"}],"replies":[{"embeddable":true,"href":"https:\/\/vitaminbutiken.com\/fi\/wp-json\/wp\/v2\/comments?post=9978"}],"wp:featuredmedia":[{"embeddable":true,"href":"https:\/\/vitaminbutiken.com\/fi\/wp-json\/wp\/v2\/media\/10057"}],"wp:attachment":[{"href":"https:\/\/vitaminbutiken.com\/fi\/wp-json\/wp\/v2\/media?parent=9978"}],"wp:term":[{"taxonomy":"product_brand","embeddable":true,"href":"https:\/\/vitaminbutiken.com\/fi\/wp-json\/wp\/v2\/product_brand?post=9978"},{"taxonomy":"product_cat","embeddable":true,"href":"https:\/\/vitaminbutiken.com\/fi\/wp-json\/wp\/v2\/product_cat?post=9978"},{"taxonomy":"product_tag","embeddable":true,"href":"https:\/\/vitaminbutiken.com\/fi\/wp-json\/wp\/v2\/product_tag?post=9978"}],"curies":[{"name":"wp","href":"https:\/\/api.w.org\/{rel}","templated":true}]}}