{"id":9828,"date":"2025-03-19T16:13:12","date_gmt":"2025-03-19T14:13:12","guid":{"rendered":"https:\/\/vitaminbutiken.multi.fi\/?post_type=product&#038;p=9828"},"modified":"2026-03-31T12:32:39","modified_gmt":"2026-03-31T10:32:39","slug":"multi-guard-control-for-battre-blod-socker-balans","status":"publish","type":"product","link":"https:\/\/vitaminbutiken.com\/fi\/produkt\/multi-guard-control-for-battre-blod-socker-balans\/","title":{"rendered":"MULTI-GUARD CONTROL (f\u00f6r b\u00e4ttre blod socker balans)"},"content":{"rendered":"<h5 class=\"page-title\">MULTI-GUARD CONTROL (f\u00f6r b\u00e4ttre blod socker balans)<\/h5>\n<p>Multi-Guard\u00ae \u00e4r en av de mest kompletta multivitamin\/mineral kosttillskott f\u00f6r vuxna som finns i Sverige. Lamberts har valt att inte kompromissa utan tillverka en produkt med h\u00f6g kvalite. F\u00f6rutom h\u00f6ga doser B vitaminer inneh\u00e5ller \u00e4ven Multi-Guard de viktigaste antioxidanterna och mineraler samt sp\u00e5r\u00e4mnen. Lamberts Multi-Guard\u00ae kontroll har sammanst\u00e4llts som ett unikt kosttillskott som kan hj\u00e4lpa kroppen att h\u00e5lla j\u00e4mnare blodsocker balans mellan m\u00e5ltiderna. Krom bidrar till att uppr\u00e4tth\u00e5lla normala blodsockerniv\u00e5er.<\/p>\n<p>Denna unika sammans\u00e4ttning inneh\u00e5ller 26 n\u00e4rings\u00e4mnen i speciellt utvalda doseringar. Bland annat inneh\u00e5ller Multi-Guard\u00ae kontroll 200\u00b5g krom GTF (Glucos Tolerans Faktor) som har visat sig kunna hj\u00e4lpa till att bibeh\u00e5lla j\u00e4mnare blodsocker. Vi har \u00e4ven tillsatt 300mg magnesium\u00a0mald kanelbark.<\/p>\n<p>Andra n\u00e4rings\u00e4mnen som \u00e4ven ocks\u00e5 tillsatts \u00e4r bland annat: zink, vitamin C, vitamin B1, B3 och B6.<\/p>\n<p><strong> Dosering<\/strong>: 1 tablett 2 g\u00e5nger dagligen i samband med m\u00e5ltid<\/p>\n<table style=\"height: 80px;\" border=\"1\" width=\"621\" cellspacing=\"0\" cellpadding=\"0\">\n<tbody>\n<tr>\n<td valign=\"top\" width=\"30%\"><strong>2 tabletter inneh\u00e5ller<\/strong><\/td>\n<td valign=\"top\" width=\"20%\"><strong> M\u00e4ngd<\/strong><\/td>\n<td valign=\"top\" width=\"30%\"><strong>%DRI*<\/strong><\/td>\n<\/tr>\n<tr>\n<td valign=\"top\" width=\"30%\">Vitamin D3<\/td>\n<td valign=\"top\" width=\"20%\">5 \u00b5g<\/td>\n<td valign=\"top\" width=\"20%\">100 %<\/td>\n<\/tr>\n<tr>\n<td valign=\"top\" width=\"30%\">Vitamin E<\/td>\n<td valign=\"top\" width=\"20%\">50 mg a-TE<\/td>\n<td valign=\"top\" width=\"20%\">417 %<\/td>\n<\/tr>\n<tr>\n<td valign=\"top\" width=\"30%\">Vitamin K1<\/td>\n<td valign=\"top\" width=\"20%\">20 \u00b5g<\/td>\n<td valign=\"top\" width=\"20%\">27 %<\/td>\n<\/tr>\n<tr>\n<td valign=\"top\" width=\"30%\">Vitamin C<\/td>\n<td valign=\"top\" width=\"20%\">100 mg<\/td>\n<td valign=\"top\" width=\"20%\">125 %<\/td>\n<\/tr>\n<tr>\n<td valign=\"top\" width=\"30%\">Tiamin (B1)<\/td>\n<td valign=\"top\" width=\"20%\">25 mg<\/td>\n<td valign=\"top\" width=\"20%\">2273 %<\/td>\n<\/tr>\n<tr>\n<td valign=\"top\" width=\"30%\">Riboflavin (B2)<\/td>\n<td valign=\"top\" width=\"20%\">12 mg<\/td>\n<td valign=\"top\" width=\"20%\">857 %<\/td>\n<\/tr>\n<tr>\n<td valign=\"top\" width=\"30%\">Niasin (B3)<\/td>\n<td valign=\"top\" width=\"20%\">50 mg NE<\/td>\n<td valign=\"top\" width=\"20%\">313 %<\/td>\n<\/tr>\n<tr>\n<td valign=\"top\" width=\"30%\">Vitamin B6 (P5P)<\/td>\n<td valign=\"top\" width=\"20%\">10 mg<\/td>\n<td valign=\"top\" width=\"20%\">714 %<\/td>\n<\/tr>\n<tr>\n<td valign=\"top\" width=\"30%\">Folsyra<\/td>\n<td valign=\"top\" width=\"20%\">400 \u00b5g<\/td>\n<td valign=\"top\" width=\"20%\">200 %<\/td>\n<\/tr>\n<tr>\n<td valign=\"top\" width=\"30%\">Vitamin B12<\/td>\n<td valign=\"top\" width=\"20%\">50 \u00b5g<\/td>\n<td valign=\"top\" width=\"20%\">2000 %<\/td>\n<\/tr>\n<tr>\n<td valign=\"top\" width=\"30%\">Biotin<\/td>\n<td valign=\"top\" width=\"20%\">150 \u00b5g<\/td>\n<td valign=\"top\" width=\"20%\">300 %<\/td>\n<\/tr>\n<tr>\n<td valign=\"top\" width=\"30%\">Pantotensyra (B5)<\/td>\n<td valign=\"top\" width=\"20%\">25 mg<\/td>\n<td valign=\"top\" width=\"20%\">417 %<\/td>\n<\/tr>\n<tr>\n<td valign=\"top\" width=\"30%\">Kalcium<\/td>\n<td valign=\"top\" width=\"20%\">120 mg<\/td>\n<td valign=\"top\" width=\"20%\">15 %<\/td>\n<\/tr>\n<tr>\n<td valign=\"top\" width=\"30%\">Magnesium<\/td>\n<td valign=\"top\" width=\"20%\">300 mg<\/td>\n<td valign=\"top\" width=\"20%\">80 %<\/td>\n<\/tr>\n<tr>\n<td valign=\"top\" width=\"30%\">J\u00e4rn<\/td>\n<td valign=\"top\" width=\"20%\">14 mg<\/td>\n<td valign=\"top\" width=\"20%\">100 %<\/td>\n<\/tr>\n<tr>\n<td valign=\"top\" width=\"30%\">Zink<\/td>\n<td valign=\"top\" width=\"20%\">15 mg<\/td>\n<td valign=\"top\" width=\"20%\">150 %<\/td>\n<\/tr>\n<tr>\n<td valign=\"top\" width=\"30%\">Koppar<\/td>\n<td valign=\"top\" width=\"20%\">500\u00a0\u00b5g<\/td>\n<td valign=\"top\" width=\"20%\">50 %<\/td>\n<\/tr>\n<tr>\n<td valign=\"top\" width=\"30%\">Mangan<\/td>\n<td valign=\"top\" width=\"20%\">0,5 mg<\/td>\n<td valign=\"top\" width=\"20%\">25 %<\/td>\n<\/tr>\n<tr>\n<td valign=\"top\" width=\"30%\">Selen<\/td>\n<td valign=\"top\" width=\"20%\">200 \u00b5g<\/td>\n<td valign=\"top\" width=\"20%\">364 %<\/td>\n<\/tr>\n<tr>\n<td valign=\"top\" width=\"30%\">Krom<\/td>\n<td valign=\"top\" width=\"20%\">200 \u00b5g<\/td>\n<td valign=\"top\" width=\"20%\">500 %<\/td>\n<\/tr>\n<tr>\n<td valign=\"top\" width=\"30%\">Jod<\/td>\n<td valign=\"top\" width=\"20%\">150 \u00b5g<\/td>\n<td valign=\"top\" width=\"20%\">100 %<\/td>\n<\/tr>\n<tr>\n<td valign=\"top\" width=\"30%\">Kolin<\/td>\n<td valign=\"top\" width=\"20%\">25 mg<\/td>\n<td valign=\"top\" width=\"20%\">**<\/td>\n<\/tr>\n<tr>\n<td valign=\"top\" width=\"30%\">Inositol<\/td>\n<td valign=\"top\" width=\"20%\">25 mg<\/td>\n<td valign=\"top\" width=\"20%\">**<\/td>\n<\/tr>\n<tr>\n<td valign=\"top\" width=\"30%\">PABA<\/td>\n<td valign=\"top\" width=\"20%\">25 mg<\/td>\n<td valign=\"top\" width=\"20%\">**<\/td>\n<\/tr>\n<tr>\n<td valign=\"top\" width=\"30%\">Kanelbarkextrakt<\/td>\n<td valign=\"top\" width=\"20%\">2000 mg<\/td>\n<td valign=\"top\" width=\"20%\">**<\/td>\n<\/tr>\n<\/tbody>\n<\/table>\n<p><strong><em>*DRI \u00e4r dagligt referensintag. **DRI ej fastst\u00e4llt.\u00a0<\/em><\/strong><\/p>\n<p><strong>Ingredienser:<\/strong> Magnesium (citrat, oxid), fyllnadsmedel (cellulosa), kalciumkarbonat, vitamin C (askorbinsyra), tablettskal (polydextros, hydroxypropylmetylcellulosa, kalciumkarbonat, f\u00e4rg\u00e4mnen: j\u00e4rnoxider),<br \/>\nkanelbarkextrakt 25:1 (Cinnamomum cassia), klumpf\u00f6rebyggande medel (kiseldioxid, stearinsyra, magnesiumsalter av fettsyror), vitamin E (d-alfa tokoferylsyrasuccinat), niacin (nikotinamid), zinkcitrat, j\u00e4rn<br \/>\n(j\u00e4rnfumarat), vitamin B1 (tiaminmononitrat), tv\u00e4rbunden cellulosagummi, pantotensyra (kalciumpantotenat), para-aminobensoesyra, kolinbitartrat, inositol, vitamin B2 (riboflavin), vitamin B6 (pyridoxal<br \/>\n5-fosfat) vitamin B12 (cyanokobalamin), vitamin D3 (kolekalciferol), selen (l-selenometionin, natriumselen), krompikolinat, mangansulfat, kopparsulfat, folsyra, vitamin K1 (fyllokinon), kaliumjodid, biotin.<\/p>\n<p>Rekommenderad dos b\u00f6r ej \u00f6verskridas.<br \/>\nKosttillskott ers\u00e4tter inte en varierad kost.<br \/>\nProdukten f\u00f6rvaras o\u00e5tkomligt f\u00f6r sm\u00e5 barn.<br \/>\nRekommenderas inte till gravida eller ammande<\/p>\n","protected":false},"excerpt":{"rendered":"<p>Lamberts MULTIGUARD \u00ae KONTROLL \u00e4r en multivitamin kosttillskott som \u00e4r speciellt sammansatt till personer som vill bibeh\u00e5lla j\u00e4mnare blodsocker balans och minska s\u00f6tsug. Kosttillskottet inneh\u00e5ller de halter av vitaminer, mineraler och andra v\u00e4xtbaserade extrakter s\u00e5som kanel som har visat sig hj\u00e4lpa befr\u00e4mja glukosmetabolism och uppr\u00e4tth\u00e5lla mer kontrollerade blodsockerniv\u00e5er.<\/p>\n<p><strong>120 tabletter<\/strong><\/p>\n","protected":false},"featured_media":9908,"comment_status":"closed","ping_status":"closed","template":"","meta":{"_kad_blocks_custom_css":"","_kad_blocks_head_custom_js":"","_kad_blocks_body_custom_js":"","_kad_blocks_footer_custom_js":"","_kadence_starter_templates_imported_post":false,"_kad_post_transparent":"default","_kad_post_title":"","_kad_post_layout":"default","_kad_post_sidebar_id":"","_kad_post_content_style":"default","_kad_post_vertical_padding":"default","_kad_post_feature":"","_kad_post_feature_position":"","_kad_post_header":false,"_kad_post_footer":false,"_kad_post_classname":""},"product_brand":[],"product_cat":[1234,2822,2821,2806],"product_tag":[205,1964,1965,1966,1967,1968,1969,1970,1971,1972,285,866,287,1973,1974,1165,1926,1975,1952,1976,1208],"class_list":{"0":"post-9828","1":"product","2":"type-product","3":"status-publish","4":"has-post-thumbnail","6":"product_cat-lamberts","7":"product_cat-multi-produkter","8":"product_cat-multi-mineral","9":"product_cat-multi-vitamin","10":"product_tag-antioxidant","11":"product_tag-blodsockerkontroll","12":"product_tag-blodsockerreglering","13":"product_tag-diabetesstod","14":"product_tag-energimetabolism","15":"product_tag-glukoshantering","16":"product_tag-glukosmetabolism","17":"product_tag-glykemisk-kontroll","18":"product_tag-insulinresistens","19":"product_tag-kanelbark","20":"product_tag-kosttillskott","21":"product_tag-krom","22":"product_tag-magnesium","23":"product_tag-metabolisk-halsa","24":"product_tag-multimineral","25":"product_tag-multivitamin","26":"product_tag-naringstillskott","27":"product_tag-sockerbalans","28":"product_tag-vitamin-b1","29":"product_tag-vitamin-b3","30":"product_tag-vitamin-b6","32":"first","33":"instock","34":"taxable","35":"shipping-taxable","36":"purchasable","37":"product-type-simple","38":"entry","39":"content-bg","40":"loop-entry"},"taxonomy_info":{"product_cat":[{"value":1234,"label":"Lamberts"},{"value":2822,"label":"Multi produkter"},{"value":2821,"label":"Multi-mineral"},{"value":2806,"label":"Multi-vitamin"}],"product_tag":[{"value":205,"label":"antioxidant"},{"value":1964,"label":"blodsockerkontroll"},{"value":1965,"label":"blodsockerreglering"},{"value":1966,"label":"diabetesst\u00f6d"},{"value":1967,"label":"energimetabolism"},{"value":1968,"label":"glukoshantering"},{"value":1969,"label":"glukosmetabolism"},{"value":1970,"label":"glykemisk kontroll"},{"value":1971,"label":"insulinresistens"},{"value":1972,"label":"kanelbark"},{"value":285,"label":"kosttillskott"},{"value":866,"label":"Krom"},{"value":287,"label":"magnesium"},{"value":1973,"label":"metabolisk h\u00e4lsa"},{"value":1974,"label":"multimineral"},{"value":1165,"label":"multivitamin"},{"value":1926,"label":"N\u00e4ringstillskott"},{"value":1975,"label":"sockerbalans"},{"value":1952,"label":"vitamin B1"},{"value":1976,"label":"vitamin B3"},{"value":1208,"label":"vitamin B6"}]},"featured_image_src_large":["https:\/\/vitaminbutiken.com\/wp-content\/uploads\/2025\/03\/8441-120-Multi-Guard-Control-1000x700.jpg",1000,700,true],"author_info":[],"comment_info":0,"_links":{"self":[{"href":"https:\/\/vitaminbutiken.com\/fi\/wp-json\/wp\/v2\/product\/9828","targetHints":{"allow":["GET"]}}],"collection":[{"href":"https:\/\/vitaminbutiken.com\/fi\/wp-json\/wp\/v2\/product"}],"about":[{"href":"https:\/\/vitaminbutiken.com\/fi\/wp-json\/wp\/v2\/types\/product"}],"replies":[{"embeddable":true,"href":"https:\/\/vitaminbutiken.com\/fi\/wp-json\/wp\/v2\/comments?post=9828"}],"wp:featuredmedia":[{"embeddable":true,"href":"https:\/\/vitaminbutiken.com\/fi\/wp-json\/wp\/v2\/media\/9908"}],"wp:attachment":[{"href":"https:\/\/vitaminbutiken.com\/fi\/wp-json\/wp\/v2\/media?parent=9828"}],"wp:term":[{"taxonomy":"product_brand","embeddable":true,"href":"https:\/\/vitaminbutiken.com\/fi\/wp-json\/wp\/v2\/product_brand?post=9828"},{"taxonomy":"product_cat","embeddable":true,"href":"https:\/\/vitaminbutiken.com\/fi\/wp-json\/wp\/v2\/product_cat?post=9828"},{"taxonomy":"product_tag","embeddable":true,"href":"https:\/\/vitaminbutiken.com\/fi\/wp-json\/wp\/v2\/product_tag?post=9828"}],"curies":[{"name":"wp","href":"https:\/\/api.w.org\/{rel}","templated":true}]}}