{"id":9825,"date":"2025-03-19T16:13:11","date_gmt":"2025-03-19T14:13:11","guid":{"rendered":"https:\/\/vitaminbutiken.multi.fi\/?post_type=product&#038;p=9825"},"modified":"2026-03-31T12:49:34","modified_gmt":"2026-03-31T10:49:34","slug":"neuro-guard","status":"publish","type":"product","link":"https:\/\/vitaminbutiken.com\/fi\/produkt\/neuro-guard\/","title":{"rendered":"Neuro-Guard"},"content":{"rendered":"<p><strong>Neuro-Guard &#8211; Lamberts<\/strong><\/p>\n<ul>\n<li>Med h\u00f6gpotens vitamin B1 f\u00f6r normal funktion av nervsystemet<\/li>\n<li>Metylerade former av B6 och B12, som \u00e4r redo f\u00f6r kroppen<\/li>\n<li>B6 f\u00f6r att minska tr\u00f6tthet och utmattning, med B12 f\u00f6r normal neurologisk funktion<\/li>\n<li>H\u00f6gre niv\u00e5er av B1 och B12 \u00e4n m\u00e5nga B-komplex<\/li>\n<\/ul>\n<p>Neuro-Guard tillhandah\u00e5ller tre av B-vitaminerna; B1, B6 &amp; B12. B6 och B12 ing\u00e5r i sina metylerade tillst\u00e5nd, eftersom en betydande del av befolkningen inte kan anv\u00e4nda de icke-metylerade versionerna. Att v\u00e4lja de kroppsf\u00e4rdiga metylerade formerna inneb\u00e4r att alla kan dra nytta av detta till\u00e4gg.<\/p>\n<p>Dessa n\u00e4rings\u00e4mnen verkar synergistiskt f\u00f6r att st\u00f6dja nervsystemets normala funktion, normal psykologisk funktion, normal produktion av r\u00f6da blodkroppar och en minskning av tr\u00f6tthet och utmattning. \u00c4ldre m\u00e4nniskor, de som f\u00f6ljer en vegetarisk eller vegansk kost, eller de med specifika problem kan dra nytta av att ta h\u00f6gre styrkor av dessa vitaminer.<\/p>\n<p><strong>Dosering<\/strong>: 1 tablett dagligen i samband med m\u00e5ltid.<\/p>\n<table style=\"height: 80px;\" border=\"1\" width=\"621\" cellspacing=\"0\" cellpadding=\"0\">\n<tbody>\n<tr>\n<td valign=\"top\" width=\"30%\"><strong>1 tablett inneh\u00e5ller<\/strong><\/td>\n<td valign=\"top\" width=\"20%\"><strong> M\u00e4ngd<\/strong><\/td>\n<td valign=\"top\" width=\"30%\"><strong>%DRI*<\/strong><\/td>\n<\/tr>\n<tr>\n<td valign=\"top\" width=\"30%\">Tiamin (B1)<\/td>\n<td valign=\"top\" width=\"20%\">100 mg<\/td>\n<td valign=\"top\" width=\"20%\">9091 %<\/td>\n<\/tr>\n<tr>\n<td valign=\"top\" width=\"30%\">Vitamin B6<\/td>\n<td valign=\"top\" width=\"20%\">12 mg<\/td>\n<td valign=\"top\" width=\"20%\">857 %<\/td>\n<\/tr>\n<tr>\n<td valign=\"top\" width=\"30%\">Vitamin B12<\/td>\n<td valign=\"top\" width=\"20%\">1000 \u00b5g<\/td>\n<td valign=\"top\" width=\"20%\">40 000%<\/td>\n<\/tr>\n<\/tbody>\n<\/table>\n<p><strong><em>*DRI \u00e4r dagligt referensintag. <\/em><\/strong><\/p>\n<p><strong>Ingredienser<\/strong>: Fyllnadsmedel (kalciumkarbonat, cellulosa) Vitamin B1 (tiaminhydroklorid), vitamin B6<br \/>\n(pyridoxal-5-fosfat), klumpf\u00f6rebyggande medel (kiseldioxid, stearinsyra, magnesiumsalter av<br \/>\nfettsyror), tablettskal (hydroxypropylmetylcellulosa, glycerol) vitamin B12 (metylkobalamin)<\/p>\n<p>Rekommenderad dos b\u00f6r ej \u00f6verskridas.<br \/>\nKosttillskott ers\u00e4tter inte en varierad kost.<br \/>\nProdukten f\u00f6rvaras o\u00e5tkomligt f\u00f6r sm\u00e5 barn.<\/p>\n","protected":false},"excerpt":{"rendered":"<p>En synergistisk kombination av B-vitaminer formulerad f\u00f6r att st\u00f6dja friska nerver.<\/p>\n<p><strong>60 tabletter<\/strong><\/p>\n","protected":false},"featured_media":9902,"comment_status":"closed","ping_status":"closed","template":"","meta":{"_kad_blocks_custom_css":"","_kad_blocks_head_custom_js":"","_kad_blocks_body_custom_js":"","_kad_blocks_footer_custom_js":"","_kadence_starter_templates_imported_post":false,"_kad_post_transparent":"default","_kad_post_title":"","_kad_post_layout":"default","_kad_post_sidebar_id":"","_kad_post_content_style":"default","_kad_post_vertical_padding":"default","_kad_post_feature":"","_kad_post_feature_position":"","_kad_post_header":false,"_kad_post_footer":false,"_kad_post_classname":""},"product_brand":[],"product_cat":[348,2764,329,1234,2822,146,155],"product_tag":[205,1932,1888,1933,1889,1892,1818,1574,1934,1894,1935,1936,1597,1937,1938,1939,1640,1940,1941,1942],"class_list":{"0":"post-9825","1":"product","2":"type-product","3":"status-publish","4":"has-post-thumbnail","6":"product_cat-b-vitamin","7":"product_cat-erbjudanden","8":"product_cat-hjarna-och-minne","9":"product_cat-lamberts","10":"product_cat-multi-produkter","11":"product_cat-stressad-och-trott","12":"product_cat-vitaminer","13":"product_tag-antioxidant","14":"product_tag-hjarnans-energi","15":"product_tag-hjarnans-funktion","16":"product_tag-hjarnans-vitalitet","17":"product_tag-hjarnhalsa","18":"product_tag-kognitiv-funktion","19":"product_tag-mental-fokus","20":"product_tag-mental-klarhet","21":"product_tag-mental-prestation","22":"product_tag-mental-skarpa","23":"product_tag-minnesstod","24":"product_tag-nervfunktion","25":"product_tag-nervhalsa","26":"product_tag-nervskydd","27":"product_tag-nervstod","28":"product_tag-nervsystemets-balans","29":"product_tag-nervsystemets-halsa","30":"product_tag-nervsystemsstod","31":"product_tag-neurologisk-support","32":"product_tag-neuroprotektion","34":"first","35":"instock","36":"taxable","37":"shipping-taxable","38":"purchasable","39":"product-type-simple","40":"entry","41":"content-bg","42":"loop-entry"},"taxonomy_info":{"product_cat":[{"value":348,"label":"B-vitamin"},{"value":2764,"label":"Erbjudanden"},{"value":329,"label":"Hj\u00e4rna &amp; Minne"},{"value":1234,"label":"Lamberts"},{"value":2822,"label":"Multi produkter"},{"value":146,"label":"Stressad &amp; Tr\u00f6tt"},{"value":155,"label":"Vitaminer"}],"product_tag":[{"value":205,"label":"antioxidant"},{"value":1932,"label":"hj\u00e4rnans energi"},{"value":1888,"label":"Hj\u00e4rnans funktion"},{"value":1933,"label":"hj\u00e4rnans vitalitet"},{"value":1889,"label":"Hj\u00e4rnh\u00e4lsa"},{"value":1892,"label":"Kognitiv funktion"},{"value":1818,"label":"Mental fokus"},{"value":1574,"label":"Mental klarhet"},{"value":1934,"label":"mental prestation"},{"value":1894,"label":"mental sk\u00e4rpa"},{"value":1935,"label":"minnesst\u00f6d"},{"value":1936,"label":"nervfunktion"},{"value":1597,"label":"Nervh\u00e4lsa"},{"value":1937,"label":"nervskydd"},{"value":1938,"label":"nervst\u00f6d"},{"value":1939,"label":"nervsystemets balans"},{"value":1640,"label":"Nervsystemets h\u00e4lsa"},{"value":1940,"label":"nervsystemsst\u00f6d"},{"value":1941,"label":"neurologisk support"},{"value":1942,"label":"neuroprotektion"}]},"featured_image_src_large":["https:\/\/vitaminbutiken.com\/wp-content\/uploads\/2025\/03\/8594-60-Neuro-guard-780x700.jpg",780,700,true],"author_info":[],"comment_info":0,"_links":{"self":[{"href":"https:\/\/vitaminbutiken.com\/fi\/wp-json\/wp\/v2\/product\/9825","targetHints":{"allow":["GET"]}}],"collection":[{"href":"https:\/\/vitaminbutiken.com\/fi\/wp-json\/wp\/v2\/product"}],"about":[{"href":"https:\/\/vitaminbutiken.com\/fi\/wp-json\/wp\/v2\/types\/product"}],"replies":[{"embeddable":true,"href":"https:\/\/vitaminbutiken.com\/fi\/wp-json\/wp\/v2\/comments?post=9825"}],"wp:featuredmedia":[{"embeddable":true,"href":"https:\/\/vitaminbutiken.com\/fi\/wp-json\/wp\/v2\/media\/9902"}],"wp:attachment":[{"href":"https:\/\/vitaminbutiken.com\/fi\/wp-json\/wp\/v2\/media?parent=9825"}],"wp:term":[{"taxonomy":"product_brand","embeddable":true,"href":"https:\/\/vitaminbutiken.com\/fi\/wp-json\/wp\/v2\/product_brand?post=9825"},{"taxonomy":"product_cat","embeddable":true,"href":"https:\/\/vitaminbutiken.com\/fi\/wp-json\/wp\/v2\/product_cat?post=9825"},{"taxonomy":"product_tag","embeddable":true,"href":"https:\/\/vitaminbutiken.com\/fi\/wp-json\/wp\/v2\/product_tag?post=9825"}],"curies":[{"name":"wp","href":"https:\/\/api.w.org\/{rel}","templated":true}]}}