{"id":9824,"date":"2025-03-19T16:13:10","date_gmt":"2025-03-19T14:13:10","guid":{"rendered":"https:\/\/vitaminbutiken.multi.fi\/?post_type=product&#038;p=9824"},"modified":"2026-03-31T14:24:55","modified_gmt":"2026-03-31T12:24:55","slug":"vitamin-a-5000iu","status":"publish","type":"product","link":"https:\/\/vitaminbutiken.com\/fi\/produkt\/vitamin-a-5000iu\/","title":{"rendered":"Vitamin A 5000iu"},"content":{"rendered":"<p data-start=\"147\" data-end=\"182\"><strong data-start=\"147\" data-end=\"182\">Levererar 5000 IU per 2 kapslar<\/strong><\/p>\n<p data-start=\"184\" data-end=\"206\">Vitamin A bidrar till:<\/p>\n<ul data-start=\"207\" data-end=\"337\">\n<li data-start=\"207\" data-end=\"260\">\n<p data-start=\"209\" data-end=\"260\">bibeh\u00e5llande av normal hud och normala slemhinnor<\/p>\n<\/li>\n<li data-start=\"261\" data-end=\"275\">\n<p data-start=\"263\" data-end=\"275\">normal syn<\/p>\n<\/li>\n<li data-start=\"276\" data-end=\"311\">\n<p data-start=\"278\" data-end=\"311\">immunsystemets normala funktion<\/p>\n<\/li>\n<li data-start=\"312\" data-end=\"337\">\n<p data-start=\"314\" data-end=\"337\">normal j\u00e4rnmetabolism<\/p>\n<\/li>\n<\/ul>\n<p data-start=\"339\" data-end=\"530\"><strong data-start=\"339\" data-end=\"367\">Vitamin A i palmitatform<\/strong><br data-start=\"367\" data-end=\"370\" \/>Vitamin A f\u00f6rekommer h\u00e4r som palmitat, en retinoid (retinol). Det inneb\u00e4r att formen \u00e4r biotillg\u00e4nglig \u2013 den tas l\u00e4tt upp av kroppen och kan anv\u00e4ndas effektivt.<\/p>\n<p data-start=\"532\" data-end=\"672\"><strong data-start=\"532\" data-end=\"553\">F\u00f6r b\u00e4ttre upptag<\/strong><br data-start=\"553\" data-end=\"556\" \/>Kapslarna \u00e4r suspenderade i solrosfr\u00f6olja, vilket ytterligare underl\u00e4ttar absorptionen av detta fettl\u00f6sliga vitamin.<\/p>\n<p data-start=\"674\" data-end=\"709\"><strong data-start=\"674\" data-end=\"709\">Passar vegetarianer och veganer<\/strong><\/p>\n<p data-start=\"716\" data-end=\"990\"><strong data-start=\"716\" data-end=\"739\">Lamberts\u00ae Vitamin A<\/strong> \u00e4r ett h\u00f6gkvalitativt kosttillskott som ger 5000 IU vitamin A per 2 kapslar i palmitatform. Till skillnad fr\u00e5n vissa andra former av vitamin A \u00e4r palmitat en aktiv retinoid, vilket g\u00f6r att kroppen l\u00e4tt kan absorbera och tillgodog\u00f6ra sig n\u00e4rings\u00e4mnet.<\/p>\n<p data-start=\"992\" data-end=\"1323\">Vitamin A \u00e4r ett fettl\u00f6sligt vitamin som naturligt finns i exempelvis fiskleverolja och fet fisk, samt som provitamin A i orange och gula frukter och gr\u00f6nsaker. Det \u00e4r s\u00e4rskilt k\u00e4nt f\u00f6r sin roll i synprocessen, d\u00e4r det deltar i bildandet av synpigment i n\u00e4thinnan, men \u00e4r ocks\u00e5 viktigt f\u00f6r tillv\u00e4xt och funktion hos epitelv\u00e4vnader.<\/p>\n<p data-start=\"1325\" data-end=\"1505\">Vitamin A har m\u00e5nga viktiga funktioner i kroppen och bidrar bland annat till normal hud, normala slemhinnor, normal syn, immunsystemets normala funktion samt normal j\u00e4rnmetabolism.<\/p>\n<p data-start=\"1507\" data-end=\"1601\">Kapslarna \u00e4r utformade f\u00f6r att vara l\u00e4tta att ta upp och passar b\u00e5de vegetarianer och veganer.<\/p>\n<p><strong>Dosering<\/strong>:\u00a0 2 kapslar per dag i samband med m\u00e5ltid.<\/p>\n<table style=\"height: 80px;\" border=\"1\" width=\"621\" cellspacing=\"0\" cellpadding=\"0\">\n<tbody>\n<tr>\n<td valign=\"top\" width=\"30%\"><strong>2 kapslar inneh\u00e5ller<\/strong><\/td>\n<td valign=\"top\" width=\"20%\"><strong> M\u00e4ngd<\/strong><\/td>\n<td valign=\"top\" width=\"30%\"><strong>%DRI*<\/strong><\/td>\n<\/tr>\n<tr>\n<td valign=\"top\" width=\"30%\">Vitamin A (5000iu)<\/td>\n<td valign=\"top\" width=\"20%\">1500 \u00b5g<\/td>\n<td valign=\"top\" width=\"20%\">188 %<\/td>\n<\/tr>\n<\/tbody>\n<\/table>\n<p><strong><em>*DRI \u00e4r dagligt referensintag.<\/em><\/strong><\/p>\n<p><strong>Ingredienser<\/strong>: Solrosfr\u00f6olja, kapselskal (modifierad majsst\u00e4rkelse, glycerol, gelningsmedel; karragenan,<br \/>\nsurhetsreglerande medel: natriumkarbonat), Vitamin A (Vitamin A-palmitat, antioxidant:dl-alfa-tokoferol).<\/p>\n<p>Rekommenderad daglig dos b\u00f6r ej \u00f6verskridas.<br \/>\nKosttillskott ers\u00e4tter inte en varierad kost.<br \/>\nProdukten f\u00f6rvaras o\u00e5tkomligt f\u00f6r sm\u00e5 barn.<br \/>\nRekommenderas inte till gravida eller ammande.<\/p>\n","protected":false},"excerpt":{"rendered":"<p>Vitamin A har ett brett anv\u00e4ndningsomr\u00e5de och bidrar till bibeh\u00e5llande av normal hud och normala slemhinnor, normal syn, normala celler, immunsystemets normala funktion samt normal j\u00e4rnmetabolism. Vitamin A f\u00f6rekommer i palmitatform och \u00e4r suspenderat i solrosfr\u00f6olja f\u00f6r optimalt upptag.<\/p>\n<p><strong>120 kapslar<\/strong><\/p>\n","protected":false},"featured_media":9893,"comment_status":"closed","ping_status":"closed","template":"","meta":{"_kad_blocks_custom_css":"","_kad_blocks_head_custom_js":"","_kad_blocks_body_custom_js":"","_kad_blocks_footer_custom_js":"","_kadence_starter_templates_imported_post":false,"_kad_post_transparent":"default","_kad_post_title":"","_kad_post_layout":"default","_kad_post_sidebar_id":"","_kad_post_content_style":"default","_kad_post_vertical_padding":"default","_kad_post_feature":"","_kad_post_feature_position":"","_kad_post_header":false,"_kad_post_footer":false,"_kad_post_classname":""},"product_brand":[],"product_cat":[2804,195,1234,155],"product_tag":[1921,202,1415,1227,1922,1923,1506,1418,1924,1595,1468,1028,1925,285,1926,1911,228,1927,1928,1929,1930,1264,1931],"class_list":{"0":"post-9824","1":"product","2":"type-product","3":"status-publish","4":"has-post-thumbnail","6":"product_cat-a-vitamin","7":"product_cat-hud-skonhet","8":"product_cat-lamberts","9":"product_cat-vitaminer","10":"product_tag-5000-iu","11":"product_tag-a-vitamin","12":"product_tag-anti-aging","13":"product_tag-antioxidanter","14":"product_tag-battre-syn","15":"product_tag-cellhalsa","16":"product_tag-dagligt-tillskott","17":"product_tag-har-och-naglar","18":"product_tag-hogdos-a-vitamin","19":"product_tag-hudforyngring","20":"product_tag-hudhalsa","21":"product_tag-immunforsvar","22":"product_tag-jarnmetabolism","23":"product_tag-kosttillskott","24":"product_tag-naringstillskott","25":"product_tag-ogonhalsa","26":"product_tag-slemhinnor","27":"product_tag-starkare-immunforsvar","28":"product_tag-synhalsa","29":"product_tag-torr-hud","30":"product_tag-vegetabiliska-kapslar","31":"product_tag-vitalitet","32":"product_tag-vitamin-a-lamberts","34":"first","35":"instock","36":"taxable","37":"shipping-taxable","38":"purchasable","39":"product-type-simple","40":"entry","41":"content-bg","42":"loop-entry"},"taxonomy_info":{"product_cat":[{"value":2804,"label":"A-vitamin"},{"value":195,"label":"Hud &amp; Sk\u00f6nhet"},{"value":1234,"label":"Lamberts"},{"value":155,"label":"Vitaminer"}],"product_tag":[{"value":1921,"label":"5000 IU"},{"value":202,"label":"a vitamin"},{"value":1415,"label":"Anti-aging"},{"value":1227,"label":"antioxidanter"},{"value":1922,"label":"B\u00e4ttre syn"},{"value":1923,"label":"Cellh\u00e4lsa"},{"value":1506,"label":"Dagligt tillskott"},{"value":1418,"label":"h\u00e5r och naglar"},{"value":1924,"label":"H\u00f6gdos A-vitamin"},{"value":1595,"label":"Hudf\u00f6ryngring"},{"value":1468,"label":"Hudh\u00e4lsa"},{"value":1028,"label":"immunf\u00f6rsvar"},{"value":1925,"label":"J\u00e4rnmetabolism"},{"value":285,"label":"kosttillskott"},{"value":1926,"label":"N\u00e4ringstillskott"},{"value":1911,"label":"\u00f6gonh\u00e4lsa"},{"value":228,"label":"slemhinnor"},{"value":1927,"label":"Starkare immunf\u00f6rsvar"},{"value":1928,"label":"Synh\u00e4lsa"},{"value":1929,"label":"Torr hud"},{"value":1930,"label":"Vegetabiliska kapslar"},{"value":1264,"label":"Vitalitet"},{"value":1931,"label":"Vitamin A. Lamberts"}]},"featured_image_src_large":["https:\/\/vitaminbutiken.com\/wp-content\/uploads\/2025\/03\/8017-120-Vitamin-A-780x700.jpg",780,700,true],"author_info":[],"comment_info":0,"_links":{"self":[{"href":"https:\/\/vitaminbutiken.com\/fi\/wp-json\/wp\/v2\/product\/9824","targetHints":{"allow":["GET"]}}],"collection":[{"href":"https:\/\/vitaminbutiken.com\/fi\/wp-json\/wp\/v2\/product"}],"about":[{"href":"https:\/\/vitaminbutiken.com\/fi\/wp-json\/wp\/v2\/types\/product"}],"replies":[{"embeddable":true,"href":"https:\/\/vitaminbutiken.com\/fi\/wp-json\/wp\/v2\/comments?post=9824"}],"wp:featuredmedia":[{"embeddable":true,"href":"https:\/\/vitaminbutiken.com\/fi\/wp-json\/wp\/v2\/media\/9893"}],"wp:attachment":[{"href":"https:\/\/vitaminbutiken.com\/fi\/wp-json\/wp\/v2\/media?parent=9824"}],"wp:term":[{"taxonomy":"product_brand","embeddable":true,"href":"https:\/\/vitaminbutiken.com\/fi\/wp-json\/wp\/v2\/product_brand?post=9824"},{"taxonomy":"product_cat","embeddable":true,"href":"https:\/\/vitaminbutiken.com\/fi\/wp-json\/wp\/v2\/product_cat?post=9824"},{"taxonomy":"product_tag","embeddable":true,"href":"https:\/\/vitaminbutiken.com\/fi\/wp-json\/wp\/v2\/product_tag?post=9824"}],"curies":[{"name":"wp","href":"https:\/\/api.w.org\/{rel}","templated":true}]}}