{"id":9802,"date":"2025-03-19T16:12:39","date_gmt":"2025-03-19T14:12:39","guid":{"rendered":"https:\/\/vitaminbutiken.multi.fi\/?post_type=product&#038;p=9802"},"modified":"2026-03-13T12:12:18","modified_gmt":"2026-03-13T11:12:18","slug":"zincatest-flytande-zinksulfat","status":"publish","type":"product","link":"https:\/\/vitaminbutiken.com\/fi\/produkt\/zincatest-flytande-zinksulfat\/","title":{"rendered":"ZINCATEST &#8211; Flytande Zinksulfat b.f. 12.2025"},"content":{"rendered":"<h3>ZINCATEST &#8211; Flytande Zinksulfat &#8211; Lamberts &#8211; sj\u00e4lvtest f\u00f6r eget bruk hemma<\/h3>\n<p>Zink \u00e4r av stor betydelse f\u00f6r att v\u00e5rat immunsystem ska kunna fungera normalt. Zink \u00e4r en viktig antioxidant och ing\u00e5r i \u00f6ver 200 enzymer i kroppen.<\/p>\n<p>Zincatest\u00ae \u00e4r ett enkelt non-invasivt zinkbristprov som kan ge en bra indikation av din zinkstatus. Eftersom Zincatest\u00ae \u00e4r en flytande form av zink (zinksulfat) kan det ocks\u00e5 anv\u00e4ndas som kosttillskott f\u00f6r personer som har sv\u00e5rt med att sv\u00e4lja tabletter och kapslar.<\/p>\n<p>Zink \u00e4r oerh\u00f6rt viktigt f\u00f6r h\u00e4lsan. Zink bidrar till immunsystemets normala funktion och till att skydda cellerna mot oxidativ stress. Zink bidrar \u00e4ven till normal syra-basbalans, normal kolhydratoms\u00e4ttning och till normal oms\u00e4ttning av fettsyror. Dessutom bidrar zink till normal oms\u00e4ttning av makron\u00e4rings\u00e4mnen, till normal oms\u00e4ttning av vitamin A och till normal proteinsyntes. Zink \u00e4r \u00e4ven viktigt f\u00f6r att det bidrar till normal DNA-syntes, normal fertilitet och reproduktion samt till normal kognitiv funktion. Zink \u00e4r dessutom viktigt f\u00f6r att det bidrar till att bibeh\u00e5lla normal hud, normalt h\u00e5r och normala naglar. Zink beh\u00f6vs \u00e4ven eftersom det bidrar till att bibeh\u00e5lla normal benstomme, till att bibeh\u00e5lla normala testosteronniv\u00e5er i blodet men \u00e4ven till att bibeh\u00e5lla normal synf\u00f6rm\u00e5ga. Zink har dessutom roll i den viktiga celldelningsprocessen.<\/p>\n<table style=\"height: 80px;\" border=\"1\" width=\"621\" cellspacing=\"0\" cellpadding=\"0\">\n<tbody>\n<tr>\n<td valign=\"top\" width=\"30%\">\u00a0<strong>5 ml inneh\u00e5ller:<\/strong><strong>\u00a0<\/strong><\/td>\n<td valign=\"top\" width=\"20%\"><strong>\u00a0M\u00e4ngd<\/strong><\/td>\n<td valign=\"top\" width=\"30%\">\u00a0<strong>%DRI*<\/strong><\/td>\n<\/tr>\n<tr>\n<td valign=\"top\" width=\"30%\">\u00a0Zink (som zinksulfat)<\/td>\n<td valign=\"top\" width=\"20%\">\u00a015 mg<\/td>\n<td valign=\"top\" width=\"20%\">\u00a0150 %<\/td>\n<\/tr>\n<\/tbody>\n<\/table>\n<p><em>*DRI \u00e4r dagligt referensintag.\u00a0<\/em><\/p>\n<p><strong>DOSERINGSANVISNING:<\/strong>\u00a0Denna produkt kan anv\u00e4ndas p\u00e5 tv\u00e5 olika s\u00e4tt.<\/p>\n<p>(1) Som ett kosttillskott: Tag en 5 ml tesked av Zincatest dagligen vid m\u00e5ltid. V\u00e4tskan kan sp\u00e4das ut med vatten eller juice.<\/p>\n<p>(2) Som ett smaktest f\u00f6r att kolla din zinkstatus\/uppt\u00e4cka eventuell zinkbrist: G\u00f6r provet minst en timma efter att du sist \u00e4tit eller druckit. Tills\u00e4tt 5 ml av Zincatest v\u00e4tskan till 60 ml vatten och tag sedan 5 ml av denna blandning och sk\u00f6lj omedelbart runt i munnen under 10 sekunder (blandningen kan du sedan sv\u00e4lja eller spotta ut). Smakupplevelsen\/sensationen som du f\u00e5r d\u00e5 du g\u00f6r detta prov indikerar din nuvarande zinkstatus.<\/p>\n<ol>\n<li>Smakl\u00f6st som vatten: L\u00e5gt Zinkstatus<\/li>\n<li>Lite l\u00e4tt torr, str\u00e4v, mineral-liknande eller t.o.m s\u00f6t smak utvecklas efter n\u00e5gra sekunder: Marginellt L\u00e5g Zinkstatus<\/li>\n<li>Definitiv smak, som blir intensivare med tiden: Marginellt Positive (Normalt zinkstatus)<br \/>\n4. Stark, obehaglig smak upplevs p\u00e5 en g\u00e5ng: Positive (Helt normalt zinkstatus)<\/li>\n<\/ol>\n<p>Om responsen \u00f6verensst\u00e4mmer med ovanst\u00e5ende beskrivning 1 eller 2, ta d\u00e5 ett kosttillskott (eller zincatest) tills responsen \u00e4ndras till beskrivning 3 eller 4. Det kan ofta dr\u00f6ja 3-6 m\u00e5nader innan du \u00e5tg\u00e4rdat din brist. En ny blandning b\u00f6r g\u00f6ras varje g\u00e5ng du vill g\u00f6ra provet. \u00d6verskrid inte den dagliga rekommenderade doseringen.<\/p>\n<p><strong>Rekommenderad dos b\u00f6r ej \u00f6verskridas.<\/strong><br \/>\n<strong>Kosttillskott ers\u00e4tter inte en varierad kost.<\/strong><br \/>\n<strong>Produkten f\u00f6rvaras o\u00e5tkomligt f\u00f6r sm\u00e5 barn.<\/strong><\/p>\n","protected":false},"excerpt":{"rendered":"<p>Lamberts Zinksulfat l\u00f6sning \u00e4r ett flytande zink kosttillskott som kan tas dagligen som ett zinktillskott.<\/p>\n<p><strong>100 ml<\/strong><\/p>\n","protected":false},"featured_media":9871,"comment_status":"closed","ping_status":"closed","template":"","meta":{"_kad_blocks_custom_css":"","_kad_blocks_head_custom_js":"","_kad_blocks_body_custom_js":"","_kad_blocks_footer_custom_js":"","_kadence_starter_templates_imported_post":false,"_kad_post_transparent":"default","_kad_post_title":"","_kad_post_layout":"default","_kad_post_sidebar_id":"","_kad_post_content_style":"default","_kad_post_vertical_padding":"default","_kad_post_feature":"","_kad_post_feature_position":"","_kad_post_header":false,"_kad_post_footer":false,"_kad_post_classname":""},"product_brand":[],"product_cat":[2764,195,176,1234],"product_tag":[1787,1788,1789,1790,1791,1792,1793,1794,1028,1795,1796,1539,1797,1798,1799,1430,1800,1801,1802,1803,1264,1804,1805,1806,1807,1808,1546,1809],"class_list":{"0":"post-9802","1":"product","2":"type-product","3":"status-publish","4":"has-post-thumbnail","6":"product_cat-erbjudanden","7":"product_cat-hud-skonhet","8":"product_cat-immunforsvar","9":"product_cat-lamberts","10":"product_tag-antioxidant-stod","11":"product_tag-dagligt-zinktillskott","12":"product_tag-flytande-mineraler","13":"product_tag-flytande-zink","14":"product_tag-hallbar-halsa","15":"product_tag-halsa-och-valmaende","16":"product_tag-hogkvalitativt-zink","17":"product_tag-hud-och-har","18":"product_tag-immunforsvar","19":"product_tag-kosttillskott-for-huden","20":"product_tag-lattupptaglig-zink","21":"product_tag-mineralbalans","22":"product_tag-naringsbalans","23":"product_tag-naturliga-mineraler","24":"product_tag-praktiskt-kosttillskott","25":"product_tag-reviva-finland","26":"product_tag-smidigt-zinktest","27":"product_tag-sparamne","28":"product_tag-stod-for-amnesomsattning","29":"product_tag-testa-zinknivaer","30":"product_tag-vitalitet","31":"product_tag-zink-for-immunforsvar","32":"product_tag-zink-for-kroppen","33":"product_tag-zinkbrist","34":"product_tag-zinksulfat","35":"product_tag-zinktest","36":"product_tag-zinktillskott","37":"product_tag-zinkupptag","39":"first","40":"instock","41":"sale","42":"taxable","43":"shipping-taxable","44":"purchasable","45":"product-type-simple","46":"entry","47":"content-bg","48":"loop-entry"},"taxonomy_info":{"product_cat":[{"value":2764,"label":"Erbjudanden"},{"value":195,"label":"Hud &amp; Sk\u00f6nhet"},{"value":176,"label":"Immunf\u00f6rsvar"},{"value":1234,"label":"Lamberts"}],"product_tag":[{"value":1787,"label":"Antioxidant st\u00f6d"},{"value":1788,"label":"Dagligt zinktillskott"},{"value":1789,"label":"Flytande mineraler"},{"value":1790,"label":"Flytande zink"},{"value":1791,"label":"H\u00e5llbar h\u00e4lsa"},{"value":1792,"label":"H\u00e4lsa och v\u00e4lm\u00e5ende"},{"value":1793,"label":"H\u00f6gkvalitativt zink"},{"value":1794,"label":"Hud och h\u00e5r"},{"value":1028,"label":"immunf\u00f6rsvar"},{"value":1795,"label":"Kosttillskott f\u00f6r huden"},{"value":1796,"label":"L\u00e4ttupptaglig zink"},{"value":1539,"label":"Mineralbalans"},{"value":1797,"label":"N\u00e4ringsbalans"},{"value":1798,"label":"Naturliga mineraler"},{"value":1799,"label":"Praktiskt kosttillskott"},{"value":1430,"label":"Reviva Finland"},{"value":1800,"label":"Smidigt zinktest"},{"value":1801,"label":"Sp\u00e5r\u00e4mne"},{"value":1802,"label":"St\u00f6d f\u00f6r \u00e4mnesoms\u00e4ttning"},{"value":1803,"label":"Testa zinkniv\u00e5er"},{"value":1264,"label":"Vitalitet"},{"value":1804,"label":"Zink f\u00f6r immunf\u00f6rsvar"},{"value":1805,"label":"Zink f\u00f6r kroppen"},{"value":1806,"label":"Zinkbrist"},{"value":1807,"label":"Zinksulfat"},{"value":1808,"label":"Zinktest"},{"value":1546,"label":"Zinktillskott"},{"value":1809,"label":"Zinkupptag"}]},"featured_image_src_large":["https:\/\/vitaminbutiken.com\/wp-content\/uploads\/2025\/03\/8285-100-Zincatest-780x700.jpg",780,700,true],"author_info":[],"comment_info":0,"_links":{"self":[{"href":"https:\/\/vitaminbutiken.com\/fi\/wp-json\/wp\/v2\/product\/9802","targetHints":{"allow":["GET"]}}],"collection":[{"href":"https:\/\/vitaminbutiken.com\/fi\/wp-json\/wp\/v2\/product"}],"about":[{"href":"https:\/\/vitaminbutiken.com\/fi\/wp-json\/wp\/v2\/types\/product"}],"replies":[{"embeddable":true,"href":"https:\/\/vitaminbutiken.com\/fi\/wp-json\/wp\/v2\/comments?post=9802"}],"wp:featuredmedia":[{"embeddable":true,"href":"https:\/\/vitaminbutiken.com\/fi\/wp-json\/wp\/v2\/media\/9871"}],"wp:attachment":[{"href":"https:\/\/vitaminbutiken.com\/fi\/wp-json\/wp\/v2\/media?parent=9802"}],"wp:term":[{"taxonomy":"product_brand","embeddable":true,"href":"https:\/\/vitaminbutiken.com\/fi\/wp-json\/wp\/v2\/product_brand?post=9802"},{"taxonomy":"product_cat","embeddable":true,"href":"https:\/\/vitaminbutiken.com\/fi\/wp-json\/wp\/v2\/product_cat?post=9802"},{"taxonomy":"product_tag","embeddable":true,"href":"https:\/\/vitaminbutiken.com\/fi\/wp-json\/wp\/v2\/product_tag?post=9802"}],"curies":[{"name":"wp","href":"https:\/\/api.w.org\/{rel}","templated":true}]}}