{"id":9758,"date":"2025-03-19T16:10:46","date_gmt":"2025-03-19T14:10:46","guid":{"rendered":"https:\/\/vitaminbutiken.multi.fi\/?post_type=product&#038;p=9758"},"modified":"2026-04-08T18:37:48","modified_gmt":"2026-04-08T16:37:48","slug":"zink-plus-sugpastiller","status":"publish","type":"product","link":"https:\/\/vitaminbutiken.com\/fi\/produkt\/zink-plus-sugpastiller\/","title":{"rendered":"ZINK PLUS sugpastiller med vitamin C+B2 och bipropolis &#8211; Lamberts"},"content":{"rendered":"<p><strong>ZINK PLUS sugpastiller (med bipropolis extrakt) <\/strong><\/p>\n<p data-start=\"354\" data-end=\"662\">Lamberts Zinc Plus \u00e4r v\u00e4lsmakande sugtabletter som kombinerar zink med vitamin C, vitamin B2 (riboflavin) och bipropolis i en genomt\u00e4nkt formula. Produkten \u00e4r utvecklad f\u00f6r att l\u00f6sas l\u00e5ngsamt i munnen, vilket g\u00f6r den s\u00e4rskilt l\u00e4mplig under perioder d\u00e5 man vill ge extra st\u00f6d till immunf\u00f6rsvar och slemhinnor.<\/p>\n<p data-start=\"664\" data-end=\"737\">Sugtabletterna \u00e4r <strong>aspartamfria<\/strong> och har en mild smak av honung och citron.<\/p>\n<p data-start=\"664\" data-end=\"737\"><strong>Immunf\u00f6rsvar<\/strong><\/p>\n<p data-start=\"765\" data-end=\"784\">Zink och vitamin C:<\/p>\n<ul data-start=\"786\" data-end=\"833\">\n<li data-start=\"786\" data-end=\"833\">\n<p data-start=\"788\" data-end=\"833\">bidrar till immunsystemets normala funktion<\/p>\n<\/li>\n<\/ul>\n<p data-start=\"835\" data-end=\"1024\">Vitamin C bidrar dessutom till att bibeh\u00e5lla immunsystemets normala funktion under och efter intensiv fysisk tr\u00e4ning (vid intag av minst 200 mg dagligen ut\u00f6ver rekommenderat dagligt intag).<\/p>\n<p data-start=\"1026\" data-end=\"1101\">Zink och C-vitamin \u00e4r v\u00e4lk\u00e4nda n\u00e4rings\u00e4mnen f\u00f6r kroppens naturliga f\u00f6rsvar.<\/p>\n<p data-start=\"1026\" data-end=\"1101\"><strong>Slemhinnor och hud<\/strong><\/p>\n<p data-start=\"1135\" data-end=\"1159\">Vitamin B2 (riboflavin):<\/p>\n<ul data-start=\"1161\" data-end=\"1250\">\n<li data-start=\"1161\" data-end=\"1209\">\n<p data-start=\"1163\" data-end=\"1209\">bidrar till att bibeh\u00e5lla normala slemhinnor<\/p>\n<\/li>\n<li data-start=\"1210\" data-end=\"1250\">\n<p data-start=\"1212\" data-end=\"1250\">bidrar till att bibeh\u00e5lla normal hud<\/p>\n<\/li>\n<\/ul>\n<p data-start=\"1252\" data-end=\"1257\">Zink:<\/p>\n<ul data-start=\"1259\" data-end=\"1299\">\n<li data-start=\"1259\" data-end=\"1299\">\n<p data-start=\"1261\" data-end=\"1299\">bidrar till att bibeh\u00e5lla normal hud<\/p>\n<\/li>\n<\/ul>\n<p data-start=\"1301\" data-end=\"1389\">Detta g\u00f6r produkten s\u00e4rskilt relevant f\u00f6r slemhinnornas normala funktion i mun och hals.<\/p>\n<p data-start=\"1301\" data-end=\"1389\"><strong>Skydd mot oxidativ stress<\/strong><\/p>\n<p data-start=\"1430\" data-end=\"1461\">Zink, vitamin C och vitamin B2:<\/p>\n<ul data-start=\"1463\" data-end=\"1518\">\n<li data-start=\"1463\" data-end=\"1518\">\n<p data-start=\"1465\" data-end=\"1518\">bidrar till att skydda cellerna mot oxidativ stress<\/p>\n<\/li>\n<\/ul>\n<p data-start=\"1520\" data-end=\"1636\">Dessa n\u00e4rings\u00e4mnen samverkar i kroppens antioxidativa skyddssystem och hj\u00e4lper till att neutralisera fria radikaler.<\/p>\n<p data-start=\"1520\" data-end=\"1636\"><strong>Energi och minskad tr\u00f6tthet<\/strong><\/p>\n<p data-start=\"1677\" data-end=\"1702\">Vitamin C och vitamin B2:<\/p>\n<ul data-start=\"1704\" data-end=\"1794\">\n<li data-start=\"1704\" data-end=\"1743\">\n<p data-start=\"1706\" data-end=\"1743\">bidrar till normal energioms\u00e4ttning<\/p>\n<\/li>\n<li data-start=\"1744\" data-end=\"1794\">\n<p data-start=\"1746\" data-end=\"1794\">bidrar till att minska tr\u00f6tthet och utmattning<\/p>\n<\/li>\n<\/ul>\n<p data-start=\"1796\" data-end=\"1855\">Vitamin B2 bidrar \u00e4ven till nervsystemets normala funktion.<\/p>\n<p data-start=\"1796\" data-end=\"1855\"><strong>Bipropolis \u2013 naturligt inslag<\/strong><\/p>\n<p data-start=\"1896\" data-end=\"2094\">Formulan inneh\u00e5ller \u00e4ven bipropolis, ett naturligt \u00e4mne som samlas in av bin och ofta anv\u00e4nds i traditionella sammanhang. (Observera: inga godk\u00e4nda h\u00e4lsop\u00e5st\u00e5enden f\u00e5r g\u00f6ras f\u00f6r propolis enligt EU.)<\/p>\n<p data-start=\"1896\" data-end=\"2094\"><strong>Sugtablett med l\u00e5ngsam uppl\u00f6sning<\/strong><\/p>\n<p data-start=\"2139\" data-end=\"2282\">Tabletterna \u00e4r avsedda att l\u00e5ngsamt l\u00f6sas upp i munnen, vilket ger en lokal kontakt i mun- och halsomr\u00e5det samtidigt som n\u00e4rings\u00e4mnena tas upp.<\/p>\n<ul data-start=\"2284\" data-end=\"2357\">\n<li data-start=\"2284\" data-end=\"2299\">\n<p data-start=\"2286\" data-end=\"2299\">Aspartamfri<\/p>\n<\/li>\n<li data-start=\"2300\" data-end=\"2329\">\n<p data-start=\"2302\" data-end=\"2329\">Smak av honung och citron<\/p>\n<\/li>\n<li data-start=\"2330\" data-end=\"2357\">\n<p data-start=\"2332\" data-end=\"2357\">Praktisk att ta med sig<\/p>\n<\/li>\n<\/ul>\n<p data-start=\"2394\" data-end=\"2435\"><strong>F\u00f6r vem passar Zinc Plus?<\/strong><\/p>\n<p data-start=\"2394\" data-end=\"2435\">Produkten kan vara s\u00e4rskilt relevant f\u00f6r:<\/p>\n<ul data-start=\"2437\" data-end=\"2673\">\n<li data-start=\"2437\" data-end=\"2480\">\n<p data-start=\"2439\" data-end=\"2480\">personer som vill st\u00f6dja immunf\u00f6rsvaret<\/p>\n<\/li>\n<li data-start=\"2481\" data-end=\"2540\">\n<p data-start=\"2483\" data-end=\"2540\">personer som vill st\u00f6dja slemhinnornas normala funktion<\/p>\n<\/li>\n<li data-start=\"2541\" data-end=\"2605\">\n<p data-start=\"2543\" data-end=\"2605\">personer som uts\u00e4tts f\u00f6r \u00f6kad fysisk eller mental belastning<\/p>\n<\/li>\n<li data-start=\"2606\" data-end=\"2673\">\n<p data-start=\"2608\" data-end=\"2673\">personer som vill ha en praktisk sugtablett ist\u00e4llet f\u00f6r kapsel<\/p>\n<\/li>\n<\/ul>\n<p data-start=\"2707\" data-end=\"2917\"><strong>Kvalitet fr\u00e5n Lamberts<\/strong><\/p>\n<p data-start=\"2707\" data-end=\"2917\">Lamberts \u00e4r k\u00e4nt f\u00f6r sina h\u00f6ga kvalitetsstandarder och noggrant kontrollerade r\u00e5varor. Zinc Plus sugtabletter tillverkas enligt strikta kvalitetskrav f\u00f6r att s\u00e4kerst\u00e4lla stabilitet, renhet och korrekt dosering.<\/p>\n<p><strong>Dosering: <\/strong>Barn: Upp till 3 pastiller per dag. <span style=\"font-family: var(--global-body-font-family);\">Vuxna: Upp till 7 pastiller per dag.<\/span><\/p>\n<table style=\"height: 80px;\" border=\"1\" width=\"621\" cellspacing=\"0\" cellpadding=\"0\">\n<tbody>\n<tr>\n<td valign=\"top\" width=\"30%\"><strong>\u00a01 sugtablett inneh\u00e5ller:<\/strong><\/td>\n<td valign=\"top\" width=\"20%\"><strong> M\u00e4ngd<\/strong><\/td>\n<td valign=\"top\" width=\"30%\"><strong>%DRI*<\/strong><\/td>\n<\/tr>\n<tr>\n<td valign=\"top\" width=\"30%\">\u00a0Vitamin C<\/td>\n<td valign=\"top\" width=\"20%\">30 mg<\/td>\n<td valign=\"top\" width=\"20%\">38 %<\/td>\n<\/tr>\n<tr>\n<td valign=\"top\" width=\"30%\">\u00a0Riboflavin<\/td>\n<td valign=\"top\" width=\"20%\">0,35 mg<\/td>\n<td valign=\"top\" width=\"20%\">25 %<\/td>\n<\/tr>\n<tr>\n<td valign=\"top\" width=\"30%\">\u00a0Zink (som citrat)<\/td>\n<td valign=\"top\" width=\"20%\">2 mg<\/td>\n<td valign=\"top\" width=\"20%\">20 %<\/td>\n<\/tr>\n<tr>\n<td valign=\"top\" width=\"30%\">Bipropolis<\/td>\n<td valign=\"top\" width=\"20%\">2,5 mg<\/td>\n<td valign=\"top\" width=\"20%\">**<\/td>\n<\/tr>\n<tr>\n<td valign=\"top\" width=\"30%\">Honung<\/td>\n<td valign=\"top\" width=\"20%\">25 mg<\/td>\n<td valign=\"top\" width=\"20%\">**<\/td>\n<\/tr>\n<\/tbody>\n<\/table>\n<p><strong>*DRI \u00e4r dagligt referensintag. **DRI ej fastst\u00e4llt.<\/strong><\/p>\n<p><strong>Packningsmaterial (inaktiva best\u00e5ndsdelar):<\/strong><br \/>\nXylitol, dextros, fructo-oligosackarider, smaktillsatser- honung, citron och Lime, kalcium askorbat, natriumaskorbat, stearinsyra, kiseldioxid, magnesiumsalter av fettsyror.<\/p>\n<p><strong>OBS: \u00d6verkonsumption av dessa pastiller kan verka laxerande!<\/strong><\/p>\n<p>Rekommenderad daglig dos b\u00f6r ej \u00f6verskridas.<br \/>\nKosttillskott ers\u00e4tter inte en varierad kost.<br \/>\nProdukten f\u00f6rvaras o\u00e5tkomligt f\u00f6r sm\u00e5 barn.<\/p>\n","protected":false},"excerpt":{"rendered":"<p>Zinc Plus sugtabletter med vitamin C, B2 och bipropolis fr\u00e5n Lamberts \u00e4r en aspartamfri formula med smak av honung och citron som bidrar till immunsystemets normala funktion, bibeh\u00e5llandet av normala slemhinnor samt skydd mot oxidativ stress \u2013 i en praktisk och v\u00e4lsmakande form.<\/p>\n<p><strong>100 tabletter<\/strong><\/p>\n","protected":false},"featured_media":9830,"comment_status":"closed","ping_status":"closed","template":"","meta":{"_kad_blocks_custom_css":"","_kad_blocks_head_custom_js":"","_kad_blocks_body_custom_js":"","_kad_blocks_footer_custom_js":"","_kadence_starter_templates_imported_post":false,"_kad_post_transparent":"default","_kad_post_title":"","_kad_post_layout":"default","_kad_post_sidebar_id":"","_kad_post_content_style":"default","_kad_post_vertical_padding":"default","_kad_post_feature":"","_kad_post_feature_position":"","_kad_post_header":false,"_kad_post_footer":false,"_kad_post_classname":""},"product_brand":[],"product_cat":[176,1234,281,2822,2827],"product_tag":[716,1527,1227,1528,1529,1506,1530,1531,1532,1533,1534,1535,1536,1537,1538,1468,1487,1028,1539,1540,577,1541,1542,1543,343,1544,1545,1546],"class_list":{"0":"post-9758","1":"product","2":"type-product","3":"status-publish","4":"has-post-thumbnail","6":"product_cat-immunforsvar","7":"product_cat-lamberts","8":"product_cat-mineraler","9":"product_cat-multi-produkter","10":"product_cat-zink","11":"product_tag-acne","12":"product_tag-aknebehandling","13":"product_tag-antioxidanter","14":"product_tag-biotillgangligt-zink","15":"product_tag-chelaterat-zink","16":"product_tag-dagligt-tillskott","17":"product_tag-ekologiskt-zink","18":"product_tag-energi-och-vitalitet","19":"product_tag-for-aktiva-livsstilar","20":"product_tag-for-immunsystemet","21":"product_tag-for-vacker-hud","22":"product_tag-for-veganer","23":"product_tag-hogdoserat-zink","24":"product_tag-hogkvalitativt-kosttillskott","25":"product_tag-hormonbalans","26":"product_tag-hudhalsa","27":"product_tag-hudvard","28":"product_tag-immunforsvar","29":"product_tag-mineralbalans","30":"product_tag-naturligt-zink","31":"product_tag-sarlakning","32":"product_tag-starker-naglar-och-har","33":"product_tag-stresshantering","34":"product_tag-veganskt-zink","35":"product_tag-zink","36":"product_tag-zinkkapslar","37":"product_tag-zinktabletter","38":"product_tag-zinktillskott","40":"first","41":"instock","42":"taxable","43":"shipping-taxable","44":"purchasable","45":"product-type-simple","46":"entry","47":"content-bg","48":"loop-entry"},"taxonomy_info":{"product_cat":[{"value":176,"label":"Immunf\u00f6rsvar"},{"value":1234,"label":"Lamberts"},{"value":281,"label":"Mineraler"},{"value":2822,"label":"Multi produkter"},{"value":2827,"label":"Zink"}],"product_tag":[{"value":716,"label":"acne"},{"value":1527,"label":"Aknebehandling"},{"value":1227,"label":"antioxidanter"},{"value":1528,"label":"Biotillg\u00e4ngligt zink"},{"value":1529,"label":"Chelaterat zink"},{"value":1506,"label":"Dagligt tillskott"},{"value":1530,"label":"Ekologiskt zink"},{"value":1531,"label":"Energi och vitalitet"},{"value":1532,"label":"F\u00f6r aktiva livsstilar"},{"value":1533,"label":"F\u00f6r immunsystemet"},{"value":1534,"label":"F\u00f6r vacker hud"},{"value":1535,"label":"F\u00f6r veganer"},{"value":1536,"label":"H\u00f6gdoserat zink"},{"value":1537,"label":"H\u00f6gkvalitativt kosttillskott"},{"value":1538,"label":"Hormonbalans"},{"value":1468,"label":"Hudh\u00e4lsa"},{"value":1487,"label":"hudv\u00e5rd"},{"value":1028,"label":"immunf\u00f6rsvar"},{"value":1539,"label":"Mineralbalans"},{"value":1540,"label":"Naturligt zink"},{"value":577,"label":"s\u00e5rl\u00e4kning"},{"value":1541,"label":"St\u00e4rker naglar och h\u00e5r"},{"value":1542,"label":"Stresshantering"},{"value":1543,"label":"Veganskt zink"},{"value":343,"label":"Zink"},{"value":1544,"label":"Zinkkapslar"},{"value":1545,"label":"Zinktabletter"},{"value":1546,"label":"Zinktillskott"}]},"featured_image_src_large":["https:\/\/vitaminbutiken.com\/wp-content\/uploads\/2025\/03\/8284-100-Zinc-Plus-800x700.jpg",800,700,true],"author_info":[],"comment_info":0,"_links":{"self":[{"href":"https:\/\/vitaminbutiken.com\/fi\/wp-json\/wp\/v2\/product\/9758","targetHints":{"allow":["GET"]}}],"collection":[{"href":"https:\/\/vitaminbutiken.com\/fi\/wp-json\/wp\/v2\/product"}],"about":[{"href":"https:\/\/vitaminbutiken.com\/fi\/wp-json\/wp\/v2\/types\/product"}],"replies":[{"embeddable":true,"href":"https:\/\/vitaminbutiken.com\/fi\/wp-json\/wp\/v2\/comments?post=9758"}],"wp:featuredmedia":[{"embeddable":true,"href":"https:\/\/vitaminbutiken.com\/fi\/wp-json\/wp\/v2\/media\/9830"}],"wp:attachment":[{"href":"https:\/\/vitaminbutiken.com\/fi\/wp-json\/wp\/v2\/media?parent=9758"}],"wp:term":[{"taxonomy":"product_brand","embeddable":true,"href":"https:\/\/vitaminbutiken.com\/fi\/wp-json\/wp\/v2\/product_brand?post=9758"},{"taxonomy":"product_cat","embeddable":true,"href":"https:\/\/vitaminbutiken.com\/fi\/wp-json\/wp\/v2\/product_cat?post=9758"},{"taxonomy":"product_tag","embeddable":true,"href":"https:\/\/vitaminbutiken.com\/fi\/wp-json\/wp\/v2\/product_tag?post=9758"}],"curies":[{"name":"wp","href":"https:\/\/api.w.org\/{rel}","templated":true}]}}