{"id":9708,"date":"2025-03-19T16:08:05","date_gmt":"2025-03-19T14:08:05","guid":{"rendered":"https:\/\/vitaminbutiken.multi.fi\/?post_type=product&#038;p=9708"},"modified":"2026-04-09T22:10:15","modified_gmt":"2026-04-09T20:10:15","slug":"melatonin","status":"publish","type":"product","link":"https:\/\/vitaminbutiken.com\/fi\/produkt\/melatonin\/","title":{"rendered":"Melatonin"},"content":{"rendered":"<div class=\"woocommerce-tabs wc-tabs-wrapper\">\n<div id=\"tab-description\" class=\"woocommerce-Tabs-panel woocommerce-Tabs-panel--description panel entry-content wc-tab\" role=\"tabpanel\" aria-labelledby=\"tab-title-description\">\n<p><strong>Melatonin bidrar till att minska insomningstiden.\u00a0<\/strong>Den gynnsamma effekten uppn\u00e5s vid intag av 1 mg melatonin strax f\u00f6re l\u00e4ggdags.<\/p>\n<p><strong>Melatonin bidrar till att lindra den subjektiva upplevelsen av jetlag.\u00a0<\/strong>Den gynnsamma effekten uppn\u00e5s vid ett minsta intag av 0,5 mg strax f\u00f6re l\u00e4ggdags den f\u00f6rsta resdagen och ytterligare n\u00e5gra dagar efter ankomsten.<\/p>\n<p><strong>Dosering:<\/strong> 1 tablett 1-2 timmar f\u00f6re s\u00e4ngg\u00e5ende.<\/p>\n<table style=\"height: 80px;\" border=\"1\" width=\"621\" cellspacing=\"0\" cellpadding=\"0\">\n<tbody>\n<tr>\n<td valign=\"top\" width=\"30%\"><strong>1 tablett inneh\u00e5ller:<\/strong><\/td>\n<td valign=\"top\" width=\"20%\"><strong> M\u00e4ngd<\/strong><\/td>\n<td valign=\"top\" width=\"30%\"><strong>*DRI% <\/strong><\/td>\n<\/tr>\n<tr>\n<td valign=\"top\" width=\"30%\">Melatonin<\/td>\n<td valign=\"top\" width=\"20%\">1,5 mg<\/td>\n<td valign=\"top\" width=\"20%\">**<\/td>\n<\/tr>\n<\/tbody>\n<\/table>\n<p><strong>*DRI (dagligt referensintag) ej fastst\u00e4llt.<\/strong><\/p>\n<p><strong>Ingredienser:<\/strong> Fyllnadsmedel (di-kalciumfosfat, mikrokristallinsk cellulosa), bindningsmedel (stearinsyra), stabiliseringsmedel (tv\u00e4rbunden natriumkarboximetylcellulosa), klumpf\u00f6rebyggande medel (magnesiumsalter av fettsyror), melatonin.<\/p>\n<p>Rekommenderad dos b\u00f6r ej \u00f6verskridas.<br \/>\nKosttillskott ers\u00e4tter inte en varierad kost.<br \/>\nProdukten f\u00f6rvaras o\u00e5tkomligt f\u00f6r sm\u00e5 barn.<br \/>\nRekommenderas inte till gravida och ammande.<\/p>\n<\/div>\n<\/div>\n","protected":false},"excerpt":{"rendered":"<p>Melatonin 1,5 mg \u00e4r ett kosttillskott som k\u00f6ps av personer som upplever att det bidrar till att f\u00f6rb\u00e4ttra deras s\u00f6mnkvalitet. Produkten inneh\u00e5ller en noggrant balanserad dos av melatonin och anv\u00e4nds f\u00f6r att st\u00f6dja en regelbunden s\u00f6mn-vaknarytm. M\u00e5nga uppger att de f\u00e5r en mer naturlig och djupare s\u00f6mn och k\u00e4nner sig piggare n\u00e4r de vaknar. <strong>Melatonin bidrar till att minska insomningstiden. <\/strong>Den gynnsamma effekten uppn\u00e5s vid intag av 1 mg melatonin strax f\u00f6re l\u00e4ggdags.<\/p>\n<p><strong>Melatonin bidrar till att lindra den subjektiva upplevelsen av jetlag. <\/strong>Den gynnsamma effekten uppn\u00e5s vid ett minsta intag av 0,5 mg strax f\u00f6re l\u00e4ggdags den f\u00f6rsta resdagen och ytterligare n\u00e5gra dagar efter ankomsten.<\/p>\n<h4><strong>180 tabletter<\/strong><\/h4>\n","protected":false},"featured_media":500103885,"comment_status":"closed","ping_status":"closed","template":"","meta":{"_kad_blocks_custom_css":"","_kad_blocks_head_custom_js":"","_kad_blocks_body_custom_js":"","_kad_blocks_footer_custom_js":"","_kadence_starter_templates_imported_post":false,"_kad_post_transparent":"default","_kad_post_title":"","_kad_post_layout":"default","_kad_post_sidebar_id":"","_kad_post_content_style":"default","_kad_post_vertical_padding":"default","_kad_post_feature":"","_kad_post_feature_position":"","_kad_post_header":false,"_kad_post_footer":false,"_kad_post_classname":""},"product_brand":[],"product_cat":[1393,843,146],"product_tag":[1394,1395,1396,1397,1398,1399,1400,1401,1402,1403,1404,1405,1406,1407,1408,1409,1410,1411,1412,1413],"class_list":{"0":"post-9708","1":"product","2":"type-product","3":"status-publish","4":"has-post-thumbnail","6":"product_cat-ovriga-kosttillskott","7":"product_cat-reviva-nutrition","8":"product_cat-stressad-och-trott","9":"product_tag-basta-melatonintillskottet","10":"product_tag-hur-fungerar-melatonin","11":"product_tag-kop-melatonin-online","12":"product_tag-melatonin-biverkningar","13":"product_tag-melatonin-dosering","14":"product_tag-melatonin-for-aldre","15":"product_tag-melatonin-for-barn","16":"product_tag-melatonin-kosttillskott","17":"product_tag-melatonin-mot-angest","18":"product_tag-melatonin-och-depression","19":"product_tag-melatonin-och-drommar","20":"product_tag-melatonin-och-immunforsvar","21":"product_tag-melatonin-och-jetlag","22":"product_tag-melatonin-och-ljus","23":"product_tag-melatonin-och-somnloshet","24":"product_tag-melatonin-och-stress","25":"product_tag-melatonin-sakerhet","26":"product_tag-melatonin-somn","27":"product_tag-melatonin-somncykel","28":"product_tag-naturligt-somnhormon","30":"first","31":"instock","32":"taxable","33":"shipping-taxable","34":"purchasable","35":"product-type-simple","36":"entry","37":"content-bg","38":"loop-entry"},"taxonomy_info":{"product_cat":[{"value":1393,"label":"\u00d6vriga kosttillskott"},{"value":843,"label":"Reviva Nutrition"},{"value":146,"label":"Stressad &amp; Tr\u00f6tt"}],"product_tag":[{"value":1394,"label":"B\u00e4sta melatonintillskottet"},{"value":1395,"label":"Hur fungerar melatonin?"},{"value":1396,"label":"K\u00f6p melatonin online"},{"value":1397,"label":"Melatonin biverkningar"},{"value":1398,"label":"Melatonin dosering"},{"value":1399,"label":"Melatonin f\u00f6r \u00e4ldre"},{"value":1400,"label":"Melatonin f\u00f6r barn"},{"value":1401,"label":"Melatonin kosttillskott"},{"value":1402,"label":"Melatonin mot \u00e5ngest"},{"value":1403,"label":"Melatonin och depression"},{"value":1404,"label":"Melatonin och dr\u00f6mmar"},{"value":1405,"label":"Melatonin och immunf\u00f6rsvar"},{"value":1406,"label":"Melatonin och jetlag"},{"value":1407,"label":"Melatonin och ljus"},{"value":1408,"label":"Melatonin och s\u00f6mnl\u00f6shet"},{"value":1409,"label":"Melatonin och stress"},{"value":1410,"label":"Melatonin s\u00e4kerhet"},{"value":1411,"label":"Melatonin s\u00f6mn"},{"value":1412,"label":"Melatonin s\u00f6mncykel"},{"value":1413,"label":"Naturligt s\u00f6mnhormon"}]},"featured_image_src_large":["https:\/\/vitaminbutiken.com\/wp-content\/uploads\/2025\/03\/REV001-Melatonin-Photoroom-e1771585887706-663x700.png",663,700,true],"author_info":[],"comment_info":0,"_links":{"self":[{"href":"https:\/\/vitaminbutiken.com\/fi\/wp-json\/wp\/v2\/product\/9708","targetHints":{"allow":["GET"]}}],"collection":[{"href":"https:\/\/vitaminbutiken.com\/fi\/wp-json\/wp\/v2\/product"}],"about":[{"href":"https:\/\/vitaminbutiken.com\/fi\/wp-json\/wp\/v2\/types\/product"}],"replies":[{"embeddable":true,"href":"https:\/\/vitaminbutiken.com\/fi\/wp-json\/wp\/v2\/comments?post=9708"}],"wp:featuredmedia":[{"embeddable":true,"href":"https:\/\/vitaminbutiken.com\/fi\/wp-json\/wp\/v2\/media\/500103885"}],"wp:attachment":[{"href":"https:\/\/vitaminbutiken.com\/fi\/wp-json\/wp\/v2\/media?parent=9708"}],"wp:term":[{"taxonomy":"product_brand","embeddable":true,"href":"https:\/\/vitaminbutiken.com\/fi\/wp-json\/wp\/v2\/product_brand?post=9708"},{"taxonomy":"product_cat","embeddable":true,"href":"https:\/\/vitaminbutiken.com\/fi\/wp-json\/wp\/v2\/product_cat?post=9708"},{"taxonomy":"product_tag","embeddable":true,"href":"https:\/\/vitaminbutiken.com\/fi\/wp-json\/wp\/v2\/product_tag?post=9708"}],"curies":[{"name":"wp","href":"https:\/\/api.w.org\/{rel}","templated":true}]}}