{"id":9693,"date":"2025-03-19T16:07:00","date_gmt":"2025-03-19T14:07:00","guid":{"rendered":"https:\/\/vitaminbutiken.multi.fi\/?post_type=product&#038;p=9693"},"modified":"2026-04-29T13:50:10","modified_gmt":"2026-04-29T11:50:10","slug":"velvet-bean-mucuna-fabaceae","status":"publish","type":"product","link":"https:\/\/vitaminbutiken.com\/fi\/produkt\/velvet-bean-mucuna-fabaceae\/","title":{"rendered":"Velvet Bean &#8211; Mucuna Fabaceae"},"content":{"rendered":"<div class=\"woocommerce-tabs wc-tabs-wrapper\">\n<div id=\"tab-description\" class=\"woocommerce-Tabs-panel woocommerce-Tabs-panel--description panel entry-content wc-tab\" role=\"tabpanel\" aria-labelledby=\"tab-title-description\">\n<p>\u00d6rten \u00e4r \u00e4ven k\u00e4nd som klib\u00f6na eller velvet bean p\u00e5 engelska och \u00e4r en tropisk b\u00f6na som v\u00e4xer naturligt i Afrika och Asien. Dess fr\u00f6n \u00e4r k\u00e4nda f\u00f6r att inneh\u00e5lla L-DOPA, en f\u00f6reg\u00e5ngare till signalsubstansen dopamin.<\/p>\n<p>Det \u00e4r viktigt att notera att anv\u00e4ndningen av l\u00e4ke\u00f6rten b\u00f6r g\u00f6ras med f\u00f6rsiktighet och under \u00f6vervakning av en professionell r\u00e5dgivare, eftersom felaktig dosering kan ha negativa effekter. Dessutom kan interaktioner med andra mediciner f\u00f6rekomma.<\/p>\n<\/div>\n<\/div>\n<div class=\"nutrition-declaration\">\n<p>&nbsp;<\/p>\n<p>Dosering: 1 kapsel 2 g\u00e5nger per dag.<\/p>\n<table style=\"height: 80px;\" border=\"1\" width=\"621\" cellspacing=\"0\" cellpadding=\"0\">\n<tbody>\n<tr>\n<td valign=\"top\" width=\"30%\"><strong>2 kapslar inneh\u00e5ller<\/strong><\/td>\n<td valign=\"top\" width=\"20%\"><strong> M\u00e4ngd<\/strong><\/td>\n<td valign=\"top\" width=\"30%\"><strong>*DRI% <\/strong><\/td>\n<\/tr>\n<tr>\n<td valign=\"top\" width=\"30%\">Mucuna Pruriens (Fabaceae)<\/td>\n<td valign=\"top\" width=\"20%\">1000 mg<\/td>\n<td valign=\"top\" width=\"20%\">**<\/td>\n<\/tr>\n<\/tbody>\n<\/table>\n<p><strong>*DRI (dagligt referensintag) ej fastst\u00e4llt.<\/strong><\/p>\n<p><strong>Ingredienser:<\/strong> Mucuna Fabaceae extrakt 50 %, kapsel (hydroxipropylmetylcellulosa).<\/p>\n<p>Rekommenderad dos b\u00f6r ej \u00f6verskridas.<br \/>\nKosttillskott ers\u00e4tter inte en varierad kost.<br \/>\nProdukten f\u00f6rvaras o\u00e5tkomligt f\u00f6r sm\u00e5 barn.<\/p>\n<\/div>\n","protected":false},"excerpt":{"rendered":"<p>Velvet Bean &#8211; Mucuna Fabaceae \u00e4r en h\u00f6gkvalitativt kosttillskott som kan bidra till att fr\u00e4mja v\u00e4lfungerande kropp och sinne. Med sin naturliga sammans\u00e4ttning och noga utvalda ingredienser \u00e4r Velvet Bean perfekt f\u00f6r dig som vill uppn\u00e5 en balanserad livsstil. Upplev dess f\u00f6rdelar utan att kompromissa med din h\u00e4lsa.<\/p>\n<p>L\u00e4ke\u00f6rten, \u00e4ven k\u00e4nd som klib\u00f6na eller velvet bean p\u00e5 engelska, \u00e4r en tropisk b\u00f6na som v\u00e4xer naturligt i Afrika och Asien. Dess fr\u00f6n \u00e4r k\u00e4nda f\u00f6r att inneh\u00e5lla L-DOPA, en f\u00f6reg\u00e5ngare till signalsubstansen dopamin.<\/p>\n<p>Det \u00e4r viktigt att notera att anv\u00e4ndningen av l\u00e4ke\u00f6rten b\u00f6r g\u00f6ras med f\u00f6rsiktighet och under \u00f6vervakning av en professionell r\u00e5dgivare, eftersom felaktig dosering kan ha negativa effekter. Dessutom kan interaktioner med andra mediciner f\u00f6rekomma.<\/p>\n<p><strong>60 kapslar<\/strong><\/p>\n","protected":false},"featured_media":500103875,"comment_status":"closed","ping_status":"closed","template":"","meta":{"_kad_blocks_custom_css":"","_kad_blocks_head_custom_js":"","_kad_blocks_body_custom_js":"","_kad_blocks_footer_custom_js":"","_kadence_starter_templates_imported_post":false,"_kad_post_transparent":"default","_kad_post_title":"","_kad_post_layout":"default","_kad_post_sidebar_id":"","_kad_post_content_style":"default","_kad_post_vertical_padding":"default","_kad_post_feature":"","_kad_post_feature_position":"","_kad_post_header":false,"_kad_post_footer":false,"_kad_post_classname":""},"product_brand":[],"product_cat":[149,843],"product_tag":[1329,1330,1331,1332,1333,1334,1335,1336,1337,1338,1339,1340,1341,1342,1343,1344,1345,1346,1347,1348],"class_list":{"0":"post-9693","1":"product","2":"type-product","3":"status-publish","4":"has-post-thumbnail","6":"product_cat-orter","7":"product_cat-reviva-nutrition","8":"product_tag-basta-velvet-bean-tillskottet","9":"product_tag-hur-fungerar-velvet-bean","10":"product_tag-kop-velvet-bean-online","11":"product_tag-mucuna-pruriens-l-dopa","12":"product_tag-mucuna-pruriens-och-parkinson","13":"product_tag-naturligt-humorhojande-tillskott","14":"product_tag-velvet-bean-dopamin","15":"product_tag-velvet-bean-dosering","16":"product_tag-velvet-bean-for-energi","17":"product_tag-velvet-bean-for-mental-klarhet","18":"product_tag-velvet-bean-fordelar","19":"product_tag-velvet-bean-humorforbattring","20":"product_tag-velvet-bean-kosttillskott","21":"product_tag-velvet-bean-libido","22":"product_tag-velvet-bean-mot-depression","23":"product_tag-velvet-bean-naturlakemedel","24":"product_tag-velvet-bean-och-fertilitet","25":"product_tag-velvet-bean-och-nervsystemet","26":"product_tag-velvet-bean-och-testosteron","27":"product_tag-velvet-bean-stresshantering","29":"first","30":"instock","31":"taxable","32":"shipping-taxable","33":"purchasable","34":"product-type-simple","35":"entry","36":"content-bg","37":"loop-entry"},"taxonomy_info":{"product_cat":[{"value":149,"label":"\u00d6rter"},{"value":843,"label":"Reviva Nutrition"}],"product_tag":[{"value":1329,"label":"B\u00e4sta velvet bean-tillskottet"},{"value":1330,"label":"Hur fungerar velvet bean?"},{"value":1331,"label":"K\u00f6p velvet bean online"},{"value":1332,"label":"Mucuna pruriens L-DOPA"},{"value":1333,"label":"Mucuna pruriens och Parkinson"},{"value":1334,"label":"Naturligt hum\u00f6rh\u00f6jande tillskott"},{"value":1335,"label":"Velvet bean dopamin"},{"value":1336,"label":"Velvet bean dosering"},{"value":1337,"label":"Velvet bean f\u00f6r energi"},{"value":1338,"label":"Velvet bean f\u00f6r mental klarhet"},{"value":1339,"label":"Velvet bean f\u00f6rdelar"},{"value":1340,"label":"Velvet bean hum\u00f6rf\u00f6rb\u00e4ttring"},{"value":1341,"label":"Velvet bean kosttillskott"},{"value":1342,"label":"Velvet bean libido"},{"value":1343,"label":"Velvet bean mot depression"},{"value":1344,"label":"Velvet bean naturl\u00e4kemedel"},{"value":1345,"label":"Velvet bean och fertilitet"},{"value":1346,"label":"Velvet bean och nervsystemet"},{"value":1347,"label":"Velvet bean och testosteron"},{"value":1348,"label":"Velvet bean stresshantering"}]},"featured_image_src_large":["https:\/\/vitaminbutiken.com\/wp-content\/uploads\/2025\/03\/REV066-Velvet-bean-Photoroom-e1771585349692-703x700.png",703,700,true],"author_info":[],"comment_info":0,"_links":{"self":[{"href":"https:\/\/vitaminbutiken.com\/fi\/wp-json\/wp\/v2\/product\/9693","targetHints":{"allow":["GET"]}}],"collection":[{"href":"https:\/\/vitaminbutiken.com\/fi\/wp-json\/wp\/v2\/product"}],"about":[{"href":"https:\/\/vitaminbutiken.com\/fi\/wp-json\/wp\/v2\/types\/product"}],"replies":[{"embeddable":true,"href":"https:\/\/vitaminbutiken.com\/fi\/wp-json\/wp\/v2\/comments?post=9693"}],"wp:featuredmedia":[{"embeddable":true,"href":"https:\/\/vitaminbutiken.com\/fi\/wp-json\/wp\/v2\/media\/500103875"}],"wp:attachment":[{"href":"https:\/\/vitaminbutiken.com\/fi\/wp-json\/wp\/v2\/media?parent=9693"}],"wp:term":[{"taxonomy":"product_brand","embeddable":true,"href":"https:\/\/vitaminbutiken.com\/fi\/wp-json\/wp\/v2\/product_brand?post=9693"},{"taxonomy":"product_cat","embeddable":true,"href":"https:\/\/vitaminbutiken.com\/fi\/wp-json\/wp\/v2\/product_cat?post=9693"},{"taxonomy":"product_tag","embeddable":true,"href":"https:\/\/vitaminbutiken.com\/fi\/wp-json\/wp\/v2\/product_tag?post=9693"}],"curies":[{"name":"wp","href":"https:\/\/api.w.org\/{rel}","templated":true}]}}