{"id":9641,"date":"2025-03-19T16:05:04","date_gmt":"2025-03-19T14:05:04","guid":{"rendered":"https:\/\/vitaminbutiken.multi.fi\/?post_type=product&#038;p=9641"},"modified":"2026-04-08T18:36:05","modified_gmt":"2026-04-08T16:36:05","slug":"andox-extrakt-fran-bar-och-orter","status":"publish","type":"product","link":"https:\/\/vitaminbutiken.com\/fi\/produkt\/andox-extrakt-fran-bar-och-orter\/","title":{"rendered":"Andox &#8211; Fyton\u00e4rings\u00e4mnen fr\u00e5n b\u00e4r och \u00f6rter"},"content":{"rendered":"<p><strong>Andox &#8211; extrakt fr\u00e5n b\u00e4r och \u00f6rter<\/strong><\/p>\n<p>Andox\u00ae \u00e4r en sammans\u00e4ttning extrakt fr\u00e5n b\u00e4r och \u00f6rter vilket bygger p\u00e5 bredspektrumprincipen. Den unika formulan i Andox\u00ae ger ett brett spektrum av essentiella antioxidanter.<\/p>\n<p>Antioxidanter \u00e4r\u00a0<strong>kroppens naturliga skydd mot reaktiva syrearter, s\u00e5som fria radikaler<\/strong>. Kroppen producerar ett antal enzymer som fungerar som antioxidanter. De fungerar genom att f\u00f6rhindra, neutralisera och reparera skador orsakade av ett \u00f6verskott av reaktiva syrearter i kroppen.<\/p>\n<p><strong>Antioxidanter<\/strong>\u00a0skyddar cellerna<br \/>\nVi kan f\u00e5 ett \u00f6verskott av fria radikaler i kroppen vid stress, infektioner, str\u00e5lning, solning och till och med av tobaksr\u00f6k. Studier visar \u00e4ven att fria radikaler kan p\u00e5verka \u00e5ldringsprocessen. Det \u00e4r d\u00e4rf\u00f6r n\u00f6dv\u00e4ndigt med <strong>antioxidanter<\/strong>\u00a0f\u00f6r att motverka dessa processer.<\/p>\n<p><strong>Dosering:<\/strong> 2 kapslar 2 g\u00e5nger per dag.<\/p>\n<table style=\"height: 80px;\" border=\"1\" width=\"621\" cellspacing=\"0\" cellpadding=\"0\">\n<tbody>\n<tr>\n<td valign=\"top\" width=\"30%\"><strong>4 kapslar inneh\u00e5ller<\/strong><\/td>\n<td valign=\"top\" width=\"20%\"><strong> M\u00e4ngd<\/strong><\/td>\n<td valign=\"top\" width=\"30%\"><strong>%DRI*<\/strong><\/td>\n<\/tr>\n<tr>\n<td valign=\"top\" width=\"30%\">Druvfr\u00f6extrakt<\/td>\n<td valign=\"top\" width=\"20%\">120 mg<\/td>\n<td valign=\"top\" width=\"20%\">**<\/td>\n<\/tr>\n<tr>\n<td valign=\"top\" width=\"30%\">Gr\u00f6nt te-extrakt<\/td>\n<td valign=\"top\" width=\"20%\">120 mg<\/td>\n<td valign=\"top\" width=\"20%\">**<\/td>\n<\/tr>\n<tr>\n<td valign=\"top\" width=\"30%\">Bl\u00e5b\u00e4rsextrakt<\/td>\n<td valign=\"top\" width=\"20%\">120 mg<\/td>\n<td valign=\"top\" width=\"20%\">**<\/td>\n<\/tr>\n<tr>\n<td valign=\"top\" width=\"30%\">\u00c5kerb\u00e4r<\/td>\n<td valign=\"top\" width=\"20%\">48 mg<\/td>\n<td valign=\"top\" width=\"20%\">**<\/td>\n<\/tr>\n<tr>\n<td valign=\"top\" width=\"30%\">Cilifruktextrakt<\/td>\n<td valign=\"top\" width=\"20%\">44 mg<\/td>\n<td valign=\"top\" width=\"20%\">**<\/td>\n<\/tr>\n<tr>\n<td valign=\"top\" width=\"30%\">Pollen extrakt<\/td>\n<td valign=\"top\" width=\"20%\">48 mg<\/td>\n<td valign=\"top\" width=\"20%\">**<\/td>\n<\/tr>\n<\/tbody>\n<\/table>\n<p><strong><em>*DRI (dagligt referensintag) ej fastst\u00e4llt.\u00a0<\/em><\/strong><\/p>\n<p><b>Ingredienser:<\/b><span style=\"font-weight: 400;\"> Fyllnadsmedel (majsst\u00e4rkelse), extrakt av druvk\u00e4rnor, gr\u00f6nt te-extrakt, bl\u00e5b\u00e4rsextrakt, \u00e5kerb\u00e4r, cili-fruktextrakt (SOD 20 000 U\/g), pollenextrakt, kapsel (hydroxipropylmetylcellulosa).<\/span><\/p>\n<p><strong>OBS!\u00a0<\/strong>Rekommenderad dagsdos ger 54 mg EGCG av gr\u00f6nt te. Dosen b\u00f6r ej \u00f6verstiga 800 mg\/dag. Ej med andra gr\u00f6nt te-produkter. Ej p\u00e5 fastande mage.<\/p>\n<p>Rekommenderad daglig dos b\u00f6r ej \u00f6verskridas.<br \/>\nKosttillskott ers\u00e4tter inte en varierad kost.<br \/>\nProdukten f\u00f6rvaras o\u00e5tkomligt f\u00f6r sm\u00e5barn.<br \/>\nEj f\u00f6r gravida och ammande eller barn under 18 \u00e5r.<\/p>\n<p>&nbsp;<\/p>\n","protected":false},"excerpt":{"rendered":"<p>Fyton\u00e4rings\u00e4mnen fr\u00e5n b\u00e4r och \u00f6rter.<\/p>\n<p><strong>150 kapslar<\/strong><\/p>\n","protected":false},"featured_media":500103826,"comment_status":"open","ping_status":"closed","template":"","meta":{"_kad_blocks_custom_css":"","_kad_blocks_head_custom_js":"","_kad_blocks_body_custom_js":"","_kad_blocks_footer_custom_js":"","_kadence_starter_templates_imported_post":false,"_kad_post_transparent":"default","_kad_post_title":"","_kad_post_layout":"default","_kad_post_sidebar_id":"","_kad_post_content_style":"default","_kad_post_vertical_padding":"default","_kad_post_feature":"","_kad_post_feature_position":"","_kad_post_header":false,"_kad_post_footer":false,"_kad_post_classname":""},"product_brand":[],"product_cat":[176,2704,2822],"product_tag":[454,1226,1227,1025,925,173],"class_list":{"0":"post-9641","1":"product","2":"type-product","3":"status-publish","4":"has-post-thumbnail","6":"product_cat-immunforsvar","7":"product_cat-multi-nutrient","8":"product_cat-multi-produkter","9":"product_tag-amalgamskada","10":"product_tag-andox","11":"product_tag-antioxidanter","12":"product_tag-eloverkanslighet","13":"product_tag-fria-radikaler","14":"product_tag-utmattningstrotthet","16":"first","17":"instock","18":"taxable","19":"shipping-taxable","20":"purchasable","21":"product-type-simple","22":"entry","23":"content-bg","24":"loop-entry"},"taxonomy_info":{"product_cat":[{"value":176,"label":"Immunf\u00f6rsvar"},{"value":2704,"label":"Multi Nutrient"},{"value":2822,"label":"Multi produkter"}],"product_tag":[{"value":454,"label":"Amalgamskada"},{"value":1226,"label":"Andox"},{"value":1227,"label":"antioxidanter"},{"value":1025,"label":"el\u00f6verk\u00e4nslighet"},{"value":925,"label":"fria radikaler"},{"value":173,"label":"utmattningstr\u00f6tthet"}]},"featured_image_src_large":["https:\/\/vitaminbutiken.com\/wp-content\/uploads\/2025\/03\/471-Andox-Photoroom-e1771399703623-890x700.png",890,700,true],"author_info":[],"comment_info":0,"_links":{"self":[{"href":"https:\/\/vitaminbutiken.com\/fi\/wp-json\/wp\/v2\/product\/9641","targetHints":{"allow":["GET"]}}],"collection":[{"href":"https:\/\/vitaminbutiken.com\/fi\/wp-json\/wp\/v2\/product"}],"about":[{"href":"https:\/\/vitaminbutiken.com\/fi\/wp-json\/wp\/v2\/types\/product"}],"replies":[{"embeddable":true,"href":"https:\/\/vitaminbutiken.com\/fi\/wp-json\/wp\/v2\/comments?post=9641"}],"wp:featuredmedia":[{"embeddable":true,"href":"https:\/\/vitaminbutiken.com\/fi\/wp-json\/wp\/v2\/media\/500103826"}],"wp:attachment":[{"href":"https:\/\/vitaminbutiken.com\/fi\/wp-json\/wp\/v2\/media?parent=9641"}],"wp:term":[{"taxonomy":"product_brand","embeddable":true,"href":"https:\/\/vitaminbutiken.com\/fi\/wp-json\/wp\/v2\/product_brand?post=9641"},{"taxonomy":"product_cat","embeddable":true,"href":"https:\/\/vitaminbutiken.com\/fi\/wp-json\/wp\/v2\/product_cat?post=9641"},{"taxonomy":"product_tag","embeddable":true,"href":"https:\/\/vitaminbutiken.com\/fi\/wp-json\/wp\/v2\/product_tag?post=9641"}],"curies":[{"name":"wp","href":"https:\/\/api.w.org\/{rel}","templated":true}]}}