{"id":9566,"date":"2025-03-19T16:01:57","date_gmt":"2025-03-19T14:01:57","guid":{"rendered":"https:\/\/vitaminbutiken.multi.fi\/?post_type=product&#038;p=9566"},"modified":"2026-04-10T09:10:36","modified_gmt":"2026-04-10T07:10:36","slug":"saccharomyces-boulardii","status":"publish","type":"product","link":"https:\/\/vitaminbutiken.com\/fi\/produkt\/saccharomyces-boulardii\/","title":{"rendered":"Saccharomyces Boulardii &#8211; probiotikapreparat"},"content":{"rendered":"<p><strong>Saccharomyces Boulardii<\/strong> 650 mg\/13 miljarder bakterier<\/p>\n<p data-start=\"0\" data-end=\"195\">Saccharomyces boulardii \u00e4r en <strong data-start=\"30\" data-end=\"49\">probiotisk j\u00e4st<\/strong> (inte en bakterie), och den \u00e4r k\u00e4nd f\u00f6r att vara extra t\u00e5lig i mag\u2013tarmmilj\u00f6n. Den anv\u00e4nds vid olika magbesv\u00e4r.<\/p>\n<ul data-start=\"227\" data-end=\"456\">\n<li data-start=\"227\" data-end=\"367\">\n<p data-start=\"229\" data-end=\"275\"><strong data-start=\"229\" data-end=\"264\">F\u00f6rebygger och behandlar diarr\u00e9<\/strong>, s\u00e4rskilt:<\/p>\n<ul data-start=\"278\" data-end=\"367\">\n<li data-start=\"278\" data-end=\"310\">\n<p data-start=\"280\" data-end=\"310\">antibiotikaassocierad diarr\u00e9<\/p>\n<\/li>\n<li data-start=\"313\" data-end=\"327\">\n<p data-start=\"315\" data-end=\"327\">resediarr\u00e9<\/p>\n<\/li>\n<li data-start=\"330\" data-end=\"367\">\n<p data-start=\"332\" data-end=\"367\">akut diarr\u00e9 hos b\u00e5de barn och vuxna<\/p>\n<\/li>\n<\/ul>\n<\/li>\n<\/ul>\n<ul data-start=\"227\" data-end=\"456\">\n<li data-start=\"368\" data-end=\"456\">\n<p data-start=\"370\" data-end=\"456\"><strong data-start=\"370\" data-end=\"398\">\u00c5terst\u00e4ller tarmbalansen<\/strong> n\u00e4r den rubbats av antibiotika, stress eller infektioner.<\/p>\n<\/li>\n<li data-start=\"817\" data-end=\"912\">\n<p data-start=\"819\" data-end=\"912\">Kan tas <strong data-start=\"827\" data-end=\"856\">samtidigt med antibiotika<\/strong> (till skillnad fr\u00e5n m\u00e5nga bakteriebaserade probiotika).<\/p>\n<\/li>\n<li data-start=\"913\" data-end=\"961\">\n<p data-start=\"915\" data-end=\"961\">P\u00e5verkas inte av magsyra i samma utstr\u00e4ckning.<\/p>\n<\/li>\n<li data-start=\"962\" data-end=\"1007\">\n<p data-start=\"964\" data-end=\"1007\">Hj\u00e4lper vissa med <strong data-start=\"982\" data-end=\"1006\">IBS-relaterad diarr\u00e9<\/strong>.<\/p>\n<\/li>\n<\/ul>\n<p><strong>Dosering:\u00a0<\/strong>1 kapsel per dag.<\/p>\n<table style=\"height: 80px;\" border=\"1\" width=\"621\" cellspacing=\"0\" cellpadding=\"0\">\n<tbody>\n<tr>\n<td style=\"width: 26.7921%;\"><strong>1 kapsel inneh\u00e5ller:<\/strong><\/td>\n<td style=\"width: 1.77305%;\"><strong>M\u00e4ngd<\/strong><\/td>\n<\/tr>\n<tr>\n<td style=\"width: 26.7921%;\">Saccharomyces Boulardii och dess signalsubstanser<\/td>\n<td style=\"width: 1.77305%;\">650 mg*<\/td>\n<\/tr>\n<\/tbody>\n<\/table>\n<p><strong>*DRI (dagligt referensintag) ej fastst\u00e4llt.<br \/>\nIngredienser:<\/strong> Saccharomyces boulardii, kapsel (gelatin av <strong>n\u00f6t<\/strong>).<\/p>\n<p>Rekommenderad daglig dos b\u00f6r ej \u00f6verskridas.<br \/>\nKosttillskott ers\u00e4tter inte en varierad kost.<br \/>\nProdukter f\u00f6rvaras o\u00e5tkomligt f\u00f6r sm\u00e5barn.<\/p>\n","protected":false},"excerpt":{"rendered":"<p><b>Goda j\u00e4storganismer<\/b><\/p>\n<p>Saccharomyces Boulardii 650 mg\/13 miljarder bakterier.<\/p>\n<p><strong>60 kapslar<\/strong><\/p>\n","protected":false},"featured_media":9649,"comment_status":"open","ping_status":"closed","template":"","meta":{"_kad_blocks_custom_css":"","_kad_blocks_head_custom_js":"","_kad_blocks_body_custom_js":"","_kad_blocks_footer_custom_js":"","_kadence_starter_templates_imported_post":false,"_kad_post_transparent":"default","_kad_post_title":"","_kad_post_layout":"default","_kad_post_sidebar_id":"","_kad_post_content_style":"default","_kad_post_vertical_padding":"default","_kad_post_feature":"","_kad_post_feature_position":"","_kad_post_header":false,"_kad_post_footer":false,"_kad_post_classname":""},"product_brand":[],"product_cat":[337,1293,176,431,2820],"product_tag":[1100],"class_list":{"0":"post-9566","1":"product","2":"type-product","3":"status-publish","4":"has-post-thumbnail","6":"product_cat-aminosyror","7":"product_cat-evp-nutrition","8":"product_cat-immunforsvar","9":"product_cat-mage-tarm","10":"product_cat-mjolksyrebakterier","11":"product_tag-saccharomyces-boulardii","13":"first","14":"instock","15":"taxable","16":"shipping-taxable","17":"purchasable","18":"product-type-simple","19":"entry","20":"content-bg","21":"loop-entry"},"taxonomy_info":{"product_cat":[{"value":337,"label":"Aminosyror"},{"value":1293,"label":"EVP Nutrition"},{"value":176,"label":"Immunf\u00f6rsvar"},{"value":431,"label":"Mage &amp; Tarm"},{"value":2820,"label":"Mj\u00f6lksyrebakterier"}],"product_tag":[{"value":1100,"label":"Saccharomyces Boulardii"}]},"featured_image_src_large":["https:\/\/vitaminbutiken.com\/wp-content\/uploads\/2025\/03\/New1-2-10-1440x700.png",1440,700,true],"author_info":[],"comment_info":0,"_links":{"self":[{"href":"https:\/\/vitaminbutiken.com\/fi\/wp-json\/wp\/v2\/product\/9566","targetHints":{"allow":["GET"]}}],"collection":[{"href":"https:\/\/vitaminbutiken.com\/fi\/wp-json\/wp\/v2\/product"}],"about":[{"href":"https:\/\/vitaminbutiken.com\/fi\/wp-json\/wp\/v2\/types\/product"}],"replies":[{"embeddable":true,"href":"https:\/\/vitaminbutiken.com\/fi\/wp-json\/wp\/v2\/comments?post=9566"}],"wp:featuredmedia":[{"embeddable":true,"href":"https:\/\/vitaminbutiken.com\/fi\/wp-json\/wp\/v2\/media\/9649"}],"wp:attachment":[{"href":"https:\/\/vitaminbutiken.com\/fi\/wp-json\/wp\/v2\/media?parent=9566"}],"wp:term":[{"taxonomy":"product_brand","embeddable":true,"href":"https:\/\/vitaminbutiken.com\/fi\/wp-json\/wp\/v2\/product_brand?post=9566"},{"taxonomy":"product_cat","embeddable":true,"href":"https:\/\/vitaminbutiken.com\/fi\/wp-json\/wp\/v2\/product_cat?post=9566"},{"taxonomy":"product_tag","embeddable":true,"href":"https:\/\/vitaminbutiken.com\/fi\/wp-json\/wp\/v2\/product_tag?post=9566"}],"curies":[{"name":"wp","href":"https:\/\/api.w.org\/{rel}","templated":true}]}}