{"id":9557,"date":"2025-03-19T16:01:31","date_gmt":"2025-03-19T14:01:31","guid":{"rendered":"https:\/\/vitaminbutiken.multi.fi\/?post_type=product&#038;p=9557"},"modified":"2026-04-10T10:23:53","modified_gmt":"2026-04-10T08:23:53","slug":"magnesium-glycinat","status":"publish","type":"product","link":"https:\/\/vitaminbutiken.com\/fi\/produkt\/magnesium-glycinat\/","title":{"rendered":"Magnesium Glycinat"},"content":{"rendered":"<p><strong>Magnesium Glycinat<\/strong> \u00e4r en mineralf\u00f6rening sammansatt av en magnesium och tv\u00e5 glycinmolekyler.<\/p>\n<p><strong>Magnesium bidrar till:<\/strong><\/p>\n<ul>\n<li>att minska tr\u00f6tthet och utmattning<\/li>\n<li>elektrolytbalansen<\/li>\n<li>normal energioms\u00e4ttning<\/li>\n<li>nervsystemets normala funktion<\/li>\n<li>normal muskelfunktion<\/li>\n<li>normal proteinsyntes<\/li>\n<li>normal psykologisk funktion<\/li>\n<li>att bibeh\u00e5lla normal benstomme<\/li>\n<li>att bibeh\u00e5lla normala t\u00e4nder<\/li>\n<li>har en roll i celldelningsprocessen<\/li>\n<\/ul>\n<p><strong>Dosering:<\/strong> 3 kapslar per dag<\/p>\n<table style=\"height: 80px;\" border=\"1\" width=\"600\" cellspacing=\"0\" cellpadding=\"0\">\n<tbody>\n<tr style=\"height: 25px;\">\n<td style=\"width: 18.4002%; height: 25px;\"><strong>3 kapslar inneh\u00e5ller<\/strong><\/td>\n<td style=\"width: 11.1912%; height: 25px;\"><strong>M\u00e4ngd<\/strong><\/td>\n<td style=\"width: 13.045%; height: 25px;\"><strong>*%DRI<\/strong><\/td>\n<\/tr>\n<tr style=\"height: 25px;\">\n<td style=\"width: 18.4002%; height: 25px;\">Magnesium<\/td>\n<td style=\"width: 11.1912%; height: 25px;\">300 mg<\/td>\n<td style=\"width: 13.045%; height: 25px;\">80 %<\/td>\n<\/tr>\n<\/tbody>\n<\/table>\n<p><strong>*DRI<\/strong> \u00e4r dagligt referensintag.<\/p>\n<p><strong>Ingredienser:<\/strong> Magnesiumbisglycinat, kapsel (hydroxipropylmetylcellulosa), fyllnadsmedel (mikrokristallinsk cellulosa), klumpf\u00f6rebyggande medel (magnesiumsalter av fettsyror).<\/p>\n<p>Rekommenderad daglig dos b\u00f6r ej \u00f6verskridas.<br \/>\nKosttillskott ers\u00e4tter inte en varierad kost.<br \/>\nF\u00f6rvaras o\u00e5tkomligt f\u00f6r barn.<\/p>\n","protected":false},"excerpt":{"rendered":"<p>Varje kapsel inneh\u00e5ller 550 mg magnesiumbisglycinat vilket ger 100 mg aktiv m\u00e4ngds magnesiumjoner.<\/p>\n<p>Denna form av magnesium \u00e4r ett alternativ f\u00f6r de som l\u00e4tt f\u00e5r diarr\u00e9 av magnesiumpreparat.<\/p>\n<p><strong>90 kapslar<\/strong><\/p>\n","protected":false},"featured_media":500103811,"comment_status":"open","ping_status":"closed","template":"","meta":{"_kad_blocks_custom_css":"","_kad_blocks_head_custom_js":"","_kad_blocks_body_custom_js":"","_kad_blocks_footer_custom_js":"","_kadence_starter_templates_imported_post":false,"_kad_post_transparent":"default","_kad_post_title":"","_kad_post_layout":"default","_kad_post_sidebar_id":"","_kad_post_content_style":"default","_kad_post_vertical_padding":"default","_kad_post_feature":"","_kad_post_feature_position":"","_kad_post_header":false,"_kad_post_footer":false,"_kad_post_classname":""},"product_brand":[],"product_cat":[431,625,277,146,1307,278],"product_tag":[285,286,287,288,1098,289,290,291,221,233,172,234],"class_list":{"0":"post-9557","1":"product","2":"type-product","3":"status-publish","4":"has-post-thumbnail","6":"product_cat-mage-tarm","7":"product_cat-magnesium","8":"product_cat-muskler-och-leder","9":"product_cat-stressad-och-trott","10":"product_cat-synergos","11":"product_cat-traning","12":"product_tag-kosttillskott","13":"product_tag-kosttillskott-magnesium","14":"product_tag-magnesium","15":"product_tag-magnesium-bra-for","16":"product_tag-magnesium-glycinat","17":"product_tag-magnesium-mot-kramp","18":"product_tag-magnesium-pulver","19":"product_tag-magnesium-tillskott","20":"product_tag-naturtillskott","21":"product_tag-trotthet","22":"product_tag-utmattning","23":"product_tag-vitamin","25":"first","26":"instock","27":"taxable","28":"shipping-taxable","29":"purchasable","30":"product-type-simple","31":"entry","32":"content-bg","33":"loop-entry"},"taxonomy_info":{"product_cat":[{"value":431,"label":"Mage &amp; Tarm"},{"value":625,"label":"Magnesium"},{"value":277,"label":"Muskler &amp; Leder"},{"value":146,"label":"Stressad &amp; Tr\u00f6tt"},{"value":1307,"label":"Synergos"},{"value":278,"label":"Tr\u00e4ning"}],"product_tag":[{"value":285,"label":"kosttillskott"},{"value":286,"label":"kosttillskott magnesium"},{"value":287,"label":"magnesium"},{"value":288,"label":"magnesium bra f\u00f6r"},{"value":1098,"label":"magnesium glycinat"},{"value":289,"label":"magnesium mot kramp"},{"value":290,"label":"magnesium pulver"},{"value":291,"label":"magnesium tillskott"},{"value":221,"label":"naturtillskott"},{"value":233,"label":"tr\u00f6tthet"},{"value":172,"label":"utmattning"},{"value":234,"label":"vitamin"}]},"featured_image_src_large":["https:\/\/vitaminbutiken.com\/wp-content\/uploads\/2025\/03\/213-H-Magnesiumglycinat-Photoroom-e1771398431627-810x700.png",810,700,true],"author_info":[],"comment_info":0,"_links":{"self":[{"href":"https:\/\/vitaminbutiken.com\/fi\/wp-json\/wp\/v2\/product\/9557","targetHints":{"allow":["GET"]}}],"collection":[{"href":"https:\/\/vitaminbutiken.com\/fi\/wp-json\/wp\/v2\/product"}],"about":[{"href":"https:\/\/vitaminbutiken.com\/fi\/wp-json\/wp\/v2\/types\/product"}],"replies":[{"embeddable":true,"href":"https:\/\/vitaminbutiken.com\/fi\/wp-json\/wp\/v2\/comments?post=9557"}],"wp:featuredmedia":[{"embeddable":true,"href":"https:\/\/vitaminbutiken.com\/fi\/wp-json\/wp\/v2\/media\/500103811"}],"wp:attachment":[{"href":"https:\/\/vitaminbutiken.com\/fi\/wp-json\/wp\/v2\/media?parent=9557"}],"wp:term":[{"taxonomy":"product_brand","embeddable":true,"href":"https:\/\/vitaminbutiken.com\/fi\/wp-json\/wp\/v2\/product_brand?post=9557"},{"taxonomy":"product_cat","embeddable":true,"href":"https:\/\/vitaminbutiken.com\/fi\/wp-json\/wp\/v2\/product_cat?post=9557"},{"taxonomy":"product_tag","embeddable":true,"href":"https:\/\/vitaminbutiken.com\/fi\/wp-json\/wp\/v2\/product_tag?post=9557"}],"curies":[{"name":"wp","href":"https:\/\/api.w.org\/{rel}","templated":true}]}}