{"id":9542,"date":"2025-03-19T16:00:38","date_gmt":"2025-03-19T14:00:38","guid":{"rendered":"https:\/\/vitaminbutiken.multi.fi\/?post_type=product&#038;p=9542"},"modified":"2026-04-08T15:11:38","modified_gmt":"2026-04-08T13:11:38","slug":"kronartskocka","status":"publish","type":"product","link":"https:\/\/vitaminbutiken.com\/fi\/produkt\/kronartskocka\/","title":{"rendered":"Kron\u00e4rtskocka &#8211; Artichoke"},"content":{"rendered":"<p><strong>Kron\u00e4rtskocka<\/strong> h\u00e4rstammar fr\u00e4n syd\u00f6stra medelhavsomr\u00e5det, d\u00e4r den \u00e4r fler\u00e5rig. Den odlas ocks\u00e5 i norden men \u00e4r h\u00e4r ett\u00e5rig d\u00e5 den inte \u00f6vervintrar.<\/p>\n<p>Kron\u00e4rtskockan \u00e4r en sorts tistel och det \u00e4r sj\u00e4lva blomkorgen av plantan (plockad strax innan den sl\u00e5r ut) som anv\u00e4nds i detta preparat.<\/p>\n<p><strong>Dosering:<\/strong> 1-2 tabletter per dag.<\/p>\n<table style=\"height: 80px;\" border=\"1\" width=\"600\" cellspacing=\"0\" cellpadding=\"0\">\n<tbody>\n<tr>\n<td style=\"width: 16.2719%;\" width=\"70\"><strong>2 tabletter inneh\u00e5ller:<\/strong><\/td>\n<td style=\"width: 11.7404%;\" width=\"39\"><strong>M\u00e4ngd<\/strong><\/td>\n<td style=\"width: 11.7404%;\" width=\"39\"><strong>M\u00e4ngd<\/strong><\/td>\n<\/tr>\n<tr>\n<td style=\"width: 16.2719%;\" width=\"70\">Kron\u00e4rtskocka<\/td>\n<td style=\"width: 11.7404%;\" width=\"39\">1 000 mg<\/td>\n<td style=\"width: 11.7404%;\" width=\"39\"><strong>**<\/strong><\/td>\n<\/tr>\n<\/tbody>\n<\/table>\n<p><strong>**DRI (dagligt referensintag) ej fastst\u00e4llt.<\/strong><\/p>\n<p><strong>Ingredienser:<\/strong> Artichoke extrakt 8:1 (cynara scolymus), fyllnadsmedel (mikrokristallin cellulosa), klumpf\u00f6rebyggande medel (magnesiumsalter av fettsyror).<\/p>\n<p>Rekommenderad daglig dos b\u00f6r ej \u00f6verskridas.<br \/>\nKosttillskott ers\u00e4tter inte en varierad kost.<br \/>\nProdukter f\u00f6rvaras o\u00e5tkomligt f\u00f6r sm\u00e5barn.<\/p>\n<p>&nbsp;<\/p>\n","protected":false},"excerpt":{"rendered":"<p>Kron\u00e4rtskocka \u00e4r ett kosttillskott som kan gynna en lugn mage.<\/p>\n<p><strong>60 tabletter<\/strong><\/p>\n","protected":false},"featured_media":500103787,"comment_status":"open","ping_status":"closed","template":"","meta":{"_kad_blocks_custom_css":"","_kad_blocks_head_custom_js":"","_kad_blocks_body_custom_js":"","_kad_blocks_footer_custom_js":"","_kadence_starter_templates_imported_post":false,"_kad_post_transparent":"default","_kad_post_title":"","_kad_post_layout":"default","_kad_post_sidebar_id":"","_kad_post_content_style":"default","_kad_post_vertical_padding":"default","_kad_post_feature":"","_kad_post_feature_position":"","_kad_post_header":false,"_kad_post_footer":false,"_kad_post_classname":""},"product_brand":[],"product_cat":[198,431,149,1307],"product_tag":[1086],"class_list":{"0":"post-9542","1":"product","2":"type-product","3":"status-publish","4":"has-post-thumbnail","6":"product_cat-lever-och-njurar","7":"product_cat-mage-tarm","8":"product_cat-orter","9":"product_cat-synergos","10":"product_tag-kronartskocka","12":"first","13":"instock","14":"taxable","15":"shipping-taxable","16":"purchasable","17":"product-type-simple","18":"entry","19":"content-bg","20":"loop-entry"},"taxonomy_info":{"product_cat":[{"value":198,"label":"Lever &amp; Njurar"},{"value":431,"label":"Mage &amp; Tarm"},{"value":149,"label":"\u00d6rter"},{"value":1307,"label":"Synergos"}],"product_tag":[{"value":1086,"label":"Kron\u00e4rtskocka"}]},"featured_image_src_large":["https:\/\/vitaminbutiken.com\/wp-content\/uploads\/2025\/03\/465-Artichoke-Photoroom-e1771326779412-713x700.png",713,700,true],"author_info":[],"comment_info":0,"_links":{"self":[{"href":"https:\/\/vitaminbutiken.com\/fi\/wp-json\/wp\/v2\/product\/9542","targetHints":{"allow":["GET"]}}],"collection":[{"href":"https:\/\/vitaminbutiken.com\/fi\/wp-json\/wp\/v2\/product"}],"about":[{"href":"https:\/\/vitaminbutiken.com\/fi\/wp-json\/wp\/v2\/types\/product"}],"replies":[{"embeddable":true,"href":"https:\/\/vitaminbutiken.com\/fi\/wp-json\/wp\/v2\/comments?post=9542"}],"wp:featuredmedia":[{"embeddable":true,"href":"https:\/\/vitaminbutiken.com\/fi\/wp-json\/wp\/v2\/media\/500103787"}],"wp:attachment":[{"href":"https:\/\/vitaminbutiken.com\/fi\/wp-json\/wp\/v2\/media?parent=9542"}],"wp:term":[{"taxonomy":"product_brand","embeddable":true,"href":"https:\/\/vitaminbutiken.com\/fi\/wp-json\/wp\/v2\/product_brand?post=9542"},{"taxonomy":"product_cat","embeddable":true,"href":"https:\/\/vitaminbutiken.com\/fi\/wp-json\/wp\/v2\/product_cat?post=9542"},{"taxonomy":"product_tag","embeddable":true,"href":"https:\/\/vitaminbutiken.com\/fi\/wp-json\/wp\/v2\/product_tag?post=9542"}],"curies":[{"name":"wp","href":"https:\/\/api.w.org\/{rel}","templated":true}]}}