{"id":9534,"date":"2025-03-19T16:00:00","date_gmt":"2025-03-19T14:00:00","guid":{"rendered":"https:\/\/vitaminbutiken.multi.fi\/?post_type=product&#038;p=9534"},"modified":"2026-04-09T06:35:15","modified_gmt":"2026-04-09T04:35:15","slug":"vitex-agnus-castus-munkpeppar","status":"publish","type":"product","link":"https:\/\/vitaminbutiken.com\/fi\/produkt\/vitex-agnus-castus-munkpeppar\/","title":{"rendered":"Vitex Agnus Castus, Munkpeppar"},"content":{"rendered":"<div class=\"woocommerce-tabs wc-tabs-wrapper\">\n<div id=\"tab-description\" class=\"woocommerce-Tabs-panel woocommerce-Tabs-panel--description panel entry-content wc-tab\" role=\"tabpanel\" aria-labelledby=\"tab-title-description\">\n<p><em>Agnus castus<\/em>\u00a0\u00e4r ett tillskott som h\u00e4rr\u00f6r fr\u00e5n sm\u00e5 b\u00e4r, \u00e4ven kallad munkpeppar.<\/p>\n<p>Munkpeppar anv\u00e4nds fr\u00e4mst i dag f\u00f6r att bidra till ett normalt fungerande hormonsystem hos kvinnor.<\/p>\n<p>Kysktr\u00e4det \u00e4r ett litet (6-7 m) tr\u00e4d eller buske hemma i flodbanker i s\u00f6dra Europa och Medelhavsomr\u00e5det. V\u00e4xten odlas numera i Kina. Den blommar p\u00e5 sommaren och utvecklar ljuslila blommor och palmformadeblad. De m\u00f6rkbruna till svarta frukter motsvarar storleken p\u00e5 pepparkorn. Dessa frukter har ett pepparlikt arom och smak och samlas i h\u00f6sten.<\/p>\n<p>&nbsp;<\/p>\n<\/div>\n<\/div>\n<div class=\"nutrition-declaration\">\n<p><strong>Dosering:<\/strong> 1 kapsel per dag i samband med m\u00e5ltid<\/p>\n<table style=\"height: 80px;\" border=\"1\" width=\"600\" cellspacing=\"0\" cellpadding=\"0\">\n<tbody>\n<tr>\n<td style=\"width: 10.0296%;\" width=\"83\"><strong>1 kapsel inneh\u00e5ller:<\/strong><\/td>\n<td style=\"width: 23.647%;\" width=\"53\"><strong>M\u00e4ngd<\/strong><\/td>\n<td style=\"width: 23.647%;\" width=\"53\"><b>%DRI*<\/b><\/td>\n<\/tr>\n<tr>\n<td style=\"width: 10.0296%;\" width=\"83\">Vitex Agnus Castus (som 200 mg av ett 5:1 extrakt)<\/td>\n<td style=\"width: 23.647%;\" width=\"53\">*1000 mg<\/td>\n<td style=\"width: 23.647%;\" width=\"53\"><strong>**<\/strong><\/td>\n<\/tr>\n<\/tbody>\n<\/table>\n<p><strong><em>*DRI (dagligt referensintag) ej fastst\u00e4llt.\u00a0<\/em><\/strong><\/p>\n<p><strong>Ingredienser<\/strong>: Munkpepparextrakt 5:1 (<em>vite<\/em><em>x agnus castus<\/em>), fyllnadsmedel (mikrokristallinsk cellulosa), kapsel (hydroxipropylmetylcellulosa).<\/p>\n<p>Rekommenderad dos b\u00f6r ej \u00f6verskridas.<br \/>\nKosttillskott ers\u00e4tter inte en varierad kost.<br \/>\nProdukten f\u00f6rvaras o\u00e5tkomligt f\u00f6r sm\u00e5 barn.<br \/>\nRekommenderas inte till gravida och ammande.<\/p>\n<\/div>\n","protected":false},"excerpt":{"rendered":"<p>Munkpeppar, \u00e4ven k\u00e4nt som Vitex Agnus Castus, \u00e4r en \u00f6rt som kan ge en positiv effekt f\u00f6r vissa personer. Genom att anv\u00e4nda Munkpeppar kan personer uppleva lindring av vissa menstruationsrelaterade besv\u00e4r. Detta naturliga tillskott kan vara ett alternativ f\u00f6r de som s\u00f6ker en holistisk approach f\u00f6r att hantera dessa utmaningar.<\/p>\n<p><em>Agnus castus<\/em>\u00a0\u00e4r ett tillskott som h\u00e4rr\u00f6r fr\u00e5n sm\u00e5 b\u00e4r, \u00e4ven kallad munkpeppar.<\/p>\n<p>Munkpeppar anv\u00e4nds fr\u00e4mst i dag f\u00f6r att bidra till ett normalt fungerande hormonsystem hos kvinnor.<\/p>\n<p><strong>60 kapslar<\/strong><\/p>\n","protected":false},"featured_media":500103872,"comment_status":"open","ping_status":"closed","template":"","meta":{"_kad_blocks_custom_css":"","_kad_blocks_head_custom_js":"","_kad_blocks_body_custom_js":"","_kad_blocks_footer_custom_js":"","_kadence_starter_templates_imported_post":false,"_kad_post_transparent":"default","_kad_post_title":"","_kad_post_layout":"default","_kad_post_sidebar_id":"","_kad_post_content_style":"default","_kad_post_vertical_padding":"default","_kad_post_feature":"","_kad_post_feature_position":"","_kad_post_header":false,"_kad_post_footer":false,"_kad_post_classname":""},"product_brand":[],"product_cat":[149,843,146],"product_tag":[1046,1047,1048,1049,1050,1051,1052,1053,1054,1055,1056,1057,1058,1059,1060,1061,1062,1063,1064,1065],"class_list":{"0":"post-9534","1":"product","2":"type-product","3":"status-publish","4":"has-post-thumbnail","6":"product_cat-orter","7":"product_cat-reviva-nutrition","8":"product_cat-stressad-och-trott","9":"product_tag-basta-munkpeppartillskottet","10":"product_tag-hur-fungerar-munkpeppar","11":"product_tag-kop-vitex-agnus-castus-online","12":"product_tag-munkpeppar-kosttillskott","13":"product_tag-munkpeppar-mot-mensvark","14":"product_tag-munkpeppar-och-fertilitetsbehandling","15":"product_tag-munkpeppar-och-klimakteriet","16":"product_tag-munkpeppar-och-oregelbunden-mens","17":"product_tag-munkpeppar-och-progesteron","18":"product_tag-munkpeppar-och-prolaktin","19":"product_tag-munkpeppar-pms","20":"product_tag-naturligt-hormonreglerande-tillskott","21":"product_tag-vitex-agnus-castus-biverkningar","22":"product_tag-vitex-agnus-castus-dosering","23":"product_tag-vitex-agnus-castus-fordelar","24":"product_tag-vitex-agnus-castus-hormonbalans","25":"product_tag-vitex-agnus-castus-mot-brostsmarta","26":"product_tag-vitex-agnus-castus-mot-humorsvangningar","27":"product_tag-vitex-agnus-castus-och-akne","28":"product_tag-vitex-agnus-castus-och-fertilitet","30":"first","31":"instock","32":"taxable","33":"shipping-taxable","34":"purchasable","35":"product-type-simple","36":"entry","37":"content-bg","38":"loop-entry"},"taxonomy_info":{"product_cat":[{"value":149,"label":"\u00d6rter"},{"value":843,"label":"Reviva Nutrition"},{"value":146,"label":"Stressad &amp; Tr\u00f6tt"}],"product_tag":[{"value":1046,"label":"B\u00e4sta munkpeppartillskottet"},{"value":1047,"label":"Hur fungerar munkpeppar?"},{"value":1048,"label":"K\u00f6p Vitex agnus-castus online"},{"value":1049,"label":"Munkpeppar kosttillskott"},{"value":1050,"label":"Munkpeppar mot mensv\u00e4rk"},{"value":1051,"label":"Munkpeppar och fertilitetsbehandling"},{"value":1052,"label":"Munkpeppar och klimakteriet"},{"value":1053,"label":"Munkpeppar och oregelbunden mens"},{"value":1054,"label":"Munkpeppar och progesteron"},{"value":1055,"label":"Munkpeppar och prolaktin"},{"value":1056,"label":"Munkpeppar PMS"},{"value":1057,"label":"Naturligt hormonreglerande tillskott"},{"value":1058,"label":"Vitex agnus-castus biverkningar"},{"value":1059,"label":"Vitex agnus-castus dosering"},{"value":1060,"label":"Vitex agnus-castus f\u00f6rdelar"},{"value":1061,"label":"Vitex agnus-castus hormonbalans"},{"value":1062,"label":"Vitex agnus-castus mot br\u00f6stsm\u00e4rta"},{"value":1063,"label":"Vitex agnus-castus mot hum\u00f6rsv\u00e4ngningar"},{"value":1064,"label":"Vitex agnus-castus och akne"},{"value":1065,"label":"Vitex agnus-castus och fertilitet"}]},"featured_image_src_large":["https:\/\/vitaminbutiken.com\/wp-content\/uploads\/2025\/03\/REV002-Vitex-agnus-castus-Photoroom-e1771585222870-737x700.png",737,700,true],"author_info":[],"comment_info":0,"_links":{"self":[{"href":"https:\/\/vitaminbutiken.com\/fi\/wp-json\/wp\/v2\/product\/9534","targetHints":{"allow":["GET"]}}],"collection":[{"href":"https:\/\/vitaminbutiken.com\/fi\/wp-json\/wp\/v2\/product"}],"about":[{"href":"https:\/\/vitaminbutiken.com\/fi\/wp-json\/wp\/v2\/types\/product"}],"replies":[{"embeddable":true,"href":"https:\/\/vitaminbutiken.com\/fi\/wp-json\/wp\/v2\/comments?post=9534"}],"wp:featuredmedia":[{"embeddable":true,"href":"https:\/\/vitaminbutiken.com\/fi\/wp-json\/wp\/v2\/media\/500103872"}],"wp:attachment":[{"href":"https:\/\/vitaminbutiken.com\/fi\/wp-json\/wp\/v2\/media?parent=9534"}],"wp:term":[{"taxonomy":"product_brand","embeddable":true,"href":"https:\/\/vitaminbutiken.com\/fi\/wp-json\/wp\/v2\/product_brand?post=9534"},{"taxonomy":"product_cat","embeddable":true,"href":"https:\/\/vitaminbutiken.com\/fi\/wp-json\/wp\/v2\/product_cat?post=9534"},{"taxonomy":"product_tag","embeddable":true,"href":"https:\/\/vitaminbutiken.com\/fi\/wp-json\/wp\/v2\/product_tag?post=9534"}],"curies":[{"name":"wp","href":"https:\/\/api.w.org\/{rel}","templated":true}]}}