{"id":9532,"date":"2025-03-19T15:59:59","date_gmt":"2025-03-19T13:59:59","guid":{"rendered":"https:\/\/vitaminbutiken.multi.fi\/?post_type=product&#038;p=9532"},"modified":"2026-04-08T10:06:20","modified_gmt":"2026-04-08T08:06:20","slug":"l-teanin","status":"publish","type":"product","link":"https:\/\/vitaminbutiken.com\/fi\/produkt\/l-teanin\/","title":{"rendered":"L-Teanin"},"content":{"rendered":"<p><strong>L-Teanin<\/strong><\/p>\n<p><strong>Den prim\u00e4ra effekten av teanin \u00e4r kopplad till att den \u00f6kar den totala niv\u00e5n av neurotransmittorn GABA i hj\u00e4rnan.<\/strong><\/p>\n<p data-start=\"323\" data-end=\"668\">L-teanin \u00e4r en naturligt f\u00f6rekommande aminosyra som fr\u00e4mst \u00e5terfinns i teblad, s\u00e4rskilt i gr\u00f6nt te. Till skillnad fr\u00e5n m\u00e5nga andra aminosyror anv\u00e4nds L-teanin inte som byggsten i protein, utan har en annan roll i kosten. Den har d\u00e4rf\u00f6r f\u00e5tt en egen plats inom omr\u00e5det kosttillskott och n\u00e4ringsrelaterade produkter.<\/p>\n<p data-start=\"670\" data-end=\"922\">Som kosttillskott anv\u00e4nds L-teanin f\u00f6r att komplettera det dagliga n\u00e4ringsintaget p\u00e5 ett kontrollerat och praktiskt s\u00e4tt. Kapslar ger en tydlig dosering och g\u00f6r det enkelt att anv\u00e4nda produkten som en del av den dagliga rutinen, oberoende av kostvanor.<\/p>\n<p data-start=\"924\" data-end=\"1150\">Denna L-teaninprodukt \u00e4r framtagen med fokus p\u00e5 kvalitet och renhet. Inneh\u00e5llet \u00e4r noggrant kontrollerat och fritt fr\u00e5n on\u00f6diga tillsatser, vilket g\u00f6r produkten l\u00e4tt att anv\u00e4nda och enkel att kombinera med andra kosttillskott.<\/p>\n<p><strong>Dosering:\u00a0<\/strong>1 kapsel 2 g\u00e5nger per dag.<\/p>\n<table style=\"height: 80px;\" border=\"1\" width=\"600\" cellspacing=\"0\" cellpadding=\"0\">\n<tbody>\n<tr>\n<td style=\"width: 9.08393%;\"><strong>2 kapslar inneh\u00e5ller:<\/strong><\/td>\n<td style=\"width: 2.66667%;\"><strong>M\u00e4ngd<\/strong><\/td>\n<td style=\"width: 2.66667%;\"><b>%DRI*<\/b><\/td>\n<\/tr>\n<tr>\n<td style=\"width: 9.08393%;\" width=\"104\">L-Teanin<\/td>\n<td style=\"width: 2.66667%;\" width=\"47\">400 mg<\/td>\n<td style=\"width: 2.66667%;\"><strong>**<\/strong><\/td>\n<\/tr>\n<\/tbody>\n<\/table>\n<p><strong>**DRI (dagligt referensintag) ej fastst\u00e4llt.\u00a0<\/strong><\/p>\n<p><strong>Ingredienser: <\/strong>L-Teanin (Camellia sinensis extrakt 40 %), kapsel (hydroxipropylmetylcellulosa).<\/p>\n<p>Rekommenderad daglig dos b\u00f6r ej \u00f6verskridas.<br \/>\nKosttillskott ers\u00e4tter inte en varierad kost.<br \/>\nProdukten f\u00f6rvaras o\u00e5tkomligt f\u00f6r sm\u00e5 barn.<\/p>\n","protected":false},"excerpt":{"rendered":"<p>L-teanin \u00e4r en unik aminosyra som finns i gr\u00f6nt te och som stimulerar produktionen av alfav\u00e5gor i hj\u00e4rnan. Teanin modifierar ocks\u00e5 nyckelneurotransmittorer kopplade till hum\u00f6r, uppm\u00e4rksamhet och minne.<\/p>\n<p><strong>60 kapslar<\/strong><\/p>\n","protected":false},"featured_media":9613,"comment_status":"open","ping_status":"closed","template":"","meta":{"_kad_blocks_custom_css":"","_kad_blocks_head_custom_js":"","_kad_blocks_body_custom_js":"","_kad_blocks_footer_custom_js":"","_kadence_starter_templates_imported_post":false,"_kad_post_transparent":"default","_kad_post_title":"","_kad_post_layout":"default","_kad_post_sidebar_id":"","_kad_post_content_style":"default","_kad_post_vertical_padding":"default","_kad_post_feature":"","_kad_post_feature_position":"","_kad_post_header":false,"_kad_post_footer":false,"_kad_post_classname":""},"product_brand":[],"product_cat":[337,1293,329,146],"product_tag":[627],"class_list":{"0":"post-9532","1":"product","2":"type-product","3":"status-publish","4":"has-post-thumbnail","6":"product_cat-aminosyror","7":"product_cat-evp-nutrition","8":"product_cat-hjarna-och-minne","9":"product_cat-stressad-och-trott","10":"product_tag-l-teanin","12":"first","13":"instock","14":"taxable","15":"shipping-taxable","16":"purchasable","17":"product-type-simple","18":"entry","19":"content-bg","20":"loop-entry"},"taxonomy_info":{"product_cat":[{"value":337,"label":"Aminosyror"},{"value":1293,"label":"EVP Nutrition"},{"value":329,"label":"Hj\u00e4rna &amp; Minne"},{"value":146,"label":"Stressad &amp; Tr\u00f6tt"}],"product_tag":[{"value":627,"label":"l teanin"}]},"featured_image_src_large":["https:\/\/vitaminbutiken.com\/wp-content\/uploads\/2025\/03\/New1-35-1440x700.png",1440,700,true],"author_info":[],"comment_info":0,"_links":{"self":[{"href":"https:\/\/vitaminbutiken.com\/fi\/wp-json\/wp\/v2\/product\/9532","targetHints":{"allow":["GET"]}}],"collection":[{"href":"https:\/\/vitaminbutiken.com\/fi\/wp-json\/wp\/v2\/product"}],"about":[{"href":"https:\/\/vitaminbutiken.com\/fi\/wp-json\/wp\/v2\/types\/product"}],"replies":[{"embeddable":true,"href":"https:\/\/vitaminbutiken.com\/fi\/wp-json\/wp\/v2\/comments?post=9532"}],"wp:featuredmedia":[{"embeddable":true,"href":"https:\/\/vitaminbutiken.com\/fi\/wp-json\/wp\/v2\/media\/9613"}],"wp:attachment":[{"href":"https:\/\/vitaminbutiken.com\/fi\/wp-json\/wp\/v2\/media?parent=9532"}],"wp:term":[{"taxonomy":"product_brand","embeddable":true,"href":"https:\/\/vitaminbutiken.com\/fi\/wp-json\/wp\/v2\/product_brand?post=9532"},{"taxonomy":"product_cat","embeddable":true,"href":"https:\/\/vitaminbutiken.com\/fi\/wp-json\/wp\/v2\/product_cat?post=9532"},{"taxonomy":"product_tag","embeddable":true,"href":"https:\/\/vitaminbutiken.com\/fi\/wp-json\/wp\/v2\/product_tag?post=9532"}],"curies":[{"name":"wp","href":"https:\/\/api.w.org\/{rel}","templated":true}]}}