{"id":9512,"date":"2025-03-19T15:59:07","date_gmt":"2025-03-19T13:59:07","guid":{"rendered":"https:\/\/vitaminbutiken.multi.fi\/?post_type=product&#038;p=9512"},"modified":"2026-04-02T09:34:24","modified_gmt":"2026-04-02T07:34:24","slug":"harpago-djavulsklo","status":"publish","type":"product","link":"https:\/\/vitaminbutiken.com\/fi\/produkt\/harpago-djavulsklo\/","title":{"rendered":"Harpago &#8211; Dj\u00e4vulsklo"},"content":{"rendered":"<div class=\"woocommerce-tabs wc-tabs-wrapper\">\n<div id=\"tab-description\" class=\"woocommerce-Tabs-panel woocommerce-Tabs-panel--description panel entry-content wc-tab\" role=\"tabpanel\" aria-labelledby=\"tab-title-description\">\n<p>Harpagophytum procumbens, \u00e4ven kallad dj\u00e4vulsklo, \u00e4r en sl\u00e4kt av v\u00e4xter i sesamfamiljen.<\/p>\n<p>V\u00e4xter anv\u00e4nds f\u00f6r att uppr\u00e4tth\u00e5lla v\u00e4lbefinnande.<\/p>\n<\/div>\n<\/div>\n<div class=\"nutrition-declaration\">\n<p>&nbsp;<\/p>\n<p><strong>Dosering:<\/strong> 1 kapsel 2 ggr\/dag<\/p>\n<table style=\"height: 80px;\" border=\"1\" width=\"600\" cellspacing=\"0\" cellpadding=\"0\">\n<tbody>\n<tr>\n<td style=\"width: 10.993%;\"><strong>2 kapslar inneh\u00e5ller:<\/strong><\/td>\n<td style=\"width: 10.1907%;\"><strong>M\u00e4ngd<\/strong><\/td>\n<td style=\"width: 10.1907%;\"><strong>*DRI%<\/strong><\/td>\n<\/tr>\n<tr>\n<td style=\"width: 10.993%;\">Harpagoextrakt<\/td>\n<td style=\"width: 10.1907%;\">*1000 mg<\/td>\n<td style=\"width: 10.1907%;\">**<\/td>\n<\/tr>\n<\/tbody>\n<\/table>\n<p><strong>*DRI (dagligt referensintag) ej fastst\u00e4llt.<\/strong><\/p>\n<p><strong>Ingredienser:<\/strong> Dj\u00e4vulsklo extrakt 2,5 % (Harpagophytum procumbens), kapsel (hydroxipropylmetylcellulosa).<\/p>\n<p>Rekommenderad dos b\u00f6r ej \u00f6verskridas.<br \/>\nKosttillskott ers\u00e4tter inte en varierad kost.<br \/>\nProdukten f\u00f6rvaras o\u00e5tkomligt f\u00f6r sm\u00e5 barn.<\/p>\n<\/div>\n","protected":false},"excerpt":{"rendered":"<p>Dj\u00e4vulsklo, \u00e4ven k\u00e4nt som Harpago, \u00e4r en \u00f6rt som personer som letar efter naturliga l\u00f6sningar kan \u00f6verv\u00e4ga att anv\u00e4nda. Denna \u00f6rt har en l\u00e5ng historia av traditionellt bruk och personer som anv\u00e4nder den kan uppleva dess potentiella f\u00f6rdelar. Harpago kan vara ett alternativ f\u00f6r personer som letar efter en naturlig v\u00e4xtbaserad produkt. Harpagophytum procumbens, \u00e4ven kallad<strong> dj\u00e4vulsklo<\/strong>, \u00e4r en sl\u00e4kt av v\u00e4xter i sesamfamiljen.<\/p>\n<p><strong>60 kapslar<\/strong><\/p>\n","protected":false},"featured_media":500103891,"comment_status":"open","ping_status":"closed","template":"","meta":{"_kad_blocks_custom_css":"","_kad_blocks_head_custom_js":"","_kad_blocks_body_custom_js":"","_kad_blocks_footer_custom_js":"","_kadence_starter_templates_imported_post":false,"_kad_post_transparent":"default","_kad_post_title":"","_kad_post_layout":"default","_kad_post_sidebar_id":"","_kad_post_content_style":"default","_kad_post_vertical_padding":"default","_kad_post_feature":"","_kad_post_feature_position":"","_kad_post_header":false,"_kad_post_footer":false,"_kad_post_classname":""},"product_brand":[],"product_cat":[277,149,843],"product_tag":[1002,1003,1004,1005,1006,1007,1008,1009,1010,1011,1012,1013,1014,1015,1016,1017,1018,1019,1020,1021],"class_list":{"0":"post-9512","1":"product","2":"type-product","3":"status-publish","4":"has-post-thumbnail","6":"product_cat-muskler-och-leder","7":"product_cat-orter","8":"product_cat-reviva-nutrition","9":"product_tag-basta-djavulsklotillskottet","10":"product_tag-djavulsklo-antiinflammatorisk","11":"product_tag-djavulsklo-biverkningar","12":"product_tag-djavulsklo-for-halsan","13":"product_tag-djavulsklo-for-inflammation","14":"product_tag-djavulsklo-for-muskelsmartor","15":"product_tag-djavulsklo-fordelar","16":"product_tag-djavulsklo-kapslar","17":"product_tag-djavulsklo-kosttillskott","18":"product_tag-djavulsklo-ledvark","19":"product_tag-djavulsklo-mot-smarta","20":"product_tag-djavulsklo-naturlakemedel","21":"product_tag-djavulsklo-naturlig-smartlindring","22":"product_tag-djavulsklo-och-artros","23":"product_tag-djavulsklo-och-reumatism","24":"product_tag-djavulsklo-och-ryggsmarta","25":"product_tag-harpago-extrakt","26":"product_tag-harpago-smartlindring","27":"product_tag-hur-fungerar-djavulsklo","28":"product_tag-kop-djavulsklo-online","30":"first","31":"instock","32":"taxable","33":"shipping-taxable","34":"purchasable","35":"product-type-simple","36":"entry","37":"content-bg","38":"loop-entry"},"taxonomy_info":{"product_cat":[{"value":277,"label":"Muskler &amp; Leder"},{"value":149,"label":"\u00d6rter"},{"value":843,"label":"Reviva Nutrition"}],"product_tag":[{"value":1002,"label":"B\u00e4sta dj\u00e4vulsklotillskottet"},{"value":1003,"label":"Dj\u00e4vulsklo antiinflammatorisk"},{"value":1004,"label":"Dj\u00e4vulsklo biverkningar"},{"value":1005,"label":"Dj\u00e4vulsklo f\u00f6r h\u00e4lsan"},{"value":1006,"label":"Dj\u00e4vulsklo f\u00f6r inflammation"},{"value":1007,"label":"Dj\u00e4vulsklo f\u00f6r muskelsm\u00e4rtor"},{"value":1008,"label":"Dj\u00e4vulsklo f\u00f6rdelar"},{"value":1009,"label":"Dj\u00e4vulsklo kapslar"},{"value":1010,"label":"Dj\u00e4vulsklo kosttillskott"},{"value":1011,"label":"Dj\u00e4vulsklo ledv\u00e4rk"},{"value":1012,"label":"Dj\u00e4vulsklo mot sm\u00e4rta"},{"value":1013,"label":"Dj\u00e4vulsklo naturl\u00e4kemedel"},{"value":1014,"label":"Dj\u00e4vulsklo naturlig sm\u00e4rtlindring"},{"value":1015,"label":"Dj\u00e4vulsklo och artros"},{"value":1016,"label":"Dj\u00e4vulsklo och reumatism"},{"value":1017,"label":"Dj\u00e4vulsklo och ryggsm\u00e4rta"},{"value":1018,"label":"Harpago extrakt"},{"value":1019,"label":"Harpago sm\u00e4rtlindring"},{"value":1020,"label":"Hur fungerar dj\u00e4vulsklo?"},{"value":1021,"label":"K\u00f6p dj\u00e4vulsklo online"}]},"featured_image_src_large":["https:\/\/vitaminbutiken.com\/wp-content\/uploads\/2025\/03\/REV063-Harpago-Photoroom-e1771586116283-797x700.png",797,700,true],"author_info":[],"comment_info":0,"_links":{"self":[{"href":"https:\/\/vitaminbutiken.com\/fi\/wp-json\/wp\/v2\/product\/9512","targetHints":{"allow":["GET"]}}],"collection":[{"href":"https:\/\/vitaminbutiken.com\/fi\/wp-json\/wp\/v2\/product"}],"about":[{"href":"https:\/\/vitaminbutiken.com\/fi\/wp-json\/wp\/v2\/types\/product"}],"replies":[{"embeddable":true,"href":"https:\/\/vitaminbutiken.com\/fi\/wp-json\/wp\/v2\/comments?post=9512"}],"wp:featuredmedia":[{"embeddable":true,"href":"https:\/\/vitaminbutiken.com\/fi\/wp-json\/wp\/v2\/media\/500103891"}],"wp:attachment":[{"href":"https:\/\/vitaminbutiken.com\/fi\/wp-json\/wp\/v2\/media?parent=9512"}],"wp:term":[{"taxonomy":"product_brand","embeddable":true,"href":"https:\/\/vitaminbutiken.com\/fi\/wp-json\/wp\/v2\/product_brand?post=9512"},{"taxonomy":"product_cat","embeddable":true,"href":"https:\/\/vitaminbutiken.com\/fi\/wp-json\/wp\/v2\/product_cat?post=9512"},{"taxonomy":"product_tag","embeddable":true,"href":"https:\/\/vitaminbutiken.com\/fi\/wp-json\/wp\/v2\/product_tag?post=9512"}],"curies":[{"name":"wp","href":"https:\/\/api.w.org\/{rel}","templated":true}]}}