{"id":9511,"date":"2025-03-19T15:59:03","date_gmt":"2025-03-19T13:59:03","guid":{"rendered":"https:\/\/vitaminbutiken.multi.fi\/?post_type=product&#038;p=9511"},"modified":"2026-04-06T14:05:09","modified_gmt":"2026-04-06T12:05:09","slug":"goya-bitter-melon","status":"publish","type":"product","link":"https:\/\/vitaminbutiken.com\/fi\/produkt\/goya-bitter-melon\/","title":{"rendered":"Goya, Bitter Melon"},"content":{"rendered":"<p><strong>Goya &#8211; Bitter Melon<\/strong><\/p>\n<p>Bittermelon v\u00e4xer I tropiska omr\u00e5den s\u00e5som i Amazonas, \u00f6stra Afrika och Karibiska \u00f6arna.<\/p>\n<p>Varje kapsel inneh\u00e5ller 500 mg extrakt av Goya (Bitter Melon).<\/p>\n<p><strong>Dosering:\u00a0<\/strong>2 kapslar per dag.<\/p>\n<table style=\"height: 80px;\" border=\"1\" width=\"600\" cellspacing=\"0\" cellpadding=\"0\">\n<tbody>\n<tr>\n<td style=\"width: 10.6323%;\"><strong>2 kapslar inneh\u00e5ller<\/strong><\/td>\n<td style=\"width: 9.72758%;\"><strong>M\u00e4ngd<\/strong><\/td>\n<td style=\"width: 9.72758%;\"><strong>*DRI%\u00a0<\/strong><\/td>\n<\/tr>\n<tr>\n<td style=\"width: 10.6323%;\">Goyaextrakt<\/td>\n<td style=\"width: 9.72758%;\">1 000 mg<\/td>\n<td style=\"width: 9.72758%;\">**<\/td>\n<\/tr>\n<\/tbody>\n<\/table>\n<p><strong>**DRI (dagligt referensintag) ej fastst\u00e4llt.\u00a0<\/strong><\/p>\n<p><strong>Ingredienser:<\/strong> Bitter melon (momordica charantia), fyllnadsmedel (mikrokristallin cellulosa), kapsel (hydroxypropylmetylcellulosa).<\/p>\n<p>Rekommenderad daglig dos b\u00f6r ej \u00f6verskridas.<br \/>\nKosttillskott ers\u00e4tter inte en varierad kost.<br \/>\nProdukten f\u00f6rvaras o\u00e5tkomligt f\u00f6r sm\u00e5 barn.<\/p>\n","protected":false},"excerpt":{"rendered":"<p>1 kapsel av Goya, Bitter Melon ger 500 mg extrakt.<\/p>\n<p><strong>60 kapslar<\/strong><\/p>\n","protected":false},"featured_media":9595,"comment_status":"open","ping_status":"closed","template":"","meta":{"_kad_blocks_custom_css":"","_kad_blocks_head_custom_js":"","_kad_blocks_body_custom_js":"","_kad_blocks_footer_custom_js":"","_kadence_starter_templates_imported_post":false,"_kad_post_transparent":"default","_kad_post_title":"","_kad_post_layout":"default","_kad_post_sidebar_id":"","_kad_post_content_style":"default","_kad_post_vertical_padding":"default","_kad_post_feature":"","_kad_post_feature_position":"","_kad_post_header":false,"_kad_post_footer":false,"_kad_post_classname":""},"product_brand":[],"product_cat":[1293,431,149],"product_tag":[788,943,975,976,977,978,979,980,719,981,982,681,983,182,984,985,925,986,987,988,989,990,991,992,993,994,956,995,957,996,963,997,998,999,1000,1001],"class_list":{"0":"post-9511","1":"product","2":"type-product","3":"status-publish","4":"has-post-thumbnail","6":"product_cat-evp-nutrition","7":"product_cat-mage-tarm","8":"product_cat-orter","9":"product_tag-antiinflammatorisk","10":"product_tag-avgiftande","11":"product_tag-bakteriedodande","12":"product_tag-balansera-blodsockerhalten","13":"product_tag-bitter-gourd","14":"product_tag-bitter-melon","15":"product_tag-bittermelon","16":"product_tag-bitterort","17":"product_tag-blodrenande","18":"product_tag-blodsockerbalanserande","19":"product_tag-blodtryckssankande","20":"product_tag-diabetes","21":"product_tag-diabetes-mellitus","22":"product_tag-diabetes-typ-2","23":"product_tag-effektivt-glukosupptag","24":"product_tag-forbattra-amnesomsattning","25":"product_tag-fria-radikaler","26":"product_tag-goya","27":"product_tag-hiv-infektion","28":"product_tag-hormonbalanserande","29":"product_tag-immunsystemsstarkande","30":"product_tag-immunsystemsstarkare","31":"product_tag-inflammationshammande","32":"product_tag-insulinliknande-protein","33":"product_tag-karela","34":"product_tag-kolesterolsankande","35":"product_tag-lakeort","36":"product_tag-malaria","37":"product_tag-medicinalvaxt","38":"product_tag-okar-libido","39":"product_tag-ort","40":"product_tag-sanker-blodsockerhalten","41":"product_tag-stimulerar-matsmaltning","42":"product_tag-vaxtinsulin","43":"product_tag-virusdodande","44":"product_tag-virusinfektioner","46":"first","47":"instock","48":"taxable","49":"shipping-taxable","50":"purchasable","51":"product-type-simple","52":"entry","53":"content-bg","54":"loop-entry"},"taxonomy_info":{"product_cat":[{"value":1293,"label":"EVP Nutrition"},{"value":431,"label":"Mage &amp; Tarm"},{"value":149,"label":"\u00d6rter"}],"product_tag":[{"value":788,"label":"antiinflammatorisk"},{"value":943,"label":"avgiftande"},{"value":975,"label":"bakteried\u00f6dande"},{"value":976,"label":"balansera blodsockerhalten"},{"value":977,"label":"Bitter gourd"},{"value":978,"label":"Bitter melon"},{"value":979,"label":"bittermelon"},{"value":980,"label":"bitter\u00f6rt"},{"value":719,"label":"blodrenande"},{"value":981,"label":"blodsockerbalanserande"},{"value":982,"label":"blodtryckss\u00e4nkande"},{"value":681,"label":"diabetes"},{"value":983,"label":"diabetes mellitus"},{"value":182,"label":"diabetes typ 2"},{"value":984,"label":"effektivt glukosupptag"},{"value":985,"label":"f\u00f6rb\u00e4ttra \u00e4mnesoms\u00e4ttning"},{"value":925,"label":"fria radikaler"},{"value":986,"label":"Goya"},{"value":987,"label":"HIV-infektion"},{"value":988,"label":"hormonbalanserande"},{"value":989,"label":"immunsystemsst\u00e4rkande"},{"value":990,"label":"immunsystemsst\u00e4rkare"},{"value":991,"label":"inflammationsh\u00e4mmande"},{"value":992,"label":"insulinliknande protein"},{"value":993,"label":"Karela"},{"value":994,"label":"kolesterols\u00e4nkande"},{"value":956,"label":"l\u00e4ke\u00f6rt"},{"value":995,"label":"malaria"},{"value":957,"label":"medicinalv\u00e4xt"},{"value":996,"label":"\u00f6kar libido"},{"value":963,"label":"\u00f6rt"},{"value":997,"label":"s\u00e4nker blodsockerhalten"},{"value":998,"label":"stimulerar matsm\u00e4ltning"},{"value":999,"label":"v\u00e4xtinsulin"},{"value":1000,"label":"virusd\u00f6dande"},{"value":1001,"label":"virusinfektioner"}]},"featured_image_src_large":["https:\/\/vitaminbutiken.com\/wp-content\/uploads\/2025\/03\/New1-1-30-1440x700.png",1440,700,true],"author_info":[],"comment_info":0,"_links":{"self":[{"href":"https:\/\/vitaminbutiken.com\/fi\/wp-json\/wp\/v2\/product\/9511","targetHints":{"allow":["GET"]}}],"collection":[{"href":"https:\/\/vitaminbutiken.com\/fi\/wp-json\/wp\/v2\/product"}],"about":[{"href":"https:\/\/vitaminbutiken.com\/fi\/wp-json\/wp\/v2\/types\/product"}],"replies":[{"embeddable":true,"href":"https:\/\/vitaminbutiken.com\/fi\/wp-json\/wp\/v2\/comments?post=9511"}],"wp:featuredmedia":[{"embeddable":true,"href":"https:\/\/vitaminbutiken.com\/fi\/wp-json\/wp\/v2\/media\/9595"}],"wp:attachment":[{"href":"https:\/\/vitaminbutiken.com\/fi\/wp-json\/wp\/v2\/media?parent=9511"}],"wp:term":[{"taxonomy":"product_brand","embeddable":true,"href":"https:\/\/vitaminbutiken.com\/fi\/wp-json\/wp\/v2\/product_brand?post=9511"},{"taxonomy":"product_cat","embeddable":true,"href":"https:\/\/vitaminbutiken.com\/fi\/wp-json\/wp\/v2\/product_cat?post=9511"},{"taxonomy":"product_tag","embeddable":true,"href":"https:\/\/vitaminbutiken.com\/fi\/wp-json\/wp\/v2\/product_tag?post=9511"}],"curies":[{"name":"wp","href":"https:\/\/api.w.org\/{rel}","templated":true}]}}