{"id":9509,"date":"2025-03-19T15:59:02","date_gmt":"2025-03-19T13:59:02","guid":{"rendered":"https:\/\/vitaminbutiken.multi.fi\/?post_type=product&#038;p=9509"},"modified":"2026-03-31T08:48:17","modified_gmt":"2026-03-31T06:48:17","slug":"gotu-kola","status":"publish","type":"product","link":"https:\/\/vitaminbutiken.com\/fi\/produkt\/gotu-kola\/","title":{"rendered":"Gotu Kola, 60 kap"},"content":{"rendered":"<p><strong>Gotu Kola<\/strong><\/p>\n<p>Sallatsspikblad, Centella Asiatica.<\/p>\n<p>Gotu kola \u00e4r en v\u00e4lk\u00e4nd och v\u00e4lanv\u00e4nd \u00f6rt i Kina och Indien.<\/p>\n<p><strong>Dosering: <\/strong>2 kapslar per dag.<\/p>\n<table style=\"height: 80px;\" border=\"1\" width=\"600\" cellspacing=\"0\" cellpadding=\"0\">\n<tbody>\n<tr>\n<td style=\"width: 21.5315%;\"><strong>2 kapslar inneh\u00e5ller<\/strong><\/td>\n<td style=\"width: 1.34048%;\"><strong>M\u00e4ngd<\/strong><\/td>\n<td style=\"width: 1.34048%;\"><strong>*DRI%<\/strong><\/td>\n<\/tr>\n<tr>\n<td style=\"width: 21.5315%;\">Gotu Kola, 10 % asiaticosider<\/td>\n<td style=\"width: 1.34048%;\">1 000 mg<\/td>\n<td style=\"width: 1.34048%;\">**<\/td>\n<\/tr>\n<\/tbody>\n<\/table>\n<p><strong>**DRI (dagligt referensintag) ej fastst\u00e4llt.<\/strong><\/p>\n<p><strong>Ingredienser:<\/strong> Gotu kola (extrakt standardiserat till 10 %, centella asiatica), kapsel (hydroxipropylmetylcellulosa).<\/p>\n<p>Rekommenderad daglig dos b\u00f6r ej \u00f6verskridas.<br \/>\nKosttillskott ers\u00e4tter inte en varierad kost.<br \/>\nProdukten f\u00f6rvaras o\u00e5tkomligt f\u00f6r sm\u00e5 barn.<\/p>\n","protected":false},"excerpt":{"rendered":"<p>Gotu Kola \u00e4r en \u00f6rt som personer som s\u00f6ker \u00f6kad mental klarhet och fokus kan uppskatta. Genom att anv\u00e4nda Gotu Kola kan individer uppleva en f\u00f6rb\u00e4ttring av sin kognitiva funktion.<\/p>\n<p><strong>60 kapslar<\/strong><\/p>\n","protected":false},"featured_media":500103834,"comment_status":"open","ping_status":"closed","template":"","meta":{"_kad_blocks_custom_css":"","_kad_blocks_head_custom_js":"","_kad_blocks_body_custom_js":"","_kad_blocks_footer_custom_js":"","_kadence_starter_templates_imported_post":false,"_kad_post_transparent":"default","_kad_post_title":"","_kad_post_layout":"default","_kad_post_sidebar_id":"","_kad_post_content_style":"default","_kad_post_vertical_padding":"default","_kad_post_feature":"","_kad_post_feature_position":"","_kad_post_header":false,"_kad_post_footer":false,"_kad_post_classname":""},"product_brand":[],"product_cat":[149,1307],"product_tag":[716,941,204,942,943,944,945,946,947,302,738,948,949,950,951,740,952,485,953,954,955,702,956,931,218,957,958,959,960,961,962,963,226,964,452,965,779,966,967],"class_list":{"0":"post-9509","1":"product","2":"type-product","3":"status-publish","4":"has-post-thumbnail","6":"product_cat-orter","7":"product_cat-synergos","8":"product_tag-acne","9":"product_tag-adaptogen-ort","10":"product_tag-akne","11":"product_tag-antinflammatorisk","12":"product_tag-avgiftande","13":"product_tag-ayurvedisk-medicin","14":"product_tag-bakterier","15":"product_tag-balanserar-hjarnhalvorna","16":"product_tag-drogavgiftande","17":"product_tag-eksem","18":"product_tag-feber","19":"product_tag-forebygger-hjarnblodningar","20":"product_tag-forebygger-hjartattacker","21":"product_tag-fysisk-trotthet","22":"product_tag-gotu-kola","23":"product_tag-herpes","24":"product_tag-hjarnfoda","25":"product_tag-hudbesvar","26":"product_tag-immunstimulerande","27":"product_tag-inflammatoriska-ledsjukdomar","28":"product_tag-inflammatoriska-muskelsjukdomar","29":"product_tag-kollagen","30":"product_tag-lakeort","31":"product_tag-lever","32":"product_tag-leverstarkande","33":"product_tag-medicinalvaxt","34":"product_tag-mental-forvirring","35":"product_tag-mental-skarpan","36":"product_tag-mental-trotthet","37":"product_tag-njurar","38":"product_tag-njurstarkande","39":"product_tag-ort","40":"product_tag-psoriasis","41":"product_tag-renar-blod","42":"product_tag-somnsvarigheter","43":"product_tag-starker-binjurar","44":"product_tag-starker-immunforsvaret","45":"product_tag-starker-nervsystemet","46":"product_tag-svampar","48":"first","49":"instock","50":"taxable","51":"shipping-taxable","52":"purchasable","53":"product-type-simple","54":"entry","55":"content-bg","56":"loop-entry"},"taxonomy_info":{"product_cat":[{"value":149,"label":"\u00d6rter"},{"value":1307,"label":"Synergos"}],"product_tag":[{"value":716,"label":"acne"},{"value":941,"label":"adaptogen \u00f6rt"},{"value":204,"label":"akne"},{"value":942,"label":"antinflammatorisk"},{"value":943,"label":"avgiftande"},{"value":944,"label":"ayurvedisk medicin"},{"value":945,"label":"bakterier"},{"value":946,"label":"balanserar hj\u00e4rnhalvorna"},{"value":947,"label":"drogavgiftande"},{"value":302,"label":"eksem"},{"value":738,"label":"feber"},{"value":948,"label":"f\u00f6rebygger hj\u00e4rnbl\u00f6dningar"},{"value":949,"label":"f\u00f6rebygger hj\u00e4rtattacker"},{"value":950,"label":"fysisk tr\u00f6tthet"},{"value":951,"label":"Gotu Kola"},{"value":740,"label":"herpes"},{"value":952,"label":"hj\u00e4rnf\u00f6da"},{"value":485,"label":"hudbesv\u00e4r"},{"value":953,"label":"immunstimulerande"},{"value":954,"label":"inflammatoriska ledsjukdomar"},{"value":955,"label":"inflammatoriska muskelsjukdomar"},{"value":702,"label":"kollagen"},{"value":956,"label":"l\u00e4ke\u00f6rt"},{"value":931,"label":"lever"},{"value":218,"label":"leverst\u00e4rkande"},{"value":957,"label":"medicinalv\u00e4xt"},{"value":958,"label":"mental f\u00f6rvirring"},{"value":959,"label":"mental sk\u00e4rpan"},{"value":960,"label":"mental tr\u00f6tthet"},{"value":961,"label":"njurar"},{"value":962,"label":"njurst\u00e4rkande"},{"value":963,"label":"\u00f6rt"},{"value":226,"label":"psoriasis"},{"value":964,"label":"renar blod"},{"value":452,"label":"s\u00f6mnsv\u00e5righeter"},{"value":965,"label":"st\u00e4rker binjurar"},{"value":779,"label":"st\u00e4rker immunf\u00f6rsvaret"},{"value":966,"label":"st\u00e4rker nervsystemet"},{"value":967,"label":"svampar"}]},"featured_image_src_large":["https:\/\/vitaminbutiken.com\/wp-content\/uploads\/2025\/03\/438-Gotu-kola-Photoroom-e1771402718152-737x700.png",737,700,true],"author_info":[],"comment_info":0,"_links":{"self":[{"href":"https:\/\/vitaminbutiken.com\/fi\/wp-json\/wp\/v2\/product\/9509","targetHints":{"allow":["GET"]}}],"collection":[{"href":"https:\/\/vitaminbutiken.com\/fi\/wp-json\/wp\/v2\/product"}],"about":[{"href":"https:\/\/vitaminbutiken.com\/fi\/wp-json\/wp\/v2\/types\/product"}],"replies":[{"embeddable":true,"href":"https:\/\/vitaminbutiken.com\/fi\/wp-json\/wp\/v2\/comments?post=9509"}],"wp:featuredmedia":[{"embeddable":true,"href":"https:\/\/vitaminbutiken.com\/fi\/wp-json\/wp\/v2\/media\/500103834"}],"wp:attachment":[{"href":"https:\/\/vitaminbutiken.com\/fi\/wp-json\/wp\/v2\/media?parent=9509"}],"wp:term":[{"taxonomy":"product_brand","embeddable":true,"href":"https:\/\/vitaminbutiken.com\/fi\/wp-json\/wp\/v2\/product_brand?post=9509"},{"taxonomy":"product_cat","embeddable":true,"href":"https:\/\/vitaminbutiken.com\/fi\/wp-json\/wp\/v2\/product_cat?post=9509"},{"taxonomy":"product_tag","embeddable":true,"href":"https:\/\/vitaminbutiken.com\/fi\/wp-json\/wp\/v2\/product_tag?post=9509"}],"curies":[{"name":"wp","href":"https:\/\/api.w.org\/{rel}","templated":true}]}}