{"id":9498,"date":"2025-03-19T15:58:34","date_gmt":"2025-03-19T13:58:34","guid":{"rendered":"https:\/\/vitaminbutiken.multi.fi\/?post_type=product&#038;p=9498"},"modified":"2026-04-08T12:01:40","modified_gmt":"2026-04-08T10:01:40","slug":"glutation-complex","status":"publish","type":"product","link":"https:\/\/vitaminbutiken.com\/fi\/produkt\/glutation-complex\/","title":{"rendered":"Glutation Komplex"},"content":{"rendered":"<p><strong>Glutation Complex<\/strong> \u00e4r ett avancerat kosttillskott som bygger p\u00e5 bredspektrum- och synergiprincipen. Den inneh\u00e5ller tripeptiden glutation tillsammans med en rad synergerande \u00f6rtextrakt.<\/p>\n<p>Preparatet \u00e4r sammansatt av \u00f6verl\u00e4karen Per-Arne \u00d6ckerman, som \u00e4r professor i klinisk kemi.<\/p>\n<p><strong>Dosering:<\/strong> 2 kapslar per dag. Delas p\u00e5 morgon och kv\u00e4ll.<\/p>\n<table style=\"height: 80px;\" border=\"1\" width=\"600\" cellspacing=\"0\" cellpadding=\"0\">\n<tbody>\n<tr>\n<td style=\"width: 6.95717%;\"><strong>2 kapslar inneh\u00e5ller:<\/strong><\/td>\n<td style=\"width: 3.43709%;\"><strong>M\u00e4ngd<\/strong><\/td>\n<td style=\"width: 3.43709%;\"><b>*DRI%<\/b><\/td>\n<\/tr>\n<tr>\n<td style=\"width: 6.95717%;\">Glutation extrakt<\/td>\n<td style=\"width: 3.43709%;\">160 mg<\/td>\n<td style=\"width: 3.43709%;\">**<\/td>\n<\/tr>\n<tr>\n<td style=\"width: 6.95717%;\">Gurkmejaextrakt<\/td>\n<td style=\"width: 3.43709%;\">160 mg<\/td>\n<td style=\"width: 3.43709%;\">**<\/td>\n<\/tr>\n<tr>\n<td style=\"width: 6.95717%;\">Aloe Vera extrakt<\/td>\n<td style=\"width: 3.43709%;\">160 mg<\/td>\n<td style=\"width: 3.43709%;\">**<\/td>\n<\/tr>\n<tr>\n<td style=\"width: 6.95717%;\">Cikoriarot extrakt<\/td>\n<td style=\"width: 3.43709%;\">80 mg<\/td>\n<td style=\"width: 3.43709%;\">**<\/td>\n<\/tr>\n<tr>\n<td style=\"width: 6.95717%;\">R\u00f6dbets rotextrakt<\/td>\n<td style=\"width: 3.43709%;\">80 mg<\/td>\n<td style=\"width: 3.43709%;\">**<\/td>\n<\/tr>\n<tr>\n<td style=\"width: 6.95717%;\">Pollen extrakt<\/td>\n<td style=\"width: 3.43709%;\">60 mg<\/td>\n<td style=\"width: 3.43709%;\">**<\/td>\n<\/tr>\n<\/tbody>\n<\/table>\n<p><strong>**DRI (dagligt referensintag) ej fastst\u00e4llt.<\/strong><\/p>\n<p><strong>Ingredienser: <\/strong>Glutation j\u00e4stextrakt, gurkmejaextrakt (95% curcumin), aloe vera extrakt 200:1, cikoriarot extrakt, extrakt av r\u00f6dbetsrot, pollenextrakt, fyllnadsmedel (st\u00e4rkelse), kapsel (hydroxypropylmetylsellulosa).<\/p>\n<p>Rekommenderad daglig dos b\u00f6r ej \u00f6verskridas.<br \/>\nKosttillskott ers\u00e4tter inte en varierad kost.<br \/>\nProdukten f\u00f6rvaras o\u00e5tkomligt f\u00f6r sm\u00e5 barn.<\/p>\n","protected":false},"excerpt":{"rendered":"<p><strong>Glutation Complex<\/strong> \u00e4r ett avancerat kosttillskott som bygger p\u00e5 bredspektrum- och synergiprincipen. Den inneh\u00e5ller tripeptiden glutation tillsammans med\u00a0 synergerande \u00f6rtextrakt; gurkmeja, aloe vera, cikoriarot, r\u00f6dbetsrot och pollen extrakt.<\/p>\n<p><strong>60 kapslar\u00a0<\/strong><\/p>\n","protected":false},"featured_media":500103024,"comment_status":"open","ping_status":"closed","template":"","meta":{"_kad_blocks_custom_css":"","_kad_blocks_head_custom_js":"","_kad_blocks_body_custom_js":"","_kad_blocks_footer_custom_js":"","_kadence_starter_templates_imported_post":false,"_kad_post_transparent":"default","_kad_post_title":"","_kad_post_layout":"default","_kad_post_sidebar_id":"","_kad_post_content_style":"default","_kad_post_vertical_padding":"default","_kad_post_feature":"","_kad_post_feature_position":"","_kad_post_header":false,"_kad_post_footer":false,"_kad_post_classname":""},"product_brand":[],"product_cat":[337,198,2704,2822,277,149],"product_tag":[454,476,205,923,924,691,835,304,925,926,927,836,837,838,928,187,363,929,364,930,931,932,933,934,193,935,936,937,938,939,747,940],"class_list":{"0":"post-9498","1":"product","2":"type-product","3":"status-publish","4":"has-post-thumbnail","6":"product_cat-aminosyror","7":"product_cat-lever-och-njurar","8":"product_cat-multi-nutrient","9":"product_cat-multi-produkter","10":"product_cat-muskler-och-leder","11":"product_cat-orter","12":"product_tag-amalgamskada","13":"product_tag-aminosyror","14":"product_tag-antioxidant","15":"product_tag-aptitstimulerande","16":"product_tag-avgiftar-tungmetaller","17":"product_tag-avgiftning","18":"product_tag-basta-glutation","19":"product_tag-forstoppning","20":"product_tag-fria-radikaler","21":"product_tag-gallblasa","22":"product_tag-galldrivande","23":"product_tag-glutamin-glutation","24":"product_tag-glutation","25":"product_tag-glutation-kosttillskott","26":"product_tag-glutationsperoxidas","27":"product_tag-hogt-blodtryck","28":"product_tag-jarnbristanemi","29":"product_tag-kroniska-sjukdomar","30":"product_tag-laga-blodvarden","31":"product_tag-laxerande","32":"product_tag-lever","33":"product_tag-mage","34":"product_tag-malabsorbtion","35":"product_tag-mjalte","36":"product_tag-oxidativ-stress","37":"product_tag-parasiter","38":"product_tag-smarta","39":"product_tag-stralning","40":"product_tag-svullnad","41":"product_tag-trog-mage","42":"product_tag-urindrivande","43":"product_tag-vark","45":"first","46":"instock","47":"taxable","48":"shipping-taxable","49":"purchasable","50":"product-type-simple","51":"entry","52":"content-bg","53":"loop-entry"},"taxonomy_info":{"product_cat":[{"value":337,"label":"Aminosyror"},{"value":198,"label":"Lever &amp; Njurar"},{"value":2704,"label":"Multi Nutrient"},{"value":2822,"label":"Multi produkter"},{"value":277,"label":"Muskler &amp; Leder"},{"value":149,"label":"\u00d6rter"}],"product_tag":[{"value":454,"label":"Amalgamskada"},{"value":476,"label":"aminosyror"},{"value":205,"label":"antioxidant"},{"value":923,"label":"aptitstimulerande"},{"value":924,"label":"avgiftar tungmetaller"},{"value":691,"label":"avgiftning"},{"value":835,"label":"b\u00e4sta glutation"},{"value":304,"label":"f\u00f6rstoppning"},{"value":925,"label":"fria radikaler"},{"value":926,"label":"gallbl\u00e5sa"},{"value":927,"label":"galldrivande"},{"value":836,"label":"glutamin glutation"},{"value":837,"label":"glutation"},{"value":838,"label":"glutation kosttillskott"},{"value":928,"label":"glutationsperoxidas"},{"value":187,"label":"h\u00f6gt blodtryck"},{"value":363,"label":"j\u00e4rnbristanemi"},{"value":929,"label":"kroniska sjukdomar"},{"value":364,"label":"l\u00e5ga blodv\u00e4rden"},{"value":930,"label":"laxerande"},{"value":931,"label":"lever"},{"value":932,"label":"mage"},{"value":933,"label":"malabsorbtion"},{"value":934,"label":"mj\u00e4lte"},{"value":193,"label":"oxidativ stress"},{"value":935,"label":"parasiter"},{"value":936,"label":"sm\u00e4rta"},{"value":937,"label":"str\u00e5lning"},{"value":938,"label":"svullnad"},{"value":939,"label":"tr\u00f6g mage"},{"value":747,"label":"urindrivande"},{"value":940,"label":"v\u00e4rk"}]},"featured_image_src_large":["https:\/\/vitaminbutiken.com\/wp-content\/uploads\/2025\/03\/Glutation-Complex-130-Photoroom-e1765890989230-993x700.png",993,700,true],"author_info":[],"comment_info":0,"_links":{"self":[{"href":"https:\/\/vitaminbutiken.com\/fi\/wp-json\/wp\/v2\/product\/9498","targetHints":{"allow":["GET"]}}],"collection":[{"href":"https:\/\/vitaminbutiken.com\/fi\/wp-json\/wp\/v2\/product"}],"about":[{"href":"https:\/\/vitaminbutiken.com\/fi\/wp-json\/wp\/v2\/types\/product"}],"replies":[{"embeddable":true,"href":"https:\/\/vitaminbutiken.com\/fi\/wp-json\/wp\/v2\/comments?post=9498"}],"wp:featuredmedia":[{"embeddable":true,"href":"https:\/\/vitaminbutiken.com\/fi\/wp-json\/wp\/v2\/media\/500103024"}],"wp:attachment":[{"href":"https:\/\/vitaminbutiken.com\/fi\/wp-json\/wp\/v2\/media?parent=9498"}],"wp:term":[{"taxonomy":"product_brand","embeddable":true,"href":"https:\/\/vitaminbutiken.com\/fi\/wp-json\/wp\/v2\/product_brand?post=9498"},{"taxonomy":"product_cat","embeddable":true,"href":"https:\/\/vitaminbutiken.com\/fi\/wp-json\/wp\/v2\/product_cat?post=9498"},{"taxonomy":"product_tag","embeddable":true,"href":"https:\/\/vitaminbutiken.com\/fi\/wp-json\/wp\/v2\/product_tag?post=9498"}],"curies":[{"name":"wp","href":"https:\/\/api.w.org\/{rel}","templated":true}]}}