{"id":9485,"date":"2025-03-19T15:58:06","date_gmt":"2025-03-19T13:58:06","guid":{"rendered":"https:\/\/vitaminbutiken.multi.fi\/?post_type=product&#038;p=9485"},"modified":"2026-04-08T12:01:55","modified_gmt":"2026-04-08T10:01:55","slug":"omp-bredspektrum","status":"publish","type":"product","link":"https:\/\/vitaminbutiken.com\/fi\/produkt\/omp-bredspektrum\/","title":{"rendered":"OMP Bredspektrum"},"content":{"rendered":"<p><strong>OMP Bredspektrum<\/strong> \u00e4r ett avancerat kosttillskott som bygger p\u00e5 bredspektrum- och synergiprincipen. <strong>OMP Bredspektrum har en specialinriktning p\u00e5 n\u00e4rings\u00e4mnen som bidrar till nervsystemets normala funktion, normal psykologisk funktion samt en normal mental prestationsf\u00f6rm\u00e5ga.<\/strong><\/p>\n<ul>\n<li><strong>Vitamin D<\/strong> \u00e4r ett livsn\u00f6dv\u00e4ndigt fettl\u00f6sligt vitamin.<\/li>\n<li><strong>Tiamin,<\/strong> \u00e4ven k\u00e4nt som vitamin B1, \u00e4r ett essentiellt vattenl\u00f6sligt vitamin som h\u00f6r hemma vitamin-B-gruppen.<\/li>\n<li><strong>Riboflavin,<\/strong> \u00e4ven k\u00e4nd som vitamin B 2, \u00e4r ett essentiellt vattenl\u00f6sligt vitamin tillh\u00f6rande B-vitamin gruppen. Riboflavin \u00e4r mest k\u00e4nd som det vitamin som ger den orange f\u00e4rgen till fasta B-vitaminpreparat.<\/li>\n<li><strong>Niacin,<\/strong> vitamin B3, \u00e4r ett essentiellt vattenl\u00f6sligt vitamin tillh\u00f6rande B-vitamingruppen. Den finns p\u00e5 V\u00e4rldsh\u00e4lso-organisationens lista \u00f6ver viktiga n\u00e4rings\u00e4mnen.<\/li>\n<li><strong>Pantotensyra,<\/strong> \u00e4ven kallad vitamin B5, \u00e4r ett vattenl\u00f6sligt vitamin, som h\u00f6r till vitamin B-gruppen.<\/li>\n<li><strong>Vitamin B6<\/strong> \u00e4r ett essentiellt vattenl\u00f6sligt vitamin och \u00e4r en del av B-vitaminkomplexet.<\/li>\n<li><strong>Kolin<\/strong> \u00e4r ett vattenl\u00f6sligt n\u00e4rings\u00e4mne. Det \u00e5terfinns oftast under B-komplex vitaminerna. \u00c5r 1998 klassificerades kolin som ett viktigt n\u00e4rings\u00e4mne av Food and Nutrition Board f\u00f6r Institute of Medicine.<\/li>\n<li><strong>Vitamin B12,<\/strong> som ocks\u00e5 kallas kobalamin, \u00e4r ett vattenl\u00f6sligt vitamin tillh\u00f6rande vitamin B-gruppen. Det \u00e4r strukturellt det mest komplicerade vitaminet och inneh\u00e5ller det biokemiskt s\u00e4llsynta inslaget av kobolt.<\/li>\n<li><strong>Folsyra<\/strong> (\u00e4ven k\u00e4nt som vitamin B9 eller folacin) och folat \u00e4r former av vattenl\u00f6sligt vitamin B9.<\/li>\n<li><strong>Biotin<\/strong> \u00e4r ett svavelinneh\u00e5llande vattenl\u00f6sligt vitamin som r\u00e4knas till B-gruppen. Biotin kallas ocks\u00e5 vitamin H eller vitamin B7. Det bildas normalt av en frisk tarmflora.<\/li>\n<li><strong>PABA<\/strong> eller paraaminobensoesyra r\u00e4knas i m\u00e5nga fall till B-vitaminerna. Den \u00e4r vattenl\u00f6slig och \u00e4r en mellanprodukt vid den bakteriella syntesen av folsyra. Eftersom den bildas i tarmen hos m\u00e4nniskan r\u00e4knas den inte som ett essentiellt vitamin.<\/li>\n<\/ul>\n<p><strong>\u00c4mnen i OMP Bredspektrum bidrar till:<\/strong><\/p>\n<ul>\n<li>att bibeh\u00e5lla normal benstomme<\/li>\n<li>att bibeh\u00e5lla normal hud<\/li>\n<li>att bibeh\u00e5lla normal synf\u00f6rm\u00e5ga<\/li>\n<li>att bibeh\u00e5lla normala r\u00f6da blodkroppar<\/li>\n<li>att bibeh\u00e5lla normala slemhinnor<\/li>\n<li>att bibeh\u00e5lla normala t\u00e4nder<\/li>\n<li>att bibeh\u00e5lla normalt h\u00e5r<\/li>\n<li>att minska tr\u00f6tthet och utmattning<\/li>\n<li>att skydda cellerna mot oxidativ stress<\/li>\n<li>har en roll i celldelningsprocessen<\/li>\n<li>immunsystemets normala funktion<\/li>\n<li>nervsystemets normala funktion<\/li>\n<li>normal aminosyrasyntes<\/li>\n<li>normal bildning av r\u00f6da blodkroppar<\/li>\n<li>normal blodbildning<\/li>\n<li>normal cysteinsyntes<\/li>\n<li>normal energioms\u00e4ttning<\/li>\n<li>normal hj\u00e4rtfunktion<\/li>\n<li>normal homocysteinoms\u00e4ttning<\/li>\n<li>normal j\u00e4rnoms\u00e4ttning<\/li>\n<li>normal mental prestationsf\u00f6rm\u00e5ga<\/li>\n<li>normal oms\u00e4ttning av makron\u00e4rings\u00e4mnen<\/li>\n<li>normal protein- och glykogenoms\u00e4ttning<\/li>\n<li>normal psykologisk funktion<\/li>\n<li>normal syntes och oms\u00e4ttning av steroidhormoner, vitamin D och vissa neurotransmittorer<\/li>\n<li>normala kalciumniv\u00e5er i blodet<\/li>\n<li>normalt upptag\/utnyttjande av kalcium och fosfor<\/li>\n<\/ul>\n<p><strong>Dosering:<\/strong> 1 tablett per dag. Tas i samband med m\u00e5ltid.<\/p>\n<table style=\"height: 80px;\" border=\"1\" width=\"600\" cellspacing=\"0\" cellpadding=\"0\">\n<tbody>\n<tr>\n<td style=\"width: 8.16324%;\"><strong>1 tablett inneh\u00e5ller:<\/strong><\/td>\n<td style=\"width: 13.8129%;\"><strong>M\u00e4ngd<\/strong><\/td>\n<td style=\"width: 7.662%;\"><strong>*DRI%<\/strong><\/td>\n<\/tr>\n<tr>\n<td style=\"width: 8.16324%;\">Vitamin D<\/td>\n<td style=\"width: 13.8129%;\">85 \u00b5g<\/td>\n<td style=\"width: 7.662%;\">1 700 %<\/td>\n<\/tr>\n<tr>\n<td style=\"width: 8.16324%;\">Tiamin<\/td>\n<td style=\"width: 13.8129%;\">25 mg<\/td>\n<td style=\"width: 7.662%;\">2 273 %<\/td>\n<\/tr>\n<tr>\n<td style=\"width: 8.16324%;\">Riboflavin<\/td>\n<td style=\"width: 13.8129%;\">25 mg<\/td>\n<td style=\"width: 7.662%;\">1 786 %<\/td>\n<\/tr>\n<tr>\n<td style=\"width: 8.16324%;\">Niacin<\/td>\n<td style=\"width: 13.8129%;\">50 mg<\/td>\n<td style=\"width: 7.662%;\">312 %<\/td>\n<\/tr>\n<tr>\n<td style=\"width: 8.16324%;\">Pantotensyra<\/td>\n<td style=\"width: 13.8129%;\">100 mg<\/td>\n<td style=\"width: 7.662%;\">1 667 %<\/td>\n<\/tr>\n<tr>\n<td style=\"width: 8.16324%;\">Vitamin B6<\/td>\n<td style=\"width: 13.8129%;\">25 mg<\/td>\n<td style=\"width: 7.662%;\">1 786 %<\/td>\n<\/tr>\n<tr>\n<td style=\"width: 8.16324%;\">Folsyra<\/td>\n<td style=\"width: 13.8129%;\">70 \u00b5g<\/td>\n<td style=\"width: 7.662%;\">35 %<\/td>\n<\/tr>\n<tr>\n<td style=\"width: 8.16324%;\">Vitamin B12<\/td>\n<td style=\"width: 13.8129%;\">100 \u00b5g<\/td>\n<td style=\"width: 7.662%;\">4 000 %<\/td>\n<\/tr>\n<tr>\n<td style=\"width: 8.16324%;\">Kolin<\/td>\n<td style=\"width: 13.8129%;\">100 mg<\/td>\n<td style=\"width: 7.662%;\">**<\/td>\n<\/tr>\n<tr>\n<td style=\"width: 8.16324%;\">PABA<\/td>\n<td style=\"width: 13.8129%;\">10 mg<\/td>\n<td style=\"width: 7.662%;\">**<\/td>\n<\/tr>\n<tr>\n<td style=\"width: 8.16324%;\">Biotin<\/td>\n<td style=\"width: 13.8129%;\">170 \u00b5g<\/td>\n<td style=\"width: 7.662%;\">340 %<\/td>\n<\/tr>\n<tr>\n<td style=\"width: 8.16324%;\">Inositol<\/td>\n<td style=\"width: 13.8129%;\">10 mg<\/td>\n<td style=\"width: 7.662%;\">**<\/td>\n<\/tr>\n<\/tbody>\n<\/table>\n<p><strong>*DRI \u00e4r dagligt referensintag. **DRI ej fastst\u00e4llt.<\/strong><\/p>\n<p><strong>Ingredienser:<\/strong> Fyllnadsmedel (Di-kalciumfosfat, mikrokristallin cellulosa, stearinsyra), kolin, pantotensyra, niacin, vitamin D, tiamin, vitamin B6, riboflavin, stabiliseringsmedel (natriumkarboximetylcellulosa), inositol, klumpf\u00f6rebyggande medel (magnesiumsalter av fettsyror), biotin, vitamin B12, folsyra.<\/p>\n<p>Rekommenderad daglig dos b\u00f6r ej \u00f6verskridas.<br \/>\nKosttillskott ers\u00e4tter inte en varierad kost.<br \/>\nProdukten f\u00f6rvaras o\u00e5tkomligt f\u00f6r sm\u00e5 barn.<\/p>\n","protected":false},"excerpt":{"rendered":"<p><strong>OMP Bredspektrum<\/strong> \u00e4r ett avancerat kosttillskott som bygger p\u00e5 bredspektrum- och synergiprincipen. OMP Bredspektrum har en specialinriktning p\u00e5 n\u00e4rings\u00e4mnen som<\/p>\n<p><strong>bidrar till nervsystemets normala funktion, normal psykologisk funktion samt en normal mental prestationsf\u00f6rm\u00e5ga.<\/strong><\/p>\n<p><strong>180 tabletter<\/strong><\/p>\n","protected":false},"featured_media":9570,"comment_status":"open","ping_status":"closed","template":"","meta":{"_kad_blocks_custom_css":"","_kad_blocks_head_custom_js":"","_kad_blocks_body_custom_js":"","_kad_blocks_footer_custom_js":"","_kadence_starter_templates_imported_post":false,"_kad_post_transparent":"default","_kad_post_title":"","_kad_post_layout":"default","_kad_post_sidebar_id":"","_kad_post_content_style":"default","_kad_post_vertical_padding":"default","_kad_post_feature":"","_kad_post_feature_position":"","_kad_post_header":false,"_kad_post_footer":false,"_kad_post_classname":""},"product_brand":[],"product_cat":[348,349,2806,146,1307,155],"product_tag":[840,841,842],"class_list":{"0":"post-9485","1":"product","2":"type-product","3":"status-publish","4":"has-post-thumbnail","6":"product_cat-b-vitamin","7":"product_cat-jarn","8":"product_cat-multi-vitamin","9":"product_cat-stressad-och-trott","10":"product_cat-synergos","11":"product_cat-vitaminer","12":"product_tag-multinaring","13":"product_tag-omp-bredspektrum","14":"product_tag-psykisk-balans","16":"first","17":"instock","18":"taxable","19":"shipping-taxable","20":"purchasable","21":"product-type-simple","22":"entry","23":"content-bg","24":"loop-entry"},"taxonomy_info":{"product_cat":[{"value":348,"label":"B-vitamin"},{"value":349,"label":"J\u00e4rn"},{"value":2806,"label":"Multi-vitamin"},{"value":146,"label":"Stressad &amp; Tr\u00f6tt"},{"value":1307,"label":"Synergos"},{"value":155,"label":"Vitaminer"}],"product_tag":[{"value":840,"label":"multin\u00e4ring"},{"value":841,"label":"OMP Bredspektrum"},{"value":842,"label":"psykisk balans"}]},"featured_image_src_large":["https:\/\/vitaminbutiken.com\/wp-content\/uploads\/2025\/03\/OMP-1440x700.png",1440,700,true],"author_info":[],"comment_info":0,"_links":{"self":[{"href":"https:\/\/vitaminbutiken.com\/fi\/wp-json\/wp\/v2\/product\/9485","targetHints":{"allow":["GET"]}}],"collection":[{"href":"https:\/\/vitaminbutiken.com\/fi\/wp-json\/wp\/v2\/product"}],"about":[{"href":"https:\/\/vitaminbutiken.com\/fi\/wp-json\/wp\/v2\/types\/product"}],"replies":[{"embeddable":true,"href":"https:\/\/vitaminbutiken.com\/fi\/wp-json\/wp\/v2\/comments?post=9485"}],"wp:featuredmedia":[{"embeddable":true,"href":"https:\/\/vitaminbutiken.com\/fi\/wp-json\/wp\/v2\/media\/9570"}],"wp:attachment":[{"href":"https:\/\/vitaminbutiken.com\/fi\/wp-json\/wp\/v2\/media?parent=9485"}],"wp:term":[{"taxonomy":"product_brand","embeddable":true,"href":"https:\/\/vitaminbutiken.com\/fi\/wp-json\/wp\/v2\/product_brand?post=9485"},{"taxonomy":"product_cat","embeddable":true,"href":"https:\/\/vitaminbutiken.com\/fi\/wp-json\/wp\/v2\/product_cat?post=9485"},{"taxonomy":"product_tag","embeddable":true,"href":"https:\/\/vitaminbutiken.com\/fi\/wp-json\/wp\/v2\/product_tag?post=9485"}],"curies":[{"name":"wp","href":"https:\/\/api.w.org\/{rel}","templated":true}]}}