{"id":9456,"date":"2025-03-19T15:56:39","date_gmt":"2025-03-19T13:56:39","guid":{"rendered":"https:\/\/vitaminbutiken.multi.fi\/?post_type=product&#038;p=9456"},"modified":"2026-04-09T13:21:32","modified_gmt":"2026-04-09T11:21:32","slug":"c-vitamin-c500-camu-camu","status":"publish","type":"product","link":"https:\/\/vitaminbutiken.com\/fi\/produkt\/c-vitamin-c500-camu-camu\/","title":{"rendered":"C-500 Camu Camu  &#8211; C-vitamin med Camu Camu"},"content":{"rendered":"<p><strong>C-vitamin &#8211; C500 Camu Camu<\/strong><\/p>\n<p>Varje kapsel ger 500 mg vitamin C tillsammans med acerola och camu-camu.<\/p>\n<p><strong>Camu camu<\/strong> (Myrciaria dubia) &#8211; \u00e4r en litet buskig flod tr\u00e4d fr\u00e5n Amazonas regnskog i Peru och Brasilien, som b\u00e4r en r\u00f6d\/lila k\u00f6rsb\u00e4rs liknande frukt. Den utomordentligt h\u00f6ga vitamin C-halten (i storleksordningen 2-3% av f\u00e4rskvikt) \u00e4r den viktigaste egenskapen av frukten.<\/p>\n<p><strong>Acerola<\/strong> (Malpighia emarginata) &#8211; \u00e4r ett litet tropiskt tr\u00e4d med att sprida grenar p\u00e5 en kort stam. Den producerar ljusa r\u00f6da stenfrukter med mycket h\u00f6g vitamin C halt (n\u00e4rmare 50 gram kg) och andra n\u00e4rings\u00e4mnen.<\/p>\n<p><strong>C-vitamin bidrar till:<\/strong><\/p>\n<ul>\n<li>immunsystemets normala funktion under och efter intensiv fysisk tr\u00e4ning<\/li>\n<li>normal kollagenbildning som har betydelse f\u00f6r blodk\u00e4rlens normala funktion<\/li>\n<li>normal kollagenbildning som har betydelse f\u00f6r benstommens normala funktion<\/li>\n<li>normal kollagenbildning som har betydelse f\u00f6r broskets normala funktion<\/li>\n<li>normal kollagenbildning som har betydelse f\u00f6r tandk\u00f6ttets normala funktion<\/li>\n<li>normal kollagenbildning som har betydelse f\u00f6r hudens normala funktion<\/li>\n<li>normal kollagenbildning som har betydelse f\u00f6r t\u00e4ndernas normala funktion<\/li>\n<li>nervsystemets normala funktion<\/li>\n<li>normal psykologisk funktion<\/li>\n<li>immunsystemets normala funktion<\/li>\n<li>att skydda cellerna mot oxidativ stress<\/li>\n<li>att minska tr\u00f6tthet och utmattning<\/li>\n<li>att \u00e5terbilda den reducerade formen av vitamin E<\/li>\n<li>\u00f6kar j\u00e4rnupptaget<\/li>\n<\/ul>\n<p><strong>Dosering:\u00a0<\/strong>1 kapsel 2 g\u00e5nger per dag.<\/p>\n<table style=\"height: 80px;\" border=\"1\" width=\"600\" cellspacing=\"0\" cellpadding=\"0\">\n<tbody>\n<tr>\n<td style=\"width: 15.2675%;\"><strong>2 kapslar inneh\u00e5ller:<\/strong><\/td>\n<td style=\"width: 6.26368%;\"><strong>M\u00e4ngd<\/strong><\/td>\n<td style=\"width: 3.43416%;\"><strong>%DRI*<\/strong><\/td>\n<\/tr>\n<tr>\n<td style=\"width: 15.2675%;\">Vitamin C<\/td>\n<td style=\"width: 6.26368%;\">1 000 mg<\/td>\n<td style=\"width: 3.43416%;\">1 250 %<\/td>\n<\/tr>\n<tr>\n<td style=\"width: 15.2675%;\">Camu Camu<\/td>\n<td style=\"width: 6.26368%;\">100 mg<\/td>\n<td style=\"width: 3.43416%;\">**<\/td>\n<\/tr>\n<tr>\n<td style=\"width: 15.2675%;\">Acerola<\/td>\n<td style=\"width: 6.26368%;\">100 mg<\/td>\n<td style=\"width: 3.43416%;\">**<\/td>\n<\/tr>\n<\/tbody>\n<\/table>\n<p><strong>*DRI \u00e4r dagligt referensintag. **DRI ej fastst\u00e4llt.<\/strong><\/p>\n<p><strong>Ingredienser:<\/strong>Vitamin C (kalciumaskorbat), extrakt av Camu Camu, extrakt av acerola, kapsel (hydroxypropylmetylcellulosa).<\/p>\n<p>Rekommenderad daglig dos b\u00f6r ej \u00f6verskridas.<br \/>\nKosttillskott ers\u00e4tter inte en varierad kost.<br \/>\nProdukten f\u00f6rvaras o\u00e5tkomligt f\u00f6r sm\u00e5 barn.<\/p>\n","protected":false},"excerpt":{"rendered":"<p>C-vitamin &#8211; C500 Camu Camu kan vara ett v\u00e4rdefullt tillskott f\u00f6r personer som vill st\u00e4rka sitt immunsystem. Produkten inneh\u00e5ller h\u00f6gkvalitativt syraneutralt C-vitamin som kan bidra till att bibeh\u00e5lla en normal funktion hos immunsystemet. Varje kapsel ger 500 mg vitamin C tillsammans med acerola och camu-camu.<\/p>\n<p><strong>60 kapslar<\/strong><\/p>\n","protected":false},"featured_media":500103754,"comment_status":"open","ping_status":"closed","template":"","meta":{"_kad_blocks_custom_css":"","_kad_blocks_head_custom_js":"","_kad_blocks_body_custom_js":"","_kad_blocks_footer_custom_js":"","_kadence_starter_templates_imported_post":false,"_kad_post_transparent":"default","_kad_post_title":"","_kad_post_layout":"default","_kad_post_sidebar_id":"","_kad_post_content_style":"default","_kad_post_vertical_padding":"default","_kad_post_feature":"","_kad_post_feature_position":"","_kad_post_header":false,"_kad_post_footer":false,"_kad_post_classname":""},"product_brand":[],"product_cat":[508,176,1307,155],"product_tag":[294,454,205,180,510,399,511,512,700,706,701,516,517,608,519,184,521,187,522,215,523,460,524,363,188,526,702,703,529,221,531,272,532,533,704,705,536,229,276,233,172,234,235],"class_list":{"0":"post-9456","1":"product","2":"type-product","3":"status-publish","4":"has-post-thumbnail","6":"product_cat-c-vitamin","7":"product_cat-immunforsvar","8":"product_cat-synergos","9":"product_cat-vitaminer","10":"product_tag-allergier","11":"product_tag-amalgamskada","12":"product_tag-antioxidant","13":"product_tag-artarstelhet","14":"product_tag-aterkommande-inflammationer","15":"product_tag-binjureinsufficiens","16":"product_tag-blodande-tandkott","17":"product_tag-blodproppar","18":"product_tag-c500","19":"product_tag-camu","20":"product_tag-dalig-sarlakning","21":"product_tag-daliga-tander","22":"product_tag-depressioner","23":"product_tag-energibrist","24":"product_tag-forkylningar","25":"product_tag-grastarr","26":"product_tag-hjart-och-karlproblematik","27":"product_tag-hogt-blodtryck","28":"product_tag-hudproblem","29":"product_tag-hudsjukdomar","30":"product_tag-illamaende","31":"product_tag-inflammationer","32":"product_tag-influensa","33":"product_tag-jarnbristanemi","34":"product_tag-jarntoxicitet","35":"product_tag-kanslomassiga-problem","36":"product_tag-kollagen","37":"product_tag-koppartoxicitet","38":"product_tag-ledproblem","39":"product_tag-naturtillskott","40":"product_tag-nedsatt-gallsyntes","41":"product_tag-nedsatt-immunforsvar","42":"product_tag-nedsatt-syntes-av-galla","43":"product_tag-nedsatt-tyrosin-metabolism","44":"product_tag-oxidatv-stress","45":"product_tag-sjukdomskansla","46":"product_tag-skorbjugg","47":"product_tag-starka-immunforsvar","48":"product_tag-tandlossning","49":"product_tag-trotthet","50":"product_tag-utmattning","51":"product_tag-vitamin","52":"product_tag-vitaminer","54":"first","55":"instock","56":"taxable","57":"shipping-taxable","58":"purchasable","59":"product-type-simple","60":"entry","61":"content-bg","62":"loop-entry"},"taxonomy_info":{"product_cat":[{"value":508,"label":"C-vitamin"},{"value":176,"label":"Immunf\u00f6rsvar"},{"value":1307,"label":"Synergos"},{"value":155,"label":"Vitaminer"}],"product_tag":[{"value":294,"label":"allergier"},{"value":454,"label":"Amalgamskada"},{"value":205,"label":"antioxidant"},{"value":180,"label":"art\u00e4rstelhet"},{"value":510,"label":"\u00c5terkommande inflammationer"},{"value":399,"label":"binjureinsufficiens"},{"value":511,"label":"bl\u00f6dande tandk\u00f6tt"},{"value":512,"label":"Blodproppar"},{"value":700,"label":"c500"},{"value":706,"label":"camu"},{"value":701,"label":"D\u00e5lig s\u00e5rl\u00e4kning"},{"value":516,"label":"D\u00e5liga t\u00e4nder"},{"value":517,"label":"Depressioner"},{"value":608,"label":"energibrist"},{"value":519,"label":"f\u00f6rkylningar"},{"value":184,"label":"gr\u00e5starr"},{"value":521,"label":"Hj\u00e4rt- och k\u00e4rlproblematik"},{"value":187,"label":"h\u00f6gt blodtryck"},{"value":522,"label":"hudproblem"},{"value":215,"label":"hudsjukdomar"},{"value":523,"label":"Illam\u00e5ende"},{"value":460,"label":"inflammationer"},{"value":524,"label":"influensa"},{"value":363,"label":"j\u00e4rnbristanemi"},{"value":188,"label":"j\u00e4rntoxicitet"},{"value":526,"label":"K\u00e4nslom\u00e4ssiga problem"},{"value":702,"label":"kollagen"},{"value":703,"label":"koppartoxicitet"},{"value":529,"label":"Ledproblem"},{"value":221,"label":"naturtillskott"},{"value":531,"label":"Nedsatt gallsyntes"},{"value":272,"label":"nedsatt immunf\u00f6rsvar"},{"value":532,"label":"Nedsatt syntes av galla"},{"value":533,"label":"Nedsatt tyrosin metabolism"},{"value":704,"label":"oxidatv stress"},{"value":705,"label":"sjukdomsk\u00e4nsla"},{"value":536,"label":"Sk\u00f6rbjugg"},{"value":229,"label":"st\u00e4rka immunf\u00f6rsvar"},{"value":276,"label":"tandlossning"},{"value":233,"label":"tr\u00f6tthet"},{"value":172,"label":"utmattning"},{"value":234,"label":"vitamin"},{"value":235,"label":"vitaminer"}]},"featured_image_src_large":["https:\/\/vitaminbutiken.com\/wp-content\/uploads\/2025\/03\/432-Camu-Camu-Photoroom-e1771312498919-817x700.png",817,700,true],"author_info":[],"comment_info":0,"_links":{"self":[{"href":"https:\/\/vitaminbutiken.com\/fi\/wp-json\/wp\/v2\/product\/9456","targetHints":{"allow":["GET"]}}],"collection":[{"href":"https:\/\/vitaminbutiken.com\/fi\/wp-json\/wp\/v2\/product"}],"about":[{"href":"https:\/\/vitaminbutiken.com\/fi\/wp-json\/wp\/v2\/types\/product"}],"replies":[{"embeddable":true,"href":"https:\/\/vitaminbutiken.com\/fi\/wp-json\/wp\/v2\/comments?post=9456"}],"wp:featuredmedia":[{"embeddable":true,"href":"https:\/\/vitaminbutiken.com\/fi\/wp-json\/wp\/v2\/media\/500103754"}],"wp:attachment":[{"href":"https:\/\/vitaminbutiken.com\/fi\/wp-json\/wp\/v2\/media?parent=9456"}],"wp:term":[{"taxonomy":"product_brand","embeddable":true,"href":"https:\/\/vitaminbutiken.com\/fi\/wp-json\/wp\/v2\/product_brand?post=9456"},{"taxonomy":"product_cat","embeddable":true,"href":"https:\/\/vitaminbutiken.com\/fi\/wp-json\/wp\/v2\/product_cat?post=9456"},{"taxonomy":"product_tag","embeddable":true,"href":"https:\/\/vitaminbutiken.com\/fi\/wp-json\/wp\/v2\/product_tag?post=9456"}],"curies":[{"name":"wp","href":"https:\/\/api.w.org\/{rel}","templated":true}]}}