{"id":9454,"date":"2025-03-19T15:56:39","date_gmt":"2025-03-19T13:56:39","guid":{"rendered":"https:\/\/vitaminbutiken.multi.fi\/?post_type=product&#038;p=9454"},"modified":"2026-04-10T12:10:46","modified_gmt":"2026-04-10T10:10:46","slug":"metylerad-b-complex","status":"publish","type":"product","link":"https:\/\/vitaminbutiken.com\/fi\/produkt\/metylerad-b-complex\/","title":{"rendered":"B-Complex Metylerad"},"content":{"rendered":"<p><strong>Metylerad B-complex<\/strong><\/p>\n<p>Varje kapsel ger metylerade B-vitaminer i enlighet med synergi- och bredspektrumprincipen.<\/p>\n<p><strong>B-vitaminer bidrar till:<\/strong><\/p>\n<ul>\n<li>normal energioms\u00e4ttning<\/li>\n<li>nervsystemets normala funktion<\/li>\n<li>normal psykologisk funktion<\/li>\n<li>normal hj\u00e4rtfunktion<\/li>\n<li>normal oms\u00e4ttning av makron\u00e4rings\u00e4mnen<\/li>\n<li>att bibeh\u00e5lla normalt h\u00e5r<\/li>\n<li>att bibeh\u00e5lla normala slemhinnor<\/li>\n<li>att bibeh\u00e5lla normal hud<\/li>\n<li>normal aminosyrasyntes<\/li>\n<li>normal blodbildning<\/li>\n<li>normal homocysteinoms\u00e4ttning<\/li>\n<li>bidrar till immunsystemets normala funktion<\/li>\n<li>att minska tr\u00f6tthet och utmattning<\/li>\n<li>har en roll i celldelningsprocessen<\/li>\n<li>normal fettoms\u00e4ttning<\/li>\n<li>att bibeh\u00e5lla normal leverfunktion<\/li>\n<li>normal syntes och oms\u00e4ttning av steroidhormoner, vitamin D och vissa neurotransmittorer<\/li>\n<li>normal mental prestationsf\u00f6rm\u00e5ga<\/li>\n<li>att bibeh\u00e5lla normala r\u00f6da blodkroppar<\/li>\n<li>att bibeh\u00e5lla normal synf\u00f6rm\u00e5ga<\/li>\n<li>normal j\u00e4rnoms\u00e4ttning<\/li>\n<li>att skydda cellerna mot oxidativ stress<\/li>\n<li>normal hj\u00e4rtfunktion<\/li>\n<li>normal cysteinsyntes<\/li>\n<li>normal protein- och glykogenoms\u00e4ttning<\/li>\n<li>att reglera hormonaktiviteten<\/li>\n<li>har en roll i celldelningsprocessen<\/li>\n<\/ul>\n<p><strong>Dosering:\u00a0<\/strong>1 kapsel\/dag i samband med m\u00e5ltid.<\/p>\n<table style=\"height: 80px;\" border=\"1\" width=\"600\" cellspacing=\"0\" cellpadding=\"0\">\n<tbody>\n<tr>\n<td style=\"width: 15.0968%;\"><strong>1 kapsel inneh\u00e5ller:<\/strong><\/td>\n<td style=\"width: 10.983%;\"><strong>M\u00e4ngd<\/strong><\/td>\n<td style=\"width: 11.3609%;\"><strong>*%DRI<\/strong><\/td>\n<\/tr>\n<tr>\n<td style=\"width: 15.0968%;\" width=\"85\">Tiamin (B1)<\/td>\n<td style=\"width: 10.983%;\" width=\"38\">50 mg<\/td>\n<td style=\"width: 11.3609%;\" width=\"38\">\u00a04545 %<\/td>\n<\/tr>\n<tr>\n<td style=\"width: 15.0968%;\" width=\"85\">Riboflavin (B2)<\/td>\n<td style=\"width: 10.983%;\" width=\"38\">50 mg<\/td>\n<td style=\"width: 11.3609%;\" width=\"38\">\u00a03571 %<\/td>\n<\/tr>\n<tr>\n<td style=\"width: 15.0968%;\" width=\"85\">Niacin (B3)<\/td>\n<td style=\"width: 10.983%;\" width=\"38\">50 mg<\/td>\n<td style=\"width: 11.3609%;\" width=\"38\">\u00a0312 %<\/td>\n<\/tr>\n<tr>\n<td style=\"width: 15.0968%;\" width=\"85\">Vitamin B5<\/td>\n<td style=\"width: 10.983%;\" width=\"38\">50 mg<\/td>\n<td style=\"width: 11.3609%;\" width=\"38\">\u00a0833 %<\/td>\n<\/tr>\n<tr>\n<td style=\"width: 15.0968%;\" width=\"85\">Vitamin B6<\/td>\n<td style=\"width: 10.983%;\" width=\"38\">10 mg<\/td>\n<td style=\"width: 11.3609%;\" width=\"38\">\u00a0714 %<\/td>\n<\/tr>\n<tr>\n<td style=\"width: 15.0968%;\" width=\"85\">Vitamin B12<\/td>\n<td style=\"width: 10.983%;\" width=\"38\">300 \u00b5g<\/td>\n<td style=\"width: 11.3609%;\" width=\"38\">12000 %<\/td>\n<\/tr>\n<tr>\n<td style=\"width: 15.0968%;\" width=\"85\">Folsyra (Metyl folat, 5-mthf)<\/td>\n<td style=\"width: 10.983%;\" width=\"38\">200 \u00b5g<\/td>\n<td style=\"width: 11.3609%;\" width=\"38\">100 %<\/td>\n<\/tr>\n<tr>\n<td style=\"width: 15.0968%;\" width=\"85\">Biotin<\/td>\n<td style=\"width: 10.983%;\" width=\"38\">50 \u00b5g<\/td>\n<td style=\"width: 11.3609%;\" width=\"38\">100 %<\/td>\n<\/tr>\n<tr>\n<td style=\"width: 15.0968%;\" width=\"85\">Kolin<\/td>\n<td style=\"width: 10.983%;\" width=\"38\">20 mg<\/td>\n<td style=\"width: 11.3609%;\" width=\"38\">**<\/td>\n<\/tr>\n<tr>\n<td style=\"width: 15.0968%;\" width=\"85\">Inositol<\/td>\n<td style=\"width: 10.983%;\" width=\"38\">50 mg<\/td>\n<td style=\"width: 11.3609%;\" width=\"38\">**<\/td>\n<\/tr>\n<tr>\n<td style=\"width: 15.0968%;\" width=\"85\">Metionin<\/td>\n<td style=\"width: 10.983%;\" width=\"38\">20 mg<\/td>\n<td style=\"width: 11.3609%;\" width=\"38\">**<\/td>\n<\/tr>\n<\/tbody>\n<\/table>\n<p><strong>* DRI \u00e4r dagligt referensintag. **DRI ej fastst\u00e4lld.<\/strong><\/p>\n<p><strong>Ingredienser<\/strong>: Tiamin (tiaminmononitrat), fyllnadsmedel (mikrokristallin cellulosa, L-leucin), pantotensyra (D-kalcium pantotenat), inositol, riboflavin (riboflavin-5-sodium fosfat), niacin (nikotinamid), kolin, L-metionin, vitamin B6 (pyridoxal-5-fosfat), klumpf\u00f6rebyggande medel (kiseldioxid), vitamin B12 (metylkobalamin), folsyra (L-5-metyltetrahydrofolat), biotin, kapsel (hydroxipropylmetylcellulosa).<\/p>\n<p><strong>Anm\u00e4rkning:\u00a0<\/strong>\u00d6vre gr\u00e4nsen f\u00f6r dagligt rekommenderat intag \u00f6verskrids. Preparatet \u00e4r \u00e4mnat f\u00f6r korttidsbruk 1-3 m\u00e5nader.<\/p>\n<p>Rekommenderad daglig dos b\u00f6r ej \u00f6verskridas.<br \/>\nKosttillskott ers\u00e4tter inte en varierad kost.<br \/>\nProdukten f\u00f6rvaras o\u00e5tkomligt f\u00f6r sm\u00e5 barn.<\/p>\n","protected":false},"excerpt":{"rendered":"<p>Varje kapsel ger metylerade B-vitaminer i enlighet med synergi- och bredspektrumprincipen.<\/p>\n<p><strong>60 kapslar<\/strong><\/p>\n","protected":false},"featured_media":500103509,"comment_status":"open","ping_status":"closed","template":"","meta":{"_kad_blocks_custom_css":"","_kad_blocks_head_custom_js":"","_kad_blocks_body_custom_js":"","_kad_blocks_footer_custom_js":"","_kadence_starter_templates_imported_post":false,"_kad_post_transparent":"default","_kad_post_title":"","_kad_post_layout":"default","_kad_post_sidebar_id":"","_kad_post_content_style":"default","_kad_post_vertical_padding":"default","_kad_post_feature":"","_kad_post_feature_position":"","_kad_post_header":false,"_kad_post_footer":false,"_kad_post_classname":""},"product_brand":[],"product_cat":[348,329,349,2806,146,1307,278],"product_tag":[239,698,699],"class_list":{"0":"post-9454","1":"product","2":"type-product","3":"status-publish","4":"has-post-thumbnail","6":"product_cat-b-vitamin","7":"product_cat-hjarna-och-minne","8":"product_cat-jarn","9":"product_cat-multi-vitamin","10":"product_cat-stressad-och-trott","11":"product_cat-synergos","12":"product_cat-traning","13":"product_tag-b-vitamin","14":"product_tag-b-vitamin-complex","15":"product_tag-metylerad-b-complex","17":"first","18":"instock","19":"taxable","20":"shipping-taxable","21":"purchasable","22":"product-type-simple","23":"entry","24":"content-bg","25":"loop-entry"},"taxonomy_info":{"product_cat":[{"value":348,"label":"B-vitamin"},{"value":329,"label":"Hj\u00e4rna &amp; Minne"},{"value":349,"label":"J\u00e4rn"},{"value":2806,"label":"Multi-vitamin"},{"value":146,"label":"Stressad &amp; Tr\u00f6tt"},{"value":1307,"label":"Synergos"},{"value":278,"label":"Tr\u00e4ning"}],"product_tag":[{"value":239,"label":"b vitamin"},{"value":698,"label":"b vitamin complex"},{"value":699,"label":"Metylerad B complex"}]},"featured_image_src_large":["https:\/\/vitaminbutiken.com\/wp-content\/uploads\/2025\/03\/207-D-B-complex-metylerad-Photoroom-e1769602688915-780x700.png",780,700,true],"author_info":[],"comment_info":0,"_links":{"self":[{"href":"https:\/\/vitaminbutiken.com\/fi\/wp-json\/wp\/v2\/product\/9454","targetHints":{"allow":["GET"]}}],"collection":[{"href":"https:\/\/vitaminbutiken.com\/fi\/wp-json\/wp\/v2\/product"}],"about":[{"href":"https:\/\/vitaminbutiken.com\/fi\/wp-json\/wp\/v2\/types\/product"}],"replies":[{"embeddable":true,"href":"https:\/\/vitaminbutiken.com\/fi\/wp-json\/wp\/v2\/comments?post=9454"}],"wp:featuredmedia":[{"embeddable":true,"href":"https:\/\/vitaminbutiken.com\/fi\/wp-json\/wp\/v2\/media\/500103509"}],"wp:attachment":[{"href":"https:\/\/vitaminbutiken.com\/fi\/wp-json\/wp\/v2\/media?parent=9454"}],"wp:term":[{"taxonomy":"product_brand","embeddable":true,"href":"https:\/\/vitaminbutiken.com\/fi\/wp-json\/wp\/v2\/product_brand?post=9454"},{"taxonomy":"product_cat","embeddable":true,"href":"https:\/\/vitaminbutiken.com\/fi\/wp-json\/wp\/v2\/product_cat?post=9454"},{"taxonomy":"product_tag","embeddable":true,"href":"https:\/\/vitaminbutiken.com\/fi\/wp-json\/wp\/v2\/product_tag?post=9454"}],"curies":[{"name":"wp","href":"https:\/\/api.w.org\/{rel}","templated":true}]}}