{"id":9444,"date":"2025-03-19T15:56:10","date_gmt":"2025-03-19T13:56:10","guid":{"rendered":"https:\/\/vitaminbutiken.multi.fi\/?post_type=product&#038;p=9444"},"modified":"2026-04-09T10:20:12","modified_gmt":"2026-04-09T08:20:12","slug":"biotin-synergos","status":"publish","type":"product","link":"https:\/\/vitaminbutiken.com\/fi\/produkt\/biotin-synergos\/","title":{"rendered":"Biotin Synergos"},"content":{"rendered":"<p><strong>Biotin Synergos<\/strong> \u00e4r ett bredspektrum synergimedel.<\/p>\n<p>Biotin \u00e4r ett svavelinneh\u00e5llande vattenl\u00f6sligt vitamin som r\u00e4knas till B-gruppen.<\/p>\n<p><strong>Biotin bidrar till:<\/strong><\/p>\n<ul>\n<li>att bibeh\u00e5lla normala <strong>slemhinnor<\/strong><\/li>\n<li>att bibeh\u00e5lla normal <strong>hud<\/strong><\/li>\n<li>att bibeh\u00e5lla normalt <strong>h\u00e5r<\/strong><\/li>\n<li>normal psykologisk funktion<\/li>\n<li>normal oms\u00e4ttning av makron\u00e4rings\u00e4mnen<\/li>\n<li>nervsystemets normala funktion<\/li>\n<li>normal energioms\u00e4ttning<\/li>\n<\/ul>\n<p><strong>Dosering:\u00a0<\/strong>1 kapsel 2 g\u00e5nger per dag i samband med m\u00e5ltid.<\/p>\n<table style=\"height: 80px;\" border=\"1\" width=\"600\" cellspacing=\"0\" cellpadding=\"0\">\n<tbody>\n<tr>\n<td style=\"width: 14.624%;\"><strong>2 kapslar inneh\u00e5ller:<\/strong><\/td>\n<td style=\"width: 11.9375%;\"><strong>M\u00e4ngd<\/strong><\/td>\n<td style=\"width: 6.06197%;\"><strong>*%DRI<\/strong><\/td>\n<\/tr>\n<tr>\n<td style=\"width: 14.624%;\">Tiamin (B1)<\/td>\n<td style=\"width: 11.9375%;\">10 mg<\/td>\n<td style=\"width: 6.06197%;\">910 %<\/td>\n<\/tr>\n<tr>\n<td style=\"width: 14.624%;\">Riboflavin (B2)<\/td>\n<td style=\"width: 11.9375%;\">10 mg<\/td>\n<td style=\"width: 6.06197%;\">714 %<\/td>\n<\/tr>\n<tr>\n<td style=\"width: 14.624%;\">Niacin (B3)<\/td>\n<td style=\"width: 11.9375%;\">60 mg<\/td>\n<td style=\"width: 6.06197%;\">3 750 %<\/td>\n<\/tr>\n<tr>\n<td style=\"width: 14.624%;\">Pantotensyra (B5)<\/td>\n<td style=\"width: 11.9375%;\">40 mg<\/td>\n<td style=\"width: 6.06197%;\">667 %<\/td>\n<\/tr>\n<tr>\n<td style=\"width: 14.624%;\">Vitamin B6<\/td>\n<td style=\"width: 11.9375%;\">10 mg<\/td>\n<td style=\"width: 6.06197%;\">714 %<\/td>\n<\/tr>\n<tr>\n<td style=\"width: 14.624%;\">Vitamin B12<\/td>\n<td style=\"width: 11.9375%;\">100 mcg<\/td>\n<td style=\"width: 6.06197%;\">4 000 %<\/td>\n<\/tr>\n<tr>\n<td style=\"width: 14.624%;\">Folsyra<\/td>\n<td style=\"width: 11.9375%;\">80 mcg<\/td>\n<td style=\"width: 6.06197%;\">40 %<\/td>\n<\/tr>\n<tr>\n<td style=\"width: 14.624%;\">Biotin<\/td>\n<td style=\"width: 11.9375%;\">1 000 mcg<\/td>\n<td style=\"width: 6.06197%;\">2 000 %<\/td>\n<\/tr>\n<tr>\n<td style=\"width: 14.624%;\">Kolin<\/td>\n<td style=\"width: 11.9375%;\">100 mg<\/td>\n<td style=\"width: 6.06197%;\">**<\/td>\n<\/tr>\n<tr>\n<td style=\"width: 14.624%;\">PABA<\/td>\n<td style=\"width: 11.9375%;\">50 mg<\/td>\n<td style=\"width: 6.06197%;\">**<\/td>\n<\/tr>\n<tr>\n<td style=\"width: 14.624%;\">Inositol<\/td>\n<td style=\"width: 11.9375%;\">50 mg<\/td>\n<td style=\"width: 6.06197%;\">**<\/td>\n<\/tr>\n<tr>\n<td style=\"width: 14.624%;\">Zink<\/td>\n<td style=\"width: 11.9375%;\">6 mg<\/td>\n<td style=\"width: 6.06197%;\">60 %<\/td>\n<\/tr>\n<\/tbody>\n<\/table>\n<p><strong>*DRI \u00e4r dagligt referensintag. **DRI ej fastst\u00e4lld.<\/strong><\/p>\n<p><strong>Ingredienser:<\/strong> Fyllnadsmedel (mikrokristallin cellulosa), kolin, niacin (nikotinamid), inositol, PABA, pantotensyra (kalcium-D-pantotenat), zink (zinkcitrat), tiamin, vitamin B6 (pyridoxinhydroklorid), riboflavin, vitamin B12 (cyanokobalamin), klumpf\u00f6rebyggande medel (magnesiumsalter av fettsyror, kiseldioxid), biotin, folsyra (pteroylmonoglutaminsyra).<\/p>\n<p>Rekommenderad daglig dos b\u00f6r ej \u00f6verskridas.<br \/>\nKosttillskott ers\u00e4tter inte en varierad kost.<br \/>\nProdukten f\u00f6rvaras o\u00e5tkomligt f\u00f6r sm\u00e5 barn.<\/p>\n","protected":false},"excerpt":{"rendered":"<p>Biotin Synergos \u00e4r ett bredspektrum synergimedel.<\/p>\n<p><strong>60 kapslar<\/strong><\/p>\n","protected":false},"featured_media":500103587,"comment_status":"open","ping_status":"closed","template":"","meta":{"_kad_blocks_custom_css":"","_kad_blocks_head_custom_js":"","_kad_blocks_body_custom_js":"","_kad_blocks_footer_custom_js":"","_kadence_starter_templates_imported_post":false,"_kad_post_transparent":"default","_kad_post_title":"","_kad_post_layout":"default","_kad_post_sidebar_id":"","_kad_post_content_style":"default","_kad_post_vertical_padding":"default","_kad_post_feature":"","_kad_post_feature_position":"","_kad_post_header":false,"_kad_post_footer":false,"_kad_post_classname":""},"product_brand":[],"product_cat":[348,195,2822,2806,1307,155],"product_tag":[674,205,675,676,677,457,678,208,679,680,357,681,302,213,682,585,221,683,684,574,685,226,393,686,406,229,687,688,537,234,689,690,235],"class_list":{"0":"post-9444","1":"product","2":"type-product","3":"status-publish","4":"has-post-thumbnail","6":"product_cat-b-vitamin","7":"product_cat-hud-skonhet","8":"product_cat-multi-produkter","9":"product_cat-multi-vitamin","10":"product_cat-synergos","11":"product_cat-vitaminer","12":"product_tag-alopeci","13":"product_tag-antioxidant","14":"product_tag-att-starka-har","15":"product_tag-bindhinnekatarr","16":"product_tag-biotin-synergos","17":"product_tag-candida","18":"product_tag-celltillvaxt","19":"product_tag-dalig-harkvalitet","20":"product_tag-dalig-nagelkvalitet","21":"product_tag-dalig-tarmflora","22":"product_tag-depression","23":"product_tag-diabetes","24":"product_tag-eksem","25":"product_tag-haravfall","26":"product_tag-haravfall-ogonbryn","27":"product_tag-inlarningssvarigheter","28":"product_tag-naturtillskott","29":"product_tag-omsattning-av-aminosyror","30":"product_tag-omsattningen-av-fett","31":"product_tag-overvikt","32":"product_tag-produktion-av-fettsyror","33":"product_tag-psoriasis","34":"product_tag-reumatoid-artrit","35":"product_tag-seborroiskt-eksem","36":"product_tag-sle","37":"product_tag-starka-immunforsvar","38":"product_tag-starka-naglar","39":"product_tag-svart-att-ga-ned-i-vikt","40":"product_tag-vattenlosligt-vitamin","41":"product_tag-vitamin","42":"product_tag-vitamin-b7","43":"product_tag-vitamin-h","44":"product_tag-vitaminer","46":"first","47":"instock","48":"taxable","49":"shipping-taxable","50":"purchasable","51":"product-type-simple","52":"entry","53":"content-bg","54":"loop-entry"},"taxonomy_info":{"product_cat":[{"value":348,"label":"B-vitamin"},{"value":195,"label":"Hud &amp; Sk\u00f6nhet"},{"value":2822,"label":"Multi produkter"},{"value":2806,"label":"Multi-vitamin"},{"value":1307,"label":"Synergos"},{"value":155,"label":"Vitaminer"}],"product_tag":[{"value":674,"label":"alopeci"},{"value":205,"label":"antioxidant"},{"value":675,"label":"att st\u00e4rka h\u00e5r"},{"value":676,"label":"Bindhinnekatarr"},{"value":677,"label":"biotin synergos"},{"value":457,"label":"candida"},{"value":678,"label":"celltillv\u00e4xt"},{"value":208,"label":"d\u00e5lig h\u00e5rkvalitet"},{"value":679,"label":"d\u00e5lig nagelkvalitet"},{"value":680,"label":"d\u00e5lig tarmflora"},{"value":357,"label":"depression"},{"value":681,"label":"diabetes"},{"value":302,"label":"eksem"},{"value":213,"label":"h\u00e5ravfall"},{"value":682,"label":"h\u00e5ravfall \u00f6gonbryn"},{"value":585,"label":"inl\u00e4rningssv\u00e5righeter"},{"value":221,"label":"naturtillskott"},{"value":683,"label":"oms\u00e4ttning av aminosyror"},{"value":684,"label":"oms\u00e4ttningen av fett"},{"value":574,"label":"\u00f6vervikt"},{"value":685,"label":"produktion av fettsyror"},{"value":226,"label":"psoriasis"},{"value":393,"label":"reumatoid artrit"},{"value":686,"label":"seborroiskt eksem"},{"value":406,"label":"SLE"},{"value":229,"label":"st\u00e4rka immunf\u00f6rsvar"},{"value":687,"label":"st\u00e4rka naglar"},{"value":688,"label":"sv\u00e5rt att g\u00e5 ned i vikt"},{"value":537,"label":"vattenl\u00f6sligt vitamin"},{"value":234,"label":"vitamin"},{"value":689,"label":"vitamin B7"},{"value":690,"label":"vitamin H"},{"value":235,"label":"vitaminer"}]},"featured_image_src_large":["https:\/\/vitaminbutiken.com\/wp-content\/uploads\/2025\/03\/236-Biotin-Synergos-Photoroom-e1769769956556-610x700.png",610,700,true],"author_info":[],"comment_info":0,"_links":{"self":[{"href":"https:\/\/vitaminbutiken.com\/fi\/wp-json\/wp\/v2\/product\/9444","targetHints":{"allow":["GET"]}}],"collection":[{"href":"https:\/\/vitaminbutiken.com\/fi\/wp-json\/wp\/v2\/product"}],"about":[{"href":"https:\/\/vitaminbutiken.com\/fi\/wp-json\/wp\/v2\/types\/product"}],"replies":[{"embeddable":true,"href":"https:\/\/vitaminbutiken.com\/fi\/wp-json\/wp\/v2\/comments?post=9444"}],"wp:featuredmedia":[{"embeddable":true,"href":"https:\/\/vitaminbutiken.com\/fi\/wp-json\/wp\/v2\/media\/500103587"}],"wp:attachment":[{"href":"https:\/\/vitaminbutiken.com\/fi\/wp-json\/wp\/v2\/media?parent=9444"}],"wp:term":[{"taxonomy":"product_brand","embeddable":true,"href":"https:\/\/vitaminbutiken.com\/fi\/wp-json\/wp\/v2\/product_brand?post=9444"},{"taxonomy":"product_cat","embeddable":true,"href":"https:\/\/vitaminbutiken.com\/fi\/wp-json\/wp\/v2\/product_cat?post=9444"},{"taxonomy":"product_tag","embeddable":true,"href":"https:\/\/vitaminbutiken.com\/fi\/wp-json\/wp\/v2\/product_tag?post=9444"}],"curies":[{"name":"wp","href":"https:\/\/api.w.org\/{rel}","templated":true}]}}