{"id":9434,"date":"2025-03-19T15:55:44","date_gmt":"2025-03-19T13:55:44","guid":{"rendered":"https:\/\/vitaminbutiken.multi.fi\/?post_type=product&#038;p=9434"},"modified":"2026-04-01T09:47:15","modified_gmt":"2026-04-01T07:47:15","slug":"radix-astragalus","status":"publish","type":"product","link":"https:\/\/vitaminbutiken.com\/fi\/produkt\/radix-astragalus\/","title":{"rendered":"Radix Astragalus"},"content":{"rendered":"<p data-start=\"1172\" data-end=\"1478\">Radix Astragalus, \u00e4ven k\u00e4nd som astragalusrot, \u00e4r en klassisk \u00f6rt med en l\u00e5ng historia inom traditionell kinesisk v\u00e4xtanv\u00e4ndning. Den har i generationer uppskattats f\u00f6r sina naturliga egenskaper och sitt inneh\u00e5ll av bioaktiva v\u00e4xt\u00e4mnen, och anv\u00e4nds idag som ett popul\u00e4rt tillskott i en balanserad livsstil.<\/p>\n<p data-start=\"1480\" data-end=\"1696\">I kapselform blir astragalusrot enkel att anv\u00e4nda i vardagen. Ett smidigt alternativ f\u00f6r dig som vill inkludera traditionella \u00f6rter i din dagliga rutin p\u00e5 ett modernt och praktiskt s\u00e4tt.<\/p>\n<p data-start=\"1698\" data-end=\"1870\">Radix Astragalus kombinerar urgammal kunskap med dagens bekv\u00e4mlighet och passar dig som s\u00f6ker ett naturligt, v\u00e4xtbaserat tillskott som en del av din h\u00e4lsomedvetna livsstil.<\/p>\n<p><strong>Dosering:<\/strong> 1 kapsel 2 g\u00e5nger per dag.<\/p>\n<table style=\"height: 80px;\" border=\"1\" width=\"600\" cellspacing=\"0\" cellpadding=\"0\">\n<tbody>\n<tr>\n<td style=\"width: 11.1473%;\"><strong>2 kapslar inneh\u00e5ller:<\/strong><\/td>\n<td style=\"width: 4.77661%;\"><strong>M\u00e4ngd<\/strong><\/td>\n<td style=\"width: 4.77661%;\"><strong>*DRI%<\/strong><\/td>\n<\/tr>\n<tr>\n<td style=\"width: 11.1473%;\">Radix Astragalus extrakt<\/td>\n<td style=\"width: 4.77661%;\">1000 mg<\/td>\n<td style=\"width: 4.77661%;\">**<\/td>\n<\/tr>\n<\/tbody>\n<\/table>\n<p><strong>**DRI (dagligt referensintag) ej fastst\u00e4llt.<\/strong><\/p>\n<p><strong>Ingredienser:<\/strong>Astragalus Extrakt (10:1), fyllnadsmedel (mikrokristallin cellulosa), klumpf\u00f6rebyggande medel (magnesiumsalter av fettsyror), kapsel (hydroxipropylmetylcellulosa).<\/p>\n<p>Rekommenderad daglig dos b\u00f6r ej \u00f6verskridas.<br \/>\nF\u00f6rvaras o\u00e5tkomligt f\u00f6r barn.<br \/>\nKosttillskott ers\u00e4tter inte en varierad kost.<\/p>\n","protected":false},"excerpt":{"rendered":"<p>Radix Astragalus (astragalusrot) \u00e4r ett v\u00e4xtbaserat kosttillskott med l\u00e5ng tradition inom kinesisk \u00f6rtanv\u00e4ndning. I kapselform f\u00e5r du ett enkelt och praktiskt s\u00e4tt att inkludera \u00f6rten i din dagliga rutin. Ett naturligt val f\u00f6r en balanserad livsstil.<\/p>\n<p><strong>60 kapslar<\/strong><\/p>\n","protected":false},"featured_media":500103769,"comment_status":"open","ping_status":"closed","template":"","meta":{"_kad_blocks_custom_css":"","_kad_blocks_head_custom_js":"","_kad_blocks_body_custom_js":"","_kad_blocks_footer_custom_js":"","_kadence_starter_templates_imported_post":false,"_kad_post_transparent":"default","_kad_post_title":"","_kad_post_layout":"default","_kad_post_sidebar_id":"","_kad_post_content_style":"default","_kad_post_vertical_padding":"default","_kad_post_feature":"","_kad_post_feature_position":"","_kad_post_header":false,"_kad_post_footer":false,"_kad_post_classname":""},"product_brand":[],"product_cat":[149,176,431,1307],"product_tag":[638],"class_list":{"0":"post-9434","1":"product","2":"type-product","3":"status-publish","4":"has-post-thumbnail","6":"product_cat-orter","7":"product_cat-immunforsvar","8":"product_cat-mage-tarm","9":"product_cat-synergos","10":"product_tag-radix-astragalus","12":"first","13":"instock","14":"taxable","15":"shipping-taxable","16":"purchasable","17":"product-type-simple","18":"entry","19":"content-bg","20":"loop-entry"},"taxonomy_info":{"product_cat":[{"value":149,"label":"\u00d6rter"},{"value":176,"label":"Immunf\u00f6rsvar"},{"value":431,"label":"Mage &amp; Tarm"},{"value":1307,"label":"Synergos"}],"product_tag":[{"value":638,"label":"Radix Astragalus"}]},"featured_image_src_large":["https:\/\/vitaminbutiken.com\/wp-content\/uploads\/2025\/03\/472-Radix-Astragalus-Photoroom-e1771325368593-843x700.png",843,700,true],"author_info":[],"comment_info":0,"_links":{"self":[{"href":"https:\/\/vitaminbutiken.com\/fi\/wp-json\/wp\/v2\/product\/9434","targetHints":{"allow":["GET"]}}],"collection":[{"href":"https:\/\/vitaminbutiken.com\/fi\/wp-json\/wp\/v2\/product"}],"about":[{"href":"https:\/\/vitaminbutiken.com\/fi\/wp-json\/wp\/v2\/types\/product"}],"replies":[{"embeddable":true,"href":"https:\/\/vitaminbutiken.com\/fi\/wp-json\/wp\/v2\/comments?post=9434"}],"wp:featuredmedia":[{"embeddable":true,"href":"https:\/\/vitaminbutiken.com\/fi\/wp-json\/wp\/v2\/media\/500103769"}],"wp:attachment":[{"href":"https:\/\/vitaminbutiken.com\/fi\/wp-json\/wp\/v2\/media?parent=9434"}],"wp:term":[{"taxonomy":"product_brand","embeddable":true,"href":"https:\/\/vitaminbutiken.com\/fi\/wp-json\/wp\/v2\/product_brand?post=9434"},{"taxonomy":"product_cat","embeddable":true,"href":"https:\/\/vitaminbutiken.com\/fi\/wp-json\/wp\/v2\/product_cat?post=9434"},{"taxonomy":"product_tag","embeddable":true,"href":"https:\/\/vitaminbutiken.com\/fi\/wp-json\/wp\/v2\/product_tag?post=9434"}],"curies":[{"name":"wp","href":"https:\/\/api.w.org\/{rel}","templated":true}]}}