{"id":9424,"date":"2025-03-19T15:55:15","date_gmt":"2025-03-19T13:55:15","guid":{"rendered":"https:\/\/vitaminbutiken.multi.fi\/?post_type=product&#038;p=9424"},"modified":"2026-04-10T11:35:24","modified_gmt":"2026-04-10T09:35:24","slug":"jarn-med-synergister-ferro-plus","status":"publish","type":"product","link":"https:\/\/vitaminbutiken.com\/fi\/produkt\/jarn-med-synergister-ferro-plus\/","title":{"rendered":"Ferro Plus &#8211; J\u00e4rn"},"content":{"rendered":"<p><strong>J\u00e4rn med synergister &#8211; Ferro Plus<\/strong><\/p>\n<p>Ferroplus \u00e4r ett bredspektrum synergimedel j\u00e4rntillskott. Varje kapsel ger 20 mg element\u00e4rt j\u00e4rn tillsammans med en rad j\u00e4rnsynergister. Ferro Plus best\u00e5r av en kombination av tv\u00e5v\u00e4rt j\u00e4rn och olika hj\u00e4lp\u00e4mnen som beh\u00f6vs f\u00f6r ett fungerande upptag av j\u00e4rn. Detta preparat \u00e4r baserat p\u00e5 den s\u00e5 kallade synergiprincipen.<\/p>\n<p>Ferroplus \u00e4r ett j\u00e4rntillskott med n\u00e4ssla, kelp, C-vitamin och zink.<\/p>\n<p><strong>J\u00e4rn bidrar till:<\/strong><\/p>\n<ul>\n<li>normal kognitiv funktion<\/li>\n<li>normal energioms\u00e4ttning<\/li>\n<li>normal bildning av r\u00f6da blodkroppar och hemoglobin<\/li>\n<li>normal syretransport i kroppen<\/li>\n<li>immunsystemets normala funktion<\/li>\n<li>att minska tr\u00f6tthet och utmattning<\/li>\n<li>har en roll i celldelningsprocessen<\/li>\n<\/ul>\n<p><strong>Dosering: <\/strong>2 kapslar\u00a0per dag i samband med m\u00e5ltid.<\/p>\n<table style=\"height: 80px;\" border=\"1\" width=\"600\" cellspacing=\"0\" cellpadding=\"0\">\n<tbody>\n<tr>\n<td style=\"width: 17.2775%;\"><strong>2 kapslar inneh\u00e5ller:<\/strong><\/td>\n<td style=\"width: 6.59079%;\"><strong>M\u00e4ngd<\/strong><\/td>\n<td style=\"width: 7.0794%;\"><strong>*DRI%<\/strong><\/td>\n<\/tr>\n<tr>\n<td style=\"width: 17.2775%;\">J\u00e4rn<\/td>\n<td style=\"width: 6.59079%;\">40 mg<\/td>\n<td style=\"width: 7.0794%;\">285 %<\/td>\n<\/tr>\n<tr>\n<td style=\"width: 17.2775%;\">Zink<\/td>\n<td style=\"width: 6.59079%;\">10 mg<\/td>\n<td style=\"width: 7.0794%;\">100 %<\/td>\n<\/tr>\n<tr>\n<td style=\"width: 17.2775%;\">Jod<\/td>\n<td style=\"width: 6.59079%;\">80 mcg<\/td>\n<td style=\"width: 7.0794%;\">53 %<\/td>\n<\/tr>\n<tr>\n<td style=\"width: 17.2775%;\">C-vitamin<\/td>\n<td style=\"width: 6.59079%;\">100 mg<\/td>\n<td style=\"width: 7.0794%;\">125 %<\/td>\n<\/tr>\n<tr>\n<td style=\"width: 17.2775%;\">Extrakt av n\u00e4ssla<\/td>\n<td style=\"width: 6.59079%;\">25 mg<\/td>\n<td style=\"width: 7.0794%;\">**<\/td>\n<\/tr>\n<tr>\n<td style=\"width: 17.2775%;\">Kelp<\/td>\n<td style=\"width: 6.59079%;\">40 mg<\/td>\n<td style=\"width: 7.0794%;\">**<\/td>\n<\/tr>\n<\/tbody>\n<\/table>\n<p><strong>* DRI \u00e4r dagligt referensintag. ** DRI\u00a0ej fastst\u00e4lld.<\/strong><\/p>\n<p><strong>Ingredienser: <\/strong>Fyllnadsmedel (mikrokristallin cellulosa), kapsel (hydroxipropylmetylcellulosa), j\u00e4rn (j\u00e4rnfumarat), vitamin C (askorbinsyra), kelp (fucus vesiculosus, stj\u00e4lk) 0,2 % jod, zink (zinksulfat), n\u00e4ssla extrakt 4:1 (urtica dioica, rot), klumpf\u00f6rebyggande medel (magnesiumsalter av fettsyror, kiseldioxid).<\/p>\n<p>Rekommenderad daglig dos b\u00f6r ej \u00f6verskridas.<br \/>\nKosttillskott b\u00f6r inte anv\u00e4ndas som ett alternativ till en varierad och balanserad kost och en h\u00e4lsosam livsstil.<br \/>\nProdukten f\u00f6rvaras o\u00e5tkomligt f\u00f6r sm\u00e5 barn.<\/p>\n","protected":false},"excerpt":{"rendered":"<p>Ferro Plus best\u00e5r av en kombination av tv\u00e5v\u00e4rt j\u00e4rn och olika hj\u00e4lp\u00e4mnen som beh\u00f6vs f\u00f6r ett fungerande upptag av j\u00e4rn.<\/p>\n<ul>\n<li>\u00a0Med n\u00e4ssla, kelp, C-vitamin och zink.<\/li>\n<\/ul>\n<p><strong>120 kapslar<\/strong><\/p>\n","protected":false},"featured_media":500103469,"comment_status":"open","ping_status":"closed","template":"","meta":{"_kad_blocks_custom_css":"","_kad_blocks_head_custom_js":"","_kad_blocks_body_custom_js":"","_kad_blocks_footer_custom_js":"","_kadence_starter_templates_imported_post":false,"_kad_post_transparent":"default","_kad_post_title":"","_kad_post_layout":"default","_kad_post_sidebar_id":"","_kad_post_content_style":"default","_kad_post_vertical_padding":"default","_kad_post_feature":"","_kad_post_feature_position":"","_kad_post_header":false,"_kad_post_footer":false,"_kad_post_classname":""},"product_brand":[],"product_cat":[176,349,2822,146,1307],"product_tag":[606,432,205,607,583,608,609,332,610,213,306,611,612,362,613,365,614,221,615,272,616,617,618,619,620,621,229,622,233,623,580,624,172,234,235],"class_list":{"0":"post-9424","1":"product","2":"type-product","3":"status-publish","4":"has-post-thumbnail","6":"product_cat-immunforsvar","7":"product_cat-jarn","8":"product_cat-multi-produkter","9":"product_cat-stressad-och-trott","10":"product_cat-synergos","11":"product_tag-andfaddhet","12":"product_tag-anemi","13":"product_tag-antioxidant","14":"product_tag-blek-hy","15":"product_tag-daligt-minne","16":"product_tag-energibrist","17":"product_tag-ferro-plus","18":"product_tag-forhojda-kolesterolvarden","19":"product_tag-forstorad-mjalte","20":"product_tag-haravfall","21":"product_tag-hogt-kolesterol","22":"product_tag-hoja-jarnvardet","23":"product_tag-hypotyreos","24":"product_tag-jarnbrist","25":"product_tag-jarnvardet","26":"product_tag-lagt-hb","27":"product_tag-muskeltrotthet","28":"product_tag-naturtillskott","29":"product_tag-nedsatt-avgiftning","30":"product_tag-nedsatt-immunforsvar","31":"product_tag-nedsatt-korttidsminne","32":"product_tag-pica","33":"product_tag-riklig-mens","34":"product_tag-riklig-mensblodning","35":"product_tag-salt-sug","36":"product_tag-saltsugen","37":"product_tag-starka-immunforsvar","38":"product_tag-svaga-muskler","39":"product_tag-trotthet","40":"product_tag-trotthet-i-muskler","41":"product_tag-underfunktion-i-skoldkorteln","42":"product_tag-utmattad","43":"product_tag-utmattning","44":"product_tag-vitamin","45":"product_tag-vitaminer","47":"first","48":"instock","49":"taxable","50":"shipping-taxable","51":"purchasable","52":"product-type-simple","53":"entry","54":"content-bg","55":"loop-entry"},"taxonomy_info":{"product_cat":[{"value":176,"label":"Immunf\u00f6rsvar"},{"value":349,"label":"J\u00e4rn"},{"value":2822,"label":"Multi produkter"},{"value":146,"label":"Stressad &amp; Tr\u00f6tt"},{"value":1307,"label":"Synergos"}],"product_tag":[{"value":606,"label":"andf\u00e5ddhet"},{"value":432,"label":"anemi"},{"value":205,"label":"antioxidant"},{"value":607,"label":"blek hy"},{"value":583,"label":"d\u00e5ligt minne"},{"value":608,"label":"energibrist"},{"value":609,"label":"ferro plus"},{"value":332,"label":"f\u00f6rh\u00f6jda kolesterolv\u00e4rden"},{"value":610,"label":"f\u00f6rstorad mj\u00e4lte"},{"value":213,"label":"h\u00e5ravfall"},{"value":306,"label":"h\u00f6gt kolesterol"},{"value":611,"label":"h\u00f6ja j\u00e4rnv\u00e4rdet"},{"value":612,"label":"hypotyreos"},{"value":362,"label":"j\u00e4rnbrist"},{"value":613,"label":"j\u00e4rnv\u00e4rdet"},{"value":365,"label":"l\u00e5gt hb"},{"value":614,"label":"muskeltr\u00f6tthet"},{"value":221,"label":"naturtillskott"},{"value":615,"label":"nedsatt avgiftning"},{"value":272,"label":"nedsatt immunf\u00f6rsvar"},{"value":616,"label":"nedsatt korttidsminne"},{"value":617,"label":"pica"},{"value":618,"label":"riklig mens"},{"value":619,"label":"riklig mensbl\u00f6dning"},{"value":620,"label":"salt sug"},{"value":621,"label":"saltsugen"},{"value":229,"label":"st\u00e4rka immunf\u00f6rsvar"},{"value":622,"label":"svaga muskler"},{"value":233,"label":"tr\u00f6tthet"},{"value":623,"label":"tr\u00f6tthet i muskler"},{"value":580,"label":"underfunktion i sk\u00f6ldk\u00f6rteln"},{"value":624,"label":"utmattad"},{"value":172,"label":"utmattning"},{"value":234,"label":"vitamin"},{"value":235,"label":"vitaminer"}]},"featured_image_src_large":["https:\/\/vitaminbutiken.com\/wp-content\/uploads\/2025\/03\/211-Ferro-Plus-kapslar-Photoroom-e1769511989491-853x700.png",853,700,true],"author_info":[],"comment_info":0,"_links":{"self":[{"href":"https:\/\/vitaminbutiken.com\/fi\/wp-json\/wp\/v2\/product\/9424","targetHints":{"allow":["GET"]}}],"collection":[{"href":"https:\/\/vitaminbutiken.com\/fi\/wp-json\/wp\/v2\/product"}],"about":[{"href":"https:\/\/vitaminbutiken.com\/fi\/wp-json\/wp\/v2\/types\/product"}],"replies":[{"embeddable":true,"href":"https:\/\/vitaminbutiken.com\/fi\/wp-json\/wp\/v2\/comments?post=9424"}],"wp:featuredmedia":[{"embeddable":true,"href":"https:\/\/vitaminbutiken.com\/fi\/wp-json\/wp\/v2\/media\/500103469"}],"wp:attachment":[{"href":"https:\/\/vitaminbutiken.com\/fi\/wp-json\/wp\/v2\/media?parent=9424"}],"wp:term":[{"taxonomy":"product_brand","embeddable":true,"href":"https:\/\/vitaminbutiken.com\/fi\/wp-json\/wp\/v2\/product_brand?post=9424"},{"taxonomy":"product_cat","embeddable":true,"href":"https:\/\/vitaminbutiken.com\/fi\/wp-json\/wp\/v2\/product_cat?post=9424"},{"taxonomy":"product_tag","embeddable":true,"href":"https:\/\/vitaminbutiken.com\/fi\/wp-json\/wp\/v2\/product_tag?post=9424"}],"curies":[{"name":"wp","href":"https:\/\/api.w.org\/{rel}","templated":true}]}}