{"id":9414,"date":"2025-03-19T15:54:43","date_gmt":"2025-03-19T13:54:43","guid":{"rendered":"https:\/\/vitaminbutiken.multi.fi\/?post_type=product&#038;p=9414"},"modified":"2026-04-09T13:21:09","modified_gmt":"2026-04-09T11:21:09","slug":"vitlok","status":"publish","type":"product","link":"https:\/\/vitaminbutiken.com\/fi\/produkt\/vitlok\/","title":{"rendered":"Vitl\u00f6k, 120 kap"},"content":{"rendered":"<p><strong>Vitl\u00f6k<\/strong><\/p>\n<p><strong>Allm\u00e4n information<\/strong><br \/>\nVitl\u00f6k, Allium Sativum, \u00e4r en klassisk \u00f6rt med en rad v\u00e4lg\u00f6rande egenskaper. Det \u00e4r en fler\u00e5rig v\u00e4xt som kan bli \u00e4nda upp till en meter l\u00e5ng. Aktiva \u00e4mnen i vitl\u00f6ken \u00e4r bland annat olika cystein\u00e4mnen, alliin, organiska syror, polyfenoler som quercitin och rutin samt svavel\u00e4mnet allicin. Det \u00e4r fram f\u00f6r allt allicin som ger den klassiska vitl\u00f6ksdoften.<\/p>\n<p><strong>Dosering:\u00a0<\/strong>2 kapslar 2 g\u00e5nger per dag.<\/p>\n<table style=\"height: 80px;\" border=\"1\" width=\"600\" cellspacing=\"0\" cellpadding=\"0\">\n<tbody>\n<tr>\n<td style=\"width: 3.71249%;\"><strong>4 kapslar inneh\u00e5ller:<\/strong><\/td>\n<td style=\"width: 8.5473%;\"><strong>M\u00e4ngd<\/strong><\/td>\n<td style=\"width: 8.5473%;\"><strong>*DRI%<\/strong><\/td>\n<\/tr>\n<tr>\n<td style=\"width: 3.71249%;\" width=\"75\">Vitl\u00f6ksextrakt<\/td>\n<td style=\"width: 8.5473%;\" width=\"47\">10 mg<\/td>\n<td style=\"width: 8.5473%;\">**<\/td>\n<\/tr>\n<tr>\n<td style=\"width: 3.71249%;\" width=\"75\">Safflorfr\u00f6olja<\/td>\n<td style=\"width: 8.5473%;\" width=\"47\">964 mg<\/td>\n<td style=\"width: 8.5473%;\">**<\/td>\n<\/tr>\n<\/tbody>\n<\/table>\n<p><strong>**DRI (dagligt referensintag) ej fastst\u00e4llt.<\/strong><\/p>\n<p><strong>Ingredienser<\/strong>: Safflorfr\u00f6olja (<em>carthamus tinctorius<\/em>), gelatinkapsel (<strong>n\u00f6t<\/strong>), fyllnadsmedel (kiseldioxid), vitl\u00f6ksextrakt (<em>allium sativum<\/em>).<\/p>\n<p>Rekommenderad daglig dos b\u00f6r ej \u00f6verskridas.<br \/>\nKosttillskott ers\u00e4tter inte en varierad kost.<br \/>\nProdukten f\u00f6rvaras o\u00e5tkomligt f\u00f6r sm\u00e5 barn.<\/p>\n","protected":false},"excerpt":{"rendered":"<p><strong>Vitl\u00f6k \u2013 en klassisk \u00f6rt med dokumenterade h\u00e4lsof\u00f6rdelar<\/strong><\/p>\n<p>Vitl\u00f6k \u00e4r k\u00e4nt f\u00f6r sina potentiella h\u00e4lsof\u00f6rdelar och har anv\u00e4nts i \u00e5rhundraden. Detta kosttillskott kan vara ett bra val f\u00f6r dem som vill ta del av vitl\u00f6kens unika egenskaper. Vitl\u00f6k, Allium Sativum, \u00e4r en klassisk \u00f6rt med en rad v\u00e4lg\u00f6rande egenskaper.<\/p>\n<ul>\n<li style=\"text-align: left;\">Ger god h\u00e4lsa f\u00f6r hj\u00e4rta och blodk\u00e4rl.<\/li>\n<\/ul>\n<p><strong>120 kapslar<\/strong><\/p>\n","protected":false},"featured_media":500102754,"comment_status":"open","ping_status":"closed","template":"","meta":{"_kad_blocks_custom_css":"","_kad_blocks_head_custom_js":"","_kad_blocks_body_custom_js":"","_kad_blocks_footer_custom_js":"","_kadence_starter_templates_imported_post":false,"_kad_post_transparent":"default","_kad_post_title":"","_kad_post_layout":"default","_kad_post_sidebar_id":"","_kad_post_content_style":"default","_kad_post_vertical_padding":"default","_kad_post_feature":"","_kad_post_feature_position":"","_kad_post_header":false,"_kad_post_footer":false,"_kad_post_classname":""},"product_brand":[],"product_cat":[176,431,149,1307],"product_tag":[596,597,598],"class_list":{"0":"post-9414","1":"product","2":"type-product","3":"status-publish","4":"has-post-thumbnail","6":"product_cat-immunforsvar","7":"product_cat-mage-tarm","8":"product_cat-orter","9":"product_cat-synergos","10":"product_tag-blodkarl","11":"product_tag-hjarta","12":"product_tag-vitlok","14":"first","15":"instock","16":"taxable","17":"shipping-taxable","18":"purchasable","19":"product-type-simple","20":"entry","21":"content-bg","22":"loop-entry"},"taxonomy_info":{"product_cat":[{"value":176,"label":"Immunf\u00f6rsvar"},{"value":431,"label":"Mage &amp; Tarm"},{"value":149,"label":"\u00d6rter"},{"value":1307,"label":"Synergos"}],"product_tag":[{"value":596,"label":"blodk\u00e4rl"},{"value":597,"label":"hj\u00e4rta"},{"value":598,"label":"Vitl\u00f6k"}]},"featured_image_src_large":["https:\/\/vitaminbutiken.com\/wp-content\/uploads\/2025\/03\/Vitlok-Photoroom-e1762328700322-1155x700.png",1155,700,true],"author_info":[],"comment_info":0,"_links":{"self":[{"href":"https:\/\/vitaminbutiken.com\/fi\/wp-json\/wp\/v2\/product\/9414","targetHints":{"allow":["GET"]}}],"collection":[{"href":"https:\/\/vitaminbutiken.com\/fi\/wp-json\/wp\/v2\/product"}],"about":[{"href":"https:\/\/vitaminbutiken.com\/fi\/wp-json\/wp\/v2\/types\/product"}],"replies":[{"embeddable":true,"href":"https:\/\/vitaminbutiken.com\/fi\/wp-json\/wp\/v2\/comments?post=9414"}],"wp:featuredmedia":[{"embeddable":true,"href":"https:\/\/vitaminbutiken.com\/fi\/wp-json\/wp\/v2\/media\/500102754"}],"wp:attachment":[{"href":"https:\/\/vitaminbutiken.com\/fi\/wp-json\/wp\/v2\/media?parent=9414"}],"wp:term":[{"taxonomy":"product_brand","embeddable":true,"href":"https:\/\/vitaminbutiken.com\/fi\/wp-json\/wp\/v2\/product_brand?post=9414"},{"taxonomy":"product_cat","embeddable":true,"href":"https:\/\/vitaminbutiken.com\/fi\/wp-json\/wp\/v2\/product_cat?post=9414"},{"taxonomy":"product_tag","embeddable":true,"href":"https:\/\/vitaminbutiken.com\/fi\/wp-json\/wp\/v2\/product_tag?post=9414"}],"curies":[{"name":"wp","href":"https:\/\/api.w.org\/{rel}","templated":true}]}}