{"id":9412,"date":"2025-03-19T15:54:42","date_gmt":"2025-03-19T13:54:42","guid":{"rendered":"https:\/\/vitaminbutiken.multi.fi\/?post_type=product&#038;p=9412"},"modified":"2026-04-08T18:36:54","modified_gmt":"2026-04-08T16:36:54","slug":"kolin-kolinbitartrat","status":"publish","type":"product","link":"https:\/\/vitaminbutiken.com\/fi\/produkt\/kolin-kolinbitartrat\/","title":{"rendered":"Kolin, Kolinbitartrat"},"content":{"rendered":"<p><strong>Kolin, Enkelmedel<\/strong><\/p>\n<p>Varje kapsel ger 300 mg kolinbitartrat.<\/p>\n<p>\u00c5r 1998 klassificerades kolin som ett viktigt n\u00e4rings\u00e4mne av Food and Nutrition Board f\u00f6r Institute of Medicine (USA).<\/p>\n<p><strong>Kolin bidrar till:<\/strong><\/p>\n<ul>\n<li>normal homocysteinoms\u00e4ttning<\/li>\n<li>normal fettoms\u00e4ttning<\/li>\n<li>att bibeh\u00e5lla normal leverfunktion<\/li>\n<\/ul>\n<p><strong>Dosering:\u00a0<\/strong>1 kapslar 2 g\u00e5nger per dag.<\/p>\n<table style=\"height: 80px;\" border=\"1\" width=\"600\" cellspacing=\"0\" cellpadding=\"0\">\n<tbody>\n<tr>\n<td style=\"width: 13.2853%;\" width=\"123\"><strong>2 kapslar inneh\u00e5ller:<\/strong><\/td>\n<td style=\"width: 11.1225%;\" width=\"36\"><strong>M\u00e4ngd<\/strong><\/td>\n<\/tr>\n<tr>\n<td style=\"width: 13.2853%;\" width=\"123\">Kolinbitartrat<\/td>\n<td style=\"width: 11.1225%;\" width=\"36\">600 mg*<\/td>\n<\/tr>\n<\/tbody>\n<\/table>\n<p>*DRI (dagligt referensintag) ej fastst\u00e4lld.<\/p>\n<p><strong>Ingredienser:<\/strong> Kolinbitartrat, fyllnadsmedel (mikrokristallin cellulosa), klumpf\u00f6rebyggande medel (magnesiumsalter av fettsyror, kiseldioxid), kapsel (hydroxypropylmetylcellulosa).<\/p>\n<p>Rekommenderad daglig dos b\u00f6r ej \u00f6verskridas.<br \/>\nKosttillskott ers\u00e4tter inte en varierad kost.<br \/>\nProdukter f\u00f6rvaras o\u00e5tkomligt f\u00f6r sm\u00e5barn.<\/p>\n","protected":false},"excerpt":{"rendered":"<p>Varje tablett ger 300 mg kolinbitartrat.<\/p>\n<p>Kolin &#8211; enkelmedel beh\u00f6vs f\u00f6r en v\u00e4lfungerande galla. Gallbesv\u00e4r och blockerade gallg\u00e5ngar. Vid brist p\u00e5 fettl\u00f6sliga vitaminer, f\u00f6r minnet och hj\u00e4rnan.<\/p>\n<p><strong>60 kapslar<\/strong><\/p>\n","protected":false},"featured_media":500103009,"comment_status":"open","ping_status":"closed","template":"","meta":{"_kad_blocks_custom_css":"","_kad_blocks_head_custom_js":"","_kad_blocks_body_custom_js":"","_kad_blocks_footer_custom_js":"","_kadence_starter_templates_imported_post":false,"_kad_post_transparent":"default","_kad_post_title":"","_kad_post_layout":"default","_kad_post_sidebar_id":"","_kad_post_content_style":"default","_kad_post_vertical_padding":"default","_kad_post_feature":"","_kad_post_feature_position":"","_kad_post_header":false,"_kad_post_footer":false,"_kad_post_classname":""},"product_brand":[],"product_cat":[348,1293,329,198,431,155],"product_tag":[179,267,239,582,583,181,357,520,584,585,445,586,253,588,221,589,234,235],"class_list":{"0":"post-9412","1":"product","2":"type-product","3":"status-publish","4":"has-post-thumbnail","6":"product_cat-b-vitamin","7":"product_cat-evp-nutrition","8":"product_cat-hjarna-och-minne","9":"product_cat-lever-och-njurar","10":"product_cat-mage-tarm","11":"product_cat-vitaminer","12":"product_tag-alzheimers","13":"product_tag-alzheimers-sjukdom","14":"product_tag-b-vitamin","15":"product_tag-blockering-gallgangar","16":"product_tag-daligt-minne","17":"product_tag-demens","18":"product_tag-depression","19":"product_tag-gallbesvar","20":"product_tag-gallgangar","21":"product_tag-inlarningssvarigheter","22":"product_tag-kognitiv-dysfunktion","23":"product_tag-kolin-enkelmedel","24":"product_tag-kronisk-trotthet","25":"product_tag-me","26":"product_tag-naturtillskott","27":"product_tag-nedsatt-gallfunktion","28":"product_tag-vitamin","29":"product_tag-vitaminer","31":"first","32":"instock","33":"taxable","34":"shipping-taxable","35":"purchasable","36":"product-type-simple","37":"entry","38":"content-bg","39":"loop-entry"},"taxonomy_info":{"product_cat":[{"value":348,"label":"B-vitamin"},{"value":1293,"label":"EVP Nutrition"},{"value":329,"label":"Hj\u00e4rna &amp; Minne"},{"value":198,"label":"Lever &amp; Njurar"},{"value":431,"label":"Mage &amp; Tarm"},{"value":155,"label":"Vitaminer"}],"product_tag":[{"value":179,"label":"alzheimers"},{"value":267,"label":"alzheimers sjukdom"},{"value":239,"label":"b vitamin"},{"value":582,"label":"blockering gallg\u00e5ngar"},{"value":583,"label":"d\u00e5ligt minne"},{"value":181,"label":"demens"},{"value":357,"label":"depression"},{"value":520,"label":"gallbesv\u00e4r"},{"value":584,"label":"gallg\u00e5ngar"},{"value":585,"label":"inl\u00e4rningssv\u00e5righeter"},{"value":445,"label":"kognitiv dysfunktion"},{"value":586,"label":"kolin enkelmedel"},{"value":253,"label":"kronisk tr\u00f6tthet"},{"value":588,"label":"ME"},{"value":221,"label":"naturtillskott"},{"value":589,"label":"nedsatt gallfunktion"},{"value":234,"label":"vitamin"},{"value":235,"label":"vitaminer"}]},"featured_image_src_large":["https:\/\/vitaminbutiken.com\/wp-content\/uploads\/2025\/03\/227-Kolin-enkelmedel-Photoroom-e1765453587381-1067x700.png",1067,700,true],"author_info":[],"comment_info":0,"_links":{"self":[{"href":"https:\/\/vitaminbutiken.com\/fi\/wp-json\/wp\/v2\/product\/9412","targetHints":{"allow":["GET"]}}],"collection":[{"href":"https:\/\/vitaminbutiken.com\/fi\/wp-json\/wp\/v2\/product"}],"about":[{"href":"https:\/\/vitaminbutiken.com\/fi\/wp-json\/wp\/v2\/types\/product"}],"replies":[{"embeddable":true,"href":"https:\/\/vitaminbutiken.com\/fi\/wp-json\/wp\/v2\/comments?post=9412"}],"wp:featuredmedia":[{"embeddable":true,"href":"https:\/\/vitaminbutiken.com\/fi\/wp-json\/wp\/v2\/media\/500103009"}],"wp:attachment":[{"href":"https:\/\/vitaminbutiken.com\/fi\/wp-json\/wp\/v2\/media?parent=9412"}],"wp:term":[{"taxonomy":"product_brand","embeddable":true,"href":"https:\/\/vitaminbutiken.com\/fi\/wp-json\/wp\/v2\/product_brand?post=9412"},{"taxonomy":"product_cat","embeddable":true,"href":"https:\/\/vitaminbutiken.com\/fi\/wp-json\/wp\/v2\/product_cat?post=9412"},{"taxonomy":"product_tag","embeddable":true,"href":"https:\/\/vitaminbutiken.com\/fi\/wp-json\/wp\/v2\/product_tag?post=9412"}],"curies":[{"name":"wp","href":"https:\/\/api.w.org\/{rel}","templated":true}]}}