{"id":9405,"date":"2025-03-19T15:54:11","date_gmt":"2025-03-19T13:54:11","guid":{"rendered":"https:\/\/vitaminbutiken.multi.fi\/?post_type=product&#038;p=9405"},"modified":"2026-04-07T21:13:31","modified_gmt":"2026-04-07T19:13:31","slug":"kolin-synergos","status":"publish","type":"product","link":"https:\/\/vitaminbutiken.com\/fi\/produkt\/kolin-synergos\/","title":{"rendered":"Kolin Synergos"},"content":{"rendered":"<p><strong>Kolin Synergos<\/strong> \u00e4r ett avancerat kosttillskott som bygger p\u00e5 synergi- och bredspektrumprincipen.<\/p>\n<p>\u00c5r 1998 klassificerades kolin som ett viktigt n\u00e4rings\u00e4mne av Food and Nutrition Board f\u00f6r Institute of Medicine (USA).<\/p>\n<p><strong>Kolin bidrar till:<\/strong><\/p>\n<ul>\n<li>normal homocysteinoms\u00e4ttning<\/li>\n<li>normal fettoms\u00e4ttning<\/li>\n<li>att bibeh\u00e5lla normal leverfunktion<\/li>\n<\/ul>\n<p><strong>Dosering:\u00a0<\/strong>1 kapsel 2 g\u00e5nger per dag i samband med m\u00e5ltid<\/p>\n<table style=\"height: 80px;\" border=\"1\" width=\"600\" cellspacing=\"0\" cellpadding=\"0\">\n<tbody>\n<tr>\n<td style=\"width: 13.9919%;\" width=\"92\"><strong>2 kapslar inneh\u00e5ller:<\/strong><\/td>\n<td style=\"width: 12.4203%;\" width=\"42\"><strong>M\u00e4ngd<\/strong><\/td>\n<td style=\"width: 9.74089%;\" width=\"39\"><strong>%DRI*<\/strong><\/td>\n<\/tr>\n<tr>\n<td style=\"width: 13.9919%;\" width=\"92\">Tiamin (B1)<\/td>\n<td style=\"width: 12.4203%;\" width=\"42\">2 mg<\/td>\n<td style=\"width: 9.74089%;\" width=\"39\">184 %<\/td>\n<\/tr>\n<tr>\n<td style=\"width: 13.9919%;\" width=\"92\">Riboflavin (B2)<\/td>\n<td style=\"width: 12.4203%;\" width=\"42\">2 mg<\/td>\n<td style=\"width: 9.74089%;\" width=\"39\">142 %<\/td>\n<\/tr>\n<tr>\n<td style=\"width: 13.9919%;\" width=\"92\">Niacin (B3)<\/td>\n<td style=\"width: 12.4203%;\" width=\"42\">60 mg<\/td>\n<td style=\"width: 9.74089%;\" width=\"39\">375 %<\/td>\n<\/tr>\n<tr>\n<td style=\"width: 13.9919%;\" width=\"92\">Pantotensyra\u00a0(B5)<\/td>\n<td style=\"width: 12.4203%;\" width=\"42\">5 mg<\/td>\n<td style=\"width: 9.74089%;\" width=\"39\">83 %<\/td>\n<\/tr>\n<tr>\n<td style=\"width: 13.9919%;\" width=\"92\">Vitamin B6<\/td>\n<td style=\"width: 12.4203%;\" width=\"42\">2 mg<\/td>\n<td style=\"width: 9.74089%;\" width=\"39\">142 %<\/td>\n<\/tr>\n<tr>\n<td style=\"width: 13.9919%;\" width=\"92\">Vitamin B12<\/td>\n<td style=\"width: 12.4203%;\" width=\"42\">100 mcg<\/td>\n<td style=\"width: 9.74089%;\" width=\"39\">4 000 %<\/td>\n<\/tr>\n<tr>\n<td style=\"width: 13.9919%;\" width=\"92\">Folsyra<\/td>\n<td style=\"width: 12.4203%;\" width=\"42\">80 mcg<\/td>\n<td style=\"width: 9.74089%;\" width=\"39\">50 %<\/td>\n<\/tr>\n<tr>\n<td style=\"width: 13.9919%;\" width=\"92\">Biotin<\/td>\n<td style=\"width: 12.4203%;\" width=\"42\">60 mcg<\/td>\n<td style=\"width: 9.74089%;\" width=\"39\">120 %<\/td>\n<\/tr>\n<tr>\n<td style=\"width: 13.9919%;\" width=\"92\">Kolin<\/td>\n<td style=\"width: 12.4203%;\" width=\"42\">400 mg<\/td>\n<td style=\"width: 9.74089%;\" width=\"39\">**<\/td>\n<\/tr>\n<tr>\n<td style=\"width: 13.9919%;\" width=\"92\">PABA<\/td>\n<td style=\"width: 12.4203%;\" width=\"42\">10 mg<\/td>\n<td style=\"width: 9.74089%;\" width=\"39\">**<\/td>\n<\/tr>\n<tr>\n<td style=\"width: 13.9919%;\" width=\"92\">Inositol<\/td>\n<td style=\"width: 12.4203%;\" width=\"42\">10 mg<\/td>\n<td style=\"width: 9.74089%;\" width=\"39\">**<\/td>\n<\/tr>\n<tr>\n<td style=\"width: 13.9919%;\" width=\"92\">Zink<\/td>\n<td style=\"width: 12.4203%;\" width=\"42\">4 mg<\/td>\n<td style=\"width: 9.74089%;\" width=\"39\">40 %<\/td>\n<\/tr>\n<\/tbody>\n<\/table>\n<p><strong>*DRI \u00e4r dagligt referensintag. **DRI ej fastst\u00e4llt<\/strong><\/p>\n<p><strong>Ingredienser:<\/strong>Kolin (kolinbitartrat), fyllnadsmedel (mikrokristallin cellulosa), niacin, zink (zinkcitrat), inositol, PABA, vitamin B12 (cyanokobalamin), klumpf\u00f6rebyggande medel (magnesiumsalter av fettsyror, kiseldioxid), pantotensyra, tiamin, vitamin B6, riboflavin, folsyra (pteroylmonoglutaminsyra), biotin, kapsel (hydroxipropylmetylcellulosa).<\/p>\n<p>Rekommenderad daglig dos b\u00f6r ej \u00f6verskridas.<br \/>\nKosttillskott ers\u00e4tter inte en varierad kost.<br \/>\nProdukter f\u00f6rvaras o\u00e5tkomligt f\u00f6r sm\u00e5barn.<\/p>\n","protected":false},"excerpt":{"rendered":"<p>Kolin Synergos \u00e4r ett avancerat kosttillskott som bygger p\u00e5 synergi- och bredspektrumprincipen.<\/p>\n<p><strong>60 kapslar<\/strong><\/p>\n","protected":false},"featured_media":500103394,"comment_status":"open","ping_status":"closed","template":"","meta":{"_kad_blocks_custom_css":"","_kad_blocks_head_custom_js":"","_kad_blocks_body_custom_js":"","_kad_blocks_footer_custom_js":"","_kadence_starter_templates_imported_post":false,"_kad_post_transparent":"default","_kad_post_title":"","_kad_post_layout":"default","_kad_post_sidebar_id":"","_kad_post_content_style":"default","_kad_post_vertical_padding":"default","_kad_post_feature":"","_kad_post_feature_position":"","_kad_post_header":false,"_kad_post_footer":false,"_kad_post_classname":""},"product_brand":[],"product_cat":[348,198,431,2822,2806,1307,155],"product_tag":[179,267,205,239,582,583,181,357,520,584,585,445,586,587,253,588,221,589,229,234,235],"class_list":{"0":"post-9405","1":"product","2":"type-product","3":"status-publish","4":"has-post-thumbnail","6":"product_cat-b-vitamin","7":"product_cat-lever-och-njurar","8":"product_cat-mage-tarm","9":"product_cat-multi-produkter","10":"product_cat-multi-vitamin","11":"product_cat-synergos","12":"product_cat-vitaminer","13":"product_tag-alzheimers","14":"product_tag-alzheimers-sjukdom","15":"product_tag-antioxidant","16":"product_tag-b-vitamin","17":"product_tag-blockering-gallgangar","18":"product_tag-daligt-minne","19":"product_tag-demens","20":"product_tag-depression","21":"product_tag-gallbesvar","22":"product_tag-gallgangar","23":"product_tag-inlarningssvarigheter","24":"product_tag-kognitiv-dysfunktion","25":"product_tag-kolin-enkelmedel","26":"product_tag-kolin-synergos","27":"product_tag-kronisk-trotthet","28":"product_tag-me","29":"product_tag-naturtillskott","30":"product_tag-nedsatt-gallfunktion","31":"product_tag-starka-immunforsvar","32":"product_tag-vitamin","33":"product_tag-vitaminer","35":"first","36":"instock","37":"taxable","38":"shipping-taxable","39":"purchasable","40":"product-type-simple","41":"entry","42":"content-bg","43":"loop-entry"},"taxonomy_info":{"product_cat":[{"value":348,"label":"B-vitamin"},{"value":198,"label":"Lever &amp; Njurar"},{"value":431,"label":"Mage &amp; Tarm"},{"value":2822,"label":"Multi produkter"},{"value":2806,"label":"Multi-vitamin"},{"value":1307,"label":"Synergos"},{"value":155,"label":"Vitaminer"}],"product_tag":[{"value":179,"label":"alzheimers"},{"value":267,"label":"alzheimers sjukdom"},{"value":205,"label":"antioxidant"},{"value":239,"label":"b vitamin"},{"value":582,"label":"blockering gallg\u00e5ngar"},{"value":583,"label":"d\u00e5ligt minne"},{"value":181,"label":"demens"},{"value":357,"label":"depression"},{"value":520,"label":"gallbesv\u00e4r"},{"value":584,"label":"gallg\u00e5ngar"},{"value":585,"label":"inl\u00e4rningssv\u00e5righeter"},{"value":445,"label":"kognitiv dysfunktion"},{"value":586,"label":"kolin enkelmedel"},{"value":587,"label":"kolin synergos"},{"value":253,"label":"kronisk tr\u00f6tthet"},{"value":588,"label":"ME"},{"value":221,"label":"naturtillskott"},{"value":589,"label":"nedsatt gallfunktion"},{"value":229,"label":"st\u00e4rka immunf\u00f6rsvar"},{"value":234,"label":"vitamin"},{"value":235,"label":"vitaminer"}]},"featured_image_src_large":["https:\/\/vitaminbutiken.com\/wp-content\/uploads\/2025\/03\/Kolin-Synergos-kapslar-Photoroom-e1768894735959-1007x700.png",1007,700,true],"author_info":[],"comment_info":0,"_links":{"self":[{"href":"https:\/\/vitaminbutiken.com\/fi\/wp-json\/wp\/v2\/product\/9405","targetHints":{"allow":["GET"]}}],"collection":[{"href":"https:\/\/vitaminbutiken.com\/fi\/wp-json\/wp\/v2\/product"}],"about":[{"href":"https:\/\/vitaminbutiken.com\/fi\/wp-json\/wp\/v2\/types\/product"}],"replies":[{"embeddable":true,"href":"https:\/\/vitaminbutiken.com\/fi\/wp-json\/wp\/v2\/comments?post=9405"}],"wp:featuredmedia":[{"embeddable":true,"href":"https:\/\/vitaminbutiken.com\/fi\/wp-json\/wp\/v2\/media\/500103394"}],"wp:attachment":[{"href":"https:\/\/vitaminbutiken.com\/fi\/wp-json\/wp\/v2\/media?parent=9405"}],"wp:term":[{"taxonomy":"product_brand","embeddable":true,"href":"https:\/\/vitaminbutiken.com\/fi\/wp-json\/wp\/v2\/product_brand?post=9405"},{"taxonomy":"product_cat","embeddable":true,"href":"https:\/\/vitaminbutiken.com\/fi\/wp-json\/wp\/v2\/product_cat?post=9405"},{"taxonomy":"product_tag","embeddable":true,"href":"https:\/\/vitaminbutiken.com\/fi\/wp-json\/wp\/v2\/product_tag?post=9405"}],"curies":[{"name":"wp","href":"https:\/\/api.w.org\/{rel}","templated":true}]}}