{"id":9403,"date":"2025-03-19T15:54:10","date_gmt":"2025-03-19T13:54:10","guid":{"rendered":"https:\/\/vitaminbutiken.multi.fi\/?post_type=product&#038;p=9403"},"modified":"2026-04-09T19:35:10","modified_gmt":"2026-04-09T17:35:10","slug":"carotenoid-complex-eyebright","status":"publish","type":"product","link":"https:\/\/vitaminbutiken.com\/fi\/produkt\/carotenoid-complex-eyebright\/","title":{"rendered":"Carotenoid Komplex (Eyebright)"},"content":{"rendered":"<div class=\"woocommerce-tabs wc-tabs-wrapper\">\n<div id=\"tab-description\" class=\"woocommerce-Tabs-panel woocommerce-Tabs-panel--description panel entry-content wc-tab\" role=\"tabpanel\" aria-labelledby=\"tab-title-description\">\n<p>Carotenoid Complex \u00e4r ett \u00f6rtextraktkomplex sammansatt av goijib\u00e4r, bl\u00e5b\u00e4r och ringblomma standardiserad till zeaxanthin och lutein.<\/p>\n<p>Forskning vid the University of New Hampshire har sett att lutein och zeaxanthin\u00a0<strong>st\u00e4rker \u00f6gats h\u00e4lsa.<\/strong>\u00a0Detta kopplas till substansernas f\u00f6rm\u00e5ga att stimulera makular pigment i \u00f6gat (MP), som \u00e4r relaterade till minskade \u00f6gonskador.<\/p>\n<p>Lutein finns bl.a i gula fl\u00e4cken i \u00f6gats n\u00e4thinna och man tror att lutein och zeaxanthin \u00e4r viktiga f\u00f6r att skydda n\u00e4thinnan och gula fl\u00e4cken mot skador som orsakas av ljusindicerad oxidativ stress.<\/p>\n<p><strong>Bl\u00e5b\u00e4r i Carotenoid complex bidrar till normal synf\u00f6rm\u00e5ga.<\/strong><\/p>\n<\/div>\n<\/div>\n<div class=\"nutrition-declaration\">\n<p>&nbsp;<\/p>\n<p>Dosering: 1 kapsel 2 g\u00e5nger per dag.<\/p>\n<table style=\"height: 80px;\" border=\"1\" width=\"600\" cellspacing=\"0\" cellpadding=\"0\">\n<tbody>\n<tr>\n<td style=\"width: 16.227%;\"><strong>2 kapslar inneh\u00e5ller:<\/strong><\/td>\n<td style=\"width: 11.5999%;\"><strong>M\u00e4ngd<\/strong><\/td>\n<td style=\"width: 1.37174%;\"><strong>*DRI<\/strong><\/td>\n<\/tr>\n<tr>\n<td style=\"width: 16.227%;\">Goijib\u00e4r<\/td>\n<td style=\"width: 11.5999%;\">200 mg<\/td>\n<td style=\"width: 1.37174%;\">**<\/td>\n<\/tr>\n<tr>\n<td style=\"width: 16.227%;\">Bl\u00e5b\u00e4r<\/td>\n<td style=\"width: 11.5999%;\">50 mg<\/td>\n<td style=\"width: 1.37174%;\">**<\/td>\n<\/tr>\n<tr>\n<td style=\"width: 16.227%;\">Lutein<\/td>\n<td style=\"width: 11.5999%;\">10 mg<\/td>\n<td style=\"width: 1.37174%;\">**<\/td>\n<\/tr>\n<tr>\n<td style=\"width: 16.227%;\">Zeaxantin<\/td>\n<td style=\"width: 11.5999%;\">5 mg<\/td>\n<td style=\"width: 1.37174%;\">**<\/td>\n<\/tr>\n<\/tbody>\n<\/table>\n<p><strong>**DRI (dagligt referensintag) ej fastst\u00e4llt.<\/strong><\/p>\n<p><strong>Ingredienser: <\/strong>Extrakt av gojib\u00e4r 8:1 (lycium barbarum), bl\u00e5b\u00e4rspulver (vaccinium myrtillus), ringblomsextrakt (standardiserad till lutein och zeaxantin), fyllnadsmedel (mikrokristallin cellulosa), kapsel (hydroxipropylmetylcellulosa).<\/p>\n<p>Rekommenderad daglig dos b\u00f6r ej \u00f6verskridas.<br \/>\nKosttillskott ers\u00e4tter inte en varierad kost.<br \/>\nProdukten f\u00f6rvaras o\u00e5tkomligt f\u00f6r sm\u00e5 barn.<\/p>\n<\/div>\n","protected":false},"excerpt":{"rendered":"<p>Eyebright \u00e4r en innovativ produkt som kombinerar en unik blandning av karotenoider. Personen som anv\u00e4nder detta kosttillskott kan m\u00f6jligtvis uppleva f\u00f6rdelar f\u00f6r \u00f6gonh\u00e4lsan. Med sin noggrant utvalda formel kan Carotenoid Complex Eyebright vara ett v\u00e4rdefullt tillskott f\u00f6r dem som \u00f6nskar st\u00f6dja och bevara sin syn. Carotenoid Complex \u00e4r ett \u00f6rtextraktkomplex sammansatt av goijib\u00e4r, bl\u00e5b\u00e4r och ringblomma vilket ger karotenoiderna zeaxanthin och lutein.<\/p>\n<p><strong>Bl\u00e5b\u00e4r i Carotenoid complex bidrar till normal synf\u00f6rm\u00e5ga.<\/strong><\/p>\n<p><strong>60 kapslar<\/strong><\/p>\n","protected":false},"featured_media":11471,"comment_status":"open","ping_status":"closed","template":"","meta":{"_kad_blocks_custom_css":"","_kad_blocks_head_custom_js":"","_kad_blocks_body_custom_js":"","_kad_blocks_footer_custom_js":"","_kadence_starter_templates_imported_post":false,"_kad_post_transparent":"default","_kad_post_title":"","_kad_post_layout":"default","_kad_post_sidebar_id":"","_kad_post_content_style":"default","_kad_post_vertical_padding":"default","_kad_post_feature":"","_kad_post_feature_position":"","_kad_post_header":false,"_kad_post_footer":false,"_kad_post_classname":""},"product_brand":[],"product_cat":[195,176,2704,2822,149],"product_tag":[543,544,545,546,547,548,549,550,551,552,553,554,220,555,556,557,193,558,559,560,561,562,563],"class_list":{"0":"post-9403","1":"product","2":"type-product","3":"status-publish","4":"has-post-thumbnail","6":"product_cat-hud-skonhet","7":"product_cat-immunforsvar","8":"product_cat-multi-nutrient","9":"product_cat-multi-produkter","10":"product_cat-orter","11":"product_tag-amd","12":"product_tag-blabar","13":"product_tag-carotenoid-complex","14":"product_tag-degeneration-av-ogats-celler","15":"product_tag-eyebright","16":"product_tag-forsamrad-syn","17":"product_tag-gula-flacken-sjukan","18":"product_tag-karotenoider","19":"product_tag-ljusindicerad-oxidativ-stress","20":"product_tag-lutein","21":"product_tag-makuladegeneration","22":"product_tag-nattblind","23":"product_tag-nattblindhet","24":"product_tag-ogats-nathinna","25":"product_tag-ogonskador","26":"product_tag-ogontrost","27":"product_tag-oxidativ-stress","28":"product_tag-prostata-besvar","29":"product_tag-skydda-nathinnan","30":"product_tag-starker-ogat","31":"product_tag-synskarpa","32":"product_tag-wolfberry","33":"product_tag-zeaxanthin","35":"first","36":"instock","37":"taxable","38":"shipping-taxable","39":"purchasable","40":"product-type-simple","41":"entry","42":"content-bg","43":"loop-entry"},"taxonomy_info":{"product_cat":[{"value":195,"label":"Hud &amp; Sk\u00f6nhet"},{"value":176,"label":"Immunf\u00f6rsvar"},{"value":2704,"label":"Multi Nutrient"},{"value":2822,"label":"Multi produkter"},{"value":149,"label":"\u00d6rter"}],"product_tag":[{"value":543,"label":"AMD"},{"value":544,"label":"bl\u00e5b\u00e4r"},{"value":545,"label":"carotenoid complex"},{"value":546,"label":"degeneration av \u00f6gats celler"},{"value":547,"label":"Eyebright"},{"value":548,"label":"f\u00f6rs\u00e4mrad syn"},{"value":549,"label":"gula fl\u00e4cken sjukan"},{"value":550,"label":"karotenoider"},{"value":551,"label":"ljusindicerad oxidativ stress"},{"value":552,"label":"Lutein"},{"value":553,"label":"makuladegeneration"},{"value":554,"label":"nattblind"},{"value":220,"label":"nattblindhet"},{"value":555,"label":"\u00f6gats n\u00e4thinna"},{"value":556,"label":"\u00f6gonskador"},{"value":557,"label":"\u00d6gontr\u00f6st"},{"value":193,"label":"oxidativ stress"},{"value":558,"label":"prostata besv\u00e4r"},{"value":559,"label":"skydda n\u00e4thinnan"},{"value":560,"label":"st\u00e4rker \u00f6gat"},{"value":561,"label":"synsk\u00e4rpa"},{"value":562,"label":"wolfberry"},{"value":563,"label":"Zeaxanthin"}]},"featured_image_src_large":["https:\/\/vitaminbutiken.com\/wp-content\/uploads\/2025\/03\/Carotenoid-complex-Photoroom-e1749039273352-1060x700.png",1060,700,true],"author_info":[],"comment_info":0,"_links":{"self":[{"href":"https:\/\/vitaminbutiken.com\/fi\/wp-json\/wp\/v2\/product\/9403","targetHints":{"allow":["GET"]}}],"collection":[{"href":"https:\/\/vitaminbutiken.com\/fi\/wp-json\/wp\/v2\/product"}],"about":[{"href":"https:\/\/vitaminbutiken.com\/fi\/wp-json\/wp\/v2\/types\/product"}],"replies":[{"embeddable":true,"href":"https:\/\/vitaminbutiken.com\/fi\/wp-json\/wp\/v2\/comments?post=9403"}],"wp:featuredmedia":[{"embeddable":true,"href":"https:\/\/vitaminbutiken.com\/fi\/wp-json\/wp\/v2\/media\/11471"}],"wp:attachment":[{"href":"https:\/\/vitaminbutiken.com\/fi\/wp-json\/wp\/v2\/media?parent=9403"}],"wp:term":[{"taxonomy":"product_brand","embeddable":true,"href":"https:\/\/vitaminbutiken.com\/fi\/wp-json\/wp\/v2\/product_brand?post=9403"},{"taxonomy":"product_cat","embeddable":true,"href":"https:\/\/vitaminbutiken.com\/fi\/wp-json\/wp\/v2\/product_cat?post=9403"},{"taxonomy":"product_tag","embeddable":true,"href":"https:\/\/vitaminbutiken.com\/fi\/wp-json\/wp\/v2\/product_tag?post=9403"}],"curies":[{"name":"wp","href":"https:\/\/api.w.org\/{rel}","templated":true}]}}