{"id":9401,"date":"2025-03-19T15:54:09","date_gmt":"2025-03-19T13:54:09","guid":{"rendered":"https:\/\/vitaminbutiken.multi.fi\/?post_type=product&#038;p=9401"},"modified":"2026-04-10T11:35:35","modified_gmt":"2026-04-10T09:35:35","slug":"c-vitamin-complex","status":"publish","type":"product","link":"https:\/\/vitaminbutiken.com\/fi\/produkt\/c-vitamin-complex\/","title":{"rendered":"C-vitamin Complex"},"content":{"rendered":"<p><strong>C-vitamin Complex<\/strong><\/p>\n<p>C-vitamin i kalciumaskorbat har ett neutralt pH-v\u00e4rde vilket g\u00f6r den mer skonsamt f\u00f6r magen.<\/p>\n<p>Kombinationen av C-vitamin askorbat med flavonoidrika acerola, acai och camu camu ger preparatet extra h\u00f6g biotillg\u00e4nglighet.<\/p>\n<p><strong>Camu camu<\/strong> (Myrciaria dubia) &#8211; \u00e4r en litet buskig flod tr\u00e4d fr\u00e5n Amazonas regnskog i Peru och Brasilien, som b\u00e4r en r\u00f6d\/lila k\u00f6rsb\u00e4rs liknande frukt. Den utomordentligt h\u00f6ga vitamin C-halten (i storleksordningen 2-3% av f\u00e4rskvikt) \u00e4r den viktigaste egenskapen av frukten. Den inneh\u00e5ller \u00e4ven aminosyrorna valin, leucin och serin. Camu camu \u00e4r ocks\u00e5 rikt p\u00e5 flavonoider.<\/p>\n<p><strong>Acerola<\/strong> (Malpighia emarginata) &#8211; \u00e4r ett litet tropiskt tr\u00e4d med att sprida grenar p\u00e5 en kort stam. Den producerar ljusa r\u00f6da stenfrukter med mycket h\u00f6g vitamin C halt (n\u00e4rmare 50 gram kg) och andra n\u00e4rings\u00e4mnen. Den ger \u00e4ven per 100 gram &#8211; kalcium (117 mg), fosfor (171 mg), j\u00e4rn (2,4 mg), pyridoxin (87 mg), riboflavin (0,7 mg), tiamin (0,2 mg) samt en stor m\u00e4ngd vitamin C relaterade flavonoider.<\/p>\n<p><strong>Acai<\/strong> &#8211; \u00e4r en art av palm i av sl\u00e4ktet Euterpe som ger specifika acaifrukter. Acaifrukten inneh\u00e5ller \u00e4ven kalcium, j\u00e4rn, och vitamin A, asparaginsyra och glutaminsyra. Aca\u00ed best\u00e5r ocks\u00e5 av oljesyra (56,2 % av totala m\u00e4ngden fett), palmitinsyra (24,1 %) och linolsyra (12,5 %). A\u00e7a\u00ed inneh\u00e5ller ocks\u00e5 polyfenoler.<\/p>\n<p><strong>C-vitamin bidrar till:<\/strong><\/p>\n<ul>\n<li>att bibeh\u00e5lla immunsystemets normala funktion under och efter intensiv fysisk tr\u00e4ning<\/li>\n<li>normal energioms\u00e4ttning<\/li>\n<li>nervsystemets normala funktion<\/li>\n<li>normal psykologisk funktion<\/li>\n<li>immunsystemets normala funktion<\/li>\n<li>att skydda cellerna mot oxidativ stress<\/li>\n<li>att minska tr\u00f6tthet och utmattning<\/li>\n<li>att \u00e5terbilda den reducerade formen av vitamin E<\/li>\n<li>\u00f6kar j\u00e4rnupptaget<\/li>\n<li>normal kollagenbildning som har betydelse f\u00f6r blodk\u00e4rlens normala funktion<\/li>\n<li>normal kollagenbildning som har betydelse f\u00f6r benstommens normala funktion<\/li>\n<li>normal kollagenbildning som har betydelse f\u00f6r broskets normala funktion<\/li>\n<li>normal kollagenbildning som har betydelse f\u00f6r tandk\u00f6ttets normala funktion<\/li>\n<li>normal kollagenbildning som har betydelse f\u00f6r hudens normala funktion<\/li>\n<li>normal kollagenbildning som har betydelse f\u00f6r t\u00e4ndernas normala funktion<\/li>\n<\/ul>\n<p><b>\u00a0Dosering:<\/b> 1\/4 tesked (1 gram eller 1 kryddm\u00e5tt) om dagen.<\/p>\n<table style=\"height: 80px;\" border=\"1\" width=\"600\" cellspacing=\"0\" cellpadding=\"0\">\n<tbody>\n<tr>\n<td style=\"width: 17.3392%;\" width=\"66\"><strong>1 kryddm\u00e5tt inneh\u00e5ller:<\/strong><\/td>\n<td style=\"width: 1.79533%;\" width=\"47\"><strong>M\u00e4ngd<\/strong><\/td>\n<td style=\"width: 10.4705%;\" width=\"38\"><strong>*% DRI<\/strong><\/td>\n<\/tr>\n<tr>\n<td style=\"width: 17.3392%;\" width=\"66\">Vitamin C<\/td>\n<td style=\"width: 1.79533%;\" width=\"47\">750 mg<\/td>\n<td style=\"width: 10.4705%;\" width=\"38\">938 %<\/td>\n<\/tr>\n<tr>\n<td style=\"width: 17.3392%;\" width=\"66\">Kalcium<\/td>\n<td style=\"width: 1.79533%;\" width=\"47\">95 mg<\/td>\n<td style=\"width: 10.4705%;\" width=\"38\">12 %<\/td>\n<\/tr>\n<tr>\n<td style=\"width: 17.3392%;\" width=\"66\">Acerola<\/td>\n<td style=\"width: 1.79533%;\" width=\"47\">8,5 mg<\/td>\n<td style=\"width: 10.4705%;\" width=\"38\">**<\/td>\n<\/tr>\n<tr>\n<td style=\"width: 17.3392%;\" width=\"66\">Acai<\/td>\n<td style=\"width: 1.79533%;\" width=\"47\">8,5 mg<\/td>\n<td style=\"width: 10.4705%;\" width=\"38\">**<\/td>\n<\/tr>\n<tr>\n<td style=\"width: 17.3392%;\" width=\"66\">Camu Camu<\/td>\n<td style=\"width: 1.79533%;\" width=\"47\">8,5 mg<\/td>\n<td style=\"width: 10.4705%;\" width=\"38\">**<\/td>\n<\/tr>\n<\/tbody>\n<\/table>\n<p><strong>*DRI \u00e4r dagligt referensintag. **DRI ej fastst\u00e4llt.<\/strong><\/p>\n<p><strong>Ingredienser<\/strong>: Kalciumaskorbat, acai <em>(Euterpe oleracea<\/em>), acerola (<em>Malpighia emarginata),<\/em> camu camu (<em>Myrciaria dubia<\/em>).<\/p>\n<p>Rekommenderad daglig dos b\u00f6r ej \u00f6verskridas.<br \/>\nKosttillskott ers\u00e4tter inte en varierad kost.<br \/>\nProdukten f\u00f6rvaras o\u00e5tkomligt f\u00f6r sm\u00e5 barn.<\/p>\n<p>Kalciumaskorbat har ett neutralt pH-v\u00e4rde vilket g\u00f6r det mer skonsamt f\u00f6r magen.<\/p>\n","protected":false},"excerpt":{"rendered":"<p>C-vitamin i kalciumaskorbat har ett neutralt pH-v\u00e4rde vilket g\u00f6r den mer skonsamt f\u00f6r magen. Kombinationen av C-vitamin-askorbat med flavonoidrika acerola, acai och camu camu ger preparatet extra h\u00f6g biotillg\u00e4nglighet och intracellul\u00e4r verkan.<\/p>\n<p><strong>1 ml (1 kryddm\u00e5tt) ger 750 mg C-vitamin.<\/strong><\/p>\n<p><strong>250 g<\/strong><\/p>\n","protected":false},"featured_media":11400,"comment_status":"open","ping_status":"closed","template":"","meta":{"_kad_blocks_custom_css":"","_kad_blocks_head_custom_js":"","_kad_blocks_body_custom_js":"","_kad_blocks_footer_custom_js":"","_kadence_starter_templates_imported_post":false,"_kad_post_transparent":"default","_kad_post_title":"","_kad_post_layout":"default","_kad_post_sidebar_id":"","_kad_post_content_style":"default","_kad_post_vertical_padding":"default","_kad_post_feature":"","_kad_post_feature_position":"","_kad_post_header":false,"_kad_post_footer":false,"_kad_post_classname":""},"product_brand":[],"product_cat":[508,195,176,2822,146,1307,155],"product_tag":[539,540,294,509,454,432,205,180,510,399,511,512,513,514,541,542,515,516,517,518,519,520,184,521,187,522,215,523,460,524,525,362,526,527,528,529,530,221,531,272,532,533,534,193,535,536,229,276,233,537,538,234,235],"class_list":{"0":"post-9401","1":"product","2":"type-product","3":"status-publish","4":"has-post-thumbnail","6":"product_cat-c-vitamin","7":"product_cat-hud-skonhet","8":"product_cat-immunforsvar","9":"product_cat-multi-produkter","10":"product_cat-stressad-och-trott","11":"product_cat-synergos","12":"product_cat-vitaminer","13":"product_tag-acai","14":"product_tag-acerola","15":"product_tag-allergier","16":"product_tag-allman-sjukdomskansla","17":"product_tag-amalgamskada","18":"product_tag-anemi","19":"product_tag-antioxidant","20":"product_tag-artarstelhet","21":"product_tag-aterkommande-inflammationer","22":"product_tag-binjureinsufficiens","23":"product_tag-blodande-tandkott","24":"product_tag-blodproppar","25":"product_tag-bygga-upp-immunforsvar","26":"product_tag-c-vitamin-kalciumaskorbat","27":"product_tag-c-vitaminpulver","28":"product_tag-camu-camu","29":"product_tag-dalig-sarlakningsformaga","30":"product_tag-daliga-tander","31":"product_tag-depressioner","32":"product_tag-dysfunktionell-kollagenvavnad","33":"product_tag-forkylningar","34":"product_tag-gallbesvar","35":"product_tag-grastarr","36":"product_tag-hjart-och-karlproblematik","37":"product_tag-hogt-blodtryck","38":"product_tag-hudproblem","39":"product_tag-hudsjukdomar","40":"product_tag-illamaende","41":"product_tag-inflammationer","42":"product_tag-influensa","43":"product_tag-jarn-toxicitet","44":"product_tag-jarnbrist","45":"product_tag-kanslomassiga-problem","46":"product_tag-kollagenbesvar","47":"product_tag-koppar-toxicitet","48":"product_tag-ledproblem","49":"product_tag-magvanlig","50":"product_tag-naturtillskott","51":"product_tag-nedsatt-gallsyntes","52":"product_tag-nedsatt-immunforsvar","53":"product_tag-nedsatt-syntes-av-galla","54":"product_tag-nedsatt-tyrosin-metabolism","55":"product_tag-neutralt-ph-varde","56":"product_tag-oxidativ-stress","57":"product_tag-skonsamt-for-magen","58":"product_tag-skorbjugg","59":"product_tag-starka-immunforsvar","60":"product_tag-tandlossning","61":"product_tag-trotthet","62":"product_tag-vattenlosligt-vitamin","63":"product_tag-viktigt-naringsamne","64":"product_tag-vitamin","65":"product_tag-vitaminer","67":"first","68":"instock","69":"taxable","70":"shipping-taxable","71":"purchasable","72":"product-type-simple","73":"entry","74":"content-bg","75":"loop-entry"},"taxonomy_info":{"product_cat":[{"value":508,"label":"C-vitamin"},{"value":195,"label":"Hud &amp; Sk\u00f6nhet"},{"value":176,"label":"Immunf\u00f6rsvar"},{"value":2822,"label":"Multi produkter"},{"value":146,"label":"Stressad &amp; Tr\u00f6tt"},{"value":1307,"label":"Synergos"},{"value":155,"label":"Vitaminer"}],"product_tag":[{"value":539,"label":"acai"},{"value":540,"label":"acerola"},{"value":294,"label":"allergier"},{"value":509,"label":"allm\u00e4n sjukdomsk\u00e4nsla"},{"value":454,"label":"Amalgamskada"},{"value":432,"label":"anemi"},{"value":205,"label":"antioxidant"},{"value":180,"label":"art\u00e4rstelhet"},{"value":510,"label":"\u00c5terkommande inflammationer"},{"value":399,"label":"binjureinsufficiens"},{"value":511,"label":"bl\u00f6dande tandk\u00f6tt"},{"value":512,"label":"Blodproppar"},{"value":513,"label":"bygga upp immunf\u00f6rsvar"},{"value":514,"label":"c vitamin kalciumaskorbat"},{"value":541,"label":"C-vitaminpulver"},{"value":542,"label":"Camu Camu"},{"value":515,"label":"d\u00e5lig s\u00e5rl\u00e4kningsf\u00f6rm\u00e5ga"},{"value":516,"label":"D\u00e5liga t\u00e4nder"},{"value":517,"label":"Depressioner"},{"value":518,"label":"dysfunktionell kollagenv\u00e4vnad"},{"value":519,"label":"f\u00f6rkylningar"},{"value":520,"label":"gallbesv\u00e4r"},{"value":184,"label":"gr\u00e5starr"},{"value":521,"label":"Hj\u00e4rt- och k\u00e4rlproblematik"},{"value":187,"label":"h\u00f6gt blodtryck"},{"value":522,"label":"hudproblem"},{"value":215,"label":"hudsjukdomar"},{"value":523,"label":"Illam\u00e5ende"},{"value":460,"label":"inflammationer"},{"value":524,"label":"influensa"},{"value":525,"label":"j\u00e4rn toxicitet"},{"value":362,"label":"j\u00e4rnbrist"},{"value":526,"label":"K\u00e4nslom\u00e4ssiga problem"},{"value":527,"label":"kollagenbesv\u00e4r"},{"value":528,"label":"koppar toxicitet"},{"value":529,"label":"Ledproblem"},{"value":530,"label":"magv\u00e4nlig"},{"value":221,"label":"naturtillskott"},{"value":531,"label":"Nedsatt gallsyntes"},{"value":272,"label":"nedsatt immunf\u00f6rsvar"},{"value":532,"label":"Nedsatt syntes av galla"},{"value":533,"label":"Nedsatt tyrosin metabolism"},{"value":534,"label":"neutralt pH-v\u00e4rde"},{"value":193,"label":"oxidativ stress"},{"value":535,"label":"skonsamt f\u00f6r magen"},{"value":536,"label":"Sk\u00f6rbjugg"},{"value":229,"label":"st\u00e4rka immunf\u00f6rsvar"},{"value":276,"label":"tandlossning"},{"value":233,"label":"tr\u00f6tthet"},{"value":537,"label":"vattenl\u00f6sligt vitamin"},{"value":538,"label":"viktigt n\u00e4rings\u00e4mne"},{"value":234,"label":"vitamin"},{"value":235,"label":"vitaminer"}]},"featured_image_src_large":["https:\/\/vitaminbutiken.com\/wp-content\/uploads\/2025\/03\/C-Vitamin-Complex-206-C-Photoroom-e1747375555662-1047x700.png",1047,700,true],"author_info":[],"comment_info":0,"_links":{"self":[{"href":"https:\/\/vitaminbutiken.com\/fi\/wp-json\/wp\/v2\/product\/9401","targetHints":{"allow":["GET"]}}],"collection":[{"href":"https:\/\/vitaminbutiken.com\/fi\/wp-json\/wp\/v2\/product"}],"about":[{"href":"https:\/\/vitaminbutiken.com\/fi\/wp-json\/wp\/v2\/types\/product"}],"replies":[{"embeddable":true,"href":"https:\/\/vitaminbutiken.com\/fi\/wp-json\/wp\/v2\/comments?post=9401"}],"wp:featuredmedia":[{"embeddable":true,"href":"https:\/\/vitaminbutiken.com\/fi\/wp-json\/wp\/v2\/media\/11400"}],"wp:attachment":[{"href":"https:\/\/vitaminbutiken.com\/fi\/wp-json\/wp\/v2\/media?parent=9401"}],"wp:term":[{"taxonomy":"product_brand","embeddable":true,"href":"https:\/\/vitaminbutiken.com\/fi\/wp-json\/wp\/v2\/product_brand?post=9401"},{"taxonomy":"product_cat","embeddable":true,"href":"https:\/\/vitaminbutiken.com\/fi\/wp-json\/wp\/v2\/product_cat?post=9401"},{"taxonomy":"product_tag","embeddable":true,"href":"https:\/\/vitaminbutiken.com\/fi\/wp-json\/wp\/v2\/product_tag?post=9401"}],"curies":[{"name":"wp","href":"https:\/\/api.w.org\/{rel}","templated":true}]}}