{"id":9390,"date":"2025-03-19T15:53:34","date_gmt":"2025-03-19T13:53:34","guid":{"rendered":"https:\/\/vitaminbutiken.multi.fi\/?post_type=product&#038;p=9390"},"modified":"2026-04-08T11:20:27","modified_gmt":"2026-04-08T09:20:27","slug":"c-vitamin-kalciumaskorbat","status":"publish","type":"product","link":"https:\/\/vitaminbutiken.com\/fi\/produkt\/c-vitamin-kalciumaskorbat\/","title":{"rendered":"C-vitamin &#8211; Kalciumaskorbat"},"content":{"rendered":"<p><strong>C-vitamin &#8211; Kalciumaskorbat<\/strong><\/p>\n<p>Kalciumaskorbat \u00e4r en mineralf\u00f6rening som inneh\u00e5ller saltet av askorbinsyra, askorbat, i f\u00f6rening med kalcium. Mineralf\u00f6reningen utg\u00f6rs av 90 % askorbat och 10 % kalcium.<\/p>\n<p><strong>C-vitamin bidrar till:<\/strong><\/p>\n<ul>\n<li>att bibeh\u00e5lla immunsystemets normala funktion under och efter intensiv fysisk tr\u00e4ning<\/li>\n<li>normal energioms\u00e4ttning<\/li>\n<li>nervsystemets normala funktion<\/li>\n<li>normal psykologisk funktion<\/li>\n<li>immunsystemets normala funktion<\/li>\n<li>att skydda cellerna mot oxidativ stress<\/li>\n<li>att minska tr\u00f6tthet och utmattning<\/li>\n<li>att \u00e5terbilda den reducerade formen av vitamin E<\/li>\n<li>\u00f6kar j\u00e4rnupptaget<\/li>\n<li>normal kollagenbildning som har betydelse f\u00f6r blodk\u00e4rlens normala funktion<\/li>\n<li>normal kollagenbildning som har betydelse f\u00f6r benstommens normala funktion<\/li>\n<li>normal kollagenbildning som har betydelse f\u00f6r broskets normala funktion<\/li>\n<li>normal kollagenbildning som har betydelse f\u00f6r tandk\u00f6ttets normala funktion<\/li>\n<li>normal kollagenbildning som har betydelse f\u00f6r hudens normala funktion<\/li>\n<li>normal kollagenbildning som har betydelse f\u00f6r t\u00e4ndernas normala funktion<\/li>\n<\/ul>\n<p><strong>Dosering:\u00a0<\/strong>1 gram\/dag. (1\/4 tsk)<\/p>\n<table style=\"height: 80px;\" border=\"1\" width=\"600\" cellspacing=\"0\" cellpadding=\"0\">\n<tbody>\n<tr style=\"height: 24px;\">\n<td style=\"width: 12.101%; height: 24px;\"><strong>1\/4 tsk ineh\u00e5ller:<\/strong><\/td>\n<td style=\"width: 4.69498%; height: 24px;\"><strong>M\u00e4ngd<\/strong><\/td>\n<td style=\"width: 7.92522%; height: 24px;\"><strong>*% DRI<\/strong><\/td>\n<\/tr>\n<tr style=\"height: 25px;\">\n<td style=\"width: 12.101%; height: 25px;\">C-vitamin<\/td>\n<td style=\"width: 4.69498%; height: 25px;\">1000 mg<\/td>\n<td style=\"width: 7.92522%; height: 25px;\">1250 %<\/td>\n<\/tr>\n<\/tbody>\n<\/table>\n<p><strong>*DRI \u00e4r dagligt referensintag.<\/strong><\/p>\n<p><strong>Ingredienser:\u00a0<\/strong>Kalcium L-askorbat.<\/p>\n<p>Kalciumaskorbat har ett neutralt pH-v\u00e4rde vilket f\u00f6r det mer skonsamt f\u00f6r magen.<\/p>\n<p>Rekommenderad daglig dos b\u00f6r ej \u00f6verskridas.<br \/>\nKosttillskott ers\u00e4tter inte en varierad kost.<br \/>\nProdukten f\u00f6rvaras o\u00e5tkomligt f\u00f6r sm\u00e5 barn.<\/p>\n","protected":false},"excerpt":{"rendered":"<p>Kalciumaskorbat har ett neutralt pH-v\u00e4rde vilket f\u00f6r det mer skonsamt f\u00f6r magen.<\/p>\n<p><strong>1\/4 tsk ger 1 gram C-vitamin<\/strong><\/p>\n<p><strong>250 gram<\/strong><\/p>\n","protected":false},"featured_media":500103480,"comment_status":"open","ping_status":"closed","template":"","meta":{"_kad_blocks_custom_css":"","_kad_blocks_head_custom_js":"","_kad_blocks_body_custom_js":"","_kad_blocks_footer_custom_js":"","_kadence_starter_templates_imported_post":false,"_kad_post_transparent":"default","_kad_post_title":"","_kad_post_layout":"default","_kad_post_sidebar_id":"","_kad_post_content_style":"default","_kad_post_vertical_padding":"default","_kad_post_feature":"","_kad_post_feature_position":"","_kad_post_header":false,"_kad_post_footer":false,"_kad_post_classname":""},"product_brand":[],"product_cat":[508,1293,195,176,146,155],"product_tag":[294,509,454,432,205,180,510,399,511,512,513,514,515,516,517,518,519,520,184,521,187,522,215,523,460,524,525,362,526,527,528,529,530,221,531,272,532,533,534,193,535,536,229,276,233,537,538,234,235],"class_list":{"0":"post-9390","1":"product","2":"type-product","3":"status-publish","4":"has-post-thumbnail","6":"product_cat-c-vitamin","7":"product_cat-evp-nutrition","8":"product_cat-hud-skonhet","9":"product_cat-immunforsvar","10":"product_cat-stressad-och-trott","11":"product_cat-vitaminer","12":"product_tag-allergier","13":"product_tag-allman-sjukdomskansla","14":"product_tag-amalgamskada","15":"product_tag-anemi","16":"product_tag-antioxidant","17":"product_tag-artarstelhet","18":"product_tag-aterkommande-inflammationer","19":"product_tag-binjureinsufficiens","20":"product_tag-blodande-tandkott","21":"product_tag-blodproppar","22":"product_tag-bygga-upp-immunforsvar","23":"product_tag-c-vitamin-kalciumaskorbat","24":"product_tag-dalig-sarlakningsformaga","25":"product_tag-daliga-tander","26":"product_tag-depressioner","27":"product_tag-dysfunktionell-kollagenvavnad","28":"product_tag-forkylningar","29":"product_tag-gallbesvar","30":"product_tag-grastarr","31":"product_tag-hjart-och-karlproblematik","32":"product_tag-hogt-blodtryck","33":"product_tag-hudproblem","34":"product_tag-hudsjukdomar","35":"product_tag-illamaende","36":"product_tag-inflammationer","37":"product_tag-influensa","38":"product_tag-jarn-toxicitet","39":"product_tag-jarnbrist","40":"product_tag-kanslomassiga-problem","41":"product_tag-kollagenbesvar","42":"product_tag-koppar-toxicitet","43":"product_tag-ledproblem","44":"product_tag-magvanlig","45":"product_tag-naturtillskott","46":"product_tag-nedsatt-gallsyntes","47":"product_tag-nedsatt-immunforsvar","48":"product_tag-nedsatt-syntes-av-galla","49":"product_tag-nedsatt-tyrosin-metabolism","50":"product_tag-neutralt-ph-varde","51":"product_tag-oxidativ-stress","52":"product_tag-skonsamt-for-magen","53":"product_tag-skorbjugg","54":"product_tag-starka-immunforsvar","55":"product_tag-tandlossning","56":"product_tag-trotthet","57":"product_tag-vattenlosligt-vitamin","58":"product_tag-viktigt-naringsamne","59":"product_tag-vitamin","60":"product_tag-vitaminer","62":"first","63":"instock","64":"taxable","65":"shipping-taxable","66":"purchasable","67":"product-type-simple","68":"entry","69":"content-bg","70":"loop-entry"},"taxonomy_info":{"product_cat":[{"value":508,"label":"C-vitamin"},{"value":1293,"label":"EVP Nutrition"},{"value":195,"label":"Hud &amp; Sk\u00f6nhet"},{"value":176,"label":"Immunf\u00f6rsvar"},{"value":146,"label":"Stressad &amp; Tr\u00f6tt"},{"value":155,"label":"Vitaminer"}],"product_tag":[{"value":294,"label":"allergier"},{"value":509,"label":"allm\u00e4n sjukdomsk\u00e4nsla"},{"value":454,"label":"Amalgamskada"},{"value":432,"label":"anemi"},{"value":205,"label":"antioxidant"},{"value":180,"label":"art\u00e4rstelhet"},{"value":510,"label":"\u00c5terkommande inflammationer"},{"value":399,"label":"binjureinsufficiens"},{"value":511,"label":"bl\u00f6dande tandk\u00f6tt"},{"value":512,"label":"Blodproppar"},{"value":513,"label":"bygga upp immunf\u00f6rsvar"},{"value":514,"label":"c vitamin kalciumaskorbat"},{"value":515,"label":"d\u00e5lig s\u00e5rl\u00e4kningsf\u00f6rm\u00e5ga"},{"value":516,"label":"D\u00e5liga t\u00e4nder"},{"value":517,"label":"Depressioner"},{"value":518,"label":"dysfunktionell kollagenv\u00e4vnad"},{"value":519,"label":"f\u00f6rkylningar"},{"value":520,"label":"gallbesv\u00e4r"},{"value":184,"label":"gr\u00e5starr"},{"value":521,"label":"Hj\u00e4rt- och k\u00e4rlproblematik"},{"value":187,"label":"h\u00f6gt blodtryck"},{"value":522,"label":"hudproblem"},{"value":215,"label":"hudsjukdomar"},{"value":523,"label":"Illam\u00e5ende"},{"value":460,"label":"inflammationer"},{"value":524,"label":"influensa"},{"value":525,"label":"j\u00e4rn toxicitet"},{"value":362,"label":"j\u00e4rnbrist"},{"value":526,"label":"K\u00e4nslom\u00e4ssiga problem"},{"value":527,"label":"kollagenbesv\u00e4r"},{"value":528,"label":"koppar toxicitet"},{"value":529,"label":"Ledproblem"},{"value":530,"label":"magv\u00e4nlig"},{"value":221,"label":"naturtillskott"},{"value":531,"label":"Nedsatt gallsyntes"},{"value":272,"label":"nedsatt immunf\u00f6rsvar"},{"value":532,"label":"Nedsatt syntes av galla"},{"value":533,"label":"Nedsatt tyrosin metabolism"},{"value":534,"label":"neutralt pH-v\u00e4rde"},{"value":193,"label":"oxidativ stress"},{"value":535,"label":"skonsamt f\u00f6r magen"},{"value":536,"label":"Sk\u00f6rbjugg"},{"value":229,"label":"st\u00e4rka immunf\u00f6rsvar"},{"value":276,"label":"tandlossning"},{"value":233,"label":"tr\u00f6tthet"},{"value":537,"label":"vattenl\u00f6sligt vitamin"},{"value":538,"label":"viktigt n\u00e4rings\u00e4mne"},{"value":234,"label":"vitamin"},{"value":235,"label":"vitaminer"}]},"featured_image_src_large":["https:\/\/vitaminbutiken.com\/wp-content\/uploads\/2025\/03\/206-B-Kalciumaskorbat-Photoroom-e1769521719254-880x700.png",880,700,true],"author_info":[],"comment_info":0,"_links":{"self":[{"href":"https:\/\/vitaminbutiken.com\/fi\/wp-json\/wp\/v2\/product\/9390","targetHints":{"allow":["GET"]}}],"collection":[{"href":"https:\/\/vitaminbutiken.com\/fi\/wp-json\/wp\/v2\/product"}],"about":[{"href":"https:\/\/vitaminbutiken.com\/fi\/wp-json\/wp\/v2\/types\/product"}],"replies":[{"embeddable":true,"href":"https:\/\/vitaminbutiken.com\/fi\/wp-json\/wp\/v2\/comments?post=9390"}],"wp:featuredmedia":[{"embeddable":true,"href":"https:\/\/vitaminbutiken.com\/fi\/wp-json\/wp\/v2\/media\/500103480"}],"wp:attachment":[{"href":"https:\/\/vitaminbutiken.com\/fi\/wp-json\/wp\/v2\/media?parent=9390"}],"wp:term":[{"taxonomy":"product_brand","embeddable":true,"href":"https:\/\/vitaminbutiken.com\/fi\/wp-json\/wp\/v2\/product_brand?post=9390"},{"taxonomy":"product_cat","embeddable":true,"href":"https:\/\/vitaminbutiken.com\/fi\/wp-json\/wp\/v2\/product_cat?post=9390"},{"taxonomy":"product_tag","embeddable":true,"href":"https:\/\/vitaminbutiken.com\/fi\/wp-json\/wp\/v2\/product_tag?post=9390"}],"curies":[{"name":"wp","href":"https:\/\/api.w.org\/{rel}","templated":true}]}}