{"id":9389,"date":"2025-03-19T15:53:34","date_gmt":"2025-03-19T13:53:34","guid":{"rendered":"https:\/\/vitaminbutiken.multi.fi\/?post_type=product&#038;p=9389"},"modified":"2026-04-10T12:12:39","modified_gmt":"2026-04-10T10:12:39","slug":"silica-complex","status":"publish","type":"product","link":"https:\/\/vitaminbutiken.com\/fi\/produkt\/silica-complex\/","title":{"rendered":"Silica Complex"},"content":{"rendered":"<p><strong>Silica Complex\u00a0<\/strong><\/p>\n<p><strong>Allm\u00e4n information<\/strong><br \/>\nSilica \u00e4r ett komplex best\u00e5ende av en rad <strong>vitaminer, mineraler, sp\u00e5r\u00e4mnen och aminosyror<\/strong> som spelar en viktig roll f\u00f6r reparation och produktion av epithemv\u00e4vnad. Detta \u00e4r ett specialpreparat med denna inriktning. Hit h\u00f6r bl.a celler i h\u00e5r, hud, naglar och slemhinnor.<\/p>\n<p><strong>\u00c5kerfr\u00e4ken<\/strong> \u2013\u00a0 V\u00e4xten \u00e4r rikt p\u00e5 kisel (10 %), kalium och kalcium.<\/p>\n<p><strong>Biotin som finns i Silica complex bidrar till att:<\/strong><\/p>\n<ul>\n<li>bibeh\u00e5lla normalt h\u00e5r<\/li>\n<li>bibeh\u00e5lla normala slemhinnor<\/li>\n<li>bibeh\u00e5lla normal hud<\/li>\n<\/ul>\n<p><strong>Dosering:\u00a0<\/strong>2-3 tabletter\/dag.<\/p>\n<table style=\"height: 80px;\" border=\"1\" width=\"600\" cellspacing=\"0\" cellpadding=\"0\">\n<tbody>\n<tr>\n<td style=\"width: 11.6539%;\"><strong>3 tabletter inneh\u00e5ller:<\/strong><\/td>\n<td style=\"width: 7.64414%;\"><strong>M\u00e4ngd<\/strong><\/td>\n<td style=\"width: 5.72778%;\"><strong>*%DRI<\/strong><\/td>\n<\/tr>\n<tr>\n<td style=\"width: 11.6539%;\" width=\"75\">Kalcium<\/td>\n<td style=\"width: 7.64414%;\" width=\"38\">186 mg<\/td>\n<td style=\"width: 5.72778%;\" width=\"38\">\u00a023 %<\/td>\n<\/tr>\n<tr>\n<td style=\"width: 11.6539%;\" width=\"75\">\u00c5kerfr\u00e4ken<\/td>\n<td style=\"width: 7.64414%;\" width=\"38\">120 mg<\/td>\n<td style=\"width: 5.72778%;\" width=\"38\">**<\/td>\n<\/tr>\n<tr>\n<td style=\"width: 11.6539%;\" width=\"75\">Bl\u00e5st\u00e5ng<\/td>\n<td style=\"width: 7.64414%;\" width=\"38\">\u00a0 81 mg<\/td>\n<td style=\"width: 5.72778%;\" width=\"38\">**<\/td>\n<\/tr>\n<tr>\n<td style=\"width: 11.6539%;\" width=\"75\">N\u00e4ssla<\/td>\n<td style=\"width: 7.64414%;\" width=\"38\">\u00a0 81 mg<\/td>\n<td style=\"width: 5.72778%;\" width=\"38\">**<\/td>\n<\/tr>\n<tr>\n<td style=\"width: 11.6539%;\" width=\"75\">Zink<\/td>\n<td style=\"width: 7.64414%;\" width=\"38\">\u00a0 15 mg<\/td>\n<td style=\"width: 5.72778%;\" width=\"38\">\u00a0150 %<\/td>\n<\/tr>\n<tr>\n<td style=\"width: 11.6539%;\" width=\"75\">Lysin<\/td>\n<td style=\"width: 7.64414%;\" width=\"38\">\u00a0 66 mg<\/td>\n<td style=\"width: 5.72778%;\" width=\"38\">**<\/td>\n<\/tr>\n<tr>\n<td style=\"width: 11.6539%;\" width=\"75\">Kisel<\/td>\n<td style=\"width: 7.64414%;\" width=\"38\">\u00a0 23 mg<\/td>\n<td style=\"width: 5.72778%;\" width=\"38\">**<\/td>\n<\/tr>\n<tr>\n<td style=\"width: 11.6539%;\" width=\"75\">Niacin (B3)<\/td>\n<td style=\"width: 7.64414%;\" width=\"38\">\u00a0 45 mg<\/td>\n<td style=\"width: 5.72778%;\" width=\"38\">281 %<\/td>\n<\/tr>\n<tr>\n<td style=\"width: 11.6539%;\" width=\"75\">PABA<\/td>\n<td style=\"width: 7.64414%;\" width=\"38\">\u00a0 45 mg<\/td>\n<td style=\"width: 5.72778%;\" width=\"38\">**<\/td>\n<\/tr>\n<tr>\n<td style=\"width: 11.6539%;\" width=\"75\">Metionin<\/td>\n<td style=\"width: 7.64414%;\" width=\"38\">\u00a0 33 mg<\/td>\n<td style=\"width: 5.72778%;\" width=\"38\">**<\/td>\n<\/tr>\n<tr>\n<td style=\"width: 11.6539%;\" width=\"75\">Vitamin B5<\/td>\n<td style=\"width: 7.64414%;\" width=\"38\">\u00a0 30 mg<\/td>\n<td style=\"width: 5.72778%;\" width=\"38\">\u00a0500 %<\/td>\n<\/tr>\n<tr>\n<td style=\"width: 11.6539%;\" width=\"75\">Biotin<\/td>\n<td style=\"width: 7.64414%;\" width=\"38\">\u00a0645 \u00b5g<\/td>\n<td style=\"width: 5.72778%;\" width=\"38\">1290 %<\/td>\n<\/tr>\n<\/tbody>\n<\/table>\n<p><strong>* DRI<\/strong> \u00e4r dagligt referensintag. **DRI ej fastst\u00e4llt.<\/p>\n<p><strong>Ingredienser:<\/strong> Kalciumkarbonat, fyllnadsmedel (mikrokristallinsk cellulosa), \u00e5kerfr\u00e4ken (<em>Equisetum arvense, 7% Si<\/em>) bl\u00e5st\u00e5ng (<em>Fucus vesiculosis, 0,2% jod<\/em>), n\u00e4ssla (<em>Urtica Dioica L, 2% Si<\/em>), zinkbisglycinat, fyllnadsmedel (stearinsyra), l-lysin, kiseldioxid, nikotinamid, p-aminobensoesyra, metionin, kalcium-D-pantotenat, stabiliseringsmedel (tv\u00e4rbunden natriumkarboximetylcellulosa), fyllnadsmedel (dikalciumfosfat), stabiliseringsmedel (magnesiumsalter av fettsyror), D-biotin.<\/p>\n<p><strong>Observera: <\/strong>Silica complex b\u00f6r inte intas samtidigt med antibiotika eftersom mineral\u00e4mnen kan begr\u00e4nsa upptag av antibiotika. Ta i s\u00e5dant l\u00e4ge med 3 timmars intervall.<\/p>\n<p>Rekommenderad daglig dos b\u00f6r ej \u00f6verskridas.<br \/>\nKosttillskott ers\u00e4tter inte en varierad kost.<br \/>\nProdukten f\u00f6rvaras o\u00e5tkomligt f\u00f6r sm\u00e5 barn.<\/p>\n","protected":false},"excerpt":{"rendered":"<p>Silica Complex \u00e4r ett komplex best\u00e5ende av en rad <strong>vitaminer, mineraler, sp\u00e5r\u00e4mnen och aminosyror<\/strong> som spelar en <strong>viktig roll f\u00f6r reparation och<\/strong> <strong>produktion av epithemv\u00e4vnad.<\/strong><\/p>\n<p><strong>Biotin som finns i Silica Complex bidrar till att:<\/strong><\/p>\n<ul>\n<li>bibeh\u00e5lla normalt h\u00e5r<\/li>\n<li>bibeh\u00e5lla normala slemhinnor<\/li>\n<li>bibeh\u00e5lla normal hud<\/li>\n<\/ul>\n<p><strong>90 tabletter<\/strong><\/p>\n","protected":false},"featured_media":500103739,"comment_status":"open","ping_status":"closed","template":"","meta":{"_kad_blocks_custom_css":"","_kad_blocks_head_custom_js":"","_kad_blocks_body_custom_js":"","_kad_blocks_footer_custom_js":"","_kadence_starter_templates_imported_post":false,"_kad_post_transparent":"default","_kad_post_title":"","_kad_post_layout":"default","_kad_post_sidebar_id":"","_kad_post_content_style":"default","_kad_post_vertical_padding":"default","_kad_post_feature":"","_kad_post_feature_position":"","_kad_post_header":false,"_kad_post_footer":false,"_kad_post_classname":""},"product_brand":[],"product_cat":[337,195,281,2822,2821,2806,1307,155],"product_tag":[475,476,205,374,398,477,478,208,209,479,480,481,482,483,401,484,213,214,485,215,486,487,488,489,338,490,491,492,493,494,495,496,221,425,497,498,499,500,501,405,502,503,228,504,505,229,506,507,234,235,343],"class_list":{"0":"post-9389","1":"product","2":"type-product","3":"status-publish","4":"has-post-thumbnail","6":"product_cat-aminosyror","7":"product_cat-hud-skonhet","8":"product_cat-mineraler","9":"product_cat-multi-produkter","10":"product_cat-multi-mineral","11":"product_cat-multi-vitamin","12":"product_cat-synergos","13":"product_cat-vitaminer","14":"product_tag-akerfraken","15":"product_tag-aminosyror","16":"product_tag-antioxidant","17":"product_tag-b3-vitamin","18":"product_tag-b5-vitamin","19":"product_tag-biotin","20":"product_tag-brannassla","21":"product_tag-dalig-harkvalitet","22":"product_tag-dalig-hudkvalitet","23":"product_tag-daliga-jarnvarden","24":"product_tag-daliga-slemhinnor","25":"product_tag-daligt-nagelkvalitet","26":"product_tag-epithem-plus","27":"product_tag-epithemvavnad","28":"product_tag-gikt","29":"product_tag-har","30":"product_tag-haravfall","31":"product_tag-hud","32":"product_tag-hudbesvar","33":"product_tag-hudsjukdomar","34":"product_tag-kalcium","35":"product_tag-kalium","36":"product_tag-kelp","37":"product_tag-kisel","38":"product_tag-l-lysin","39":"product_tag-l-metionin","40":"product_tag-loser-har","41":"product_tag-magkatarr","42":"product_tag-magknip","43":"product_tag-mineraler","44":"product_tag-naglar","45":"product_tag-nassla","46":"product_tag-naturtillskott","47":"product_tag-nedsatt-njurfunktion","48":"product_tag-niacin","49":"product_tag-niacinamid","50":"product_tag-paba","51":"product_tag-pantotensyra","52":"product_tag-reumatism","53":"product_tag-skora-naglar","54":"product_tag-skora-slemhinnor","55":"product_tag-slemhinnebesvar","56":"product_tag-slemhinnor","57":"product_tag-sparamnen","58":"product_tag-spruckna-naglar","59":"product_tag-starka-immunforsvar","60":"product_tag-tappar-har","61":"product_tag-tunt-har","62":"product_tag-vitamin","63":"product_tag-vitaminer","64":"product_tag-zink","66":"first","67":"instock","68":"taxable","69":"shipping-taxable","70":"purchasable","71":"product-type-simple","72":"entry","73":"content-bg","74":"loop-entry"},"taxonomy_info":{"product_cat":[{"value":337,"label":"Aminosyror"},{"value":195,"label":"Hud &amp; Sk\u00f6nhet"},{"value":281,"label":"Mineraler"},{"value":2822,"label":"Multi produkter"},{"value":2821,"label":"Multi-mineral"},{"value":2806,"label":"Multi-vitamin"},{"value":1307,"label":"Synergos"},{"value":155,"label":"Vitaminer"}],"product_tag":[{"value":475,"label":"\u00e5kerfr\u00e4ken"},{"value":476,"label":"aminosyror"},{"value":205,"label":"antioxidant"},{"value":374,"label":"b3 vitamin"},{"value":398,"label":"b5 vitamin"},{"value":477,"label":"Biotin"},{"value":478,"label":"br\u00e4nn\u00e4ssla"},{"value":208,"label":"d\u00e5lig h\u00e5rkvalitet"},{"value":209,"label":"d\u00e5lig hudkvalitet"},{"value":479,"label":"d\u00e5liga j\u00e4rnv\u00e4rden"},{"value":480,"label":"d\u00e5liga slemhinnor"},{"value":481,"label":"d\u00e5ligt nagelkvalitet"},{"value":482,"label":"epithem plus"},{"value":483,"label":"epithemv\u00e4vnad"},{"value":401,"label":"gikt"},{"value":484,"label":"h\u00e5r"},{"value":213,"label":"h\u00e5ravfall"},{"value":214,"label":"hud"},{"value":485,"label":"hudbesv\u00e4r"},{"value":215,"label":"hudsjukdomar"},{"value":486,"label":"Kalcium"},{"value":487,"label":"Kalium"},{"value":488,"label":"kelp"},{"value":489,"label":"kisel"},{"value":338,"label":"L-Lysin"},{"value":490,"label":"L-Metionin"},{"value":491,"label":"l\u00f6ser h\u00e5r"},{"value":492,"label":"magkatarr"},{"value":493,"label":"magknip"},{"value":494,"label":"Mineraler"},{"value":495,"label":"naglar"},{"value":496,"label":"n\u00e4ssla"},{"value":221,"label":"naturtillskott"},{"value":425,"label":"nedsatt njurfunktion"},{"value":497,"label":"Niacin"},{"value":498,"label":"niacinamid"},{"value":499,"label":"PABA"},{"value":500,"label":"Pantotensyra"},{"value":501,"label":"reumatism"},{"value":405,"label":"sk\u00f6ra naglar"},{"value":502,"label":"sk\u00f6ra slemhinnor"},{"value":503,"label":"slemhinnebesv\u00e4r"},{"value":228,"label":"slemhinnor"},{"value":504,"label":"sp\u00e5r\u00e4mnen"},{"value":505,"label":"spruckna naglar"},{"value":229,"label":"st\u00e4rka immunf\u00f6rsvar"},{"value":506,"label":"tappar h\u00e5r"},{"value":507,"label":"tunt h\u00e5r"},{"value":234,"label":"vitamin"},{"value":235,"label":"vitaminer"},{"value":343,"label":"Zink"}]},"featured_image_src_large":["https:\/\/vitaminbutiken.com\/wp-content\/uploads\/2025\/03\/215-Silica-Complex-Photoroom-e1771311843762-657x700.png",657,700,true],"author_info":[],"comment_info":0,"_links":{"self":[{"href":"https:\/\/vitaminbutiken.com\/fi\/wp-json\/wp\/v2\/product\/9389","targetHints":{"allow":["GET"]}}],"collection":[{"href":"https:\/\/vitaminbutiken.com\/fi\/wp-json\/wp\/v2\/product"}],"about":[{"href":"https:\/\/vitaminbutiken.com\/fi\/wp-json\/wp\/v2\/types\/product"}],"replies":[{"embeddable":true,"href":"https:\/\/vitaminbutiken.com\/fi\/wp-json\/wp\/v2\/comments?post=9389"}],"wp:featuredmedia":[{"embeddable":true,"href":"https:\/\/vitaminbutiken.com\/fi\/wp-json\/wp\/v2\/media\/500103739"}],"wp:attachment":[{"href":"https:\/\/vitaminbutiken.com\/fi\/wp-json\/wp\/v2\/media?parent=9389"}],"wp:term":[{"taxonomy":"product_brand","embeddable":true,"href":"https:\/\/vitaminbutiken.com\/fi\/wp-json\/wp\/v2\/product_brand?post=9389"},{"taxonomy":"product_cat","embeddable":true,"href":"https:\/\/vitaminbutiken.com\/fi\/wp-json\/wp\/v2\/product_cat?post=9389"},{"taxonomy":"product_tag","embeddable":true,"href":"https:\/\/vitaminbutiken.com\/fi\/wp-json\/wp\/v2\/product_tag?post=9389"}],"curies":[{"name":"wp","href":"https:\/\/api.w.org\/{rel}","templated":true}]}}