{"id":9388,"date":"2025-03-19T15:53:33","date_gmt":"2025-03-19T13:53:33","guid":{"rendered":"https:\/\/vitaminbutiken.multi.fi\/?post_type=product&#038;p=9388"},"modified":"2026-04-08T19:55:26","modified_gmt":"2026-04-08T17:55:26","slug":"noacid","status":"publish","type":"product","link":"https:\/\/vitaminbutiken.com\/fi\/produkt\/noacid\/","title":{"rendered":"Noacid"},"content":{"rendered":"<p><strong>Noacid<\/strong> \u00e4r ett bredspektrum synergikomplex best\u00e5ende av viktiga basbildande mineraler och \u00f6rter. Noacid best\u00e5r ocks\u00e5 av en fyton\u00e4ringskomposition baserad p\u00e5 n\u00e4ssla och alfalfa.<\/p>\n<p>Noacid \u00e4r ett specialpreparat vars funktion \u00e4r att motverka \u00f6versyrlighet. Alla organiska \u00e4mnen i naturen och i den m\u00e4nskliga kroppen p\u00e5verkas av relationen mellan bas- och syrabildande \u00e4mnen.<\/p>\n<p><strong>Kalcium, kalium, magnesium och mangan i Noacid bidrar till:<\/strong><\/p>\n<ul>\n<li>normal blodkoagulation<\/li>\n<li>normal energioms\u00e4ttning<\/li>\n<li>normal muskelfunktion<\/li>\n<li>normal neurotransmission<\/li>\n<li>matsm\u00e4ltningsenzymernas normala funktion<\/li>\n<li>har en roll i celldelningsprocessen och cellspecialiseringsprocessen<\/li>\n<li>beh\u00f6vs f\u00f6r att bibeh\u00e5lla normal benstomme<\/li>\n<li>beh\u00f6vs f\u00f6r att bibeh\u00e5lla normala t\u00e4nder<\/li>\n<li>nervsystemets normala funktion<\/li>\n<li>att minska tr\u00f6tthet och utmattning<\/li>\n<li>elektrolytbalansen<\/li>\n<li>normal proteinsyntes<\/li>\n<li>normal psykologisk funktion<\/li>\n<li>skydda cellerna mot oxidativ stress<\/li>\n<\/ul>\n<p><strong>Dosering:<\/strong> 2 tabletter 2 g\u00e5nger\/dag.<\/p>\n<table style=\"height: 80px;\" border=\"1\" width=\"600\" cellspacing=\"0\" cellpadding=\"0\">\n<tbody>\n<tr>\n<td style=\"width: 11.3073%;\"><strong>4 tabletter inneh\u00e5ller:<\/strong><\/td>\n<td style=\"width: 13.1166%;\"><strong>M\u00e4ngd<\/strong><\/td>\n<td style=\"width: 10.0158%;\"><strong>*%DRI<\/strong><\/td>\n<\/tr>\n<tr>\n<td style=\"width: 11.3073%;\">Magnesium<\/td>\n<td style=\"width: 13.1166%;\">600 mg<\/td>\n<td style=\"width: 10.0158%;\">160%<\/td>\n<\/tr>\n<tr>\n<td style=\"width: 11.3073%;\">Kalcium<\/td>\n<td style=\"width: 13.1166%;\">400 mg<\/td>\n<td style=\"width: 10.0158%;\">50 %<\/td>\n<\/tr>\n<tr>\n<td style=\"width: 11.3073%;\">Kalium<\/td>\n<td style=\"width: 13.1166%;\">200 mg<\/td>\n<td style=\"width: 10.0158%;\">10 %<\/td>\n<\/tr>\n<tr>\n<td style=\"width: 11.3073%;\">Kisel<\/td>\n<td style=\"width: 13.1166%;\">100 mg<\/td>\n<td style=\"width: 10.0158%;\">**<\/td>\n<\/tr>\n<tr>\n<td style=\"width: 11.3073%;\">Mangan<\/td>\n<td style=\"width: 13.1166%;\">4 mg<\/td>\n<td style=\"width: 10.0158%;\">200 %<\/td>\n<\/tr>\n<tr>\n<td style=\"width: 11.3073%;\">N\u00e4ssla<\/td>\n<td style=\"width: 13.1166%;\">320 mg<\/td>\n<td style=\"width: 10.0158%;\">**<\/td>\n<\/tr>\n<tr>\n<td style=\"width: 11.3073%;\">Alfalfa<\/td>\n<td style=\"width: 13.1166%;\">320 mg<\/td>\n<td style=\"width: 10.0158%;\">**<\/td>\n<\/tr>\n<\/tbody>\n<\/table>\n<p><strong>*DRI \u00e4r dagligt referensintag. **DRI ej fastst\u00e4llt.<\/strong><\/p>\n<p><strong>Ingredienser:\u00a0<\/strong>Kalcium (kalciumkarbonat), Magnesium (magnesiumoxid), Fyllnadsmedel (mikrokristallinsk cellulosa, stearinsyra), Kalium (kaliumklorid), N\u00e4sselpulver (urtica dioicia L), Alfalfapulver 1:1, Kisel (kiseldioxid), klumpf\u00f6rebyggande medel (magnesiumsalter av fettsyror), Mangan (mangansulfat).<\/p>\n<p><strong>Observera:\u00a0<\/strong>tas p\u00e5 tom mage\/mellan m\u00e5ltider.<\/p>\n<p>Rekommenderad daglig dos b\u00f6r ej \u00f6verskridas.<br \/>\nKosttillskott ers\u00e4tter inte en varierad kost.<br \/>\nProdukten f\u00f6rvaras o\u00e5tkomligt f\u00f6r sm\u00e5 barn.<\/p>\n","protected":false},"excerpt":{"rendered":"<p>Noacid \u00e4r ett specialpreparat vars funktion \u00e4r att motverka \u00f6versyrlighet.<\/p>\n<p><strong>Observera:\u00a0<\/strong>tas p\u00e5 tom mage\/mellan m\u00e5ltider.<\/p>\n<p><strong>120 tabletter<\/strong><\/p>\n","protected":false},"featured_media":500103230,"comment_status":"open","ping_status":"closed","template":"","meta":{"_kad_blocks_custom_css":"","_kad_blocks_head_custom_js":"","_kad_blocks_body_custom_js":"","_kad_blocks_footer_custom_js":"","_kadence_starter_templates_imported_post":false,"_kad_post_transparent":"default","_kad_post_title":"","_kad_post_layout":"default","_kad_post_sidebar_id":"","_kad_post_content_style":"default","_kad_post_vertical_padding":"default","_kad_post_feature":"","_kad_post_feature_position":"","_kad_post_header":false,"_kad_post_footer":false,"_kad_post_classname":""},"product_brand":[],"product_cat":[2812,2813,2814,431,625,2817,281,2821,277,1307,278,155],"product_tag":[205,331,296,471,285,286,288,289,290,291,461,221,472,462,229,396,233,172,234,473],"class_list":{"0":"post-9388","1":"product","2":"type-product","3":"status-publish","4":"has-post-thumbnail","6":"product_cat-kalcium","7":"product_cat-kalium","8":"product_cat-kisel","9":"product_cat-mage-tarm","10":"product_cat-magnesium","11":"product_cat-mangan","12":"product_cat-mineraler","13":"product_cat-multi-mineral","14":"product_cat-muskler-och-leder","15":"product_cat-synergos","16":"product_cat-traning","17":"product_cat-vitaminer","18":"product_tag-antioxidant","19":"product_tag-artrit","20":"product_tag-artros","21":"product_tag-aterstalla-syra-bas-balanasen-i-kroppen","22":"product_tag-kosttillskott","23":"product_tag-kosttillskott-magnesium","24":"product_tag-magnesium-bra-for","25":"product_tag-magnesium-mot-kramp","26":"product_tag-magnesium-pulver","27":"product_tag-magnesium-tillskott","28":"product_tag-matsmaltningsstarkande","29":"product_tag-naturtillskott","30":"product_tag-noacid","31":"product_tag-oversyrlighet","32":"product_tag-starka-immunforsvar","33":"product_tag-stelhet-i-leder","34":"product_tag-trotthet","35":"product_tag-utmattning","36":"product_tag-vitamin","37":"product_tag-vitaminermagnesium","39":"first","40":"instock","41":"taxable","42":"shipping-taxable","43":"purchasable","44":"product-type-simple","45":"entry","46":"content-bg","47":"loop-entry"},"taxonomy_info":{"product_cat":[{"value":2812,"label":"Kalcium"},{"value":2813,"label":"Kalium"},{"value":2814,"label":"Kisel"},{"value":431,"label":"Mage &amp; Tarm"},{"value":625,"label":"Magnesium"},{"value":2817,"label":"Mangan"},{"value":281,"label":"Mineraler"},{"value":2821,"label":"Multi-mineral"},{"value":277,"label":"Muskler &amp; Leder"},{"value":1307,"label":"Synergos"},{"value":278,"label":"Tr\u00e4ning"},{"value":155,"label":"Vitaminer"}],"product_tag":[{"value":205,"label":"antioxidant"},{"value":331,"label":"artrit"},{"value":296,"label":"artros"},{"value":471,"label":"\u00e5terst\u00e4lla syra-bas balanasen i kroppen"},{"value":285,"label":"kosttillskott"},{"value":286,"label":"kosttillskott magnesium"},{"value":288,"label":"magnesium bra f\u00f6r"},{"value":289,"label":"magnesium mot kramp"},{"value":290,"label":"magnesium pulver"},{"value":291,"label":"magnesium tillskott"},{"value":461,"label":"matsm\u00e4ltningsst\u00e4rkande"},{"value":221,"label":"naturtillskott"},{"value":472,"label":"noacid"},{"value":462,"label":"\u00f6versyrlighet"},{"value":229,"label":"st\u00e4rka immunf\u00f6rsvar"},{"value":396,"label":"stelhet i leder"},{"value":233,"label":"tr\u00f6tthet"},{"value":172,"label":"utmattning"},{"value":234,"label":"vitamin"},{"value":473,"label":"vitaminermagnesium"}]},"featured_image_src_large":["https:\/\/vitaminbutiken.com\/wp-content\/uploads\/2025\/03\/Noacid-104-Photoroom-e1768296986971-863x700.png",863,700,true],"author_info":[],"comment_info":0,"_links":{"self":[{"href":"https:\/\/vitaminbutiken.com\/fi\/wp-json\/wp\/v2\/product\/9388","targetHints":{"allow":["GET"]}}],"collection":[{"href":"https:\/\/vitaminbutiken.com\/fi\/wp-json\/wp\/v2\/product"}],"about":[{"href":"https:\/\/vitaminbutiken.com\/fi\/wp-json\/wp\/v2\/types\/product"}],"replies":[{"embeddable":true,"href":"https:\/\/vitaminbutiken.com\/fi\/wp-json\/wp\/v2\/comments?post=9388"}],"wp:featuredmedia":[{"embeddable":true,"href":"https:\/\/vitaminbutiken.com\/fi\/wp-json\/wp\/v2\/media\/500103230"}],"wp:attachment":[{"href":"https:\/\/vitaminbutiken.com\/fi\/wp-json\/wp\/v2\/media?parent=9388"}],"wp:term":[{"taxonomy":"product_brand","embeddable":true,"href":"https:\/\/vitaminbutiken.com\/fi\/wp-json\/wp\/v2\/product_brand?post=9388"},{"taxonomy":"product_cat","embeddable":true,"href":"https:\/\/vitaminbutiken.com\/fi\/wp-json\/wp\/v2\/product_cat?post=9388"},{"taxonomy":"product_tag","embeddable":true,"href":"https:\/\/vitaminbutiken.com\/fi\/wp-json\/wp\/v2\/product_tag?post=9388"}],"curies":[{"name":"wp","href":"https:\/\/api.w.org\/{rel}","templated":true}]}}