{"id":9387,"date":"2025-03-19T15:53:33","date_gmt":"2025-03-19T13:53:33","guid":{"rendered":"https:\/\/vitaminbutiken.multi.fi\/?post_type=product&#038;p=9387"},"modified":"2026-04-10T12:12:47","modified_gmt":"2026-04-10T10:12:47","slug":"q10-complex","status":"publish","type":"product","link":"https:\/\/vitaminbutiken.com\/fi\/produkt\/q10-complex\/","title":{"rendered":"Q10 Complex"},"content":{"rendered":"<p><strong>Q-10 Complex<\/strong> \u00e4r ett kosttillskott som bygger p\u00e5 synergi- och bredspektrumprincipen.<\/p>\n<p><strong>Allm\u00e4n information om Q10<\/strong><br \/>\nQ10 \u00e4r ett aktivt enzym som f\u00f6rekommer \u00f6ver allt i naturen. Hos m\u00e4nniskan finns den i alla kroppsv\u00e4vnader, men fram f\u00f6r allt i hj\u00e4rtat, levern och immunsystemet. Den tillverkas i kroppen fr\u00e5n aminosyran tyrosin med inverkan av vitaminerna B1, B6, Folsyra och E. Emellertid avtar egenproduktionen med \u00e5ldern varf\u00f6r \u00e4ldre kan m\u00e5 bra av att ta extra tillskott av Q10. En av de viktigaste funktionerna hos Q10 \u00e4r dess avg\u00f6rande roll i den mitokondriella energiproduktionen i cellerna.<\/p>\n<p><strong>F\u00f6r ett v\u00e4l fungerande hj\u00e4rta, normal \u00e4mnesoms\u00e4ttning och hj\u00e4lper minska tr\u00f6tthet och utmattning.<\/strong><\/p>\n<p>Q10 \u00e4r en vitaminliknande substans med en central roll i den cellul\u00e4ra energioms\u00e4ttningen. Det bidrar aktivt till omvandlingen av fett, protein, kolhydrater och alkohol till <strong>ATP (adenosintrifosfat)<\/strong>, en molekyl som lagrar energi i kemisk form. N\u00e4r celler beh\u00f6ver energi delas ATP-molekylen och energi frig\u00f6rs. Bildningen av ATP sker inuti cellerna i sm\u00e5 b\u00f6nformade strukturer som kallas mitokondrier. Muskelceller beh\u00f6ver stora m\u00e4ngder energi. D\u00e4rf\u00f6r inneh\u00e5ller muskelceller v\u00e4sentligt fler mitokondrier \u00e4n andra celltyper. Hj\u00e4rtmuskeln \u00e4r ett bra exempel p\u00e5 en kroppsv\u00e4vnad med h\u00f6g mitokondriedensitet, detta beror p\u00e5 att hj\u00e4rtat har ett enormt energibehov.<\/p>\n<p><strong>Dosering:<\/strong> 1 kapsel 2 g\u00e5nger per dag.<\/p>\n<table style=\"height: 80px;\" border=\"1\" width=\"600\" cellspacing=\"0\" cellpadding=\"0\">\n<tbody>\n<tr>\n<td style=\"width: 13.5209%;\" width=\"75\"><strong>2 kapslar inneh\u00e5ller:<\/strong><\/td>\n<td style=\"width: 9.49049%;\" width=\"35\"><strong>M\u00e4ngd<\/strong><\/td>\n<td style=\"width: 7.2421%;\" width=\"37\"><strong>*%DRI<\/strong><\/td>\n<\/tr>\n<tr>\n<td style=\"width: 13.5209%;\" width=\"75\">Q10<\/td>\n<td style=\"width: 9.49049%;\" width=\"35\">100mg<\/td>\n<td style=\"width: 7.2421%;\" width=\"37\">**<\/td>\n<\/tr>\n<tr>\n<td style=\"width: 13.5209%;\" width=\"75\">Piperin<\/td>\n<td style=\"width: 9.49049%;\" width=\"35\">\u00a020mg<\/td>\n<td style=\"width: 7.2421%;\" width=\"37\">**<\/td>\n<\/tr>\n<tr>\n<td style=\"width: 13.5209%;\" width=\"75\">Vitamin B6<\/td>\n<td style=\"width: 9.49049%;\" width=\"35\">\u00a010mg<\/td>\n<td style=\"width: 7.2421%;\" width=\"37\">714%<\/td>\n<\/tr>\n<tr>\n<td style=\"width: 13.5209%;\" width=\"75\">Vitamin E<\/td>\n<td style=\"width: 9.49049%;\" width=\"35\">\u00a010mg<\/td>\n<td style=\"width: 7.2421%;\" width=\"37\">\u00a0 83%<\/td>\n<\/tr>\n<tr>\n<td style=\"width: 13.5209%;\" width=\"75\">Kolin<\/td>\n<td style=\"width: 9.49049%;\" width=\"35\">\u00a010mg<\/td>\n<td style=\"width: 7.2421%;\" width=\"37\">**<\/td>\n<\/tr>\n<\/tbody>\n<\/table>\n<p><strong>* DRI \u00e4r dagligt referensintag. **DRI ej fastst\u00e4llt.<\/strong><\/p>\n<p><strong>Ingredienser<\/strong>: Fyllnadsmedel (mikrokristallin cellulosa), Q10 (ubikinon), kolin (kolinbitartrat), Vitamin E (DL-alfatokoferyl-acetat), svartpepparextrakt 95 % piperin (piper nigrum, torkad frukt), klumpf\u00f6rebyggande medel (magnesiumsalter av fettsyror, kiseldioxid), vitamin B6 (pyridoxinhydroklorid), kapsel (hydroxipropylmetylcellulosa).<\/p>\n<p>Rekommenderad daglig dos b\u00f6r ej \u00f6verskridas.<br \/>\nKosttillskott ers\u00e4tter inte en varierad kost.<br \/>\nProdukten f\u00f6rvaras o\u00e5tkomligt f\u00f6r sm\u00e5 barn.<\/p>\n","protected":false},"excerpt":{"rendered":"<p><strong>Q10 Complex<\/strong> \u00e4r ett kosttillskott som bygger p\u00e5 synergi- och bredspektrumprincipen.<\/p>\n<p>En av de viktigaste funktionerna hos Q10 \u00e4r dess avg\u00f6rande roll i den mitokondriella energiproduktionen i cellerna.<\/p>\n<p><strong>F\u00f6r ett v\u00e4l fungerande hj\u00e4rta, normal \u00e4mnesoms\u00e4ttning och hj\u00e4lper minska tr\u00f6tthet och utmattning.<\/strong><\/p>\n<p><strong>60 kapslar<\/strong><\/p>\n<p>&nbsp;<\/p>\n","protected":false},"featured_media":500103226,"comment_status":"open","ping_status":"closed","template":"","meta":{"_kad_blocks_custom_css":"","_kad_blocks_head_custom_js":"","_kad_blocks_body_custom_js":"","_kad_blocks_footer_custom_js":"","_kadence_starter_templates_imported_post":false,"_kad_post_transparent":"default","_kad_post_title":"","_kad_post_layout":"default","_kad_post_sidebar_id":"","_kad_post_content_style":"default","_kad_post_vertical_padding":"default","_kad_post_feature":"","_kad_post_feature_position":"","_kad_post_header":false,"_kad_post_footer":false,"_kad_post_classname":""},"product_brand":[],"product_cat":[431,2822,2806,277,1393,1307,278,155],"product_tag":[267,205,268,269,248,187,270,253,271,190,255,221,272,194,273,470,229,274,275,276,234,235],"class_list":{"0":"post-9387","1":"product","2":"type-product","3":"status-publish","4":"has-post-thumbnail","6":"product_cat-mage-tarm","7":"product_cat-multi-produkter","8":"product_cat-multi-vitamin","9":"product_cat-muskler-och-leder","10":"product_cat-ovriga-kosttillskott","11":"product_cat-synergos","12":"product_cat-traning","13":"product_cat-vitaminer","14":"product_tag-alzheimers-sjukdom","15":"product_tag-antioxidant","16":"product_tag-arytmi","17":"product_tag-hjart-och-karlsjukdomar","18":"product_tag-hjartsvikt","19":"product_tag-hogt-blodtryck","20":"product_tag-karlkramp","21":"product_tag-kronisk-trotthet","22":"product_tag-manlig-infertilitet","23":"product_tag-migran","24":"product_tag-muskelsvaghet","25":"product_tag-naturtillskott","26":"product_tag-nedsatt-immunforsvar","27":"product_tag-parkinsons-sjukdom","28":"product_tag-q10","29":"product_tag-q10-complex","30":"product_tag-starka-immunforsvar","31":"product_tag-syrebrist-i-hjarnan","32":"product_tag-syrebrist-i-tarmvavnader","33":"product_tag-tandlossning","34":"product_tag-vitamin","35":"product_tag-vitaminer","37":"first","38":"instock","39":"taxable","40":"shipping-taxable","41":"purchasable","42":"product-type-simple","43":"entry","44":"content-bg","45":"loop-entry"},"taxonomy_info":{"product_cat":[{"value":431,"label":"Mage &amp; Tarm"},{"value":2822,"label":"Multi produkter"},{"value":2806,"label":"Multi-vitamin"},{"value":277,"label":"Muskler &amp; Leder"},{"value":1393,"label":"\u00d6vriga kosttillskott"},{"value":1307,"label":"Synergos"},{"value":278,"label":"Tr\u00e4ning"},{"value":155,"label":"Vitaminer"}],"product_tag":[{"value":267,"label":"alzheimers sjukdom"},{"value":205,"label":"antioxidant"},{"value":268,"label":"arytmi"},{"value":269,"label":"hj\u00e4rt- och k\u00e4rlsjukdomar"},{"value":248,"label":"hj\u00e4rtsvikt"},{"value":187,"label":"h\u00f6gt blodtryck"},{"value":270,"label":"k\u00e4rlkramp"},{"value":253,"label":"kronisk tr\u00f6tthet"},{"value":271,"label":"manlig infertilitet"},{"value":190,"label":"migr\u00e4n"},{"value":255,"label":"muskelsvaghet"},{"value":221,"label":"naturtillskott"},{"value":272,"label":"nedsatt immunf\u00f6rsvar"},{"value":194,"label":"parkinsons sjukdom"},{"value":273,"label":"q10"},{"value":470,"label":"q10 complex"},{"value":229,"label":"st\u00e4rka immunf\u00f6rsvar"},{"value":274,"label":"syrebrist i hj\u00e4rnan"},{"value":275,"label":"syrebrist i tarmv\u00e4vnader"},{"value":276,"label":"tandlossning"},{"value":234,"label":"vitamin"},{"value":235,"label":"vitaminer"}]},"featured_image_src_large":["https:\/\/vitaminbutiken.com\/wp-content\/uploads\/2025\/03\/Q10-Complex-242-Photoroom-e1768296400117-1120x700.png",1120,700,true],"author_info":[],"comment_info":0,"_links":{"self":[{"href":"https:\/\/vitaminbutiken.com\/fi\/wp-json\/wp\/v2\/product\/9387","targetHints":{"allow":["GET"]}}],"collection":[{"href":"https:\/\/vitaminbutiken.com\/fi\/wp-json\/wp\/v2\/product"}],"about":[{"href":"https:\/\/vitaminbutiken.com\/fi\/wp-json\/wp\/v2\/types\/product"}],"replies":[{"embeddable":true,"href":"https:\/\/vitaminbutiken.com\/fi\/wp-json\/wp\/v2\/comments?post=9387"}],"wp:featuredmedia":[{"embeddable":true,"href":"https:\/\/vitaminbutiken.com\/fi\/wp-json\/wp\/v2\/media\/500103226"}],"wp:attachment":[{"href":"https:\/\/vitaminbutiken.com\/fi\/wp-json\/wp\/v2\/media?parent=9387"}],"wp:term":[{"taxonomy":"product_brand","embeddable":true,"href":"https:\/\/vitaminbutiken.com\/fi\/wp-json\/wp\/v2\/product_brand?post=9387"},{"taxonomy":"product_cat","embeddable":true,"href":"https:\/\/vitaminbutiken.com\/fi\/wp-json\/wp\/v2\/product_cat?post=9387"},{"taxonomy":"product_tag","embeddable":true,"href":"https:\/\/vitaminbutiken.com\/fi\/wp-json\/wp\/v2\/product_tag?post=9387"}],"curies":[{"name":"wp","href":"https:\/\/api.w.org\/{rel}","templated":true}]}}