{"id":9386,"date":"2025-03-19T15:53:32","date_gmt":"2025-03-19T13:53:32","guid":{"rendered":"https:\/\/vitaminbutiken.multi.fi\/?post_type=product&#038;p=9386"},"modified":"2026-04-10T11:20:15","modified_gmt":"2026-04-10T09:20:15","slug":"basplus","status":"publish","type":"product","link":"https:\/\/vitaminbutiken.com\/fi\/produkt\/basplus\/","title":{"rendered":"Basplus"},"content":{"rendered":"<p><strong>Basplus<\/strong><\/p>\n<p>Koncentrerat av mineralsalter utan tillsatser. Basplus \u00e4r ett komplex best\u00e5ende av viktiga basbildande mineraler och D-vitamin.<\/p>\n<p>Basplus \u00e4r ett specialpreparat vars funktion \u00e4r att motverka \u00f6versyrlighet.<br \/>\nAlla organiska \u00e4mnen i naturen och i den m\u00e4nskliga kroppen p\u00e5verkas av relationen mellan bas- och syrabildande \u00e4mnen.<\/p>\n<p><strong>Kalcium, kalium, magnesium och vitamin D i Basplus bidrar till:<\/strong><\/p>\n<ul>\n<li>nervsystemets normala funktion<\/li>\n<li>normal muskelfunktion<\/li>\n<li>att bibeh\u00e5lla normalt blodtryck<\/li>\n<li>normal blodkoagulation<\/li>\n<li>normal energioms\u00e4ttning<\/li>\n<li>normal muskelfunktion<\/li>\n<li>normal neurotransmission<\/li>\n<li>matsm\u00e4ltningsenzymernas normala funktion<\/li>\n<li>har en roll i celldelningsprocessen och cellspecialiseringsprocessen<\/li>\n<li>bibeh\u00e5lla normal benstomme<\/li>\n<li>minska tr\u00f6tthet och utmattning<\/li>\n<li><strong>elektrolytbalansen<\/strong><\/li>\n<li>normal energioms\u00e4ttning<\/li>\n<li>normal proteinsyntes<\/li>\n<li>normal psykologisk funktion<\/li>\n<\/ul>\n<p><strong>Dosering: <\/strong>En l\u00e4tt r\u00e5gad tesked (3,5 gram) r\u00f6rs ut i ett glas vatten och dricks p\u00e5 tom mage f\u00f6re l\u00e4ggdags, ca 2 timmar efter m\u00e5ltid.<\/p>\n<table style=\"height: 80px;\" border=\"1\" width=\"600\" cellspacing=\"0\" cellpadding=\"0\">\n<tbody>\n<tr>\n<td style=\"width: 13.8732%;\" width=\"85\"><strong>1 tsk inneh\u00e5ller:<\/strong><\/td>\n<td style=\"width: 8.71029%;\" width=\"38\"><strong>M\u00e4ngd<\/strong><\/td>\n<td style=\"width: 10.3354%;\" width=\"38\"><strong>%DRI*<\/strong><\/td>\n<\/tr>\n<tr>\n<td style=\"width: 13.8732%;\" width=\"85\">Natriumbikarbonat<\/td>\n<td style=\"width: 8.71029%;\" width=\"38\">\u00a0572 mg<\/td>\n<td style=\"width: 10.3354%;\" width=\"38\">\u00a025 %<\/td>\n<\/tr>\n<tr>\n<td style=\"width: 13.8732%;\" width=\"85\">Magnesium<\/td>\n<td style=\"width: 8.71029%;\" width=\"38\">\u00a0372 mg<\/td>\n<td style=\"width: 10.3354%;\" width=\"38\">\u00a050 %<\/td>\n<\/tr>\n<tr>\n<td style=\"width: 13.8732%;\" width=\"85\">Kalcium<\/td>\n<td style=\"width: 8.71029%;\" width=\"38\">\u00a0375 mg<\/td>\n<td style=\"width: 10.3354%;\" width=\"38\">\u00a050 %<\/td>\n<\/tr>\n<tr>\n<td style=\"width: 13.8732%;\" width=\"85\">Kalium<\/td>\n<td style=\"width: 8.71029%;\" width=\"38\">\u00a0250 mg<\/td>\n<td style=\"width: 10.3354%;\" width=\"38\">\u00a012,5 %<\/td>\n<\/tr>\n<tr>\n<td style=\"width: 13.8732%;\" width=\"85\">Vitamin D<\/td>\n<td style=\"width: 8.71029%;\" width=\"38\">\u00a05 ug<\/td>\n<td style=\"width: 10.3354%;\" width=\"38\">\u00a0100 %<\/td>\n<\/tr>\n<\/tbody>\n<\/table>\n<p><strong>\u00a0*DRI \u00e4r dagligt referensintag.<\/strong><\/p>\n<p><strong>Ingredienser:<\/strong>\u00a0Natriumbikarbonat, Kalcium (kalciumkarbonat), Magnesium (magnesiumkarbonat), Kalium (kaliumkarbonat), vitamin D3 (Kolekalciferol).<\/p>\n<p>Rekommenderad daglig dos b\u00f6r ej \u00f6verskridas.<br \/>\nKosttillskott ers\u00e4tter inte en varierad kost.<br \/>\nProdukten f\u00f6rvaras o\u00e5tkomligt f\u00f6r sm\u00e5 barn.<\/p>\n","protected":false},"excerpt":{"rendered":"<p>Koncentrerat av mineralsalter utan tillsatser. Basplus \u00e4r ett komplex best\u00e5ende av viktiga basbildande mineraler och D-vitamin.<\/p>\n<p><strong>100 g och 200 g<\/strong><\/p>\n","protected":false},"featured_media":9463,"comment_status":"open","ping_status":"closed","template":"","meta":{"_kad_blocks_custom_css":"","_kad_blocks_head_custom_js":"","_kad_blocks_body_custom_js":"","_kad_blocks_footer_custom_js":"","_kadence_starter_templates_imported_post":false,"_kad_post_transparent":"default","_kad_post_title":"","_kad_post_layout":"default","_kad_post_sidebar_id":"","_kad_post_content_style":"default","_kad_post_vertical_padding":"default","_kad_post_feature":"","_kad_post_feature_position":"","_kad_post_header":false,"_kad_post_footer":false,"_kad_post_classname":""},"product_brand":[],"product_cat":[2812,2813,431,625,281,2822,277,1307,278],"product_tag":[454,205,455,456,457,458,459,460,285,286,310,287,288,289,290,291,461,221,462,463,464,465,229,466,467,233,172,468,234,235],"class_list":{"0":"post-9386","1":"product","2":"type-product","3":"status-publish","4":"has-post-thumbnail","6":"product_cat-kalcium","7":"product_cat-kalium","8":"product_cat-mage-tarm","9":"product_cat-magnesium","10":"product_cat-mineraler","11":"product_cat-multi-produkter","12":"product_cat-muskler-och-leder","13":"product_cat-synergos","14":"product_cat-traning","15":"product_tag-amalgamskada","16":"product_tag-antioxidant","17":"product_tag-bakteriell-overvaxt-i-tarmen","18":"product_tag-basplus","19":"product_tag-candida","20":"product_tag-divertiklar","21":"product_tag-dysbios","22":"product_tag-inflammationer","23":"product_tag-kosttillskott","24":"product_tag-kosttillskott-magnesium","25":"product_tag-ledvark","26":"product_tag-magnesium","27":"product_tag-magnesium-bra-for","28":"product_tag-magnesium-mot-kramp","29":"product_tag-magnesium-pulver","30":"product_tag-magnesium-tillskott","31":"product_tag-matsmaltningsstarkande","32":"product_tag-naturtillskott","33":"product_tag-oversyrlighet","34":"product_tag-oversyrlighetsrelaterade-tillstand","35":"product_tag-ph-reglering","36":"product_tag-sibo","37":"product_tag-starka-immunforsvar","38":"product_tag-stelhet-i-lederna","39":"product_tag-sur-tarm","40":"product_tag-trotthet","41":"product_tag-utmattning","42":"product_tag-vark-i-muskler","43":"product_tag-vitamin","44":"product_tag-vitaminer","46":"first","47":"instock","48":"taxable","49":"shipping-taxable","50":"purchasable","51":"product-type-variable","52":"entry","53":"content-bg","54":"loop-entry"},"taxonomy_info":{"product_cat":[{"value":2812,"label":"Kalcium"},{"value":2813,"label":"Kalium"},{"value":431,"label":"Mage &amp; Tarm"},{"value":625,"label":"Magnesium"},{"value":281,"label":"Mineraler"},{"value":2822,"label":"Multi produkter"},{"value":277,"label":"Muskler &amp; Leder"},{"value":1307,"label":"Synergos"},{"value":278,"label":"Tr\u00e4ning"}],"product_tag":[{"value":454,"label":"Amalgamskada"},{"value":205,"label":"antioxidant"},{"value":455,"label":"bakteriell \u00f6verv\u00e4xt i tarmen"},{"value":456,"label":"basplus"},{"value":457,"label":"candida"},{"value":458,"label":"divertiklar"},{"value":459,"label":"dysbios"},{"value":460,"label":"inflammationer"},{"value":285,"label":"kosttillskott"},{"value":286,"label":"kosttillskott magnesium"},{"value":310,"label":"ledv\u00e4rk"},{"value":287,"label":"magnesium"},{"value":288,"label":"magnesium bra f\u00f6r"},{"value":289,"label":"magnesium mot kramp"},{"value":290,"label":"magnesium pulver"},{"value":291,"label":"magnesium tillskott"},{"value":461,"label":"matsm\u00e4ltningsst\u00e4rkande"},{"value":221,"label":"naturtillskott"},{"value":462,"label":"\u00f6versyrlighet"},{"value":463,"label":"\u00f6versyrlighetsrelaterade tillst\u00e5nd"},{"value":464,"label":"pH-reglering"},{"value":465,"label":"SIBO"},{"value":229,"label":"st\u00e4rka immunf\u00f6rsvar"},{"value":466,"label":"stelhet i lederna"},{"value":467,"label":"sur tarm"},{"value":233,"label":"tr\u00f6tthet"},{"value":172,"label":"utmattning"},{"value":468,"label":"v\u00e4rk i muskler"},{"value":234,"label":"vitamin"},{"value":235,"label":"vitaminer"}]},"featured_image_src_large":["https:\/\/vitaminbutiken.com\/wp-content\/uploads\/2025\/03\/Basplus-1440x700.png",1440,700,true],"author_info":[],"comment_info":0,"_links":{"self":[{"href":"https:\/\/vitaminbutiken.com\/fi\/wp-json\/wp\/v2\/product\/9386","targetHints":{"allow":["GET"]}}],"collection":[{"href":"https:\/\/vitaminbutiken.com\/fi\/wp-json\/wp\/v2\/product"}],"about":[{"href":"https:\/\/vitaminbutiken.com\/fi\/wp-json\/wp\/v2\/types\/product"}],"replies":[{"embeddable":true,"href":"https:\/\/vitaminbutiken.com\/fi\/wp-json\/wp\/v2\/comments?post=9386"}],"wp:featuredmedia":[{"embeddable":true,"href":"https:\/\/vitaminbutiken.com\/fi\/wp-json\/wp\/v2\/media\/9463"}],"wp:attachment":[{"href":"https:\/\/vitaminbutiken.com\/fi\/wp-json\/wp\/v2\/media?parent=9386"}],"wp:term":[{"taxonomy":"product_brand","embeddable":true,"href":"https:\/\/vitaminbutiken.com\/fi\/wp-json\/wp\/v2\/product_brand?post=9386"},{"taxonomy":"product_cat","embeddable":true,"href":"https:\/\/vitaminbutiken.com\/fi\/wp-json\/wp\/v2\/product_cat?post=9386"},{"taxonomy":"product_tag","embeddable":true,"href":"https:\/\/vitaminbutiken.com\/fi\/wp-json\/wp\/v2\/product_tag?post=9386"}],"curies":[{"name":"wp","href":"https:\/\/api.w.org\/{rel}","templated":true}]}}