{"id":9384,"date":"2025-03-19T15:53:32","date_gmt":"2025-03-19T13:53:32","guid":{"rendered":"https:\/\/vitaminbutiken.multi.fi\/?post_type=product&#038;p=9384"},"modified":"2026-04-09T05:51:05","modified_gmt":"2026-04-09T03:51:05","slug":"b12-metylkobalamin-folsyra-sugtabletter","status":"publish","type":"product","link":"https:\/\/vitaminbutiken.com\/fi\/produkt\/b12-metylkobalamin-folsyra-sugtabletter\/","title":{"rendered":"B12, Metylkobalamin &#038; Folsyra, sugtabletter"},"content":{"rendered":"<p><strong>B12 Metylkobalamin &amp; Folsyra<\/strong><\/p>\n<p>Varje tablett inneh\u00e5ller 1 250 mcg vitamin B12 (metylkobalamin) och 600 mcg folsyra. Detta \u00e4r en sublingual tablett, vilket inneb\u00e4r att den skall l\u00e4ggas under tungan och skall sm\u00e4lta ned f\u00f6r b\u00e4sta upptag.<\/p>\n<p><strong>Vitamin B12 och Folsyra bidrar till:<\/strong><\/p>\n<ul>\n<li>normal energioms\u00e4ttning<\/li>\n<li>nervsystemets normala funktion<\/li>\n<li>normal homocysteinoms\u00e4ttning<\/li>\n<li>normal psykologisk funktion<\/li>\n<li>normal bildning av r\u00f6da blodkroppar<\/li>\n<li>immunsystemets normala funktion<\/li>\n<li>har en roll i celldelningsprocessen<\/li>\n<li>normal aminosyrasyntes<\/li>\n<li>minska tr\u00f6tthet och utmattning<\/li>\n<\/ul>\n<p><strong>Dosering:\u00a0<\/strong>1 tablett per dag. L\u00e4gg sugtabletten under tungan och l\u00e5t sm\u00e4lta l\u00e5ngsamt.<\/p>\n<table style=\"height: 80px;\" border=\"1\" width=\"600\" cellspacing=\"0\" cellpadding=\"0\">\n<tbody>\n<tr>\n<td style=\"width: 12.3576%;\"><strong>1 tablett inneh\u00e5ller:<\/strong><\/td>\n<td style=\"width: 7.32821%;\"><strong>M\u00e4ngd<\/strong><\/td>\n<td style=\"width: 4.86711%;\"><strong>*DRI%<\/strong><\/td>\n<\/tr>\n<tr>\n<td style=\"width: 12.3576%;\" width=\"66\">Vitamin B12<\/td>\n<td style=\"width: 7.32821%;\" width=\"38\">\u00a01 250ug<\/td>\n<td style=\"width: 4.86711%;\" width=\"38\">50 000 %<\/td>\n<\/tr>\n<tr>\n<td style=\"width: 12.3576%;\" width=\"66\">Folsyra<\/td>\n<td style=\"width: 7.32821%;\" width=\"38\">\u00a0\u00a0 600ug<\/td>\n<td style=\"width: 4.86711%;\" width=\"38\">\u00a0\u00a0 300 %<\/td>\n<\/tr>\n<\/tbody>\n<\/table>\n<p><strong>* DRI \u00e4r dagligt referensintag.<\/strong><\/p>\n<p><strong>Ingredienser:<\/strong> S\u00f6tningsmedel (sorbitol), citronpulver, klumpf\u00f6rebyggande medel (magnesiumsalter av fettsyror), surhetsreglerande<br \/>\nmedel (\u00e4ppelsyra), vitamin B12 (metylkobalamin), folsyra (pteroylmonoglutaminsyra).<\/p>\n<p>Rekommenderad daglig dos b\u00f6r ej \u00f6verskridas.<br \/>\nKosttillskott ers\u00e4tter inte en varierad kost.<br \/>\nProdukten f\u00f6rvaras o\u00e5tkomligt f\u00f6r sm\u00e5 barn.<\/p>\n","protected":false},"excerpt":{"rendered":"<p><strong>Sublingual tablett<\/strong><\/p>\n<p><strong>60 tabletter<\/strong><\/p>\n","protected":false},"featured_media":500103533,"comment_status":"open","ping_status":"closed","template":"","meta":{"_kad_blocks_custom_css":"","_kad_blocks_head_custom_js":"","_kad_blocks_body_custom_js":"","_kad_blocks_footer_custom_js":"","_kadence_starter_templates_imported_post":false,"_kad_post_transparent":"default","_kad_post_title":"","_kad_post_layout":"default","_kad_post_sidebar_id":"","_kad_post_content_style":"default","_kad_post_vertical_padding":"default","_kad_post_feature":"","_kad_post_feature_position":"","_kad_post_header":false,"_kad_post_footer":false,"_kad_post_classname":""},"product_brand":[],"product_cat":[348,349,431,146,1307,155],"product_tag":[267,432,238,205,433,180,434,239,435,436,437,438,439,181,357,417,440,441,442,443,419,187,444,445,253,446,447,221,448,449,450,193,451,452,229,453,173,234,235],"class_list":{"0":"post-9384","1":"product","2":"type-product","3":"status-publish","4":"has-post-thumbnail","6":"product_cat-b-vitamin","7":"product_cat-jarn","8":"product_cat-mage-tarm","9":"product_cat-stressad-och-trott","10":"product_cat-synergos","11":"product_cat-vitaminer","12":"product_tag-alzheimers-sjukdom","13":"product_tag-anemi","14":"product_tag-ansiktsforlamning","15":"product_tag-antioxidant","16":"product_tag-apati","17":"product_tag-artarstelhet","18":"product_tag-aterkommande-missfall","19":"product_tag-b-vitamin","20":"product_tag-b-vitamin-sugtabletter","21":"product_tag-b12-brist-relaterad-migran","22":"product_tag-b12-vitamin","23":"product_tag-brist-pa-kvaveoxid","24":"product_tag-cellgiftsrelaterad-illamaende","25":"product_tag-demens","26":"product_tag-depression","27":"product_tag-domningar","28":"product_tag-dysfunktion-centrala-nervsystemet","29":"product_tag-folsyra","30":"product_tag-folsyra-sugtabletter","31":"product_tag-folsyra-synergos","32":"product_tag-graviditetsillamaende","33":"product_tag-hogt-blodtryck","34":"product_tag-kanselbortfall","35":"product_tag-kognitiv-dysfunktion","36":"product_tag-kronisk-trotthet","37":"product_tag-lag-celltillvaxt","38":"product_tag-megaloblastisk-anemi","39":"product_tag-naturtillskott","40":"product_tag-nedsatt-fertilitet","41":"product_tag-nervryckningar","42":"product_tag-nervsystem","43":"product_tag-oxidativ-stress","44":"product_tag-pernecios-anemi","45":"product_tag-somnsvarigheter","46":"product_tag-starka-immunforsvar","47":"product_tag-tarmproblem","48":"product_tag-utmattningstrotthet","49":"product_tag-vitamin","50":"product_tag-vitaminer","52":"first","53":"instock","54":"taxable","55":"shipping-taxable","56":"purchasable","57":"product-type-simple","58":"entry","59":"content-bg","60":"loop-entry"},"taxonomy_info":{"product_cat":[{"value":348,"label":"B-vitamin"},{"value":349,"label":"J\u00e4rn"},{"value":431,"label":"Mage &amp; Tarm"},{"value":146,"label":"Stressad &amp; Tr\u00f6tt"},{"value":1307,"label":"Synergos"},{"value":155,"label":"Vitaminer"}],"product_tag":[{"value":267,"label":"alzheimers sjukdom"},{"value":432,"label":"anemi"},{"value":238,"label":"ansiktsf\u00f6rlamning"},{"value":205,"label":"antioxidant"},{"value":433,"label":"apati"},{"value":180,"label":"art\u00e4rstelhet"},{"value":434,"label":"\u00e5terkommande missfall"},{"value":239,"label":"b vitamin"},{"value":435,"label":"b vitamin sugtabletter"},{"value":436,"label":"B12-brist relaterad migr\u00e4n"},{"value":437,"label":"B12-vitamin"},{"value":438,"label":"brist p\u00e5 kv\u00e4veoxid"},{"value":439,"label":"cellgiftsrelaterad illam\u00e5ende"},{"value":181,"label":"demens"},{"value":357,"label":"depression"},{"value":417,"label":"domningar"},{"value":440,"label":"dysfunktion centrala nervsystemet"},{"value":441,"label":"folsyra"},{"value":442,"label":"folsyra sugtabletter"},{"value":443,"label":"folsyra synergos"},{"value":419,"label":"graviditetsillam\u00e5ende"},{"value":187,"label":"h\u00f6gt blodtryck"},{"value":444,"label":"k\u00e4nselbortfall"},{"value":445,"label":"kognitiv dysfunktion"},{"value":253,"label":"kronisk tr\u00f6tthet"},{"value":446,"label":"l\u00e5g celltillv\u00e4xt"},{"value":447,"label":"megaloblastisk anemi"},{"value":221,"label":"naturtillskott"},{"value":448,"label":"nedsatt fertilitet"},{"value":449,"label":"nervryckningar"},{"value":450,"label":"nervsystem"},{"value":193,"label":"oxidativ stress"},{"value":451,"label":"perneci\u00f6s anemi"},{"value":452,"label":"s\u00f6mnsv\u00e5righeter"},{"value":229,"label":"st\u00e4rka immunf\u00f6rsvar"},{"value":453,"label":"tarmproblem"},{"value":173,"label":"utmattningstr\u00f6tthet"},{"value":234,"label":"vitamin"},{"value":235,"label":"vitaminer"}]},"featured_image_src_large":["https:\/\/vitaminbutiken.com\/wp-content\/uploads\/2025\/03\/220-B12-sugtablett-Photoroom-e1769670336746-823x700.png",823,700,true],"author_info":[],"comment_info":0,"_links":{"self":[{"href":"https:\/\/vitaminbutiken.com\/fi\/wp-json\/wp\/v2\/product\/9384","targetHints":{"allow":["GET"]}}],"collection":[{"href":"https:\/\/vitaminbutiken.com\/fi\/wp-json\/wp\/v2\/product"}],"about":[{"href":"https:\/\/vitaminbutiken.com\/fi\/wp-json\/wp\/v2\/types\/product"}],"replies":[{"embeddable":true,"href":"https:\/\/vitaminbutiken.com\/fi\/wp-json\/wp\/v2\/comments?post=9384"}],"wp:featuredmedia":[{"embeddable":true,"href":"https:\/\/vitaminbutiken.com\/fi\/wp-json\/wp\/v2\/media\/500103533"}],"wp:attachment":[{"href":"https:\/\/vitaminbutiken.com\/fi\/wp-json\/wp\/v2\/media?parent=9384"}],"wp:term":[{"taxonomy":"product_brand","embeddable":true,"href":"https:\/\/vitaminbutiken.com\/fi\/wp-json\/wp\/v2\/product_brand?post=9384"},{"taxonomy":"product_cat","embeddable":true,"href":"https:\/\/vitaminbutiken.com\/fi\/wp-json\/wp\/v2\/product_cat?post=9384"},{"taxonomy":"product_tag","embeddable":true,"href":"https:\/\/vitaminbutiken.com\/fi\/wp-json\/wp\/v2\/product_tag?post=9384"}],"curies":[{"name":"wp","href":"https:\/\/api.w.org\/{rel}","templated":true}]}}