{"id":9381,"date":"2025-03-19T15:53:30","date_gmt":"2025-03-19T13:53:30","guid":{"rendered":"https:\/\/vitaminbutiken.multi.fi\/?post_type=product&#038;p=9381"},"modified":"2026-04-08T12:02:34","modified_gmt":"2026-04-08T10:02:34","slug":"vitamin-b5-synergos-pantotensyra","status":"publish","type":"product","link":"https:\/\/vitaminbutiken.com\/fi\/produkt\/vitamin-b5-synergos-pantotensyra\/","title":{"rendered":"Vitamin B5 Synergos &#8211; Pantotensyra"},"content":{"rendered":"<p><strong>Vitamin B5 Synergos &#8211; Pantotensyra<\/strong><\/p>\n<p>Pantotensyra Synergos \u00e4r ett avancerat kosttillskott som bygger p\u00e5 bredspektrum- och synergiprincipen.<\/p>\n<p><strong>Pantotensyra bidrar till:<\/strong><\/p>\n<ul>\n<li>normal energioms\u00e4ttning<\/li>\n<li>normal syntes och oms\u00e4ttning av steroidhormoner, vitamin D och vissa neurotransmittorer<\/li>\n<li>normal mental prestationsf\u00f6rm\u00e5ga<\/li>\n<li>att minska tr\u00f6tthet och utmattning<\/li>\n<\/ul>\n<p><strong>Observera<\/strong> att urin f\u00e4rgas gulgr\u00f6nt n\u00e4r man \u00e4ter B-vitaminer.<\/p>\n<p><strong>Dosering:\u00a0<\/strong>1 kapsel 2 g\u00e5nger per dag.<\/p>\n<table style=\"height: 80px;\" border=\"1\" width=\"600\" cellspacing=\"0\" cellpadding=\"0\">\n<tbody>\n<tr>\n<td style=\"width: 18.4957%;\"><strong>2 kapslar inneh\u00e5ller:<\/strong><\/td>\n<td style=\"width: 9.08851%;\"><strong>M\u00e4ngd<\/strong><\/td>\n<td style=\"width: 9.19691%;\"><strong>*%DRI<\/strong><\/td>\n<\/tr>\n<tr>\n<td style=\"width: 18.4957%;\" width=\"92\">Tiamin (B1)<\/td>\n<td style=\"width: 9.08851%;\" width=\"42\">10 mg<\/td>\n<td style=\"width: 9.19691%;\" width=\"39\">910 %<\/td>\n<\/tr>\n<tr>\n<td style=\"width: 18.4957%;\" width=\"92\">Riboflavin (B2)<\/td>\n<td style=\"width: 9.08851%;\" width=\"42\">10 mg<\/td>\n<td style=\"width: 9.19691%;\" width=\"39\">714 %<\/td>\n<\/tr>\n<tr>\n<td style=\"width: 18.4957%;\" width=\"92\">Niacin (B3)<\/td>\n<td style=\"width: 9.08851%;\" width=\"42\">60 mg<\/td>\n<td style=\"width: 9.19691%;\" width=\"39\">3750 %<\/td>\n<\/tr>\n<tr>\n<td style=\"width: 18.4957%;\" width=\"92\">Pantotensyra (B5)<\/td>\n<td style=\"width: 9.08851%;\" width=\"42\">500 mg<\/td>\n<td style=\"width: 9.19691%;\" width=\"39\">667 %<\/td>\n<\/tr>\n<tr>\n<td style=\"width: 18.4957%;\" width=\"92\">Vitamin B6<\/td>\n<td style=\"width: 9.08851%;\" width=\"42\">10 mg<\/td>\n<td style=\"width: 9.19691%;\" width=\"39\">714 %<\/td>\n<\/tr>\n<tr>\n<td style=\"width: 18.4957%;\" width=\"92\">Vitamin B12<\/td>\n<td style=\"width: 9.08851%;\" width=\"42\">100 mcg<\/td>\n<td style=\"width: 9.19691%;\" width=\"39\">4000 %<\/td>\n<\/tr>\n<tr>\n<td style=\"width: 18.4957%;\" width=\"92\">Folsyra<\/td>\n<td style=\"width: 9.08851%;\" width=\"42\">80 mcg<\/td>\n<td style=\"width: 9.19691%;\" width=\"39\">40 %<\/td>\n<\/tr>\n<tr>\n<td style=\"width: 18.4957%;\" width=\"92\">Biotin<\/td>\n<td style=\"width: 9.08851%;\" width=\"42\">60 mcg<\/td>\n<td style=\"width: 9.19691%;\" width=\"39\">120 %<\/td>\n<\/tr>\n<tr>\n<td style=\"width: 18.4957%;\" width=\"92\">Kolin<\/td>\n<td style=\"width: 9.08851%;\" width=\"42\">100 mg<\/td>\n<td style=\"width: 9.19691%;\" width=\"39\">**<\/td>\n<\/tr>\n<tr>\n<td style=\"width: 18.4957%;\" width=\"92\">PABA<\/td>\n<td style=\"width: 9.08851%;\" width=\"42\">50 mg<\/td>\n<td style=\"width: 9.19691%;\" width=\"39\">**<\/td>\n<\/tr>\n<tr>\n<td style=\"width: 18.4957%;\" width=\"92\">Inositol<\/td>\n<td style=\"width: 9.08851%;\" width=\"42\">50 mg<\/td>\n<td style=\"width: 9.19691%;\" width=\"39\">**<\/td>\n<\/tr>\n<tr>\n<td style=\"width: 18.4957%;\" width=\"92\">Vitamin E<\/td>\n<td style=\"width: 9.08851%;\" width=\"42\">10 mg<\/td>\n<td style=\"width: 9.19691%;\" width=\"39\">84 %<\/td>\n<\/tr>\n<tr>\n<td style=\"width: 18.4957%;\" width=\"92\">Zink<\/td>\n<td style=\"width: 9.08851%;\" width=\"42\">6 mg<\/td>\n<td style=\"width: 9.19691%;\" width=\"39\">60 %<\/td>\n<\/tr>\n<\/tbody>\n<\/table>\n<p><strong>*DRI \u00e4r dagligt referensintag.**DRI ej fastst\u00e4llt.<\/strong><\/p>\n<p><strong>Ingredienser: <\/strong>Pantotensyra, fyllnadsmedel (mikrokristallin cellulosa), kolin, niacin, inositol, PABA, klumpf\u00f6rebyggande medel (magnesiumsalter av fettsyror), zink (zinkcitrat), vitamin E, tiamin, vitamin B6, riboflavin, vitamin B12, folsyra, biotin, gelatinkapsel (<strong>n\u00f6t<\/strong>).<\/p>\n<p>Rekommenderad daglig dos b\u00f6r ej \u00f6verskridas.<br \/>\nKosttillskott ers\u00e4tter inte en varierad kost.<br \/>\nProdukten f\u00f6rvaras o\u00e5tkomligt f\u00f6r sm\u00e5 barn.<\/p>\n<p>&nbsp;<\/p>\n","protected":false},"excerpt":{"rendered":"<p>Pantotensyra Synergos \u00e4r ett avancerat kosttillskott som bygger p\u00e5 bredspektrum- och synergiprincipen.<\/p>\n<p><strong>60 kapslar<\/strong><\/p>\n","protected":false},"featured_media":500103530,"comment_status":"open","ping_status":"closed","template":"","meta":{"_kad_blocks_custom_css":"","_kad_blocks_head_custom_js":"","_kad_blocks_body_custom_js":"","_kad_blocks_footer_custom_js":"","_kadence_starter_templates_imported_post":false,"_kad_post_transparent":"default","_kad_post_title":"","_kad_post_layout":"default","_kad_post_sidebar_id":"","_kad_post_content_style":"default","_kad_post_vertical_padding":"default","_kad_post_feature":"","_kad_post_feature_position":"","_kad_post_header":false,"_kad_post_footer":false,"_kad_post_classname":""},"product_brand":[],"product_cat":[348,2822,2806,146,1307,155],"product_tag":[204,294,179,205,331,239,397,398,399,279,208,400,401,213,402,403,404,221,222,405,406,407,229,408,409,410,234,235],"class_list":{"0":"post-9381","1":"product","2":"type-product","3":"status-publish","4":"has-post-thumbnail","6":"product_cat-b-vitamin","7":"product_cat-multi-produkter","8":"product_cat-multi-vitamin","9":"product_cat-stressad-och-trott","10":"product_cat-synergos","11":"product_cat-vitaminer","12":"product_tag-akne","13":"product_tag-allergier","14":"product_tag-alzheimers","15":"product_tag-antioxidant","16":"product_tag-artrit","17":"product_tag-b-vitamin","18":"product_tag-b5-pantotensyra-enkelmedel","19":"product_tag-b5-vitamin","20":"product_tag-binjureinsufficiens","21":"product_tag-cfs-me","22":"product_tag-dalig-harkvalitet","23":"product_tag-fonstertittarsjukan","24":"product_tag-gikt","25":"product_tag-haravfall","26":"product_tag-insomningsbesvar","27":"product_tag-karlstelhet","28":"product_tag-kontakteksem","29":"product_tag-naturtillskott","30":"product_tag-nedsatt-sarlakning","31":"product_tag-skora-naglar","32":"product_tag-sle","33":"product_tag-smartlindring","34":"product_tag-starka-immunforsvar","35":"product_tag-stickningar-i-ben","36":"product_tag-stresskanslighet","37":"product_tag-trombos","38":"product_tag-vitamin","39":"product_tag-vitaminer","41":"first","42":"instock","43":"taxable","44":"shipping-taxable","45":"purchasable","46":"product-type-simple","47":"entry","48":"content-bg","49":"loop-entry"},"taxonomy_info":{"product_cat":[{"value":348,"label":"B-vitamin"},{"value":2822,"label":"Multi produkter"},{"value":2806,"label":"Multi-vitamin"},{"value":146,"label":"Stressad &amp; Tr\u00f6tt"},{"value":1307,"label":"Synergos"},{"value":155,"label":"Vitaminer"}],"product_tag":[{"value":204,"label":"akne"},{"value":294,"label":"allergier"},{"value":179,"label":"alzheimers"},{"value":205,"label":"antioxidant"},{"value":331,"label":"artrit"},{"value":239,"label":"b vitamin"},{"value":397,"label":"b5 pantotensyra enkelmedel"},{"value":398,"label":"b5 vitamin"},{"value":399,"label":"binjureinsufficiens"},{"value":279,"label":"CFS\/ME"},{"value":208,"label":"d\u00e5lig h\u00e5rkvalitet"},{"value":400,"label":"f\u00f6nstertittarsjukan"},{"value":401,"label":"gikt"},{"value":213,"label":"h\u00e5ravfall"},{"value":402,"label":"insomningsbesv\u00e4r"},{"value":403,"label":"k\u00e4rlstelhet"},{"value":404,"label":"kontakteksem"},{"value":221,"label":"naturtillskott"},{"value":222,"label":"nedsatt s\u00e5rl\u00e4kning"},{"value":405,"label":"sk\u00f6ra naglar"},{"value":406,"label":"SLE"},{"value":407,"label":"sm\u00e4rtlindring"},{"value":229,"label":"st\u00e4rka immunf\u00f6rsvar"},{"value":408,"label":"stickningar i ben"},{"value":409,"label":"stressk\u00e4nslighet"},{"value":410,"label":"trombos"},{"value":234,"label":"vitamin"},{"value":235,"label":"vitaminer"}]},"featured_image_src_large":["https:\/\/vitaminbutiken.com\/wp-content\/uploads\/2025\/03\/233-B5-Synergos-Photoroom-e1769669808927-803x700.png",803,700,true],"author_info":[],"comment_info":0,"_links":{"self":[{"href":"https:\/\/vitaminbutiken.com\/fi\/wp-json\/wp\/v2\/product\/9381","targetHints":{"allow":["GET"]}}],"collection":[{"href":"https:\/\/vitaminbutiken.com\/fi\/wp-json\/wp\/v2\/product"}],"about":[{"href":"https:\/\/vitaminbutiken.com\/fi\/wp-json\/wp\/v2\/types\/product"}],"replies":[{"embeddable":true,"href":"https:\/\/vitaminbutiken.com\/fi\/wp-json\/wp\/v2\/comments?post=9381"}],"wp:featuredmedia":[{"embeddable":true,"href":"https:\/\/vitaminbutiken.com\/fi\/wp-json\/wp\/v2\/media\/500103530"}],"wp:attachment":[{"href":"https:\/\/vitaminbutiken.com\/fi\/wp-json\/wp\/v2\/media?parent=9381"}],"wp:term":[{"taxonomy":"product_brand","embeddable":true,"href":"https:\/\/vitaminbutiken.com\/fi\/wp-json\/wp\/v2\/product_brand?post=9381"},{"taxonomy":"product_cat","embeddable":true,"href":"https:\/\/vitaminbutiken.com\/fi\/wp-json\/wp\/v2\/product_cat?post=9381"},{"taxonomy":"product_tag","embeddable":true,"href":"https:\/\/vitaminbutiken.com\/fi\/wp-json\/wp\/v2\/product_tag?post=9381"}],"curies":[{"name":"wp","href":"https:\/\/api.w.org\/{rel}","templated":true}]}}