{"id":9380,"date":"2025-03-19T15:53:30","date_gmt":"2025-03-19T13:53:30","guid":{"rendered":"https:\/\/vitaminbutiken.multi.fi\/?post_type=product&#038;p=9380"},"modified":"2026-04-10T12:10:30","modified_gmt":"2026-04-10T10:10:30","slug":"b3-niacinamid-enkelmedel","status":"publish","type":"product","link":"https:\/\/vitaminbutiken.com\/fi\/produkt\/b3-niacinamid-enkelmedel\/","title":{"rendered":"Vitamin B3, Niacinamid 500 mg"},"content":{"rendered":"<p><strong>B3 Niacinamid (enkelmedel)<\/strong><\/p>\n<p><strong>B3 vitamin bidrar till:<\/strong><\/p>\n<ul>\n<li>normal energioms\u00e4ttning<\/li>\n<li>nervsystemets normala funktion<\/li>\n<li>normal psykologisk funktion<\/li>\n<li>att bibeh\u00e5lla normala slemhinnor<\/li>\n<li>att bibeh\u00e5lla normal hud<\/li>\n<li>att minska tr\u00f6tthet och utmattning<\/li>\n<\/ul>\n<p><strong>Dosering:\u00a0<\/strong>1 kapsel per dag.<\/p>\n<table style=\"height: 80px;\" border=\"1\" width=\"600\" cellspacing=\"0\" cellpadding=\"0\">\n<tbody>\n<tr>\n<td style=\"width: 14.4075%;\"><strong>1 kapsel inneh\u00e5ller:<\/strong><\/td>\n<td style=\"width: 10.1745%;\"><strong>M\u00e4ngd<\/strong><\/td>\n<td style=\"width: 9.58161%;\"><strong>*%DRI<\/strong><\/td>\n<\/tr>\n<tr>\n<td style=\"width: 14.4075%;\">Niacin<\/td>\n<td style=\"width: 10.1745%;\">500 mg<\/td>\n<td style=\"width: 9.58161%;\">3125 %<\/td>\n<\/tr>\n<\/tbody>\n<\/table>\n<p><strong>*DRI \u00e4r dagligt referensintag.<\/strong><\/p>\n<p><strong>Ingredienser:<\/strong>Niasiini (niasiiniamidi), t\u00e4yteaine (riisijauhe), kapseli (hydroksipropyylimetyylicelluloosa).<\/p>\n<p>Rekommenderad daglig dos b\u00f6r ej \u00f6verskridas.<br \/>\nKosttillskott ers\u00e4tter inte en varierad kost.<br \/>\nProdukten f\u00f6rvaras o\u00e5tkomligt f\u00f6r sm\u00e5 barn.<\/p>\n","protected":false},"excerpt":{"rendered":"<p>B3-vitamin som niacinamid.<\/p>\n<p>1 kapsel ger 500 mg.<\/p>\n<p><strong>120 kapslar<\/strong><\/p>\n","protected":false},"featured_media":500103733,"comment_status":"open","ping_status":"closed","template":"","meta":{"_kad_blocks_custom_css":"","_kad_blocks_head_custom_js":"","_kad_blocks_body_custom_js":"","_kad_blocks_footer_custom_js":"","_kadence_starter_templates_imported_post":false,"_kad_post_transparent":"default","_kad_post_title":"","_kad_post_layout":"default","_kad_post_sidebar_id":"","_kad_post_content_style":"default","_kad_post_vertical_padding":"default","_kad_post_feature":"","_kad_post_feature_position":"","_kad_post_header":false,"_kad_post_footer":false,"_kad_post_classname":""},"product_brand":[],"product_cat":[348,1293,195,155],"product_tag":[205,239,373,374,375,376,357,377,378,379,332,187,308,380,381,382,383,384,190,385,221,386,387,388,389,390,391,392,393,394,395,229,396,234,235,372],"class_list":{"0":"post-9380","1":"product","2":"type-product","3":"status-publish","4":"has-post-thumbnail","6":"product_cat-b-vitamin","7":"product_cat-evp-nutrition","8":"product_cat-hud-skonhet","9":"product_cat-vitaminer","10":"product_tag-antioxidant","11":"product_tag-b-vitamin","12":"product_tag-b3","13":"product_tag-b3-vitamin","14":"product_tag-brist-pa-saltsyra","15":"product_tag-daligt-balanssinne","16":"product_tag-depression","17":"product_tag-efterbehandling-stroke","18":"product_tag-exokrin-pankreas-insufficiens","19":"product_tag-forebyggande-typ-1-diabetes","20":"product_tag-forhojda-kolesterolvarden","21":"product_tag-hogt-blodtryck","22":"product_tag-huvudvark","23":"product_tag-hyperpigmentering","24":"product_tag-immunstimulator","25":"product_tag-kanslighet-mot-kyla","26":"product_tag-kolesterolbalansering","27":"product_tag-luktintolernas","28":"product_tag-migran","29":"product_tag-motverkar-aderforkalkning","30":"product_tag-naturtillskott","31":"product_tag-nedsatt-amnesomsattning","32":"product_tag-nedsatt-binjurefunktion","33":"product_tag-nedsatt-leverfunktion","34":"product_tag-niacinamid-enkelmedel","35":"product_tag-nikotinavvanjning","36":"product_tag-pellagra","37":"product_tag-raynauds-syndrom","38":"product_tag-reumatoid-artrit","39":"product_tag-schizofreni","40":"product_tag-smygande-demens","41":"product_tag-starka-immunforsvar","42":"product_tag-stelhet-i-leder","43":"product_tag-vitamin","44":"product_tag-vitaminer","45":"product_tag-yrsel","47":"first","48":"instock","49":"taxable","50":"shipping-taxable","51":"purchasable","52":"product-type-simple","53":"entry","54":"content-bg","55":"loop-entry"},"taxonomy_info":{"product_cat":[{"value":348,"label":"B-vitamin"},{"value":1293,"label":"EVP Nutrition"},{"value":195,"label":"Hud &amp; Sk\u00f6nhet"},{"value":155,"label":"Vitaminer"}],"product_tag":[{"value":205,"label":"antioxidant"},{"value":239,"label":"b vitamin"},{"value":373,"label":"b3"},{"value":374,"label":"b3 vitamin"},{"value":375,"label":"brist p\u00e5 saltsyra"},{"value":376,"label":"d\u00e5ligt balanssinne"},{"value":357,"label":"depression"},{"value":377,"label":"efterbehandling stroke"},{"value":378,"label":"exokrin pankreas insufficiens"},{"value":379,"label":"f\u00f6rebyggande typ-1 diabetes"},{"value":332,"label":"f\u00f6rh\u00f6jda kolesterolv\u00e4rden"},{"value":187,"label":"h\u00f6gt blodtryck"},{"value":308,"label":"huvudv\u00e4rk"},{"value":380,"label":"hyperpigmentering"},{"value":381,"label":"immunstimulator"},{"value":382,"label":"k\u00e4nslighet mot kyla"},{"value":383,"label":"kolesterolbalansering"},{"value":384,"label":"luktintolernas"},{"value":190,"label":"migr\u00e4n"},{"value":385,"label":"motverkar \u00e5derf\u00f6rkalkning"},{"value":221,"label":"naturtillskott"},{"value":386,"label":"nedsatt \u00e4mnesoms\u00e4ttning"},{"value":387,"label":"nedsatt binjurefunktion"},{"value":388,"label":"nedsatt leverfunktion"},{"value":389,"label":"niacinamid enkelmedel"},{"value":390,"label":"nikotinavv\u00e4njning"},{"value":391,"label":"pellagra"},{"value":392,"label":"raynauds syndrom"},{"value":393,"label":"reumatoid artrit"},{"value":394,"label":"schizofreni."},{"value":395,"label":"smygande demens"},{"value":229,"label":"st\u00e4rka immunf\u00f6rsvar"},{"value":396,"label":"stelhet i leder"},{"value":234,"label":"vitamin"},{"value":235,"label":"vitaminer"},{"value":372,"label":"yrsel"}]},"featured_image_src_large":["https:\/\/vitaminbutiken.com\/wp-content\/uploads\/2025\/03\/218-B3-enkelmedel-Photoroom-e1771311560355-863x700.png",863,700,true],"author_info":[],"comment_info":0,"_links":{"self":[{"href":"https:\/\/vitaminbutiken.com\/fi\/wp-json\/wp\/v2\/product\/9380","targetHints":{"allow":["GET"]}}],"collection":[{"href":"https:\/\/vitaminbutiken.com\/fi\/wp-json\/wp\/v2\/product"}],"about":[{"href":"https:\/\/vitaminbutiken.com\/fi\/wp-json\/wp\/v2\/types\/product"}],"replies":[{"embeddable":true,"href":"https:\/\/vitaminbutiken.com\/fi\/wp-json\/wp\/v2\/comments?post=9380"}],"wp:featuredmedia":[{"embeddable":true,"href":"https:\/\/vitaminbutiken.com\/fi\/wp-json\/wp\/v2\/media\/500103733"}],"wp:attachment":[{"href":"https:\/\/vitaminbutiken.com\/fi\/wp-json\/wp\/v2\/media?parent=9380"}],"wp:term":[{"taxonomy":"product_brand","embeddable":true,"href":"https:\/\/vitaminbutiken.com\/fi\/wp-json\/wp\/v2\/product_brand?post=9380"},{"taxonomy":"product_cat","embeddable":true,"href":"https:\/\/vitaminbutiken.com\/fi\/wp-json\/wp\/v2\/product_cat?post=9380"},{"taxonomy":"product_tag","embeddable":true,"href":"https:\/\/vitaminbutiken.com\/fi\/wp-json\/wp\/v2\/product_tag?post=9380"}],"curies":[{"name":"wp","href":"https:\/\/api.w.org\/{rel}","templated":true}]}}