{"id":9375,"date":"2025-03-19T15:53:28","date_gmt":"2025-03-19T13:53:28","guid":{"rendered":"https:\/\/vitaminbutiken.multi.fi\/?post_type=product&#038;p=9375"},"modified":"2026-04-09T05:50:51","modified_gmt":"2026-04-09T03:50:51","slug":"bio-zink","status":"publish","type":"product","link":"https:\/\/vitaminbutiken.com\/fi\/produkt\/bio-zink\/","title":{"rendered":"Bio Zink (Zink &#038; B6)"},"content":{"rendered":"<p><strong>Bio Zink<\/strong><\/p>\n<p>Zink \u00e4r ett grundelement och ett viktig essentiellt n\u00e4rings\u00e4mne f\u00f6r m\u00e4nniskan. Den medverkar i n\u00e4rmare 100 viktiga kroppsfunktioner och \u00e4r bl.a. en viktig best\u00e5ndsdel i kroppens produktion av vita blodkroppar.<\/p>\n<p><strong>Zink bidrar till:<\/strong><\/p>\n<ul>\n<li>normal syra- basbalans<\/li>\n<li>normal kolhydratoms\u00e4ttning<\/li>\n<li>normal kognitiv funktion<\/li>\n<li>normal DNA-syntes<\/li>\n<li>normal fertilitet och reproduktion<\/li>\n<li>normal oms\u00e4ttning av makron\u00e4rings\u00e4mnen<\/li>\n<li>normal oms\u00e4ttning av fettsyror<\/li>\n<li>normal oms\u00e4ttning av vitamin A<\/li>\n<li>normal proteinsyntes<\/li>\n<li>bibeh\u00e5lla normal benstomme<\/li>\n<li>bibeh\u00e5lla normala naglar<\/li>\n<li>att bibeh\u00e5lla normal hud<\/li>\n<li>att bibeh\u00e5lla normala testosteronniv\u00e5er i blodet<\/li>\n<li>att bibeh\u00e5lla normal synf\u00f6rm\u00e5ga<\/li>\n<li>immunsystemets normala funktion<\/li>\n<li>att skydda cellerna mot oxidativ stress<\/li>\n<li>har en roll i celldelningsprocessen<\/li>\n<\/ul>\n<p><strong>Dosering<\/strong>: 1 tablett\/dag.<\/p>\n<table style=\"height: 80px;\" border=\"1\" width=\"621\" cellspacing=\"0\" cellpadding=\"0\">\n<tbody>\n<tr>\n<td valign=\"top\" width=\"30%\"><strong>1 tablett inneh\u00e5ller<\/strong><\/td>\n<td valign=\"top\" width=\"20%\"><strong> M\u00e4ngd<\/strong><\/td>\n<td valign=\"top\" width=\"30%\"><strong>*DRI% <\/strong><\/td>\n<\/tr>\n<tr>\n<td valign=\"top\" width=\"30%\">Zink<\/td>\n<td valign=\"top\" width=\"20%\">25 mg<\/td>\n<td valign=\"top\" width=\"20%\">250 %<\/td>\n<\/tr>\n<tr>\n<td valign=\"top\" width=\"30%\">Vitamin B6<\/td>\n<td valign=\"top\" width=\"20%\">5 mg<\/td>\n<td valign=\"top\" width=\"20%\">357 %<\/td>\n<\/tr>\n<\/tbody>\n<\/table>\n<p><strong><em>*DRI \u00e4r dagligt referensintag.<\/em><\/strong><\/p>\n<p><strong>Ingredienser:<\/strong>Fyllnadsmedel (dikalciumfosfat, mikrokristallin cellulosa), zink (zink-L-aspartat, zinkcitrat), fyllnadsmedel (stearinsyra), vitamin B6 (pyridoxinhydroklorid), klumpf\u00f6rebyggande medel (talk, magnesiumsalter av fettsyror).<\/p>\n<p>Rekommenderad daglig dos b\u00f6r ej \u00f6verskridas.<br \/>\nKosttillskott ers\u00e4tter inte en varierad kost.<br \/>\nProdukten f\u00f6rvaras o\u00e5tkomligt f\u00f6r sm\u00e5 barn.<\/p>\n<p><strong>Observera!<\/strong> Zink kan kontraindikera med l\u00e4kemedel vars funktion \u00e4r att d\u00e4mpa immunf\u00f6rsvarets aktivitet.<\/p>\n<p>&nbsp;<\/p>\n","protected":false},"excerpt":{"rendered":"<p>Zink \u00e4r ett grundelement och ett viktig essentiellt n\u00e4rings\u00e4mne f\u00f6r m\u00e4nniskan. Den medverkar i n\u00e4rmare 100 viktiga kroppsfunktioner och \u00e4r bl.a. en viktig best\u00e5ndsdel i kroppens produktion av vita blodkroppar.<\/p>\n<p><strong>120 tabletter<\/strong><\/p>\n","protected":false},"featured_media":500103542,"comment_status":"open","ping_status":"closed","template":"","meta":{"_kad_blocks_custom_css":"","_kad_blocks_head_custom_js":"","_kad_blocks_body_custom_js":"","_kad_blocks_footer_custom_js":"","_kadence_starter_templates_imported_post":false,"_kad_post_transparent":"default","_kad_post_title":"","_kad_post_layout":"default","_kad_post_sidebar_id":"","_kad_post_content_style":"default","_kad_post_vertical_padding":"default","_kad_post_feature":"","_kad_post_feature_position":"","_kad_post_header":false,"_kad_post_footer":false,"_kad_post_classname":""},"product_brand":[],"product_cat":[195,176,431,281,146,1307,2827],"product_tag":[342,343],"class_list":{"0":"post-9375","1":"product","2":"type-product","3":"status-publish","4":"has-post-thumbnail","6":"product_cat-hud-skonhet","7":"product_cat-immunforsvar","8":"product_cat-mage-tarm","9":"product_cat-mineraler","10":"product_cat-stressad-och-trott","11":"product_cat-synergos","12":"product_cat-zink","13":"product_tag-bio-zink","14":"product_tag-zink","16":"first","17":"instock","18":"taxable","19":"shipping-taxable","20":"purchasable","21":"product-type-simple","22":"entry","23":"content-bg","24":"loop-entry"},"taxonomy_info":{"product_cat":[{"value":195,"label":"Hud &amp; Sk\u00f6nhet"},{"value":176,"label":"Immunf\u00f6rsvar"},{"value":431,"label":"Mage &amp; Tarm"},{"value":281,"label":"Mineraler"},{"value":146,"label":"Stressad &amp; Tr\u00f6tt"},{"value":1307,"label":"Synergos"},{"value":2827,"label":"Zink"}],"product_tag":[{"value":342,"label":"Bio Zink"},{"value":343,"label":"Zink"}]},"featured_image_src_large":["https:\/\/vitaminbutiken.com\/wp-content\/uploads\/2025\/03\/221-Bio-Zink-Photoroom-e1769672545108-803x700.png",803,700,true],"author_info":[],"comment_info":0,"_links":{"self":[{"href":"https:\/\/vitaminbutiken.com\/fi\/wp-json\/wp\/v2\/product\/9375","targetHints":{"allow":["GET"]}}],"collection":[{"href":"https:\/\/vitaminbutiken.com\/fi\/wp-json\/wp\/v2\/product"}],"about":[{"href":"https:\/\/vitaminbutiken.com\/fi\/wp-json\/wp\/v2\/types\/product"}],"replies":[{"embeddable":true,"href":"https:\/\/vitaminbutiken.com\/fi\/wp-json\/wp\/v2\/comments?post=9375"}],"wp:featuredmedia":[{"embeddable":true,"href":"https:\/\/vitaminbutiken.com\/fi\/wp-json\/wp\/v2\/media\/500103542"}],"wp:attachment":[{"href":"https:\/\/vitaminbutiken.com\/fi\/wp-json\/wp\/v2\/media?parent=9375"}],"wp:term":[{"taxonomy":"product_brand","embeddable":true,"href":"https:\/\/vitaminbutiken.com\/fi\/wp-json\/wp\/v2\/product_brand?post=9375"},{"taxonomy":"product_cat","embeddable":true,"href":"https:\/\/vitaminbutiken.com\/fi\/wp-json\/wp\/v2\/product_cat?post=9375"},{"taxonomy":"product_tag","embeddable":true,"href":"https:\/\/vitaminbutiken.com\/fi\/wp-json\/wp\/v2\/product_tag?post=9375"}],"curies":[{"name":"wp","href":"https:\/\/api.w.org\/{rel}","templated":true}]}}