{"id":9372,"date":"2025-03-19T15:53:27","date_gmt":"2025-03-19T13:53:27","guid":{"rendered":"https:\/\/vitaminbutiken.multi.fi\/?post_type=product&#038;p=9372"},"modified":"2026-04-02T11:48:42","modified_gmt":"2026-04-02T09:48:42","slug":"l-lysin-120-kapslar","status":"publish","type":"product","link":"https:\/\/vitaminbutiken.com\/fi\/produkt\/l-lysin-120-kapslar\/","title":{"rendered":"L-lysin, 120 kap"},"content":{"rendered":"<p><strong>L-lysin &#8211; 120 kapslar<\/strong><\/p>\n<p>Lysin \u00e4r en essentiell aminosyra. Den kan inte syntetiseras i m\u00e4nniskan, varf\u00f6r det m\u00e5ste intas som proteiner.<\/p>\n<p>L-Lysin \u00e4r en n\u00f6dv\u00e4ndig byggsten f\u00f6r alla proteiner i kroppen. L-Lysin spelar en viktig roll f\u00f6r kroppens produktion av hormoner, enzymer och antikroppar.<\/p>\n<p>L-lysin \u00e4r en viktig best\u00e5ndsdel i kollagen och finns i h\u00f6g koncentration i muskelv\u00e4vnad.<\/p>\n<p>Lysin beh\u00f6vs framf\u00f6rallt f\u00f6r veganer och h\u00e5rt tr\u00e4nande idrottare.<\/p>\n<p><strong>Dosering:<\/strong> 2 kapslar per dag mellan m\u00e5ltider.<\/p>\n<table style=\"height: 80px;\" border=\"1\" width=\"621\" cellspacing=\"0\" cellpadding=\"0\">\n<tbody>\n<tr>\n<td valign=\"top\" width=\"30%\"><strong>2 kapslar inneh\u00e5ller<\/strong><\/td>\n<td valign=\"top\" width=\"20%\"><strong> M\u00e4ngd<\/strong><\/td>\n<td valign=\"top\" width=\"30%\"><strong>*DRI% <\/strong><\/td>\n<\/tr>\n<tr>\n<td valign=\"top\" width=\"30%\">L-Lysin<\/td>\n<td valign=\"top\" width=\"20%\">1 000 mg<\/td>\n<td valign=\"top\" width=\"20%\">**<\/td>\n<\/tr>\n<\/tbody>\n<\/table>\n<p><strong><em>**DRI (dagligt referensintag) ej fastst\u00e4llt.<\/em><\/strong><\/p>\n<p><strong>Ingredienser<\/strong>: L-lysin, kapsel (hydroxipropylmetylcellulosa).<\/p>\n<p>Rekommenderad daglig dos b\u00f6r ej \u00f6verskridas.<br \/>\nKosttillskott ers\u00e4tter inte en varierad kost.<br \/>\nProdukten f\u00f6rvaras o\u00e5tkomligt f\u00f6r sm\u00e5 barn.<\/p>\n","protected":false},"excerpt":{"rendered":"<p>En dagsdos p\u00e5 2 kapslar ger 1 000 mg L-lysin. Ren och trygg produkt utan extra tillsats\u00e4mnen.<\/p>\n<p><strong>120 kapslar<\/strong><\/p>\n","protected":false},"featured_media":500103649,"comment_status":"open","ping_status":"closed","template":"","meta":{"_kad_blocks_custom_css":"","_kad_blocks_head_custom_js":"","_kad_blocks_body_custom_js":"","_kad_blocks_footer_custom_js":"","_kadence_starter_templates_imported_post":false,"_kad_post_transparent":"default","_kad_post_title":"","_kad_post_layout":"default","_kad_post_sidebar_id":"","_kad_post_content_style":"default","_kad_post_vertical_padding":"default","_kad_post_feature":"","_kad_post_feature_position":"","_kad_post_header":false,"_kad_post_footer":false,"_kad_post_classname":""},"product_brand":[],"product_cat":[337,1293,176],"product_tag":[338],"class_list":{"0":"post-9372","1":"product","2":"type-product","3":"status-publish","4":"has-post-thumbnail","6":"product_cat-aminosyror","7":"product_cat-evp-nutrition","8":"product_cat-immunforsvar","9":"product_tag-l-lysin","11":"first","12":"instock","13":"taxable","14":"shipping-taxable","15":"purchasable","16":"product-type-simple","17":"entry","18":"content-bg","19":"loop-entry"},"taxonomy_info":{"product_cat":[{"value":337,"label":"Aminosyror"},{"value":1293,"label":"EVP Nutrition"},{"value":176,"label":"Immunf\u00f6rsvar"}],"product_tag":[{"value":338,"label":"L-Lysin"}]},"featured_image_src_large":["https:\/\/vitaminbutiken.com\/wp-content\/uploads\/2025\/03\/306-B-L-Lysin-120-kap-Photoroom-e1770635403573-830x700.png",830,700,true],"author_info":[],"comment_info":0,"_links":{"self":[{"href":"https:\/\/vitaminbutiken.com\/fi\/wp-json\/wp\/v2\/product\/9372","targetHints":{"allow":["GET"]}}],"collection":[{"href":"https:\/\/vitaminbutiken.com\/fi\/wp-json\/wp\/v2\/product"}],"about":[{"href":"https:\/\/vitaminbutiken.com\/fi\/wp-json\/wp\/v2\/types\/product"}],"replies":[{"embeddable":true,"href":"https:\/\/vitaminbutiken.com\/fi\/wp-json\/wp\/v2\/comments?post=9372"}],"wp:featuredmedia":[{"embeddable":true,"href":"https:\/\/vitaminbutiken.com\/fi\/wp-json\/wp\/v2\/media\/500103649"}],"wp:attachment":[{"href":"https:\/\/vitaminbutiken.com\/fi\/wp-json\/wp\/v2\/media?parent=9372"}],"wp:term":[{"taxonomy":"product_brand","embeddable":true,"href":"https:\/\/vitaminbutiken.com\/fi\/wp-json\/wp\/v2\/product_brand?post=9372"},{"taxonomy":"product_cat","embeddable":true,"href":"https:\/\/vitaminbutiken.com\/fi\/wp-json\/wp\/v2\/product_cat?post=9372"},{"taxonomy":"product_tag","embeddable":true,"href":"https:\/\/vitaminbutiken.com\/fi\/wp-json\/wp\/v2\/product_tag?post=9372"}],"curies":[{"name":"wp","href":"https:\/\/api.w.org\/{rel}","templated":true}]}}