{"id":9368,"date":"2025-03-19T15:53:24","date_gmt":"2025-03-19T13:53:24","guid":{"rendered":"https:\/\/vitaminbutiken.multi.fi\/?post_type=product&#038;p=9368"},"modified":"2026-04-10T12:11:07","modified_gmt":"2026-04-10T10:11:07","slug":"bio-magnesium-plus","status":"publish","type":"product","link":"https:\/\/vitaminbutiken.com\/fi\/produkt\/bio-magnesium-plus\/","title":{"rendered":"Bio Magnesium Plus"},"content":{"rendered":"<p><strong>Allm\u00e4n information om magnesium<\/strong><br \/>\nMagnesium \u00e4r ett av v\u00e5ra viktigaste basbildande mineraler. Magnesium \u00e4r en essentiell mineral och spelar roll i n\u00e4rmare 300 k\u00e4nda enzymreaktioner i kroppen. Viktig f\u00f6r muskulaturen, lederna, hj\u00e4rtats och hj\u00e4rnans funktioner. Spelar en avg\u00f6rande roll f\u00f6r kroppens f\u00f6rm\u00e5ga att ta upp kalcium.<\/p>\n<p><strong>Magnesium bidrar till:<\/strong><br \/>\n\u2022 att bibeh\u00e5lla normal benstomme<br \/>\n\u2022 att bibeh\u00e5lla normala t\u00e4nder<br \/>\n\u2022 att minska tr\u00f6tthet och utmattning<br \/>\n\u2022 elektrolytbalansen<br \/>\n\u2022 har en roll i celldelningsprocessen<br \/>\n\u2022 nervsystemets normala funktion<br \/>\n\u2022 normal energioms\u00e4ttning<br \/>\n\u2022 normal muskelfunktion<br \/>\n\u2022 normal proteinsyntes<br \/>\n\u2022 normal psykologisk funktion<\/p>\n<p><strong>Dosering<\/strong>: 3 kapslar per dag<\/p>\n<table style=\"height: 80px;\" border=\"1\" width=\"621\" cellspacing=\"0\" cellpadding=\"0\">\n<tbody>\n<tr>\n<td valign=\"top\" width=\"30%\"><strong>3 kapslar inneh\u00e5ller:<\/strong><\/td>\n<td valign=\"top\" width=\"20%\"><strong> M\u00e4ngd<\/strong><\/td>\n<td valign=\"top\" width=\"30%\"><strong>*DRI% <\/strong><\/td>\n<\/tr>\n<tr>\n<td valign=\"top\" width=\"30%\">Magnesium<\/td>\n<td valign=\"top\" width=\"20%\">330 mg<\/td>\n<td valign=\"top\" width=\"20%\">88%<\/td>\n<\/tr>\n<tr>\n<td valign=\"top\" width=\"30%\">Vitamin B6<\/td>\n<td valign=\"top\" width=\"20%\">18 mg<\/td>\n<td valign=\"top\" width=\"20%\">1285 %<\/td>\n<\/tr>\n<tr>\n<td valign=\"top\" width=\"30%\">Kalium<\/td>\n<td valign=\"top\" width=\"20%\">30 mg<\/td>\n<td valign=\"top\" width=\"20%\">1 %<\/td>\n<\/tr>\n<\/tbody>\n<\/table>\n<p><strong><em>*DRI \u00e4r dagligt referensintag.<\/em><\/strong><\/p>\n<p><strong>Ingredienser<\/strong>: Magnesium (magnesiumcitrat), fyllnadsmedel (mikrokristallin cellulosa), klumpf\u00f6rebyggande medel (magnesiumsalter av fettsyror), kalium (kaliumklorid), vitamin B6 (pyridoxinhydroklorid), gelatinkapsel (<strong>n\u00f6t<\/strong>).<\/p>\n<p>Rekommenderad daglig dos b\u00f6r ej \u00f6verskridas.<br \/>\nKosttillskott ers\u00e4tter inte en varierad kost.<br \/>\nProdukten f\u00f6rvaras o\u00e5tkomligt f\u00f6r sm\u00e5 barn.<\/p>\n<p><strong>OBS!<\/strong> Den \u00f6vre gr\u00e4nsen f\u00f6r s\u00e4kert dagligt intag av vitamin B6 \u00e4r 12 mg. M\u00e4ngden vitamin B6 i dygnsdosen som f\u00e5s fr\u00e5n denna produkt (18 mg) \u00f6verskrider denna m\u00e4ngd. Inte f\u00f6r l\u00e5ngvarigt bruk.<\/p>\n","protected":false},"excerpt":{"rendered":"<p>Bio Magnesium Plus \u00e4r ett avancerat magnesiumtillskott som bygger p\u00e5 synergiprincipen.<\/p>\n<p>Varje kapsel ger 110 mg element\u00e4rt magnesium, 10 mg kalium och 6 mg vitamin B6.<\/p>\n<p><strong>90 eller 180 kapslar<\/strong><\/p>\n","protected":false},"featured_media":500103516,"comment_status":"open","ping_status":"closed","template":"","meta":{"_kad_blocks_custom_css":"","_kad_blocks_head_custom_js":"","_kad_blocks_body_custom_js":"","_kad_blocks_footer_custom_js":"","_kadence_starter_templates_imported_post":false,"_kad_post_transparent":"default","_kad_post_title":"","_kad_post_layout":"default","_kad_post_sidebar_id":"","_kad_post_content_style":"default","_kad_post_vertical_padding":"default","_kad_post_feature":"","_kad_post_feature_position":"","_kad_post_header":false,"_kad_post_footer":false,"_kad_post_classname":""},"product_brand":[],"product_cat":[281,1293,625],"product_tag":[292,285,286,287,288,289,290,291,221,233,172,234],"class_list":{"0":"post-9368","1":"product","2":"type-product","3":"status-publish","4":"has-post-thumbnail","6":"product_cat-mineraler","7":"product_cat-evp-nutrition","8":"product_cat-magnesium","9":"product_tag-bio-magnesium","10":"product_tag-kosttillskott","11":"product_tag-kosttillskott-magnesium","12":"product_tag-magnesium","13":"product_tag-magnesium-bra-for","14":"product_tag-magnesium-mot-kramp","15":"product_tag-magnesium-pulver","16":"product_tag-magnesium-tillskott","17":"product_tag-naturtillskott","18":"product_tag-trotthet","19":"product_tag-utmattning","20":"product_tag-vitamin","22":"first","23":"instock","24":"taxable","25":"shipping-taxable","26":"purchasable","27":"product-type-variable","28":"has-default-attributes","29":"entry","30":"content-bg","31":"loop-entry"},"taxonomy_info":{"product_cat":[{"value":281,"label":"Mineraler"},{"value":1293,"label":"EVP Nutrition"},{"value":625,"label":"Magnesium"}],"product_tag":[{"value":292,"label":"bio magnesium"},{"value":285,"label":"kosttillskott"},{"value":286,"label":"kosttillskott magnesium"},{"value":287,"label":"magnesium"},{"value":288,"label":"magnesium bra f\u00f6r"},{"value":289,"label":"magnesium mot kramp"},{"value":290,"label":"magnesium pulver"},{"value":291,"label":"magnesium tillskott"},{"value":221,"label":"naturtillskott"},{"value":233,"label":"tr\u00f6tthet"},{"value":172,"label":"utmattning"},{"value":234,"label":"vitamin"}]},"featured_image_src_large":["https:\/\/vitaminbutiken.com\/wp-content\/uploads\/2025\/03\/213-A-Biomag-180-Photoroom-e1769606386495-960x700.png",960,700,true],"author_info":[],"comment_info":0,"_links":{"self":[{"href":"https:\/\/vitaminbutiken.com\/fi\/wp-json\/wp\/v2\/product\/9368","targetHints":{"allow":["GET"]}}],"collection":[{"href":"https:\/\/vitaminbutiken.com\/fi\/wp-json\/wp\/v2\/product"}],"about":[{"href":"https:\/\/vitaminbutiken.com\/fi\/wp-json\/wp\/v2\/types\/product"}],"replies":[{"embeddable":true,"href":"https:\/\/vitaminbutiken.com\/fi\/wp-json\/wp\/v2\/comments?post=9368"}],"wp:featuredmedia":[{"embeddable":true,"href":"https:\/\/vitaminbutiken.com\/fi\/wp-json\/wp\/v2\/media\/500103516"}],"wp:attachment":[{"href":"https:\/\/vitaminbutiken.com\/fi\/wp-json\/wp\/v2\/media?parent=9368"}],"wp:term":[{"taxonomy":"product_brand","embeddable":true,"href":"https:\/\/vitaminbutiken.com\/fi\/wp-json\/wp\/v2\/product_brand?post=9368"},{"taxonomy":"product_cat","embeddable":true,"href":"https:\/\/vitaminbutiken.com\/fi\/wp-json\/wp\/v2\/product_cat?post=9368"},{"taxonomy":"product_tag","embeddable":true,"href":"https:\/\/vitaminbutiken.com\/fi\/wp-json\/wp\/v2\/product_tag?post=9368"}],"curies":[{"name":"wp","href":"https:\/\/api.w.org\/{rel}","templated":true}]}}