{"id":9367,"date":"2025-03-19T15:53:23","date_gmt":"2025-03-19T13:53:23","guid":{"rendered":"https:\/\/vitaminbutiken.multi.fi\/?post_type=product&#038;p=9367"},"modified":"2026-04-02T09:34:34","modified_gmt":"2026-04-02T07:34:34","slug":"gluazin","status":"publish","type":"product","link":"https:\/\/vitaminbutiken.com\/fi\/produkt\/gluazin\/","title":{"rendered":"GluAzin"},"content":{"rendered":"<p><strong>GluAzin<\/strong><\/p>\n<p>Varje kapsel inneh\u00e5ller 250 mg glukosamin med en \u00f6rtkomposition best\u00e5ende av kelp, spirulina och ingef\u00e4ra. Vidare ger varje kapsel 40 mg Kalcium, 80 mg Magnesium och 1 mg Mangan.<\/p>\n<p>GluAzin \u00e4r ett \u00f6rt -och mineralkomplex f\u00f6r en reglering av kroppens syra-bas balans. GluAzin inneh\u00e5ller flera b\u00e5de vetenskapligt erk\u00e4nda och verksamma substanser som bidrar till normal muskel- och ledfunktion.<\/p>\n<p>Eftersom det \u00e4r p\u00e5tagligt att onormal muskel- och ledfunktion ofta g\u00e5r hand i hand med \u00f6versyrlighet och avsaknad av basbildande mineraler inneh\u00e5ller GluAzin \u00e4ven Magnesium, Kalcium och Mangan.<\/p>\n<p><strong>GluAzin bidrar till:<\/strong><\/p>\n<ul>\n<li>normal energioms\u00e4ttning<\/li>\n<li>normal muskelfunktion<\/li>\n<li>att bibeh\u00e5lla normal benstomme<\/li>\n<li>normal bildning av bindv\u00e4v<\/li>\n<li>skydda cellerna mot oxidativ stress<\/li>\n<\/ul>\n<p><strong>Dosering:<\/strong> 5 kapslar om dagen som kur. Efter avslutad kur rekommenderas underh\u00e5llsdosering p\u00e5 3 kapslar per dag.<\/p>\n<table style=\"height: 80px;\" border=\"1\" width=\"621\" cellspacing=\"0\" cellpadding=\"0\">\n<tbody>\n<tr>\n<td valign=\"top\" width=\"30%\"><strong>1 kapsel inneh\u00e5ller<\/strong><\/td>\n<td valign=\"top\" width=\"20%\"><strong> M\u00e4ngd<\/strong><\/td>\n<td valign=\"top\" width=\"30%\"><strong>*DRI% <\/strong><\/td>\n<\/tr>\n<tr>\n<td valign=\"top\" width=\"30%\">Glukosamin<\/td>\n<td valign=\"top\" width=\"20%\">250 mg<\/td>\n<td valign=\"top\" width=\"20%\">**<\/td>\n<\/tr>\n<tr>\n<td valign=\"top\" width=\"30%\">Magnesium<\/td>\n<td valign=\"top\" width=\"20%\">80 mg<\/td>\n<td valign=\"top\" width=\"20%\">22 %<\/td>\n<\/tr>\n<tr>\n<td valign=\"top\" width=\"30%\">Kalcium<\/td>\n<td valign=\"top\" width=\"20%\">40 mg<\/td>\n<td valign=\"top\" width=\"20%\">6 %<\/td>\n<\/tr>\n<tr>\n<td valign=\"top\" width=\"30%\">Mangan<\/td>\n<td valign=\"top\" width=\"20%\">1 mg<\/td>\n<td valign=\"top\" width=\"20%\">50 %<\/td>\n<\/tr>\n<tr>\n<td valign=\"top\" width=\"30%\">Kelp<\/td>\n<td valign=\"top\" width=\"20%\">10 mg<\/td>\n<td valign=\"top\" width=\"20%\">**<\/td>\n<\/tr>\n<tr>\n<td valign=\"top\" width=\"30%\">Spirulina<\/td>\n<td valign=\"top\" width=\"20%\">10 mg<\/td>\n<td valign=\"top\" width=\"20%\">**<\/td>\n<\/tr>\n<tr>\n<td valign=\"top\" width=\"30%\">Ingef\u00e4ra<\/td>\n<td valign=\"top\" width=\"20%\">40 mg<\/td>\n<td valign=\"top\" width=\"20%\">**<\/td>\n<\/tr>\n<\/tbody>\n<\/table>\n<p><strong><em>*DRI \u00e4r dagligt referensintag. **DRI ej fastst\u00e4llt.<\/em><\/strong><\/p>\n<p><strong>Ingredienser:<\/strong>Glukosamin (glukosaminsulfat), fyllnadsmedel (rispulver), magnesium (magnesiumhydroxid), kalcium (kalciumkarbonat), ingef\u00e4ra (zingiber officinale), kelp (ascophyllum), Spirulina (arthrospira platensis), klumpf\u00f6rebyggande medel (magnesiumsalter av fettsyror, kiseldioxid), mangan (mangansulfat), kapsel (hydroxipropylmetylcellulosa).<\/p>\n<p>Rekommenderad daglig dos b\u00f6r ej \u00f6verskridas.<br \/>\nKosttillskott ers\u00e4tter inte en varierad kost.<br \/>\nProdukter f\u00f6rvaras o\u00e5tkomligt f\u00f6r sm\u00e5barn.<\/p>\n","protected":false},"excerpt":{"rendered":"<p>GluAzin \u00e4r ett \u00f6rt -och mineralkomplex f\u00f6r en reglering av kroppens syra-bas balans. GluAzin inneh\u00e5ller flera b\u00e5de vetenskapligt erk\u00e4nda och verksamma substanser som bidrar till normal muskel- och ledfunktion.<\/p>\n<p>Eftersom det \u00e4r p\u00e5tagligt att onormal muskel- och ledfunktion ofta g\u00e5r hand i hand med \u00f6versyrlighet och avsaknad av basbildande mineraler inneh\u00e5ller GluAzin \u00e4ven Magnesium, Kalcium och Mangan.<\/p>\n<p><strong>150 kapslar<\/strong><\/p>\n","protected":false},"featured_media":500103846,"comment_status":"open","ping_status":"closed","template":"","meta":{"_kad_blocks_custom_css":"","_kad_blocks_head_custom_js":"","_kad_blocks_body_custom_js":"","_kad_blocks_footer_custom_js":"","_kadence_starter_templates_imported_post":false,"_kad_post_transparent":"default","_kad_post_title":"","_kad_post_layout":"default","_kad_post_sidebar_id":"","_kad_post_content_style":"default","_kad_post_vertical_padding":"default","_kad_post_feature":"","_kad_post_feature_position":"","_kad_post_header":false,"_kad_post_footer":false,"_kad_post_classname":""},"product_brand":[],"product_cat":[281,2822,2821,277,149,843,1307,278],"product_tag":[284,285,286,287,288,289,290,291,221,233,172,234],"class_list":{"0":"post-9367","1":"product","2":"type-product","3":"status-publish","4":"has-post-thumbnail","6":"product_cat-mineraler","7":"product_cat-multi-produkter","8":"product_cat-multi-mineral","9":"product_cat-muskler-och-leder","10":"product_cat-orter","11":"product_cat-reviva-nutrition","12":"product_cat-synergos","13":"product_cat-traning","14":"product_tag-gluazin-ortoflex","15":"product_tag-kosttillskott","16":"product_tag-kosttillskott-magnesium","17":"product_tag-magnesium","18":"product_tag-magnesium-bra-for","19":"product_tag-magnesium-mot-kramp","20":"product_tag-magnesium-pulver","21":"product_tag-magnesium-tillskott","22":"product_tag-naturtillskott","23":"product_tag-trotthet","24":"product_tag-utmattning","25":"product_tag-vitamin","27":"first","28":"instock","29":"taxable","30":"shipping-taxable","31":"purchasable","32":"product-type-simple","33":"entry","34":"content-bg","35":"loop-entry"},"taxonomy_info":{"product_cat":[{"value":281,"label":"Mineraler"},{"value":2822,"label":"Multi produkter"},{"value":2821,"label":"Multi-mineral"},{"value":277,"label":"Muskler &amp; Leder"},{"value":149,"label":"\u00d6rter"},{"value":843,"label":"Reviva Nutrition"},{"value":1307,"label":"Synergos"},{"value":278,"label":"Tr\u00e4ning"}],"product_tag":[{"value":284,"label":"gluazin ortoflex"},{"value":285,"label":"kosttillskott"},{"value":286,"label":"kosttillskott magnesium"},{"value":287,"label":"magnesium"},{"value":288,"label":"magnesium bra f\u00f6r"},{"value":289,"label":"magnesium mot kramp"},{"value":290,"label":"magnesium pulver"},{"value":291,"label":"magnesium tillskott"},{"value":221,"label":"naturtillskott"},{"value":233,"label":"tr\u00f6tthet"},{"value":172,"label":"utmattning"},{"value":234,"label":"vitamin"}]},"featured_image_src_large":["https:\/\/vitaminbutiken.com\/wp-content\/uploads\/2025\/03\/F101-Gluazin-Photoroom-e1771411627206-737x700.png",737,700,true],"author_info":[],"comment_info":0,"_links":{"self":[{"href":"https:\/\/vitaminbutiken.com\/fi\/wp-json\/wp\/v2\/product\/9367","targetHints":{"allow":["GET"]}}],"collection":[{"href":"https:\/\/vitaminbutiken.com\/fi\/wp-json\/wp\/v2\/product"}],"about":[{"href":"https:\/\/vitaminbutiken.com\/fi\/wp-json\/wp\/v2\/types\/product"}],"replies":[{"embeddable":true,"href":"https:\/\/vitaminbutiken.com\/fi\/wp-json\/wp\/v2\/comments?post=9367"}],"wp:featuredmedia":[{"embeddable":true,"href":"https:\/\/vitaminbutiken.com\/fi\/wp-json\/wp\/v2\/media\/500103846"}],"wp:attachment":[{"href":"https:\/\/vitaminbutiken.com\/fi\/wp-json\/wp\/v2\/media?parent=9367"}],"wp:term":[{"taxonomy":"product_brand","embeddable":true,"href":"https:\/\/vitaminbutiken.com\/fi\/wp-json\/wp\/v2\/product_brand?post=9367"},{"taxonomy":"product_cat","embeddable":true,"href":"https:\/\/vitaminbutiken.com\/fi\/wp-json\/wp\/v2\/product_cat?post=9367"},{"taxonomy":"product_tag","embeddable":true,"href":"https:\/\/vitaminbutiken.com\/fi\/wp-json\/wp\/v2\/product_tag?post=9367"}],"curies":[{"name":"wp","href":"https:\/\/api.w.org\/{rel}","templated":true}]}}