{"id":9366,"date":"2025-03-19T15:53:22","date_gmt":"2025-03-19T13:53:22","guid":{"rendered":"https:\/\/vitaminbutiken.multi.fi\/?post_type=product&#038;p=9366"},"modified":"2026-04-08T12:01:13","modified_gmt":"2026-04-08T10:01:13","slug":"mitocell","status":"publish","type":"product","link":"https:\/\/vitaminbutiken.com\/fi\/produkt\/mitocell\/","title":{"rendered":"Mitocell"},"content":{"rendered":"<p><strong>Mitocell <\/strong>inneh\u00e5ller alla nyckeln\u00e4rings\u00e4mnen (Niacin, Pantotensyra, Kolin, Q10, Alfaliponsyra, Tiamin, Riboflavin, Vitamin B6, Biotin, Vitamin B12, Folsyra) f\u00f6r att v\u00e5ra energiproducenter; mitokondrier skall kunna producera energi.<\/p>\n<p>Mitocell \u00e4r ett specialmedel vars funktion \u00e4r att ge mitokondrierna f\u00f6ruts\u00e4ttningar till syntes av ATP. Den inneh\u00e5ller klinisk dos av \u00e4mnen som \u00e4r vetenskapligt k\u00e4nda f\u00f6r uppr\u00e4tth\u00e5llandet av andningskedjan i mitokondrierna.<\/p>\n<p>ATP (adenosintrifosfat) \u00e4r en\u00a0 molekyl som lagrar energi i kemisk form. N\u00e4r celler beh\u00f6ver energi delas ATP-molekylen och energi frig\u00f6rs. Bindningen av ATP sker inuti cellerna i sm\u00e5 b\u00f6nformade strukturer som kallas mitokondrier. Muskelceller beh\u00f6ver stora m\u00e4ngder energi. D\u00e4rf\u00f6r inneh\u00e5ller muskelceller v\u00e4sentligt fler mitokondrier \u00e4n andra celltyper. Hj\u00e4rtmuskeln \u00e4r ett bra exempel p\u00e5 en kroppsv\u00e4vnad med h\u00f6g mitokondriedensitet, detta beror p\u00e5 att hj\u00e4rtat har ett enormt energibehov.<\/p>\n<p>Mitokondriell dysfunktion \u00e4r en st\u00f6rning mitokondrierna. Konsekvensen \u00e4r nedsatt eller st\u00f6rd syntes av ATP. En brist p\u00e5 ATP leder till en rad st\u00f6rningar i cellernas \u00e4mnesoms\u00e4ttning p\u00e5 grund av brist p\u00e5 energi.<\/p>\n<p><strong>Mitocell bidrar till:<\/strong><\/p>\n<ul>\n<li>bidrar till normal energioms\u00e4ttning<\/li>\n<li>nervsystemets normala funktion<\/li>\n<li>normal psykologisk funktion<\/li>\n<li>minska tr\u00f6tthet och utmattning<\/li>\n<li>normal mental prestationsf\u00f6rm\u00e5ga<\/li>\n<li>normal syntes och oms\u00e4ttning av steroidhormoner, vitamin D och vissa neurotransmittorer<\/li>\n<li>normal energioms\u00e4ttning<\/li>\n<li>normal homocysteinoms\u00e4ttning<\/li>\n<li>normal fettoms\u00e4ttning<\/li>\n<li>bibeh\u00e5lla normal leverfunktion<\/li>\n<li>bibeh\u00e5lla normala kolesterolniv\u00e5er i blodet<\/li>\n<li>normal hj\u00e4rtfunktion<\/li>\n<li>bibeh\u00e5lla normala r\u00f6da blodkroppar<\/li>\n<li>normal j\u00e4rnoms\u00e4ttning<\/li>\n<li>skydda cellerna mot oxidativ stress<\/li>\n<li>normal protein- och glykogenoms\u00e4ttning<\/li>\n<li>immunsystemets normala funktion<\/li>\n<li>reglera hormonaktiviteten<\/li>\n<li>har en roll i celldelningsprocessen<\/li>\n<li>normal aminosyrasyntes<\/li>\n<\/ul>\n<p><strong>Dosering:<\/strong> 1 tablett per dag.<\/p>\n<table style=\"height: 80px;\" border=\"1\" width=\"621\" cellspacing=\"0\" cellpadding=\"0\">\n<tbody>\n<tr>\n<td valign=\"top\" width=\"30%\"><strong>1 tablett inneh\u00e5ller<\/strong><\/td>\n<td valign=\"top\" width=\"20%\"><strong> M\u00e4ngd<\/strong><\/td>\n<td valign=\"top\" width=\"30%\"><strong>%DRI*<\/strong><\/td>\n<\/tr>\n<tr>\n<td valign=\"top\" width=\"30%\">Niacin (B3)<\/td>\n<td valign=\"top\" width=\"20%\">150 mg<\/td>\n<td valign=\"top\" width=\"20%\">\u00a0937 %<\/td>\n<\/tr>\n<tr>\n<td valign=\"top\" width=\"30%\">Pantotensyra<\/td>\n<td valign=\"top\" width=\"20%\">125 mg<\/td>\n<td valign=\"top\" width=\"20%\">2 083 %<\/td>\n<\/tr>\n<tr>\n<td valign=\"top\" width=\"30%\">Kolin<\/td>\n<td valign=\"top\" width=\"20%\">50 mg<\/td>\n<td valign=\"top\" width=\"20%\">**<\/td>\n<\/tr>\n<tr>\n<td valign=\"top\" width=\"30%\">Q 10<\/td>\n<td valign=\"top\" width=\"20%\">50 mg<\/td>\n<td valign=\"top\" width=\"20%\">**<\/td>\n<\/tr>\n<tr>\n<td valign=\"top\" width=\"30%\">Alfaliponsyra<\/td>\n<td valign=\"top\" width=\"20%\">50 mg<\/td>\n<td valign=\"top\" width=\"20%\">**<\/td>\n<\/tr>\n<tr>\n<td valign=\"top\" width=\"30%\">Tiamin<\/td>\n<td valign=\"top\" width=\"20%\">25 mg<\/td>\n<td valign=\"top\" width=\"20%\">2 272 %<\/td>\n<\/tr>\n<tr>\n<td valign=\"top\" width=\"30%\">Riboflavin<\/td>\n<td valign=\"top\" width=\"20%\">25 mg<\/td>\n<td valign=\"top\" width=\"20%\">1 785 %<\/td>\n<\/tr>\n<tr>\n<td valign=\"top\" width=\"30%\">Vitamin B6<\/td>\n<td valign=\"top\" width=\"20%\">10 mg<\/td>\n<td valign=\"top\" width=\"20%\">714 %<\/td>\n<\/tr>\n<tr>\n<td valign=\"top\" width=\"30%\">Biotin<\/td>\n<td valign=\"top\" width=\"20%\">150 \u00b5g<\/td>\n<td valign=\"top\" width=\"20%\">300 %<\/td>\n<\/tr>\n<tr>\n<td valign=\"top\" width=\"30%\">Vitamin B12<\/td>\n<td valign=\"top\" width=\"20%\">125 \u00b5g<\/td>\n<td valign=\"top\" width=\"20%\">5 000 %<\/td>\n<\/tr>\n<tr>\n<td valign=\"top\" width=\"30%\">Folsyra<\/td>\n<td valign=\"top\" width=\"20%\">100 \u00b5g<\/td>\n<td valign=\"top\" width=\"20%\">50 %<\/td>\n<\/tr>\n<\/tbody>\n<\/table>\n<p><strong><em>*DRI \u00e4r dagligt referensintag. **DRI ej fastst\u00e4llt.<\/em><\/strong><\/p>\n<p><strong>Ingredienser<\/strong>: Fyllnadsmedel (dikalciumfosfat), niacin (nikotinamid), pantotensyra, kolin, fyllnadsmedel (mikrokristallin cellulosa, stearinsyra), Q10 (ubikinon), alfaliponsyra, tiamin, riboflavin, stabiliseringsmedel (tv\u00e4rbunden natriumkarboximetylcellulosa), vitamin B6 (pyridoxinhydroklorid), klumpf\u00f6rebyggande medel (magnesiumsalter av fettsyror), biotin, vitamin B12 (metylkobalamin), folsyra.<\/p>\n<p>Rekommenderad daglig dos b\u00f6r ej \u00f6verskridas.<br \/>\nKosttillskott ers\u00e4tter inte en varierad kost.<br \/>\nProdukten f\u00f6rvaras o\u00e5tkomligt f\u00f6r sm\u00e5 barn.<\/p>\n","protected":false},"excerpt":{"rendered":"<p><strong>Mitocell <\/strong>inneh\u00e5ller alla nyckeln\u00e4rings\u00e4mnen f\u00f6r att v\u00e5ra energiproducenter, mitokondrier, skall kunna producera energi.<\/p>\n<p><strong>120 tabletter<\/strong><\/p>\n","protected":false},"featured_media":500103572,"comment_status":"closed","ping_status":"closed","template":"","meta":{"_kad_blocks_custom_css":"","_kad_blocks_head_custom_js":"","_kad_blocks_body_custom_js":"","_kad_blocks_footer_custom_js":"","_kadence_starter_templates_imported_post":false,"_kad_post_transparent":"default","_kad_post_title":"","_kad_post_layout":"default","_kad_post_sidebar_id":"","_kad_post_content_style":"default","_kad_post_vertical_padding":"default","_kad_post_feature":"","_kad_post_feature_position":"","_kad_post_header":false,"_kad_post_footer":false,"_kad_post_classname":""},"product_brand":[],"product_cat":[176,277,146,1307,278,155],"product_tag":[205,279,280,221,229,233,234,235],"class_list":{"0":"post-9366","1":"product","2":"type-product","3":"status-publish","4":"has-post-thumbnail","6":"product_cat-immunforsvar","7":"product_cat-muskler-och-leder","8":"product_cat-stressad-och-trott","9":"product_cat-synergos","10":"product_cat-traning","11":"product_cat-vitaminer","12":"product_tag-antioxidant","13":"product_tag-cfs-me","14":"product_tag-mitocell","15":"product_tag-naturtillskott","16":"product_tag-starka-immunforsvar","17":"product_tag-trotthet","18":"product_tag-vitamin","19":"product_tag-vitaminer","21":"first","22":"instock","23":"taxable","24":"shipping-taxable","25":"purchasable","26":"product-type-simple","27":"entry","28":"content-bg","29":"loop-entry"},"taxonomy_info":{"product_cat":[{"value":176,"label":"Immunf\u00f6rsvar"},{"value":277,"label":"Muskler &amp; Leder"},{"value":146,"label":"Stressad &amp; Tr\u00f6tt"},{"value":1307,"label":"Synergos"},{"value":278,"label":"Tr\u00e4ning"},{"value":155,"label":"Vitaminer"}],"product_tag":[{"value":205,"label":"antioxidant"},{"value":279,"label":"CFS\/ME"},{"value":280,"label":"mitocell"},{"value":221,"label":"naturtillskott"},{"value":229,"label":"st\u00e4rka immunf\u00f6rsvar"},{"value":233,"label":"tr\u00f6tthet"},{"value":234,"label":"vitamin"},{"value":235,"label":"vitaminer"}]},"featured_image_src_large":["https:\/\/vitaminbutiken.com\/wp-content\/uploads\/2025\/03\/245-Mitocell-Photoroom-e1769769300735-753x700.png",753,700,true],"author_info":[],"comment_info":0,"_links":{"self":[{"href":"https:\/\/vitaminbutiken.com\/fi\/wp-json\/wp\/v2\/product\/9366","targetHints":{"allow":["GET"]}}],"collection":[{"href":"https:\/\/vitaminbutiken.com\/fi\/wp-json\/wp\/v2\/product"}],"about":[{"href":"https:\/\/vitaminbutiken.com\/fi\/wp-json\/wp\/v2\/types\/product"}],"replies":[{"embeddable":true,"href":"https:\/\/vitaminbutiken.com\/fi\/wp-json\/wp\/v2\/comments?post=9366"}],"wp:featuredmedia":[{"embeddable":true,"href":"https:\/\/vitaminbutiken.com\/fi\/wp-json\/wp\/v2\/media\/500103572"}],"wp:attachment":[{"href":"https:\/\/vitaminbutiken.com\/fi\/wp-json\/wp\/v2\/media?parent=9366"}],"wp:term":[{"taxonomy":"product_brand","embeddable":true,"href":"https:\/\/vitaminbutiken.com\/fi\/wp-json\/wp\/v2\/product_brand?post=9366"},{"taxonomy":"product_cat","embeddable":true,"href":"https:\/\/vitaminbutiken.com\/fi\/wp-json\/wp\/v2\/product_cat?post=9366"},{"taxonomy":"product_tag","embeddable":true,"href":"https:\/\/vitaminbutiken.com\/fi\/wp-json\/wp\/v2\/product_tag?post=9366"}],"curies":[{"name":"wp","href":"https:\/\/api.w.org\/{rel}","templated":true}]}}