{"id":9364,"date":"2025-03-19T15:53:21","date_gmt":"2025-03-19T13:53:21","guid":{"rendered":"https:\/\/vitaminbutiken.multi.fi\/?post_type=product&#038;p=9364"},"modified":"2026-04-09T10:21:19","modified_gmt":"2026-04-09T08:21:19","slug":"tiamin-vitamin-b1-synergos","status":"publish","type":"product","link":"https:\/\/vitaminbutiken.com\/fi\/produkt\/tiamin-vitamin-b1-synergos\/","title":{"rendered":"Vitamin B1 Synergos, Tiamin"},"content":{"rendered":"<p><strong>Tiamin B1 Synergos<\/strong><\/p>\n<p><strong>Allm\u00e4n information<\/strong><br \/>\nTiamin B1 Synergos \u00e4r ett avancerat kosttillskott som bygger p\u00e5 bredspektrum- och synergiprincipen. En bas av alla B-vitaminer och h\u00f6gre dos av B1-vitamin.<\/p>\n<p>Tiamin (svavelhaltigt vitamin) \u00e4r ett vattenl\u00f6sligt vitamin i B-komplexet. \u00c4r inblandad i m\u00e5nga cellul\u00e4ra processer.<\/p>\n<p><strong>Tiamin bidrar till:<\/strong><br \/>\n\u2022 normal energioms\u00e4ttning<br \/>\n\u2022 nervsystemets normala funktion<br \/>\n\u2022 normal psykologisk funktion<br \/>\n\u2022 normal hj\u00e4rtfunktion<\/p>\n<p><strong>Dosering: <\/strong>1 tablett 2 g\u00e5nger per dag i samband med m\u00e5ltid.<\/p>\n<table style=\"height: 80px;\" border=\"1\" width=\"621\" cellspacing=\"0\" cellpadding=\"0\">\n<tbody>\n<tr>\n<td valign=\"top\" width=\"30%\"><strong>2 tabletter inneh\u00e5ller<\/strong><\/td>\n<td valign=\"top\" width=\"20%\"><strong> M\u00e4ngd<\/strong><\/td>\n<td valign=\"top\" width=\"30%\"><strong>%DRI*<\/strong><\/td>\n<\/tr>\n<tr>\n<td valign=\"top\" width=\"30%\">Tiamin (B1)<\/td>\n<td valign=\"top\" width=\"20%\">200 mg<\/td>\n<td valign=\"top\" width=\"20%\">18180 %<\/td>\n<\/tr>\n<tr>\n<td valign=\"top\" width=\"30%\">Riboflavin (B2)<\/td>\n<td valign=\"top\" width=\"20%\">10 mg<\/td>\n<td valign=\"top\" width=\"20%\">714 %<\/td>\n<\/tr>\n<tr>\n<td valign=\"top\" width=\"30%\">Niacin (B3)<\/td>\n<td valign=\"top\" width=\"20%\">60 mg<\/td>\n<td valign=\"top\" width=\"20%\">374 %<\/td>\n<\/tr>\n<tr>\n<td valign=\"top\" width=\"30%\">Pantotensyra\u00a0(B5)<\/td>\n<td valign=\"top\" width=\"20%\">50 mg<\/td>\n<td valign=\"top\" width=\"20%\">833 %<\/td>\n<\/tr>\n<tr>\n<td valign=\"top\" width=\"30%\">Vitamin B6<\/td>\n<td valign=\"top\" width=\"20%\">10 mg<\/td>\n<td valign=\"top\" width=\"20%\">714 %<\/td>\n<\/tr>\n<tr>\n<td valign=\"top\" width=\"30%\">Vitamin B12<\/td>\n<td valign=\"top\" width=\"20%\">100 mcg<\/td>\n<td valign=\"top\" width=\"20%\">4000 %<\/td>\n<\/tr>\n<tr>\n<td valign=\"top\" width=\"30%\">Folsyra<\/td>\n<td valign=\"top\" width=\"20%\">80 mcg<\/td>\n<td valign=\"top\" width=\"20%\">40 %<\/td>\n<\/tr>\n<tr>\n<td valign=\"top\" width=\"30%\">Biotin<\/td>\n<td valign=\"top\" width=\"20%\">60 mcg<\/td>\n<td valign=\"top\" width=\"20%\">120 %<\/td>\n<\/tr>\n<tr>\n<td valign=\"top\" width=\"30%\">Kolin<\/td>\n<td valign=\"top\" width=\"20%\">100 mg<\/td>\n<td valign=\"top\" width=\"20%\">**<\/td>\n<\/tr>\n<tr>\n<td valign=\"top\" width=\"30%\">PABA<\/td>\n<td valign=\"top\" width=\"20%\">50 mg<\/td>\n<td valign=\"top\" width=\"20%\">**<\/td>\n<\/tr>\n<tr>\n<td valign=\"top\" width=\"30%\">Inositol<\/td>\n<td valign=\"top\" width=\"20%\">50 mg<\/td>\n<td valign=\"top\" width=\"20%\">**<\/td>\n<\/tr>\n<tr>\n<td valign=\"top\" width=\"30%\">Zink<\/td>\n<td valign=\"top\" width=\"20%\">6 mg<\/td>\n<td valign=\"top\" width=\"20%\">60 %<\/td>\n<\/tr>\n<\/tbody>\n<\/table>\n<p><strong><em>*DRI \u00e4r dagligt referensintag. **DRI ej fastst\u00e4llt.\u00a0<\/em><\/strong><\/p>\n<p><strong>Ingredienser: <\/strong>Fyllnadsmedel (Di-Kalsiumfosfat, mikrokristallinsk cellulosa), Vitamin B1 (tiamin-mononitrat), Kolin (L-kolinbitartrat), Vitamin B6 (pyridoxinhydroklorid), Fyllnadsmedel (stearin-syra), Vitamin B3 (nicotinamid), Inositol, PABA (P-Aminobensoesyra), Vitamin B5 (Kalcium-D-Pantotenat), Klumpf\u00f6rebyggande medel (mag-nesiumsalter av fettsyror), Zink (Zinkcitrat), Vitamin B2 (riboflavin), Vitamin B12 (cyanokobalamin), Folsyra (pteroylmonoglutaminsyra), Biotin (d-biotin).<\/p>\n<p>Rekommenderad daglig dos b\u00f6r ej \u00f6verskridas.<br \/>\nKosttillskott ers\u00e4tter inte en varierad kost.<br \/>\nProdukter f\u00f6rvaras o\u00e5tkomligt f\u00f6r sm\u00e5barn.<\/p>\n<p>&nbsp;<\/p>\n","protected":false},"excerpt":{"rendered":"<p>Tiamin B1 Synergos &#8211; En bas av alla B-vitaminer och h\u00f6gre dos av B1-vitamin.<\/p>\n<p><strong>60 tabletter<\/strong><\/p>\n","protected":false},"featured_media":500103751,"comment_status":"open","ping_status":"closed","template":"","meta":{"_kad_blocks_custom_css":"","_kad_blocks_head_custom_js":"","_kad_blocks_body_custom_js":"","_kad_blocks_footer_custom_js":"","_kadence_starter_templates_imported_post":false,"_kad_post_transparent":"default","_kad_post_title":"","_kad_post_layout":"default","_kad_post_sidebar_id":"","_kad_post_content_style":"default","_kad_post_vertical_padding":"default","_kad_post_feature":"","_kad_post_feature_position":"","_kad_post_header":false,"_kad_post_footer":false,"_kad_post_classname":""},"product_brand":[],"product_cat":[155,348,2822,2806,146,1307],"product_tag":[236,237,179,238,205,239,240,241,242,243,244,245,246,247,248,249,250,251,252,253,254,255,256,221,224,257,258,259,260,261,262,263,229,264,265,234,235],"class_list":{"0":"post-9364","1":"product","2":"type-product","3":"status-publish","4":"has-post-thumbnail","6":"product_cat-vitaminer","7":"product_cat-b-vitamin","8":"product_cat-multi-produkter","9":"product_cat-multi-vitamin","10":"product_cat-stressad-och-trott","11":"product_cat-synergos","12":"product_tag-aksjuka","13":"product_tag-alkoholism","14":"product_tag-alzheimers","15":"product_tag-ansiktsforlamning","16":"product_tag-antioxidant","17":"product_tag-b-vitamin","18":"product_tag-b1-vitamin","19":"product_tag-beriberi","20":"product_tag-blyforgiftning","21":"product_tag-dalig-matlust","22":"product_tag-dalig-muskeltonus","23":"product_tag-fostertillvaxt","24":"product_tag-fysisk-utmattning","25":"product_tag-glaukom","26":"product_tag-hjartsvikt","27":"product_tag-hypertyreos","28":"product_tag-kalla-fotter","29":"product_tag-kalla-hander","30":"product_tag-kanslobortfall-fingrar","31":"product_tag-kronisk-trotthet","32":"product_tag-mensvark","33":"product_tag-muskelsvaghet","34":"product_tag-mygg","35":"product_tag-naturtillskott","36":"product_tag-nedsatt-synformaga","37":"product_tag-neurodegeneration","38":"product_tag-optikusneurit","39":"product_tag-perifer-neuropati","40":"product_tag-polyneuropati","41":"product_tag-problem-med-minnet","42":"product_tag-psykisk-utmattning","43":"product_tag-sjosjuka","44":"product_tag-starka-immunforsvar","45":"product_tag-tiamin-b1-synergos","46":"product_tag-tiamin-enkelmedel","47":"product_tag-vitamin","48":"product_tag-vitaminer","50":"first","51":"instock","52":"taxable","53":"shipping-taxable","54":"purchasable","55":"product-type-simple","56":"entry","57":"content-bg","58":"loop-entry"},"taxonomy_info":{"product_cat":[{"value":155,"label":"Vitaminer"},{"value":348,"label":"B-vitamin"},{"value":2822,"label":"Multi produkter"},{"value":2806,"label":"Multi-vitamin"},{"value":146,"label":"Stressad &amp; Tr\u00f6tt"},{"value":1307,"label":"Synergos"}],"product_tag":[{"value":236,"label":"\u00e5ksjuka"},{"value":237,"label":"alkoholism"},{"value":179,"label":"alzheimers"},{"value":238,"label":"ansiktsf\u00f6rlamning"},{"value":205,"label":"antioxidant"},{"value":239,"label":"b vitamin"},{"value":240,"label":"b1 vitamin"},{"value":241,"label":"beriberi"},{"value":242,"label":"blyf\u00f6rgiftning"},{"value":243,"label":"d\u00e5lig matlust"},{"value":244,"label":"d\u00e5lig muskeltonus"},{"value":245,"label":"fostertillv\u00e4xt"},{"value":246,"label":"fysisk utmattning"},{"value":247,"label":"glaukom"},{"value":248,"label":"hj\u00e4rtsvikt"},{"value":249,"label":"hypertyreos"},{"value":250,"label":"kalla f\u00f6tter"},{"value":251,"label":"kalla h\u00e4nder"},{"value":252,"label":"k\u00e4nslobortfall fingrar"},{"value":253,"label":"kronisk tr\u00f6tthet"},{"value":254,"label":"mensv\u00e4rk"},{"value":255,"label":"muskelsvaghet"},{"value":256,"label":"mygg"},{"value":221,"label":"naturtillskott"},{"value":224,"label":"nedsatt synf\u00f6rm\u00e5ga"},{"value":257,"label":"neurodegeneration"},{"value":258,"label":"optikusneurit"},{"value":259,"label":"perifer neuropati"},{"value":260,"label":"polyneuropati"},{"value":261,"label":"problem med minnet"},{"value":262,"label":"psykisk utmattning"},{"value":263,"label":"sj\u00f6sjuka"},{"value":229,"label":"st\u00e4rka immunf\u00f6rsvar"},{"value":264,"label":"tiamin b1 synergos"},{"value":265,"label":"tiamin enkelmedel"},{"value":234,"label":"vitamin"},{"value":235,"label":"vitaminer"}]},"featured_image_src_large":["https:\/\/vitaminbutiken.com\/wp-content\/uploads\/2025\/03\/230-B1-Synergos-Photoroom-e1771312376421-767x700.png",767,700,true],"author_info":[],"comment_info":0,"_links":{"self":[{"href":"https:\/\/vitaminbutiken.com\/fi\/wp-json\/wp\/v2\/product\/9364","targetHints":{"allow":["GET"]}}],"collection":[{"href":"https:\/\/vitaminbutiken.com\/fi\/wp-json\/wp\/v2\/product"}],"about":[{"href":"https:\/\/vitaminbutiken.com\/fi\/wp-json\/wp\/v2\/types\/product"}],"replies":[{"embeddable":true,"href":"https:\/\/vitaminbutiken.com\/fi\/wp-json\/wp\/v2\/comments?post=9364"}],"wp:featuredmedia":[{"embeddable":true,"href":"https:\/\/vitaminbutiken.com\/fi\/wp-json\/wp\/v2\/media\/500103751"}],"wp:attachment":[{"href":"https:\/\/vitaminbutiken.com\/fi\/wp-json\/wp\/v2\/media?parent=9364"}],"wp:term":[{"taxonomy":"product_brand","embeddable":true,"href":"https:\/\/vitaminbutiken.com\/fi\/wp-json\/wp\/v2\/product_brand?post=9364"},{"taxonomy":"product_cat","embeddable":true,"href":"https:\/\/vitaminbutiken.com\/fi\/wp-json\/wp\/v2\/product_cat?post=9364"},{"taxonomy":"product_tag","embeddable":true,"href":"https:\/\/vitaminbutiken.com\/fi\/wp-json\/wp\/v2\/product_tag?post=9364"}],"curies":[{"name":"wp","href":"https:\/\/api.w.org\/{rel}","templated":true}]}}