{"id":9362,"date":"2025-03-19T15:53:19","date_gmt":"2025-03-19T13:53:19","guid":{"rendered":"https:\/\/vitaminbutiken.multi.fi\/?post_type=product&#038;p=9362"},"modified":"2026-04-08T18:36:01","modified_gmt":"2026-04-08T16:36:01","slug":"alfaliponsyra","status":"publish","type":"product","link":"https:\/\/vitaminbutiken.com\/fi\/produkt\/alfaliponsyra\/","title":{"rendered":"Alfaliponsyra"},"content":{"rendered":"<p><strong>Alfaliponsyra<\/strong><\/p>\n<p>Alfaliponsyra (ALA) \u00e4r en organisk svavelf\u00f6rening h\u00e4rledd fr\u00e5n oktansyra. <strong>ALA st\u00e5r f\u00f6r alfa-liponsyra, p\u00e5 engelska Alpha-lipoic acid, och \u00e4r en fettsyra som naturligt f\u00f6rekommer i bland annat in\u00e4lvsmat och k\u00f6tt men \u00e4ven flertalet gr\u00f6na gr\u00f6nsaker<\/strong>. Det \u00e4r \u00e4ven en kraftfull antioxidant, faktum \u00e4r att det \u00e4r en av de mest kraftfulla antioxidanterna f\u00f6r h\u00e4lsan.<\/p>\n<p>Studier har \u00e4ven visat att ALA kan fungera som en biologisk antioxidant. F\u00f6rdelarna med detta \u00e4r m\u00e5nga!\u00a0<strong>Bland annat hj\u00e4lper alfaliponsyra till att skydda v\u00e5r kropp mot fria radikaler, det vill s\u00e4ga de skadliga restprodukter som kan skada v\u00e5ra celler och organ<\/strong>.<\/p>\n<p>Idrottsut\u00f6vare kan f\u00e5 f\u00f6rb\u00e4ttrade prestationer och h\u00e5lla sig friskare.<\/p>\n<p><strong>Dosering:<\/strong> 1 kapsel 2 g\u00e5nger per dag i samband med m\u00e5ltid.<\/p>\n<table style=\"height: 80px;\" border=\"1\" width=\"621\" cellspacing=\"0\" cellpadding=\"0\">\n<tbody>\n<tr>\n<td valign=\"top\" width=\"30%\"><strong>2 kapslar inneh\u00e5ller<\/strong><\/td>\n<td valign=\"top\" width=\"20%\"><strong> M\u00e4ngd<\/strong><\/td>\n<td valign=\"top\" width=\"30%\"><strong>%DRI*<\/strong><\/td>\n<\/tr>\n<tr>\n<td valign=\"top\" width=\"30%\">Alfaliponsyra<\/td>\n<td valign=\"top\" width=\"20%\">800 mg<\/td>\n<td valign=\"top\" width=\"20%\">**<\/td>\n<\/tr>\n<\/tbody>\n<\/table>\n<p><strong><em>**DRI <\/em><\/strong><em>(dagligt referensintag) ej fastst\u00e4llt.\u00a0<\/em><\/p>\n<p><strong style=\"font-family: var(--global-body-font-family);\">Ingredienser: <\/strong><span style=\"font-family: var(--global-body-font-family);\">Alfaliponsyra, Sm\u00f6rjmedel (magnesiumsalter av fettsyror), Kapsel (gelatin av <\/span><strong style=\"font-family: var(--global-body-font-family);\">n\u00f6t<\/strong><span style=\"font-family: var(--global-body-font-family);\">).<\/span><\/p>\n<p>Rekommenderad daglig dos b\u00f6r ej \u00f6verskridas.<br \/>\nKosttillskott ers\u00e4tter inte en varierad kost.<br \/>\nProdukter f\u00f6rvaras o\u00e5tkomligt f\u00f6r sm\u00e5barn<\/p>\n<p>&nbsp;<\/p>\n","protected":false},"excerpt":{"rendered":"<p>Alfaliponsyra kan vara till nytta f\u00f6r personer som s\u00f6ker en antioxidant f\u00f6r att fr\u00e4mja en sund livsstil. Det kan vara ett komplement f\u00f6r dem som vill ha en balanserad kost och regelbunden motion. Personer som anv\u00e4nder alfaliponsyra kan eventuellt uppleva en \u00f6kad k\u00e4nsla av v\u00e4lm\u00e5ende och energi. Alfaliponsyra (ALA) \u00e4r en organisk svavelf\u00f6rening.<\/p>\n<p>Alfaliponsyra \u00e4r en av de starkare antioxidanter som vetenskapen k\u00e4nner till. Den verkar genom att \u00e5terbilda olika antioxidanter och f\u00f6rl\u00e4nga deras biologiska livstid i kroppen.<\/p>\n<p>Den \u00e4r framf\u00f6r allt k\u00e4nd f\u00f6r tv\u00e5 saker: sina energigivande egenskaper och att det \u00e4r en kraftfull antioxidant.<\/p>\n<p>Alfaliponsyra bidrar till att bibeh\u00e5lla normala kolesterolniv\u00e5er i blodet.<\/p>\n<p><strong>60 kapslar<\/strong><\/p>\n","protected":false},"featured_media":11167,"comment_status":"open","ping_status":"closed","template":"","meta":{"_kad_blocks_custom_css":"","_kad_blocks_head_custom_js":"","_kad_blocks_body_custom_js":"","_kad_blocks_footer_custom_js":"","_kadence_starter_templates_imported_post":false,"_kad_post_transparent":"default","_kad_post_title":"","_kad_post_layout":"default","_kad_post_sidebar_id":"","_kad_post_content_style":"default","_kad_post_vertical_padding":"default","_kad_post_feature":"","_kad_post_feature_position":"","_kad_post_header":false,"_kad_post_footer":false,"_kad_post_classname":""},"product_brand":[],"product_cat":[1293,176],"product_tag":[178,179,180,181,182,183,184,185,186,187,188,189,190,191,192,193,194,173],"class_list":{"0":"post-9362","1":"product","2":"type-product","3":"status-publish","4":"has-post-thumbnail","6":"product_cat-evp-nutrition","7":"product_cat-immunforsvar","8":"product_tag-alfaliponsyra","9":"product_tag-alzheimers","10":"product_tag-artarstelhet","11":"product_tag-demens","12":"product_tag-diabetes-typ-2","13":"product_tag-erektil-dysfunktion","14":"product_tag-grastarr","15":"product_tag-gronstarr","16":"product_tag-hjart-karlsjukdom","17":"product_tag-hogt-blodtryck","18":"product_tag-jarntoxicitet","19":"product_tag-kolesterolbalanserande","20":"product_tag-migran","21":"product_tag-ms","22":"product_tag-multipel-skleros","23":"product_tag-oxidativ-stress","24":"product_tag-parkinsons-sjukdom","25":"product_tag-utmattningstrotthet","27":"first","28":"instock","29":"taxable","30":"shipping-taxable","31":"purchasable","32":"product-type-simple","33":"entry","34":"content-bg","35":"loop-entry"},"taxonomy_info":{"product_cat":[{"value":1293,"label":"EVP Nutrition"},{"value":176,"label":"Immunf\u00f6rsvar"}],"product_tag":[{"value":178,"label":"alfaliponsyra"},{"value":179,"label":"alzheimers"},{"value":180,"label":"art\u00e4rstelhet"},{"value":181,"label":"demens"},{"value":182,"label":"diabetes typ 2"},{"value":183,"label":"erektil dysfunktion"},{"value":184,"label":"gr\u00e5starr"},{"value":185,"label":"gr\u00f6nstarr"},{"value":186,"label":"hj\u00e4rt-k\u00e4rlsjukdom"},{"value":187,"label":"h\u00f6gt blodtryck"},{"value":188,"label":"j\u00e4rntoxicitet"},{"value":189,"label":"kolesterolbalanserande"},{"value":190,"label":"migr\u00e4n"},{"value":191,"label":"MS"},{"value":192,"label":"multipel skleros"},{"value":193,"label":"oxidativ stress"},{"value":194,"label":"parkinsons sjukdom"},{"value":173,"label":"utmattningstr\u00f6tthet"}]},"featured_image_src_large":["https:\/\/vitaminbutiken.com\/wp-content\/uploads\/2025\/03\/ALA-203-Photoroom-e1746683013660-1000x700.png",1000,700,true],"author_info":[],"comment_info":0,"_links":{"self":[{"href":"https:\/\/vitaminbutiken.com\/fi\/wp-json\/wp\/v2\/product\/9362","targetHints":{"allow":["GET"]}}],"collection":[{"href":"https:\/\/vitaminbutiken.com\/fi\/wp-json\/wp\/v2\/product"}],"about":[{"href":"https:\/\/vitaminbutiken.com\/fi\/wp-json\/wp\/v2\/types\/product"}],"replies":[{"embeddable":true,"href":"https:\/\/vitaminbutiken.com\/fi\/wp-json\/wp\/v2\/comments?post=9362"}],"wp:featuredmedia":[{"embeddable":true,"href":"https:\/\/vitaminbutiken.com\/fi\/wp-json\/wp\/v2\/media\/11167"}],"wp:attachment":[{"href":"https:\/\/vitaminbutiken.com\/fi\/wp-json\/wp\/v2\/media?parent=9362"}],"wp:term":[{"taxonomy":"product_brand","embeddable":true,"href":"https:\/\/vitaminbutiken.com\/fi\/wp-json\/wp\/v2\/product_brand?post=9362"},{"taxonomy":"product_cat","embeddable":true,"href":"https:\/\/vitaminbutiken.com\/fi\/wp-json\/wp\/v2\/product_cat?post=9362"},{"taxonomy":"product_tag","embeddable":true,"href":"https:\/\/vitaminbutiken.com\/fi\/wp-json\/wp\/v2\/product_tag?post=9362"}],"curies":[{"name":"wp","href":"https:\/\/api.w.org\/{rel}","templated":true}]}}