{"id":9361,"date":"2025-03-19T15:53:16","date_gmt":"2025-03-19T13:53:16","guid":{"rendered":"https:\/\/vitaminbutiken.multi.fi\/?post_type=product&#038;p=9361"},"modified":"2026-04-09T13:37:59","modified_gmt":"2026-04-09T11:37:59","slug":"adapt-anti-stress","status":"publish","type":"product","link":"https:\/\/vitaminbutiken.com\/fi\/produkt\/adapt-anti-stress\/","title":{"rendered":"Adapt Anti-Stress, 60 kap"},"content":{"rendered":"<p><strong>Adapt Anti-stress<\/strong> \u00e4r v\u00e5rt popul\u00e4raste och mest omtyckta tillskott d\u00e5 det g\u00e4ller stress och s\u00f6mnbesv\u00e4r. Kombinationen av adaptogena \u00f6rter och vitaminer hj\u00e4lper och balanserar kortisolcykeln s\u00e5 vi f\u00e5r b\u00e4ttre energi p\u00e5 dagen och b\u00e4ttre s\u00f6mnkvalitet p\u00e5 natten. Den \u00e4r omtyckt f\u00f6r att den ger b\u00e5de energi och \u00e4r avstressande p\u00e5 samma g\u00e5ng.<\/p>\n<p><strong>Produktinformation:<\/strong><br \/>\nAdapt Anti-stress \u00e4r ett djupverkande egenv\u00e5rdsmedel som verkar b\u00e5de f\u00f6r hela kroppen och p\u00e5 cellniv\u00e5.<\/p>\n<ul>\n<li>Bidrar till nervsystemets normala funktion vid stress.<\/li>\n<li>Medverkar \u00e4ven till normal syntes och oms\u00e4ttning av steroidhormoner, speciellt kortisol som \u00e4r ett stresshormon.<\/li>\n<li>Minskar den dagliga stressen och f\u00f6rb\u00e4ttrar s\u00f6mnkvaliteten.<\/li>\n<\/ul>\n<p>Den \u00e4r utvecklat i samarbete med v\u00e4lk\u00e4nda forskare inom biomedicin vid olika universitet och institutioner. Utvecklingen startade inom rymdmedicin, och fortsatte bland elitidrottare. Resultaten var s\u00e5 entydiga, och effekterna s\u00e5 m\u00e4rkbara, att adaptogener blivit en naturlig del av det dagliga rekommenderade kostintaget f\u00f6r s\u00e5v\u00e4l kosmonauter och astronauter, som idrottare och den vanlige m\u00e4nniskan.<\/p>\n<p>En antistress-produkt som hj\u00e4lper oss ha en normal psykisk funktion, att ha en mer k\u00e4nslom\u00e4ssig balans<br \/>\nvilket g\u00f6r det l\u00e4ttare att minska vardagsstressen, att varva ner p\u00e5 kv\u00e4llen och f\u00f6rb\u00e4ttra s\u00f6mnkvalit\u00e9t.<\/p>\n<p>Adapt Anti-stress \u00e4r en produkt f\u00f6r m\u00e4nniskor som k\u00e4nner sig p\u00e5verkade av stress p\u00e5 dagen eller beh\u00f6ver hj\u00e4lp att varva ner<br \/>\np\u00e5 kv\u00e4llen. I dagens samh\u00e4lle \u00e4r stress och d\u00e5lig s\u00f6mn bland de absolut vanligaste problemen.<\/p>\n<p>Stress h\u00f6jer hormonet kortisol i kroppen, vilket i folkmun brukar kallas f\u00f6r \u201dstresshormon\u201d. Tillf\u00e4lligt h\u00f6ga kortisolniv\u00e5er \u00e4r naturligt hos<br \/>\nm\u00e4nniskan eftersom det f\u00f6rbereder oss f\u00f6r flykt eller anfall, vilket var avg\u00f6rande f\u00f6r v\u00e5r \u00f6verlevnad under evolutionens<br \/>\ng\u00e5ng. Dock \u00e4r l\u00e5ngvarigt f\u00f6rh\u00f6jt kortisol skadligt f\u00f6r oss och kan leda till exempel utmattningssymptom och i v\u00e4rsta<br \/>\nfall utbr\u00e4ndhet. F\u00f6r h\u00f6ga kortisolniv\u00e5er brukar \u00f6ka nervositet, hj\u00e4rtklappning och ge s\u00e4mre s\u00f6mnkvalitet.<\/p>\n<p>De som provat Adapt Anti-stress brukar s\u00e4ga att de k\u00e4nner sig lugnare och mer avslappnade, att de har l\u00e4ttare att varva ner p\u00e5<br \/>\nkv\u00e4llen och att de f\u00e5r b\u00e4ttre s\u00f6mnkvalit\u00e9t \u2013 utan att bli sl\u00f6a och ofokuserade vilket de flesta l\u00e4kemedlen brukar ge som<br \/>\nbiverkningar.<\/p>\n<p><strong>Naturliga r\u00e5varor &amp; skr\u00e4ddarsydd sammans\u00e4ttning<\/strong><br \/>\nAdapt Anti-stress \u00e4r ett naturligt kosttillskott med \u00f6rter och vitaminer i en skr\u00e4ddarsydd kombination f\u00f6r att ge b\u00e4sta m\u00f6jliga antistresseffekt. Tillsammans med vissa vitaminer ges en synergieffekt vilket \u00f6kar effekten \u00e4nnu mer. Den inneh\u00e5ller speciellt utvecklade extrakt av bland annat withania ashwaganda, kamomill (NIH-3 extrakt) och de adaptogenrika v\u00e4xterna rysk rot, rosenrot och schisandra vilka<br \/>\nhj\u00e4lper kroppens naturliga f\u00f6rsvar mot stress. Genom klinisk forskning har sammans\u00e4ttningen mellan v\u00e4xter och<br \/>\nmikron\u00e4rings\u00e4mnen optimerats f\u00f6r att ge s\u00e5 bra effekt som m\u00f6jligt.<\/p>\n<p><strong>En ren substans<\/strong><br \/>\nIng\u00e5ende adaptogensubstans \u00e4r testad utan anm\u00e4rkning avseende \u201cdopingegenskaper\u201d av ett UKAS-certifierat<br \/>\nlaboratorium i England, ackrediterat s\u00e5v\u00e4l inom Storbritannien som \u00f6vriga EU.<\/p>\n<p>&nbsp;<\/p>\n<table style=\"height: 80px;\" border=\"1\" width=\"621\" cellspacing=\"0\" cellpadding=\"0\">\n<tbody>\n<tr>\n<td valign=\"top\" width=\"30%\"><strong>2 kapslar inneh\u00e5ller<\/strong><\/td>\n<td valign=\"top\" width=\"20%\"><strong> M\u00e4ngd<\/strong><\/td>\n<td valign=\"top\" width=\"30%\"><strong>%DRI*<\/strong><\/td>\n<\/tr>\n<tr>\n<td valign=\"top\" width=\"30%\">Ashwagandha-extrakt<\/td>\n<td valign=\"top\" width=\"20%\">380 mg<\/td>\n<td valign=\"top\" width=\"20%\">**<\/td>\n<\/tr>\n<tr>\n<td valign=\"top\" width=\"30%\">Kamomillextrakt<\/td>\n<td valign=\"top\" width=\"20%\">80 mg<\/td>\n<td valign=\"top\" width=\"20%\">**<\/td>\n<\/tr>\n<tr>\n<td valign=\"top\" width=\"30%\">Extrakt av ryskrot<\/td>\n<td valign=\"top\" width=\"20%\">5 mg<\/td>\n<td valign=\"top\" width=\"20%\">**<\/td>\n<\/tr>\n<tr>\n<td valign=\"top\" width=\"30%\">Extrakt av schisandrab\u00e4r<\/td>\n<td valign=\"top\" width=\"20%\">3 mg<\/td>\n<td valign=\"top\" width=\"20%\">**<\/td>\n<\/tr>\n<tr>\n<td valign=\"top\" width=\"30%\">Extrakt av rosenrot<\/td>\n<td valign=\"top\" width=\"20%\">3 mg<\/td>\n<td valign=\"top\" width=\"20%\">**<\/td>\n<\/tr>\n<tr>\n<td valign=\"top\" width=\"30%\">Vitamin B5<\/td>\n<td valign=\"top\" width=\"20%\">19,6 mg<\/td>\n<td valign=\"top\" width=\"20%\">326 %<\/td>\n<\/tr>\n<\/tbody>\n<\/table>\n<p><strong><em>*DRI \u00e4r dagligt referensintag. **DRI ej fastst\u00e4llt.\u00a0<\/em><\/strong><\/p>\n<p><strong>Dosering:\u00a0<\/strong>1 kapsel 2 g\u00e5nger per dag, morgon och kv\u00e4ll.<\/p>\n<p><strong>Ingredienser:\u00a0<\/strong>Ashwagandaextrakt (<em>Withania somnifera<\/em>), fyllnadsmedel (mikrokristallinsk cellulosa), kamomillextrakt (<em>Matricaria chamomilla<\/em>), klumpf\u00f6rebyggande medel (magnesiumsalter av fettsyror), Pantotensyra (Vitamin B5), extrakt av ryskrot (<em>Eleutherococcus senticosus<\/em>), extrakt av schisandrab\u00e4r (<em>Schisandra chinensis<\/em>), extrakt av rosenrot (<em>Rhodiola rosea<\/em>), vegetabilisk kapsel (hydroxypropylmetylcellulosa).<\/p>\n<p>Rekommenderad daglig dos b\u00f6r ej \u00f6verskridas.<br \/>\nKosttillskott ers\u00e4tter inte en varierad kost.<br \/>\nF\u00f6rvaras o\u00e5tkomligt f\u00f6r barn.<\/p>\n","protected":false},"excerpt":{"rendered":"<p>En antistress-produkt som hj\u00e4lper oss ha en normal psykisk funktion, att ha en mer k\u00e4nslom\u00e4ssig balans<br \/>\nvilket g\u00f6r det l\u00e4ttare att minska vardagsstress, att varva ner p\u00e5 kv\u00e4llen och f\u00f6rb\u00e4ttra s\u00f6mnkvaliteten.<\/p>\n<p><strong>60 kapslar<\/strong><\/p>\n<p>&nbsp;<\/p>\n","protected":false},"featured_media":9391,"comment_status":"open","ping_status":"closed","template":"","meta":{"_kad_blocks_custom_css":"","_kad_blocks_head_custom_js":"","_kad_blocks_body_custom_js":"","_kad_blocks_footer_custom_js":"","_kadence_starter_templates_imported_post":false,"_kad_post_transparent":"default","_kad_post_title":"","_kad_post_layout":"default","_kad_post_sidebar_id":"","_kad_post_content_style":"default","_kad_post_vertical_padding":"default","_kad_post_feature":"","_kad_post_feature_position":"","_kad_post_header":false,"_kad_post_footer":false,"_kad_post_classname":""},"product_brand":[],"product_cat":[149,146,152,155],"product_tag":[156,157,158,159,160,161,162,163,164,165,166,167,168,169,170,171,172,173],"class_list":{"0":"post-9361","1":"product","2":"type-product","3":"status-publish","4":"has-post-thumbnail","6":"product_cat-orter","7":"product_cat-stressad-och-trott","8":"product_cat-svenska-ortmedicinska-institutet","9":"product_cat-vitaminer","10":"product_tag-adapt-anti-stress","11":"product_tag-adaptogen","12":"product_tag-angest","13":"product_tag-aterhamtning","14":"product_tag-balanserad","15":"product_tag-kamomill","16":"product_tag-kortisol","17":"product_tag-oro","18":"product_tag-rosenrot","19":"product_tag-ryskrot","20":"product_tag-schisandra","21":"product_tag-somnbesvar","22":"product_tag-somnkvalitet","23":"product_tag-somnloshet","24":"product_tag-sova-battre","25":"product_tag-stresspaslag","26":"product_tag-utmattning","27":"product_tag-utmattningstrotthet","29":"first","30":"instock","31":"taxable","32":"shipping-taxable","33":"purchasable","34":"product-type-simple","35":"entry","36":"content-bg","37":"loop-entry"},"taxonomy_info":{"product_cat":[{"value":149,"label":"\u00d6rter"},{"value":146,"label":"Stressad &amp; Tr\u00f6tt"},{"value":152,"label":"Svenska \u00d6rtmedicinska Institutet"},{"value":155,"label":"Vitaminer"}],"product_tag":[{"value":156,"label":"adapt anti stress"},{"value":157,"label":"adaptogen"},{"value":158,"label":"\u00e5ngest"},{"value":159,"label":"\u00e5terh\u00e4mtning"},{"value":160,"label":"balanserad"},{"value":161,"label":"kamomill"},{"value":162,"label":"kortisol"},{"value":163,"label":"oro"},{"value":164,"label":"rosenrot"},{"value":165,"label":"ryskrot"},{"value":166,"label":"Schisandra"},{"value":167,"label":"s\u00f6mnbesv\u00e4r"},{"value":168,"label":"s\u00f6mnkvalitet"},{"value":169,"label":"s\u00f6mnl\u00f6shet"},{"value":170,"label":"sova b\u00e4ttre"},{"value":171,"label":"stressp\u00e5slag"},{"value":172,"label":"utmattning"},{"value":173,"label":"utmattningstr\u00f6tthet"}]},"featured_image_src_large":["https:\/\/vitaminbutiken.com\/wp-content\/uploads\/2025\/03\/New1-20-800x700.jpg",800,700,true],"author_info":[],"comment_info":0,"_links":{"self":[{"href":"https:\/\/vitaminbutiken.com\/fi\/wp-json\/wp\/v2\/product\/9361","targetHints":{"allow":["GET"]}}],"collection":[{"href":"https:\/\/vitaminbutiken.com\/fi\/wp-json\/wp\/v2\/product"}],"about":[{"href":"https:\/\/vitaminbutiken.com\/fi\/wp-json\/wp\/v2\/types\/product"}],"replies":[{"embeddable":true,"href":"https:\/\/vitaminbutiken.com\/fi\/wp-json\/wp\/v2\/comments?post=9361"}],"wp:featuredmedia":[{"embeddable":true,"href":"https:\/\/vitaminbutiken.com\/fi\/wp-json\/wp\/v2\/media\/9391"}],"wp:attachment":[{"href":"https:\/\/vitaminbutiken.com\/fi\/wp-json\/wp\/v2\/media?parent=9361"}],"wp:term":[{"taxonomy":"product_brand","embeddable":true,"href":"https:\/\/vitaminbutiken.com\/fi\/wp-json\/wp\/v2\/product_brand?post=9361"},{"taxonomy":"product_cat","embeddable":true,"href":"https:\/\/vitaminbutiken.com\/fi\/wp-json\/wp\/v2\/product_cat?post=9361"},{"taxonomy":"product_tag","embeddable":true,"href":"https:\/\/vitaminbutiken.com\/fi\/wp-json\/wp\/v2\/product_tag?post=9361"}],"curies":[{"name":"wp","href":"https:\/\/api.w.org\/{rel}","templated":true}]}}