{"id":500104089,"date":"2026-04-10T11:40:12","date_gmt":"2026-04-10T09:40:12","guid":{"rendered":"https:\/\/vitaminbutiken.com\/?post_type=product&#038;p=500104089"},"modified":"2026-04-10T11:40:13","modified_gmt":"2026-04-10T09:40:13","slug":"biotin-5-mg","status":"publish","type":"product","link":"https:\/\/vitaminbutiken.com\/fi\/produkt\/biotin-5-mg\/","title":{"rendered":"Biotin 5 mg"},"content":{"rendered":"<p><strong>Biotin 5mg<\/strong><\/p>\n<p>Biotin \u00e4r ett svavelinneh\u00e5llande vattenl\u00f6sligt vitamin som r\u00e4knas till B-gruppen.<\/p>\n<p><strong>Biotin bidrar till:<\/strong><\/p>\n<ul>\n<li>att bibeh\u00e5lla normala <strong>slemhinnor<\/strong><\/li>\n<li>att bibeh\u00e5lla normal <strong>hud<\/strong><\/li>\n<li>att bibeh\u00e5lla normalt <strong>h\u00e5r<\/strong><\/li>\n<li>normal psykologisk funktion<\/li>\n<li>normal oms\u00e4ttning av makron\u00e4rings\u00e4mnen<\/li>\n<li>nervsystemets normala funktion<\/li>\n<li>normal energioms\u00e4ttning\n<p><strong>Dosering:\u00a0<\/strong>1 kapsel 2 g\u00e5nger per dag i samband med m\u00e5ltid.<\/p>\n<table style=\"height: 80px;\" border=\"1\" width=\"600\" cellspacing=\"0\" cellpadding=\"0\">\n<tbody>\n<tr>\n<td style=\"width: 14.624%;\"><strong>2 kapslar inneh\u00e5ller:<\/strong><\/td>\n<td style=\"width: 11.9375%;\"><strong>M\u00e4ngd<\/strong><\/td>\n<td style=\"width: 6.06197%;\"><strong>*%DRI<\/strong><\/td>\n<\/tr>\n<tr>\n<td style=\"width: 14.624%;\">Biotin<\/td>\n<td style=\"width: 11.9375%;\">10 mg<\/td>\n<td style=\"width: 6.06197%;\">20 000 %<\/td>\n<\/tr>\n<\/tbody>\n<\/table>\n<p><strong>*DRI \u00e4r dagligt referensintag. **DRI ej fastst\u00e4lld.<\/strong><\/p>\n<p><strong>Ingredienser:<\/strong> Fyllnadsmedel (majsst\u00e4rkelse), D-biotin, kapsel (pullulan).<\/p>\n<p>Rekommenderad daglig dos b\u00f6r ej \u00f6verskridas.<br \/>\nKosttillskott ers\u00e4tter inte en varierad kost.<br \/>\nProdukten f\u00f6rvaras o\u00e5tkomligt f\u00f6r sm\u00e5 barn.<\/li>\n<\/ul>\n","protected":false},"excerpt":{"rendered":"<p><strong>60 kapslar<\/strong><\/p>\n","protected":false},"featured_media":500104090,"comment_status":"closed","ping_status":"closed","template":"","meta":{"_kad_blocks_custom_css":"","_kad_blocks_head_custom_js":"","_kad_blocks_body_custom_js":"","_kad_blocks_footer_custom_js":"","_kadence_starter_templates_imported_post":false,"_kad_post_transparent":"default","_kad_post_title":"","_kad_post_layout":"default","_kad_post_sidebar_id":"","_kad_post_content_style":"default","_kad_post_vertical_padding":"default","_kad_post_feature":"","_kad_post_feature_position":"","_kad_post_header":false,"_kad_post_footer":false,"_kad_post_classname":""},"product_brand":[],"product_cat":[2757],"product_tag":[],"class_list":{"0":"post-500104089","1":"product","2":"type-product","3":"status-publish","4":"has-post-thumbnail","6":"product_cat-okategoriserad","8":"first","9":"instock","10":"taxable","11":"shipping-taxable","12":"purchasable","13":"product-type-simple","14":"entry","15":"content-bg","16":"loop-entry"},"taxonomy_info":{"product_cat":[{"value":2757,"label":"Okategoriserad"}]},"featured_image_src_large":["https:\/\/vitaminbutiken.com\/wp-content\/uploads\/2026\/04\/261-Biotin-Photoroom-e1775813984681-733x700.png",733,700,true],"author_info":[],"comment_info":0,"_links":{"self":[{"href":"https:\/\/vitaminbutiken.com\/fi\/wp-json\/wp\/v2\/product\/500104089","targetHints":{"allow":["GET"]}}],"collection":[{"href":"https:\/\/vitaminbutiken.com\/fi\/wp-json\/wp\/v2\/product"}],"about":[{"href":"https:\/\/vitaminbutiken.com\/fi\/wp-json\/wp\/v2\/types\/product"}],"replies":[{"embeddable":true,"href":"https:\/\/vitaminbutiken.com\/fi\/wp-json\/wp\/v2\/comments?post=500104089"}],"wp:featuredmedia":[{"embeddable":true,"href":"https:\/\/vitaminbutiken.com\/fi\/wp-json\/wp\/v2\/media\/500104090"}],"wp:attachment":[{"href":"https:\/\/vitaminbutiken.com\/fi\/wp-json\/wp\/v2\/media?parent=500104089"}],"wp:term":[{"taxonomy":"product_brand","embeddable":true,"href":"https:\/\/vitaminbutiken.com\/fi\/wp-json\/wp\/v2\/product_brand?post=500104089"},{"taxonomy":"product_cat","embeddable":true,"href":"https:\/\/vitaminbutiken.com\/fi\/wp-json\/wp\/v2\/product_cat?post=500104089"},{"taxonomy":"product_tag","embeddable":true,"href":"https:\/\/vitaminbutiken.com\/fi\/wp-json\/wp\/v2\/product_tag?post=500104089"}],"curies":[{"name":"wp","href":"https:\/\/api.w.org\/{rel}","templated":true}]}}