{"id":500103548,"date":"2026-01-29T12:15:15","date_gmt":"2026-01-29T11:15:15","guid":{"rendered":"https:\/\/vitaminbutiken.com\/?post_type=product&#038;p=500103548"},"modified":"2026-04-08T11:25:44","modified_gmt":"2026-04-08T09:25:44","slug":"kidnyl-complex","status":"publish","type":"product","link":"https:\/\/vitaminbutiken.com\/fi\/produkt\/kidnyl-complex\/","title":{"rendered":"Kidnyl Complex"},"content":{"rendered":"<p class=\"x_MsoNormal\"><b data-olk-copy-source=\"MessageBody\">Kidnyl Complex \u2013 St\u00f6d f\u00f6r njurar och urinv\u00e4gar<\/b><\/p>\n<p class=\"x_MsoNormal\"><b>Kidnyl Complex<\/b>\u00a0\u00e4r ett noggrant sammansatt kosttillskott som kombinerar traditionellt v\u00e4xtbaserat st\u00f6d med viktiga n\u00e4rings\u00e4mnen f\u00f6r att fr\u00e4mja njurarnas och urinv\u00e4garnas normala funktion. Produkten inneh\u00e5ller\u00a0<b>100 mg magnesium<\/b>, extrakt av\u00a0<b>Phyllanthus Niruri<\/b>, samt ett standardiserat\u00a0<b>pollenextrakt P2.<\/b><\/p>\n<p><strong>Dosering:<\/strong> 2 tabletter per dag.<\/p>\n<table style=\"height: 80px;\" border=\"1\" width=\"621\" cellspacing=\"0\" cellpadding=\"0\">\n<tbody>\n<tr>\n<td valign=\"top\" width=\"30%\"><strong>2 tabletter inneh\u00e5ller<\/strong><\/td>\n<td valign=\"top\" width=\"20%\"><strong> M\u00e4ngd<\/strong><\/td>\n<td valign=\"top\" width=\"30%\"><strong>*DRI% <\/strong><\/td>\n<\/tr>\n<tr>\n<td valign=\"top\" width=\"30%\">Magnesium<\/td>\n<td valign=\"top\" width=\"20%\">100 mg<\/td>\n<td valign=\"top\" width=\"20%\">27 %<\/td>\n<\/tr>\n<tr>\n<td valign=\"top\" width=\"30%\">Phyllanthus Niruri-extrakt<\/td>\n<td valign=\"top\" width=\"20%\">440 mg<\/td>\n<td valign=\"top\" width=\"20%\">**<\/td>\n<\/tr>\n<tr>\n<td valign=\"top\" width=\"30%\">Pollen extrakt P2<\/td>\n<td valign=\"top\" width=\"20%\">68 mg<\/td>\n<td valign=\"top\" width=\"20%\">**<\/td>\n<\/tr>\n<\/tbody>\n<\/table>\n<p><strong><em>*DRI \u00e4r dagligt referensintag. **DRI ej fastst\u00e4llt.<\/em><\/strong><\/p>\n<p><strong>Ingredienser<\/strong>: Fyllnadsmedel (isomalt, mikrokristallin cellulosa, stearinsyra), phyllanthus niruri extrakt, magnesium, extrakt av pollen P2, klumpf\u00f6rebyggande medel (kiseldioxid, magnesiumsalter av fettsyror).<\/p>\n<p>Rekommenderad daglig dos b\u00f6r ej \u00f6verskridas.<br \/>\nKosttillskott ers\u00e4tter inte en varierad kost.<br \/>\nProdukten f\u00f6rvaras o\u00e5tkomligt f\u00f6r sm\u00e5 barn.<\/p>\n","protected":false},"excerpt":{"rendered":"<p class=\"x_MsoNormal\"><b data-olk-copy-source=\"MessageBody\">Kidnyl Complex \u2013 Naturligt st\u00f6d f\u00f6r njurar och urinv\u00e4gar<\/b><\/p>\n<p class=\"x_MsoNormal\">Kidnyl Complex kombinerar magnesium (100 mg), Phyllanthus Niruri och pollenextrakt P2 f\u00f6r att st\u00f6dja njurarnas och urinv\u00e4garnas normala funktion.<\/p>\n<p class=\"x_MsoNormal\"><strong>60 tabletter<\/strong><\/p>\n","protected":false},"featured_media":500103837,"comment_status":"closed","ping_status":"closed","template":"","meta":{"_kad_blocks_custom_css":"","_kad_blocks_head_custom_js":"","_kad_blocks_body_custom_js":"","_kad_blocks_footer_custom_js":"","_kadence_starter_templates_imported_post":false,"_kad_post_transparent":"default","_kad_post_title":"","_kad_post_layout":"default","_kad_post_sidebar_id":"","_kad_post_content_style":"default","_kad_post_vertical_padding":"default","_kad_post_feature":"","_kad_post_feature_position":"","_kad_post_header":false,"_kad_post_footer":false,"_kad_post_classname":""},"product_brand":[],"product_cat":[2757],"product_tag":[],"class_list":{"0":"post-500103548","1":"product","2":"type-product","3":"status-publish","4":"has-post-thumbnail","6":"product_cat-okategoriserad","8":"first","9":"instock","10":"taxable","11":"shipping-taxable","12":"purchasable","13":"product-type-simple","14":"entry","15":"content-bg","16":"loop-entry"},"taxonomy_info":{"product_cat":[{"value":2757,"label":"Okategoriserad"}]},"featured_image_src_large":["https:\/\/vitaminbutiken.com\/wp-content\/uploads\/2026\/01\/480-Phylanthus-niruri-Photoroom-e1771402831815-633x700.png",633,700,true],"author_info":[],"comment_info":0,"_links":{"self":[{"href":"https:\/\/vitaminbutiken.com\/fi\/wp-json\/wp\/v2\/product\/500103548","targetHints":{"allow":["GET"]}}],"collection":[{"href":"https:\/\/vitaminbutiken.com\/fi\/wp-json\/wp\/v2\/product"}],"about":[{"href":"https:\/\/vitaminbutiken.com\/fi\/wp-json\/wp\/v2\/types\/product"}],"replies":[{"embeddable":true,"href":"https:\/\/vitaminbutiken.com\/fi\/wp-json\/wp\/v2\/comments?post=500103548"}],"wp:featuredmedia":[{"embeddable":true,"href":"https:\/\/vitaminbutiken.com\/fi\/wp-json\/wp\/v2\/media\/500103837"}],"wp:attachment":[{"href":"https:\/\/vitaminbutiken.com\/fi\/wp-json\/wp\/v2\/media?parent=500103548"}],"wp:term":[{"taxonomy":"product_brand","embeddable":true,"href":"https:\/\/vitaminbutiken.com\/fi\/wp-json\/wp\/v2\/product_brand?post=500103548"},{"taxonomy":"product_cat","embeddable":true,"href":"https:\/\/vitaminbutiken.com\/fi\/wp-json\/wp\/v2\/product_cat?post=500103548"},{"taxonomy":"product_tag","embeddable":true,"href":"https:\/\/vitaminbutiken.com\/fi\/wp-json\/wp\/v2\/product_tag?post=500103548"}],"curies":[{"name":"wp","href":"https:\/\/api.w.org\/{rel}","templated":true}]}}