{"id":500103409,"date":"2026-01-21T10:18:40","date_gmt":"2026-01-21T09:18:40","guid":{"rendered":"https:\/\/vitaminbutiken.com\/?post_type=product&#038;p=500103409"},"modified":"2026-04-08T19:55:09","modified_gmt":"2026-04-08T17:55:09","slug":"betakaroten-tabletter-bf04-26","status":"publish","type":"product","link":"https:\/\/vitaminbutiken.com\/fi\/produkt\/betakaroten-tabletter-bf04-26\/","title":{"rendered":"Betakaroten tabletter &#8211; BF04\/26"},"content":{"rendered":"<p><strong>Betakaroten tabletter &#8211; BF04\/26<\/strong><\/p>\n<p><strong>Betakaroten<\/strong> \u00e4r en mycket kraftfull antioxidant som omvandlas till vitamin A vid behov. Varje tablett ger 30 mg Betakaroten.<\/p>\n<p>Betakaroten \u00e4r en kraftfull, naturlig antioxidant som kan hj\u00e4lpa till att skydda huden fr\u00e5n milj\u00f6relaterade stressfaktorer. Den finns i m\u00f6rkt orange och r\u00f6da frukter och gr\u00f6nsaker, och det \u00e4r den som g\u00f6r mor\u00f6tter orange!<\/p>\n<p>Betakaroten hj\u00e4lper till att bek\u00e4mpa fria radikaler som kan skada dina hudceller. Den skyddar ocks\u00e5 mot UVB-str\u00e5lning genom att omvandla den till vitamin D3, vilket f\u00f6rhindrar inflammation och fr\u00e4mjar l\u00e4kning.<\/p>\n<p><strong>Dosering:\u00a0<\/strong>2 tabletter\/dag i samband med m\u00e5ltid.<\/p>\n<table style=\"height: 80px;\" border=\"1\" width=\"600\" cellspacing=\"0\" cellpadding=\"0\">\n<tbody>\n<tr>\n<td style=\"width: 4.85337%;\"><strong>2 tabletter inneh\u00e5ller:<\/strong><\/td>\n<td style=\"width: 2.14592%;\"><strong>M\u00e4ngd<\/strong><\/td>\n<td style=\"width: 2.14592%;\">%DRI*<\/td>\n<\/tr>\n<tr>\n<td style=\"width: 4.85337%;\">Betakaroten<\/td>\n<td style=\"width: 2.14592%;\">60 mg<\/td>\n<td style=\"width: 2.14592%;\">**<\/td>\n<\/tr>\n<\/tbody>\n<\/table>\n<p><strong>*DRI (dagligt referensintag) ej fastst\u00e4llt.<\/strong><\/p>\n<p><strong>Ingredienser:\u00a0<\/strong>Fyllnadsmedel (Di-kalciumfosfat). Betakaroten. Fyllnadsmedel (mikrokristallinsk cellulosa, stearinsyra). Stabiliseringsmedel (tv\u00e4rbunden natriumkarboximetylcellulosa). Klumpf\u00f6rebyggande medel (magnesiumsalter av fettsyror).<\/p>\n<p>Rekommenderad dos b\u00f6r ej \u00f6verskridas.<br \/>\nKosttillskott ers\u00e4tter inte en varierad kost.<br \/>\nProdukten f\u00f6rvaras o\u00e5tkomligt f\u00f6r sm\u00e5 barn.<\/p>\n","protected":false},"excerpt":{"rendered":"<p>Betakaroten \u00e4r en mycket kraftfull antioxidant som omvandlas till vitamin A vid behov.<\/p>\n<p>Betakaroten \u00e4r ett fettl\u00f6sligt \u00e4mne som fungerar som en antioxidant, skyddar celler fr\u00e5n oxidation och st\u00f6der m\u00e5nga kroppsfunktioner.<\/p>\n<p><strong>60 tabletter<\/strong><\/p>\n","protected":false},"featured_media":500103410,"comment_status":"closed","ping_status":"closed","template":"","meta":{"_kad_blocks_custom_css":"","_kad_blocks_head_custom_js":"","_kad_blocks_body_custom_js":"","_kad_blocks_footer_custom_js":"","_kadence_starter_templates_imported_post":false,"_kad_post_transparent":"default","_kad_post_title":"","_kad_post_layout":"default","_kad_post_sidebar_id":"","_kad_post_content_style":"default","_kad_post_vertical_padding":"default","_kad_post_feature":"","_kad_post_feature_position":"","_kad_post_header":false,"_kad_post_footer":false,"_kad_post_classname":""},"product_brand":[],"product_cat":[2764],"product_tag":[],"class_list":{"0":"post-500103409","1":"product","2":"type-product","3":"status-publish","4":"has-post-thumbnail","6":"product_cat-erbjudanden","8":"first","9":"instock","10":"sale","11":"taxable","12":"shipping-taxable","13":"purchasable","14":"product-type-simple","15":"entry","16":"content-bg","17":"loop-entry"},"taxonomy_info":{"product_cat":[{"value":2764,"label":"Erbjudanden"}]},"featured_image_src_large":["https:\/\/vitaminbutiken.com\/wp-content\/uploads\/2026\/01\/Betakaroten-205-Photoroom-1-e1768987098626-1200x700.png",1200,700,true],"author_info":[],"comment_info":0,"_links":{"self":[{"href":"https:\/\/vitaminbutiken.com\/fi\/wp-json\/wp\/v2\/product\/500103409","targetHints":{"allow":["GET"]}}],"collection":[{"href":"https:\/\/vitaminbutiken.com\/fi\/wp-json\/wp\/v2\/product"}],"about":[{"href":"https:\/\/vitaminbutiken.com\/fi\/wp-json\/wp\/v2\/types\/product"}],"replies":[{"embeddable":true,"href":"https:\/\/vitaminbutiken.com\/fi\/wp-json\/wp\/v2\/comments?post=500103409"}],"wp:featuredmedia":[{"embeddable":true,"href":"https:\/\/vitaminbutiken.com\/fi\/wp-json\/wp\/v2\/media\/500103410"}],"wp:attachment":[{"href":"https:\/\/vitaminbutiken.com\/fi\/wp-json\/wp\/v2\/media?parent=500103409"}],"wp:term":[{"taxonomy":"product_brand","embeddable":true,"href":"https:\/\/vitaminbutiken.com\/fi\/wp-json\/wp\/v2\/product_brand?post=500103409"},{"taxonomy":"product_cat","embeddable":true,"href":"https:\/\/vitaminbutiken.com\/fi\/wp-json\/wp\/v2\/product_cat?post=500103409"},{"taxonomy":"product_tag","embeddable":true,"href":"https:\/\/vitaminbutiken.com\/fi\/wp-json\/wp\/v2\/product_tag?post=500103409"}],"curies":[{"name":"wp","href":"https:\/\/api.w.org\/{rel}","templated":true}]}}