{"id":500102999,"date":"2025-12-10T12:49:02","date_gmt":"2025-12-10T11:49:02","guid":{"rendered":"https:\/\/vitaminbutiken.com\/?post_type=product&#038;p=500102999"},"modified":"2026-04-30T13:11:43","modified_gmt":"2026-04-30T11:11:43","slug":"advance-selenium","status":"publish","type":"product","link":"https:\/\/vitaminbutiken.com\/fi\/produkt\/advance-selenium\/","title":{"rendered":"Advance Selenium"},"content":{"rendered":"<p data-start=\"261\" data-end=\"347\">Selen \u00e4r ett essentiellt sp\u00e5r\u00e4mne som beh\u00f6vs f\u00f6r flera viktiga funktioner i kroppen. Selen finns naturligt i sm\u00e5 m\u00e4ngder i kosten och kan vara relevant att komplettera vid l\u00e5gt intag.<\/p>\n<p data-start=\"354\" data-end=\"532\">Advance Selenium \u00e4r ett kosttillskott som inneh\u00e5ller selen i flera organiska former. Produkten \u00e4r framtagen f\u00f6r att komplettera kosten med selen i en genomt\u00e4nkt sammans\u00e4ttning.<\/p>\n<p data-start=\"539\" data-end=\"557\">Selen bidrar till:<\/p>\n<ul data-start=\"560\" data-end=\"729\">\n<li data-section-id=\"1nw328y\" data-start=\"1479\" data-end=\"1528\">immunsystemets normala funktion<\/li>\n<li data-section-id=\"1kozjd2\" data-start=\"1529\" data-end=\"1586\">att skydda cellerna mot oxidativ stress<\/li>\n<li data-section-id=\"1x5eubm\" data-start=\"1587\" data-end=\"1631\">normal sk\u00f6ldk\u00f6rtelfunktion<\/li>\n<li data-section-id=\"f6rtfa\" data-start=\"1632\" data-end=\"1675\">att bibeh\u00e5lla normalt h\u00e5r<\/li>\n<li data-section-id=\"f6rtfa\" data-start=\"1632\" data-end=\"1675\">att bibeh\u00e5lla normala naglar<\/li>\n<li data-section-id=\"1x3mshx\" data-start=\"1723\" data-end=\"1761\">normal spermatogenes<\/li>\n<\/ul>\n<p data-start=\"732\" data-end=\"893\">Advance Selenium \u00e4r ett h\u00f6gkvalitativt tillskott f\u00f6r dig som vill s\u00e4kerst\u00e4lla ett dagligt intag av selen som en del av en varierad kost och en h\u00e4lsosam livsstil.<\/p>\n<p><strong>Dosering:\u00a0<\/strong>1 kapsel per dag.<\/p>\n<table style=\"height: 80px;\" border=\"1\" width=\"621\" cellspacing=\"0\" cellpadding=\"0\">\n<tbody>\n<tr>\n<td valign=\"top\" width=\"30%\"><strong>1 kapsel inneh\u00e5ller<\/strong><\/td>\n<td valign=\"top\" width=\"20%\"><strong> M\u00e4ngd<\/strong><\/td>\n<td valign=\"top\" width=\"30%\"><strong>%DRI*<\/strong><\/td>\n<\/tr>\n<tr>\n<td valign=\"top\" width=\"30%\">Selen<\/td>\n<td valign=\"top\" width=\"20%\">200 \u00b5g<\/td>\n<td valign=\"top\" width=\"20%\">364 %<\/td>\n<\/tr>\n<tr>\n<td valign=\"top\" width=\"30%\">Vitamin B2<\/td>\n<td valign=\"top\" width=\"20%\">3 mg<\/td>\n<td valign=\"top\" width=\"20%\">214 %<\/td>\n<\/tr>\n<tr>\n<td valign=\"top\" width=\"30%\">L-leucin<\/td>\n<td valign=\"top\" width=\"20%\">30 mg<\/td>\n<td valign=\"top\" width=\"20%\">**<\/td>\n<\/tr>\n<\/tbody>\n<\/table>\n<p><strong><em>*DRI \u00e4r dagligt referensintag. **DRI ej fastst\u00e4llt.<\/em><\/strong><\/p>\n<p><strong>Ingredienser:\u00a0<\/strong><em>Selenberikad inaktiverad <strong>j\u00e4st<\/strong>,\u00a0fyllnadsmedel (mikrokristallin cellulosa), L-leucin, riboflavin, kapsel (gelatin).<\/em><\/p>\n<p>Dagligt dos b\u00f6r ej \u00f6verskridas.<br \/>\nkosttillskott ers\u00e4tter inte en m\u00e5ngsidig och balanserad kost och h\u00e4lsosam livsstil.<br \/>\nProdukten f\u00f6rvaras o\u00e5tkomligt f\u00f6r sm\u00e5 barn.<\/p>\n","protected":false},"excerpt":{"rendered":"<p><strong data-start=\"37\" data-end=\"57\">Advance Selenium<\/strong> \u00e4r ett avancerat selentillskott med en unik kombination av <strong data-start=\"117\" data-end=\"151\">21 olika organiska selenformer<\/strong>. Selen \u00e4r en viktig mineral som bidrar till <strong data-start=\"205\" data-end=\"221\">immunf\u00f6rsvarets normala funktion<\/strong>\u00a0och till att <strong data-start=\"235\" data-end=\"274\">skydda cellerna mot oxidativ stress<\/strong> \u2013 ett smart val f\u00f6r dig som vill ha ett selen med h\u00f6g biotillg\u00e4nglighet.<\/p>\n<p><strong>60 kapslar<\/strong><\/p>\n","protected":false},"featured_media":500103000,"comment_status":"closed","ping_status":"closed","template":"","meta":{"_kad_blocks_custom_css":"","_kad_blocks_head_custom_js":"","_kad_blocks_body_custom_js":"","_kad_blocks_footer_custom_js":"","_kadence_starter_templates_imported_post":false,"_kad_post_transparent":"default","_kad_post_title":"","_kad_post_layout":"default","_kad_post_sidebar_id":"","_kad_post_content_style":"default","_kad_post_vertical_padding":"default","_kad_post_feature":"","_kad_post_feature_position":"","_kad_post_header":false,"_kad_post_footer":false,"_kad_post_classname":""},"product_brand":[],"product_cat":[1293,195,176,281,2826],"product_tag":[],"class_list":{"0":"post-500102999","1":"product","2":"type-product","3":"status-publish","4":"has-post-thumbnail","6":"product_cat-evp-nutrition","7":"product_cat-hud-skonhet","8":"product_cat-immunforsvar","9":"product_cat-mineraler","10":"product_cat-selen","12":"first","13":"instock","14":"taxable","15":"shipping-taxable","16":"purchasable","17":"product-type-simple","18":"entry","19":"content-bg","20":"loop-entry"},"taxonomy_info":{"product_cat":[{"value":1293,"label":"EVP Nutrition"},{"value":195,"label":"Hud &amp; Sk\u00f6nhet"},{"value":176,"label":"Immunf\u00f6rsvar"},{"value":281,"label":"Mineraler"},{"value":2826,"label":"Selen"}]},"featured_image_src_large":["https:\/\/vitaminbutiken.com\/wp-content\/uploads\/2025\/12\/260-Advance-selenium-Photoroom-e1765367316125-1133x700.png",1133,700,true],"author_info":[],"comment_info":0,"_links":{"self":[{"href":"https:\/\/vitaminbutiken.com\/fi\/wp-json\/wp\/v2\/product\/500102999","targetHints":{"allow":["GET"]}}],"collection":[{"href":"https:\/\/vitaminbutiken.com\/fi\/wp-json\/wp\/v2\/product"}],"about":[{"href":"https:\/\/vitaminbutiken.com\/fi\/wp-json\/wp\/v2\/types\/product"}],"replies":[{"embeddable":true,"href":"https:\/\/vitaminbutiken.com\/fi\/wp-json\/wp\/v2\/comments?post=500102999"}],"wp:featuredmedia":[{"embeddable":true,"href":"https:\/\/vitaminbutiken.com\/fi\/wp-json\/wp\/v2\/media\/500103000"}],"wp:attachment":[{"href":"https:\/\/vitaminbutiken.com\/fi\/wp-json\/wp\/v2\/media?parent=500102999"}],"wp:term":[{"taxonomy":"product_brand","embeddable":true,"href":"https:\/\/vitaminbutiken.com\/fi\/wp-json\/wp\/v2\/product_brand?post=500102999"},{"taxonomy":"product_cat","embeddable":true,"href":"https:\/\/vitaminbutiken.com\/fi\/wp-json\/wp\/v2\/product_cat?post=500102999"},{"taxonomy":"product_tag","embeddable":true,"href":"https:\/\/vitaminbutiken.com\/fi\/wp-json\/wp\/v2\/product_tag?post=500102999"}],"curies":[{"name":"wp","href":"https:\/\/api.w.org\/{rel}","templated":true}]}}