{"id":500102633,"date":"2025-10-10T12:24:21","date_gmt":"2025-10-10T10:24:21","guid":{"rendered":"https:\/\/vitaminbutiken.com\/?post_type=product&#038;p=500102633"},"modified":"2026-04-08T18:37:08","modified_gmt":"2026-04-08T16:37:08","slug":"metionin-complex-30-bf01-26","status":"publish","type":"product","link":"https:\/\/vitaminbutiken.com\/fi\/produkt\/metionin-complex-30-bf01-26\/","title":{"rendered":"Metionin komplex -30% BF01\/26"},"content":{"rendered":"<p>Metionin Complex -30% BF01\/26<\/p>\n<p>Ett specialpreparat som inneh\u00e5ller en serie med mikron\u00e4rings\u00e4mnen vilka sammansatt och var f\u00f6r sig har en vetenskapligt v\u00e4lk\u00e4nd stimulerande verkan p\u00e5 leverns arbetsf\u00f6rm\u00e5ga.<\/p>\n<p><strong>Kolin, vitamin B6, mangan och selen i Metionin complex bidrar till:<\/strong><\/p>\n<ul>\n<li>normal homocysteinoms\u00e4ttning<\/li>\n<li>normal fettoms\u00e4ttning<\/li>\n<li>att bibeh\u00e5lla normal leverfunktion<\/li>\n<li>normal energioms\u00e4ttning<\/li>\n<li>att skydda cellerna mot oxidativ stress<\/li>\n<li>normal protein- och glykogenoms\u00e4ttning<\/li>\n<li>normal bildning av r\u00f6da blodkroppar<\/li>\n<li>immunsystemets normala funktion<\/li>\n<li>att reglera hormonaktiviteten\n<p><b>Dosering:\u00a0<\/b>1 tablett 2 g\u00e5nger\/dag.<\/p>\n<table style=\"height: 80px;\" border=\"1\" width=\"600\" cellspacing=\"0\" cellpadding=\"0\">\n<tbody>\n<tr>\n<td style=\"width: 21.2788%;\"><strong>2 tabletter inneh\u00e5ller:<\/strong><\/td>\n<td style=\"width: 16.0377%;\"><strong>M\u00e4ngd<\/strong><\/td>\n<td style=\"width: 11.8449%;\"><strong>*%DRI<\/strong><\/td>\n<\/tr>\n<tr>\n<td style=\"width: 21.2788%;\" width=\"85\">Metionin<\/td>\n<td style=\"width: 16.0377%;\" width=\"38\">\u00a0500 mg<\/td>\n<td style=\"width: 11.8449%;\" width=\"38\">**<\/td>\n<\/tr>\n<tr>\n<td style=\"width: 21.2788%;\" width=\"85\">Kystein<\/td>\n<td style=\"width: 16.0377%;\" width=\"38\">\u00a0200 mg<\/td>\n<td style=\"width: 11.8449%;\" width=\"38\">**<\/td>\n<\/tr>\n<tr>\n<td style=\"width: 21.2788%;\" width=\"85\">Kolin<\/td>\n<td style=\"width: 16.0377%;\" width=\"38\">\u00a0100 mg<\/td>\n<td style=\"width: 11.8449%;\" width=\"38\">**<\/td>\n<\/tr>\n<tr>\n<td style=\"width: 21.2788%;\" width=\"85\">Vitamin B6<\/td>\n<td style=\"width: 16.0377%;\" width=\"38\">\u00a024 mg<\/td>\n<td style=\"width: 11.8449%;\" width=\"38\">1714 %<\/td>\n<\/tr>\n<tr>\n<td style=\"width: 21.2788%;\" width=\"85\">Mangan<\/td>\n<td style=\"width: 16.0377%;\" width=\"38\">\u00a010 mg<\/td>\n<td style=\"width: 11.8449%;\" width=\"38\">\u00a0500 %<\/td>\n<\/tr>\n<tr>\n<td style=\"width: 21.2788%;\" width=\"85\">Selen<\/td>\n<td style=\"width: 16.0377%;\" width=\"38\">\u00a0100 \u00b5g<\/td>\n<td style=\"width: 11.8449%;\" width=\"38\">\u00a0 182 %<\/td>\n<\/tr>\n<\/tbody>\n<\/table>\n<p><strong>* DRI \u00e4r dagligt referensintag. **DRI ej fastst\u00e4llt.<\/strong><\/p>\n<p><strong>Ingredienser<\/strong>. Fyllnadsmedel (mikrokristallinsk cellulosa), metionin, fyllnadsmedel (dikalcium-fosfat), kolinbitartrat, kystein, klumpf\u00f6rebyggande medel (magnesiumsalter av fettsyror), mangan-sulfat, pyridoxinhydroklorid, stabiliseringsmedel (tv\u00e4rbunden natriumkarboximetylcellulosa), L-seleneometionin.<\/p>\n<p><strong>OBS!<\/strong> Den \u00f6vre gr\u00e4nsen f\u00f6r s\u00e4kert dagligt intag av vitamin B6 \u00e4r 12 mg. M\u00e4ngden vitamin B6 i dygnsdosen som f\u00e5s fr\u00e5n denna produkt (24 mg) \u00f6verskrider denna m\u00e4ngd. Inte f\u00f6r l\u00e5ngvarigt bruk.<\/p>\n<p>Rekommenderad dos b\u00f6r ej \u00f6verskridas.<br \/>\nKosttillskott ers\u00e4tter inte en varierad kost.<br \/>\nProdukten f\u00f6rvaras o\u00e5tkomligt f\u00f6r sm\u00e5 barn.<\/li>\n<\/ul>\n","protected":false},"excerpt":{"rendered":"<p>Metionin complex \u00e4r ett specialpreparat som inneh\u00e5ller en serie med mikron\u00e4rings\u00e4mnen vilka sammansatt och var f\u00f6r sig har en vetenskapligt v\u00e4lk\u00e4nd stimulerande verkan p\u00e5 leverns arbetsf\u00f6rm\u00e5ga.<\/p>\n<p><strong>Kolin, vitamin B6, mangan och selen i Metionin complex bidrar till:<\/strong><\/p>\n<ul>\n<li>normal homocysteinoms\u00e4ttning<\/li>\n<li>normal fettoms\u00e4ttning<\/li>\n<li>att bibeh\u00e5lla normal leverfunktion<\/li>\n<li>normal energioms\u00e4ttning<\/li>\n<li>att skydda cellerna mot oxidativ stress<\/li>\n<li>normal protein- och glykogenoms\u00e4ttning<\/li>\n<li>normal bildning av r\u00f6da blodkroppar<\/li>\n<li>immunsystemets normala funktion<\/li>\n<li>att reglera hormonaktiviteten<\/li>\n<\/ul>\n<p><strong>60 tabletter<\/strong><\/p>\n","protected":false},"featured_media":0,"comment_status":"closed","ping_status":"closed","template":"","meta":{"_kad_blocks_custom_css":"","_kad_blocks_head_custom_js":"","_kad_blocks_body_custom_js":"","_kad_blocks_footer_custom_js":"","_kadence_starter_templates_imported_post":false,"_kad_post_transparent":"default","_kad_post_title":"","_kad_post_layout":"default","_kad_post_sidebar_id":"","_kad_post_content_style":"default","_kad_post_vertical_padding":"default","_kad_post_feature":"","_kad_post_feature_position":"","_kad_post_header":false,"_kad_post_footer":false,"_kad_post_classname":""},"product_brand":[],"product_cat":[2757],"product_tag":[],"class_list":{"0":"post-500102633","1":"product","2":"type-product","3":"status-publish","5":"product_cat-okategoriserad","7":"first","8":"instock","9":"sale","10":"taxable","11":"shipping-taxable","12":"purchasable","13":"product-type-simple","14":"entry","15":"content-bg","16":"loop-entry"},"taxonomy_info":{"product_cat":[{"value":2757,"label":"Okategoriserad"}]},"featured_image_src_large":false,"author_info":[],"comment_info":0,"_links":{"self":[{"href":"https:\/\/vitaminbutiken.com\/fi\/wp-json\/wp\/v2\/product\/500102633","targetHints":{"allow":["GET"]}}],"collection":[{"href":"https:\/\/vitaminbutiken.com\/fi\/wp-json\/wp\/v2\/product"}],"about":[{"href":"https:\/\/vitaminbutiken.com\/fi\/wp-json\/wp\/v2\/types\/product"}],"replies":[{"embeddable":true,"href":"https:\/\/vitaminbutiken.com\/fi\/wp-json\/wp\/v2\/comments?post=500102633"}],"wp:attachment":[{"href":"https:\/\/vitaminbutiken.com\/fi\/wp-json\/wp\/v2\/media?parent=500102633"}],"wp:term":[{"taxonomy":"product_brand","embeddable":true,"href":"https:\/\/vitaminbutiken.com\/fi\/wp-json\/wp\/v2\/product_brand?post=500102633"},{"taxonomy":"product_cat","embeddable":true,"href":"https:\/\/vitaminbutiken.com\/fi\/wp-json\/wp\/v2\/product_cat?post=500102633"},{"taxonomy":"product_tag","embeddable":true,"href":"https:\/\/vitaminbutiken.com\/fi\/wp-json\/wp\/v2\/product_tag?post=500102633"}],"curies":[{"name":"wp","href":"https:\/\/api.w.org\/{rel}","templated":true}]}}